{"id":5094,"date":"2025-06-02T15:02:19","date_gmt":"2025-06-02T15:02:19","guid":{"rendered":"https:\/\/www.mucivi.ch\/izlozbe\/espace-agonies\/"},"modified":"2025-07-11T22:49:51","modified_gmt":"2025-07-11T22:49:51","slug":"izlozbeni-prostori","status":"publish","type":"page","link":"https:\/\/www.mucivi.ch\/bs\/izlozbe\/izlozbeni-prostori\/","title":{"rendered":"Izlo\u017ebeni prostori"},"content":{"rendered":"\r\n        <style>\r\n             .showcase-section-block-69e77425e6145 {\r\n                background-image: url(https:\/\/www.mucivi.ch\/wp-content\/uploads\/2025\/06\/schreyer-1701731-1-2560x2050-1.jpg);\r\n                background-attachment: scroll;\r\n                background-size: cover;  \r\n                background-repeat: no-repeat; \r\n                background-position: center center;\r\n                overflow: hidden;\r\n                color:  var(--mucivi-white);\r\n            }\r\n\r\n            @media (max-width: 1024px) {\r\n                 .showcase-section-block-69e77425e6145 {\r\n                    background-attachment: scroll;\r\n                }\r\n            }\r\n        <\/style><section class=\"showcase-section-block showcase-section-block-69e77425e6145\">   \r\n\t\t\t\t\t\t\t\t        <div class=\"container showcase-section-container showcase-section-banner\">\r\n\t\t\t\t\t\t\t\t                 <div class=\"showcase-overlay-picture\"><\/div>\r\n\t\t\t\t\t\t\t\t                    <div class=\"showcase-overlay\"><\/div>\r\n\t\t\t\t\t\t\t\t                <div class=\"showcase-section d-flex flex-column align-items-center justify-content-evenly text-center\">\r\n\t\t\t\t\t            <div class=\"showcase-content\">\r\n\t\t\t\t\t\t\t\t\t<h1 class=\"showcase-title\">Izlo\u017ebeni prostori<\/h1>\r\n\t\t\t\t\t                <p class=\"showcase-description\"><\/p>\r\n\t\t\t\t\t                  <div class=\"showcase-section-button\">\r\n\t\t\t\t\t                    \r\n\t\t\t\t\t                  <\/div>\r\n\t\t\t\t\t            <\/div>\r\n\t\t\t\t\t        <\/div>\r\n\t\t\t\t\t\t\t\t        <\/div>\r\n\t\t\t\t\t\t\t\t    <\/section>\n\n\n<div style=\"height:100px\" aria-hidden=\"true\" class=\"wp-block-spacer\"><\/div>\n\n\n\r\n\t\t\r\n\t\t<section id=\"\" class=\"text-block  space-bottom-yes space-top-no text-block-id-69e77425e6276 bg-color-white text-color-black\">\r\n                    <div class=\"container d-flex flex-column flex-lg-row \">\r\n                        <div class=\"col-12 col-lg-9\">\r\n\t                        \r\n\t                        \r\n\t                        <div class=\"row text\">\r\n                    <div class=\"col\">\r\n                        <div class=\"textBlock-text text-block-html \" style=\"margin-top: 0px; \">\r\n                            <p class=\"wp-block-gn-text-block\"><img loading=\"lazy\" decoding=\"async\" width=\"150\" height=\"150\" class=\"wp-image-2124\" style=\"width: 150px;\" src=\"https:\/\/www.mucivi.ch\/wp-content\/uploads\/2025\/06\/5-white-150x150-1.png\" alt=\"\" srcset=\"https:\/\/www.mucivi.ch\/wp-content\/uploads\/2025\/06\/5-white-150x150-1.png 150w, https:\/\/www.mucivi.ch\/wp-content\/uploads\/2025\/06\/5-white-150x150-1-100x100.png 100w\" sizes=\"auto, (max-width: 150px) 100vw, 150px\" \/>Nakon procvata prosvijetljene i prosvjetljuju\u0107e muslimanske dr\u017eave, dolazi period sumnje, tenzija i neslaganja. Misao postaje slabija, neznanje prijeti. Zatim dolaze strane sile koje dovode u pitanje dotada\u0161nju nadmo\u0107. Islam postepeno prestaje biti dr\u017eavna religija svih muslimana: dok su hilafeti na izdisaju, muslimani prate trgova\u010dke rute i naseljavaju udaljene i strane krajeve.<\/p>\n\r\n                        <\/div>\r\n                    <\/div>                                        \r\n                <\/div>\r\n                        <\/div>\r\n                       <div class=\"sidebar-container col-12 col-lg-3 ps-lg-5\">\r\n                        \t\r\n\r\n\t\t<div class=\"sidebar-title\">\r\n\t\t   Izlo\u017ebeni prostori\r\n\t\t<\/div>\r\n\t\t<div class=\"sidebar-buttons mt-4\"><div class=\"sidebar-button mb-2\"><a target=\"_blank\" href=\"\/bs\/izlozbe\/prostor-neznanja\/\" class=\"sidebar-link\">Neznanja<\/a><\/div><div class=\"sidebar-button mb-2\"><a target=\"_blank\" href=\"\/bs\/izlozbe\/prostor-objava\/\" class=\"sidebar-link\">Otkrivenja<\/a><\/div><div class=\"sidebar-button mb-2\"><a target=\"_blank\" href=\"\/bs\/izlozbe\/prostor-interpretacija\/\" class=\"sidebar-link\">Interpretacije<\/a><\/div><div class=\"sidebar-button mb-2\"><a target=\"_blank\" href=\"\/bs\/izlozbe\/prostor-zracenja\/\" class=\"sidebar-link\">Zra\u010denja<\/a><\/div><div class=\"sidebar-button mb-2\"><a target=\"_blank\" href=\"\/bs\/izlozbe\/izlozbeni-prostori\/\" class=\"sidebar-link\">Agonije<\/a><\/div><div class=\"sidebar-button mb-2\"><a target=\"_blank\" href=\"\/bs\/izlozbe\/prostor-reinvenicija\/\" class=\"sidebar-link\">Reinvenicije<\/a><\/div><\/div>\r\n                        <\/div>\r\n                        \r\n            <\/section>\n\n<section class=\"image-gallery-block bg-color-white\">\r\n\t\t\t        <div class=\"owl-carousel-slider \">\r\n\t\t\t\t\t            <div class=\"owl-carousel slider-carousel\">\r\n\t\t\t\t\t                <div>\r\n\t\t\t\t\t\t\t\t            <a href=\"https:\/\/www.mucivi.ch\/wp-content\/uploads\/2025\/06\/schreyer-1701731-2560x2050-1.jpg\" data-fancybox=\"gallery_69e77425e6500\" data-caption=\"Mjesto: Muzej civilizacija islama MUCIVI \u2013 La Chaux-de-Fonds \u2013 Neuch\u00e2tel \u2013 \u0160vicarska \/ Prava kori\u0161tenja isklju\u010divo za MUCIVI\">\r\n\t\t\t\t\t\t\t\t                <img decoding=\"async\" src=\"https:\/\/www.mucivi.ch\/wp-content\/uploads\/2025\/06\/schreyer-1701731-2560x2050-1.jpg\" alt=\"Mjesto: Muzej civilizacija islama MUCIVI \u2013 La Chaux-de-Fonds \u2013 Neuch\u00e2tel \u2013 \u0160vicarska \/ Prava kori\u0161tenja isklju\u010divo za MUCIVI\" \/>\r\n\t\t\t\t\t\t\t\t            <\/a>\r\n\t\t\t\t\t\t\t\t        <\/div><div>\r\n\t\t\t\t\t\t\t\t            <a href=\"https:\/\/www.mucivi.ch\/wp-content\/uploads\/2025\/06\/schreyer-1701733-1598x1280-1.jpg\" data-fancybox=\"gallery_69e77425e6500\" data-caption=\"Mjesto: Muzej civilizacija islama MUCIVI \u2013 La Chaux-de-Fonds \u2013 Neuch\u00e2tel \u2013 \u0160vicarska \/ Prava kori\u0161tenja isklju\u010divo za MUCIVI\">\r\n\t\t\t\t\t\t\t\t                <img decoding=\"async\" src=\"https:\/\/www.mucivi.ch\/wp-content\/uploads\/2025\/06\/schreyer-1701733-1598x1280-1.jpg\" alt=\"Mjesto: Muzej civilizacija islama MUCIVI \u2013 La Chaux-de-Fonds \u2013 Neuch\u00e2tel \u2013 \u0160vicarska \/ Prava kori\u0161tenja isklju\u010divo za MUCIVI\" \/>\r\n\t\t\t\t\t\t\t\t            <\/a>\r\n\t\t\t\t\t\t\t\t        <\/div><div>\r\n\t\t\t\t\t\t\t\t            <a href=\"https:\/\/www.mucivi.ch\/wp-content\/uploads\/2025\/06\/schreyer-1701732-1598x1280-1.jpg\" data-fancybox=\"gallery_69e77425e6500\" data-caption=\"Mjesto: Muzej civilizacija islama MUCIVI \u2013 La Chaux-de-Fonds \u2013 Neuch\u00e2tel \u2013 \u0160vicarska \/ Prava kori\u0161tenja isklju\u010divo za MUCIVI\">\r\n\t\t\t\t\t\t\t\t                <img decoding=\"async\" src=\"https:\/\/www.mucivi.ch\/wp-content\/uploads\/2025\/06\/schreyer-1701732-1598x1280-1.jpg\" alt=\"Mjesto: Muzej civilizacija islama MUCIVI \u2013 La Chaux-de-Fonds \u2013 Neuch\u00e2tel \u2013 \u0160vicarska \/ Prava kori\u0161tenja isklju\u010divo za MUCIVI\" \/>\r\n\t\t\t\t\t\t\t\t            <\/a>\r\n\t\t\t\t\t\t\t\t        <\/div><div>\r\n\t\t\t\t\t\t\t\t            <a href=\"https:\/\/www.mucivi.ch\/wp-content\/uploads\/2025\/06\/schreyer-1701734-1025x1280-1.jpg\" data-fancybox=\"gallery_69e77425e6500\" data-caption=\"Mjesto: Muzej civilizacija islama MUCIVI \u2013 La Chaux-de-Fonds \u2013 Neuch\u00e2tel \u2013 \u0160vicarska \/ Prava kori\u0161tenja isklju\u010divo za MUCIVI\">\r\n\t\t\t\t\t\t\t\t                <img decoding=\"async\" src=\"https:\/\/www.mucivi.ch\/wp-content\/uploads\/2025\/06\/schreyer-1701734-1025x1280-1.jpg\" alt=\"Mjesto: Muzej civilizacija islama MUCIVI \u2013 La Chaux-de-Fonds \u2013 Neuch\u00e2tel \u2013 \u0160vicarska \/ Prava kori\u0161tenja isklju\u010divo za MUCIVI\" \/>\r\n\t\t\t\t\t\t\t\t            <\/a>\r\n\t\t\t\t\t\t\t\t        <\/div><div>\r\n\t\t\t\t\t\t\t\t            <a href=\"https:\/\/www.mucivi.ch\/wp-content\/uploads\/2025\/06\/schreyer-1701735-1025x1280-1.jpg\" data-fancybox=\"gallery_69e77425e6500\" data-caption=\"Mjesto: Muzej civilizacija islama MUCIVI \u2013 La Chaux-de-Fonds \u2013 Neuch\u00e2tel \u2013 \u0160vicarska \/ Prava kori\u0161tenja isklju\u010divo za MUCIVI\">\r\n\t\t\t\t\t\t\t\t                <img decoding=\"async\" src=\"https:\/\/www.mucivi.ch\/wp-content\/uploads\/2025\/06\/schreyer-1701735-1025x1280-1.jpg\" alt=\"Mjesto: Muzej civilizacija islama MUCIVI \u2013 La Chaux-de-Fonds \u2013 Neuch\u00e2tel \u2013 \u0160vicarska \/ Prava kori\u0161tenja isklju\u010divo za MUCIVI\" \/>\r\n\t\t\t\t\t\t\t\t            <\/a>\r\n\t\t\t\t\t\t\t\t        <\/div>\r\n\t\t\t\t\t            <\/div>\r\n\t\t\t\t\t        <\/div>\r\n\t\t\t    <\/section>","protected":false},"excerpt":{"rendered":"","protected":false},"author":1,"featured_media":0,"parent":5031,"menu_order":0,"comment_status":"closed","ping_status":"closed","template":"","meta":{"footnotes":""},"class_list":["post-5094","page","type-page","status-publish","hentry"],"yoast_head":"<!-- This site is optimized with the Yoast SEO plugin v27.2 - https:\/\/yoast.com\/product\/yoast-seo-wordpress\/ -->\n<title>Izlo\u017ebeni prostori - MUCIVI - Mus\u00e9e des civilisations de l\u2019Islam<\/title>\n<meta name=\"robots\" content=\"index, follow, max-snippet:-1, max-image-preview:large, max-video-preview:-1\" \/>\n<link rel=\"canonical\" href=\"https:\/\/www.mucivi.ch\/bs\/izlozbe\/izlozbeni-prostori\/\" \/>\n<meta property=\"og:locale\" content=\"bs_BA\" \/>\n<meta property=\"og:type\" content=\"article\" \/>\n<meta property=\"og:title\" content=\"Izlo\u017ebeni prostori - MUCIVI - Mus\u00e9e des civilisations de l\u2019Islam\" \/>\n<meta property=\"og:url\" content=\"https:\/\/www.mucivi.ch\/bs\/izlozbe\/izlozbeni-prostori\/\" \/>\n<meta property=\"og:site_name\" content=\"MUCIVI - Mus\u00e9e des civilisations de l\u2019Islam\" \/>\n<meta property=\"article:publisher\" content=\"https:\/\/www.facebook.com\/mucivi\/\" \/>\n<meta property=\"article:modified_time\" content=\"2025-07-11T22:49:51+00:00\" \/>\n<meta property=\"og:image\" content=\"https:\/\/www.mucivi.ch\/wp-content\/uploads\/2025\/06\/5-white-150x150-1.png\" \/>\n\t<meta property=\"og:image:width\" content=\"150\" \/>\n\t<meta property=\"og:image:height\" content=\"150\" \/>\n\t<meta property=\"og:image:type\" content=\"image\/png\" \/>\n<meta name=\"twitter:card\" content=\"summary_large_image\" \/>\n<meta name=\"twitter:site\" content=\"@muciviicms\" \/>\n<meta name=\"twitter:label1\" content=\"Est. reading time\" \/>\n\t<meta name=\"twitter:data1\" content=\"2 minute\" \/>\n<script type=\"application\/ld+json\" class=\"yoast-schema-graph\">{\"@context\":\"https:\/\/schema.org\",\"@graph\":[{\"@type\":\"WebPage\",\"@id\":\"https:\/\/www.mucivi.ch\/bs\/izlozbe\/izlozbeni-prostori\/\",\"url\":\"https:\/\/www.mucivi.ch\/bs\/izlozbe\/izlozbeni-prostori\/\",\"name\":\"Izlo\u017ebeni prostori - MUCIVI - Mus\u00e9e des civilisations de l\u2019Islam\",\"isPartOf\":{\"@id\":\"https:\/\/www.mucivi.ch\/bs\/#website\"},\"primaryImageOfPage\":{\"@id\":\"https:\/\/www.mucivi.ch\/bs\/izlozbe\/izlozbeni-prostori\/#primaryimage\"},\"image\":{\"@id\":\"https:\/\/www.mucivi.ch\/bs\/izlozbe\/izlozbeni-prostori\/#primaryimage\"},\"thumbnailUrl\":\"https:\/\/www.mucivi.ch\/wp-content\/uploads\/2025\/06\/5-white-150x150-1.png\",\"datePublished\":\"2025-06-02T15:02:19+00:00\",\"dateModified\":\"2025-07-11T22:49:51+00:00\",\"breadcrumb\":{\"@id\":\"https:\/\/www.mucivi.ch\/bs\/izlozbe\/izlozbeni-prostori\/#breadcrumb\"},\"inLanguage\":\"bs-BA\",\"potentialAction\":[{\"@type\":\"ReadAction\",\"target\":[\"https:\/\/www.mucivi.ch\/bs\/izlozbe\/izlozbeni-prostori\/\"]}]},{\"@type\":\"ImageObject\",\"inLanguage\":\"bs-BA\",\"@id\":\"https:\/\/www.mucivi.ch\/bs\/izlozbe\/izlozbeni-prostori\/#primaryimage\",\"url\":\"https:\/\/www.mucivi.ch\/wp-content\/uploads\/2025\/06\/5-white-150x150-1.png\",\"contentUrl\":\"https:\/\/www.mucivi.ch\/wp-content\/uploads\/2025\/06\/5-white-150x150-1.png\"},{\"@type\":\"BreadcrumbList\",\"@id\":\"https:\/\/www.mucivi.ch\/bs\/izlozbe\/izlozbeni-prostori\/#breadcrumb\",\"itemListElement\":[{\"@type\":\"ListItem\",\"position\":1,\"name\":\"Home\",\"item\":\"https:\/\/www.mucivi.ch\/bs\/\"},{\"@type\":\"ListItem\",\"position\":2,\"name\":\"Izlo\u017ebe\",\"item\":\"https:\/\/www.mucivi.ch\/bs\/izlozbe\/\"},{\"@type\":\"ListItem\",\"position\":3,\"name\":\"Izlo\u017ebeni prostori\"}]},{\"@type\":\"WebSite\",\"@id\":\"https:\/\/www.mucivi.ch\/bs\/#website\",\"url\":\"https:\/\/www.mucivi.ch\/bs\/\",\"name\":\"MUCIVI - Mus\u00e9e des civilisations de l\u2019Islam\",\"description\":\"\",\"publisher\":{\"@id\":\"https:\/\/www.mucivi.ch\/bs\/#organization\"},\"potentialAction\":[{\"@type\":\"SearchAction\",\"target\":{\"@type\":\"EntryPoint\",\"urlTemplate\":\"https:\/\/www.mucivi.ch\/bs\/?s={search_term_string}\"},\"query-input\":{\"@type\":\"PropertyValueSpecification\",\"valueRequired\":true,\"valueName\":\"search_term_string\"}}],\"inLanguage\":\"bs-BA\"},{\"@type\":\"Organization\",\"@id\":\"https:\/\/www.mucivi.ch\/bs\/#organization\",\"name\":\"MUCIVI - Mus\u00e9e des civilisations de l\u2019Islam\",\"url\":\"https:\/\/www.mucivi.ch\/bs\/\",\"logo\":{\"@type\":\"ImageObject\",\"inLanguage\":\"bs-BA\",\"@id\":\"https:\/\/www.mucivi.ch\/bs\/#\/schema\/logo\/image\/\",\"url\":\"https:\/\/www.mucivi.ch\/wp-content\/uploads\/2025\/05\/480795629_651358377467373_1464767840871238280_n.jpg\",\"contentUrl\":\"https:\/\/www.mucivi.ch\/wp-content\/uploads\/2025\/05\/480795629_651358377467373_1464767840871238280_n.jpg\",\"width\":695,\"height\":329,\"caption\":\"MUCIVI - Mus\u00e9e des civilisations de l\u2019Islam\"},\"image\":{\"@id\":\"https:\/\/www.mucivi.ch\/bs\/#\/schema\/logo\/image\/\"},\"sameAs\":[\"https:\/\/www.facebook.com\/mucivi\/\",\"https:\/\/x.com\/muciviicms\",\"https:\/\/www.instagram.com\/mucivi.ch\/\",\"https:\/\/www.youtube.com\/channel\/UCtLgFsJNSlqpJD0xnqa-hBw\"]}]}<\/script>\n<!-- \/ Yoast SEO plugin. -->","yoast_head_json":{"title":"Izlo\u017ebeni prostori - MUCIVI - Mus\u00e9e des civilisations de l\u2019Islam","robots":{"index":"index","follow":"follow","max-snippet":"max-snippet:-1","max-image-preview":"max-image-preview:large","max-video-preview":"max-video-preview:-1"},"canonical":"https:\/\/www.mucivi.ch\/bs\/izlozbe\/izlozbeni-prostori\/","og_locale":"bs_BA","og_type":"article","og_title":"Izlo\u017ebeni prostori - MUCIVI - Mus\u00e9e des civilisations de l\u2019Islam","og_url":"https:\/\/www.mucivi.ch\/bs\/izlozbe\/izlozbeni-prostori\/","og_site_name":"MUCIVI - Mus\u00e9e des civilisations de l\u2019Islam","article_publisher":"https:\/\/www.facebook.com\/mucivi\/","article_modified_time":"2025-07-11T22:49:51+00:00","og_image":[{"width":150,"height":150,"url":"https:\/\/www.mucivi.ch\/wp-content\/uploads\/2025\/06\/5-white-150x150-1.png","type":"image\/png"}],"twitter_card":"summary_large_image","twitter_site":"@muciviicms","twitter_misc":{"Est. reading time":"2 minute"},"schema":{"@context":"https:\/\/schema.org","@graph":[{"@type":"WebPage","@id":"https:\/\/www.mucivi.ch\/bs\/izlozbe\/izlozbeni-prostori\/","url":"https:\/\/www.mucivi.ch\/bs\/izlozbe\/izlozbeni-prostori\/","name":"Izlo\u017ebeni prostori - MUCIVI - Mus\u00e9e des civilisations de l\u2019Islam","isPartOf":{"@id":"https:\/\/www.mucivi.ch\/bs\/#website"},"primaryImageOfPage":{"@id":"https:\/\/www.mucivi.ch\/bs\/izlozbe\/izlozbeni-prostori\/#primaryimage"},"image":{"@id":"https:\/\/www.mucivi.ch\/bs\/izlozbe\/izlozbeni-prostori\/#primaryimage"},"thumbnailUrl":"https:\/\/www.mucivi.ch\/wp-content\/uploads\/2025\/06\/5-white-150x150-1.png","datePublished":"2025-06-02T15:02:19+00:00","dateModified":"2025-07-11T22:49:51+00:00","breadcrumb":{"@id":"https:\/\/www.mucivi.ch\/bs\/izlozbe\/izlozbeni-prostori\/#breadcrumb"},"inLanguage":"bs-BA","potentialAction":[{"@type":"ReadAction","target":["https:\/\/www.mucivi.ch\/bs\/izlozbe\/izlozbeni-prostori\/"]}]},{"@type":"ImageObject","inLanguage":"bs-BA","@id":"https:\/\/www.mucivi.ch\/bs\/izlozbe\/izlozbeni-prostori\/#primaryimage","url":"https:\/\/www.mucivi.ch\/wp-content\/uploads\/2025\/06\/5-white-150x150-1.png","contentUrl":"https:\/\/www.mucivi.ch\/wp-content\/uploads\/2025\/06\/5-white-150x150-1.png"},{"@type":"BreadcrumbList","@id":"https:\/\/www.mucivi.ch\/bs\/izlozbe\/izlozbeni-prostori\/#breadcrumb","itemListElement":[{"@type":"ListItem","position":1,"name":"Home","item":"https:\/\/www.mucivi.ch\/bs\/"},{"@type":"ListItem","position":2,"name":"Izlo\u017ebe","item":"https:\/\/www.mucivi.ch\/bs\/izlozbe\/"},{"@type":"ListItem","position":3,"name":"Izlo\u017ebeni prostori"}]},{"@type":"WebSite","@id":"https:\/\/www.mucivi.ch\/bs\/#website","url":"https:\/\/www.mucivi.ch\/bs\/","name":"MUCIVI - Mus\u00e9e des civilisations de l\u2019Islam","description":"","publisher":{"@id":"https:\/\/www.mucivi.ch\/bs\/#organization"},"potentialAction":[{"@type":"SearchAction","target":{"@type":"EntryPoint","urlTemplate":"https:\/\/www.mucivi.ch\/bs\/?s={search_term_string}"},"query-input":{"@type":"PropertyValueSpecification","valueRequired":true,"valueName":"search_term_string"}}],"inLanguage":"bs-BA"},{"@type":"Organization","@id":"https:\/\/www.mucivi.ch\/bs\/#organization","name":"MUCIVI - Mus\u00e9e des civilisations de l\u2019Islam","url":"https:\/\/www.mucivi.ch\/bs\/","logo":{"@type":"ImageObject","inLanguage":"bs-BA","@id":"https:\/\/www.mucivi.ch\/bs\/#\/schema\/logo\/image\/","url":"https:\/\/www.mucivi.ch\/wp-content\/uploads\/2025\/05\/480795629_651358377467373_1464767840871238280_n.jpg","contentUrl":"https:\/\/www.mucivi.ch\/wp-content\/uploads\/2025\/05\/480795629_651358377467373_1464767840871238280_n.jpg","width":695,"height":329,"caption":"MUCIVI - Mus\u00e9e des civilisations de l\u2019Islam"},"image":{"@id":"https:\/\/www.mucivi.ch\/bs\/#\/schema\/logo\/image\/"},"sameAs":["https:\/\/www.facebook.com\/mucivi\/","https:\/\/x.com\/muciviicms","https:\/\/www.instagram.com\/mucivi.ch\/","https:\/\/www.youtube.com\/channel\/UCtLgFsJNSlqpJD0xnqa-hBw"]}]}},"_links":{"self":[{"href":"https:\/\/www.mucivi.ch\/bs\/wp-json\/wp\/v2\/pages\/5094","targetHints":{"allow":["GET"]}}],"collection":[{"href":"https:\/\/www.mucivi.ch\/bs\/wp-json\/wp\/v2\/pages"}],"about":[{"href":"https:\/\/www.mucivi.ch\/bs\/wp-json\/wp\/v2\/types\/page"}],"author":[{"embeddable":true,"href":"https:\/\/www.mucivi.ch\/bs\/wp-json\/wp\/v2\/users\/1"}],"replies":[{"embeddable":true,"href":"https:\/\/www.mucivi.ch\/bs\/wp-json\/wp\/v2\/comments?post=5094"}],"version-history":[{"count":1,"href":"https:\/\/www.mucivi.ch\/bs\/wp-json\/wp\/v2\/pages\/5094\/revisions"}],"predecessor-version":[{"id":5130,"href":"https:\/\/www.mucivi.ch\/bs\/wp-json\/wp\/v2\/pages\/5094\/revisions\/5130"}],"up":[{"embeddable":true,"href":"https:\/\/www.mucivi.ch\/bs\/wp-json\/wp\/v2\/pages\/5031"}],"wp:attachment":[{"href":"https:\/\/www.mucivi.ch\/bs\/wp-json\/wp\/v2\/media?parent=5094"}],"curies":[{"name":"wp","href":"https:\/\/api.w.org\/{rel}","templated":true}]}}