{"id":5517,"date":"2025-06-02T15:03:25","date_gmt":"2025-06-02T15:03:25","guid":{"rendered":"https:\/\/www.mucivi.ch\/?page_id=5517"},"modified":"2025-07-12T18:16:38","modified_gmt":"2025-07-12T18:16:38","slug":"prostor-interpretacija","status":"publish","type":"page","link":"https:\/\/www.mucivi.ch\/bs\/izlozbe\/prostor-interpretacija\/","title":{"rendered":"Prostor interpretacija"},"content":{"rendered":"\r\n        <style>\r\n             .showcase-section-block-69e75edecdede {\r\n                background-image: url(https:\/\/www.mucivi.ch\/wp-content\/uploads\/2025\/06\/schreyer-1701677-2560x1704-1.jpg);\r\n                background-attachment: scroll;\r\n                background-size: cover;  \r\n                background-repeat: no-repeat; \r\n                background-position: center center;\r\n                overflow: hidden;\r\n                color:  var(--mucivi-white);\r\n            }\r\n\r\n            @media (max-width: 1024px) {\r\n                 .showcase-section-block-69e75edecdede {\r\n                    background-attachment: scroll;\r\n                }\r\n            }\r\n        <\/style><section class=\"showcase-section-block showcase-section-block-69e75edecdede\">   \r\n\t\t\t\t\t\t\t\t        <div class=\"container showcase-section-container showcase-section-banner\">\r\n\t\t\t\t\t\t\t\t                 <div class=\"showcase-overlay-picture\"><\/div>\r\n\t\t\t\t\t\t\t\t                    <div class=\"showcase-overlay\"><\/div>\r\n\t\t\t\t\t\t\t\t                <div class=\"showcase-section d-flex flex-column align-items-center justify-content-evenly text-center\">\r\n\t\t\t\t\t            <div class=\"showcase-content\">\r\n\t\t\t\t\t\t\t\t\t<h1 class=\"showcase-title\">Prostor interpretacija<\/h1>\r\n\t\t\t\t\t                <p class=\"showcase-description\"><\/p>\r\n\t\t\t\t\t                  <div class=\"showcase-section-button\">\r\n\t\t\t\t\t                    \r\n\t\t\t\t\t                  <\/div>\r\n\t\t\t\t\t            <\/div>\r\n\t\t\t\t\t        <\/div>\r\n\t\t\t\t\t\t\t\t        <\/div>\r\n\t\t\t\t\t\t\t\t    <\/section>\n\n\n<div style=\"height:100px\" aria-hidden=\"true\" class=\"wp-block-spacer\"><\/div>\n\n\n\r\n\t\t\r\n\t\t<section id=\"\" class=\"text-block  space-bottom-yes space-top-no text-block-id-69e75edece039 bg-color-white text-color-black\">\r\n                    <div class=\"container d-flex flex-column flex-lg-row \">\r\n                        <div class=\"col-12 col-lg-9\">\r\n\t                        \r\n\t                        \r\n\t                        <div class=\"row text\">\r\n                    <div class=\"col\">\r\n                        <div class=\"textBlock-text text-block-html \" style=\"margin-top: 0px; \">\r\n                            <p class=\"wp-block-gn-text-block\"><img loading=\"lazy\" decoding=\"async\" width=\"150\" height=\"150\" class=\"wp-image-2080\" style=\"width: 150px;\" src=\"https:\/\/www.mucivi.ch\/wp-content\/uploads\/2025\/06\/3-white.png\" alt=\"\" srcset=\"https:\/\/www.mucivi.ch\/wp-content\/uploads\/2025\/06\/3-white.png 300w, https:\/\/www.mucivi.ch\/wp-content\/uploads\/2025\/06\/3-white-100x100.png 100w, https:\/\/www.mucivi.ch\/wp-content\/uploads\/2025\/06\/3-white-150x150.png 150w\" sizes=\"auto, (max-width: 150px) 100vw, 150px\" \/>Kada je Poslanik islama umro 632. godine po kr\u0161\u0107anskom kalendaru, \u010detiri halife su ga naslijedile na \u010delu mlade dr\u017eave koja se brzo \u0161irila. Nazivaju se \u201edobro upu\u0107eni\u201c. Njihova djela su imala konkretan utjecaj na mnoge dana\u0161nje islamske prakse. Oni su bili prvi koji su zapo\u010deli osnovni rad na objavi koju je Poslanik prenio: bez \u017eivog vodi\u010da, oslonili su se na tekst i zapo\u010deli njegova prva tuma\u010denja.<\/p>\n\r\n                        <\/div>\r\n                    <\/div>                                        \r\n                <\/div>\r\n                        <\/div>\r\n                       <div class=\"sidebar-container col-12 col-lg-3 ps-lg-5\">\r\n                        \t\r\n\r\n\t\t<div class=\"sidebar-title\">\r\n\t\t   Espaces d\u2019exposition\r\n\t\t<\/div>\r\n\t\t<div class=\"sidebar-buttons mt-4\"><div class=\"sidebar-button mb-2\"><a target=\"_blank\" href=\"\/bs\/izlozbe\/prostor-neznanja\/\" class=\"sidebar-link\">Neznanja<\/a><\/div><div class=\"sidebar-button mb-2\"><a target=\"_blank\" href=\"\/bs\/izlozbe\/prostor-objava\/\" class=\"sidebar-link\">Otkrivenja<\/a><\/div><div class=\"sidebar-button mb-2\"><a target=\"_blank\" href=\"\/bs\/izlozbe\/prostor-interpretacija\/\" class=\"sidebar-link\">Interpretacije<\/a><\/div><div class=\"sidebar-button mb-2\"><a target=\"_blank\" href=\"\/bs\/izlozbe\/prostor-zracenja\/\" class=\"sidebar-link\">Zra\u010denja<\/a><\/div><div class=\"sidebar-button mb-2\"><a target=\"_blank\" href=\"\/bs\/izlozbe\/izlozbeni-prostori\/\" class=\"sidebar-link\">Agonije<\/a><\/div><div class=\"sidebar-button mb-2\"><a target=\"_blank\" href=\"\/bs\/izlozbe\/prostor-reinvenicija\/\" class=\"sidebar-link\">Reinvenicije<\/a><\/div><\/div>\r\n                        <\/div>\r\n                        \r\n            <\/section>\n\n<section class=\"image-gallery-block bg-color-white\">\r\n\t\t\t        <div class=\"owl-carousel-slider \">\r\n\t\t\t\t\t            <div class=\"owl-carousel slider-carousel\">\r\n\t\t\t\t\t                <div>\r\n\t\t\t\t\t\t\t\t            <a href=\"https:\/\/www.mucivi.ch\/wp-content\/uploads\/2025\/06\/schreyer-1701705-1920x1278-1.jpg\" data-fancybox=\"gallery_69e75edece428\" data-caption=\"Lokacija: Muzej civilizacija islama MUCIVI \u2013 La Chaux-de-Fonds \u2013 Neuch\u00e2tel \u2013 \u0160vicarska \/ Prava kori\u0161tenja isklju\u010divo za MUCIVI\">\r\n\t\t\t\t\t\t\t\t                <img decoding=\"async\" src=\"https:\/\/www.mucivi.ch\/wp-content\/uploads\/2025\/06\/schreyer-1701705-1920x1278-1.jpg\" alt=\"Lokacija: Muzej civilizacija islama MUCIVI \u2013 La Chaux-de-Fonds \u2013 Neuch\u00e2tel \u2013 \u0160vicarska \/ Prava kori\u0161tenja isklju\u010divo za MUCIVI\" \/>\r\n\t\t\t\t\t\t\t\t            <\/a>\r\n\t\t\t\t\t\t\t\t        <\/div><div>\r\n\t\t\t\t\t\t\t\t            <a href=\"https:\/\/www.mucivi.ch\/wp-content\/uploads\/2025\/06\/schreyer-1701677-1-1920x1278-1.jpg\" data-fancybox=\"gallery_69e75edece428\" data-caption=\"Lokacija: Muzej civilizacija islama MUCIVI \u2013 La Chaux-de-Fonds \u2013 Neuch\u00e2tel \u2013 \u0160vicarska \/ Prava kori\u0161tenja isklju\u010divo za MUCIVI\">\r\n\t\t\t\t\t\t\t\t                <img decoding=\"async\" src=\"https:\/\/www.mucivi.ch\/wp-content\/uploads\/2025\/06\/schreyer-1701677-1-1920x1278-1.jpg\" alt=\"Lokacija: Muzej civilizacija islama MUCIVI \u2013 La Chaux-de-Fonds \u2013 Neuch\u00e2tel \u2013 \u0160vicarska \/ Prava kori\u0161tenja isklju\u010divo za MUCIVI\" \/>\r\n\t\t\t\t\t\t\t\t            <\/a>\r\n\t\t\t\t\t\t\t\t        <\/div><div>\r\n\t\t\t\t\t\t\t\t            <a href=\"https:\/\/www.mucivi.ch\/wp-content\/uploads\/2025\/06\/schreyer-1701678-1920x1280-1.jpg\" data-fancybox=\"gallery_69e75edece428\" data-caption=\"Lokacija: Muzej civilizacija islama MUCIVI \u2013 La Chaux-de-Fonds \u2013 Neuch\u00e2tel \u2013 \u0160vicarska \/ Prava kori\u0161tenja isklju\u010divo za MUCIVI\">\r\n\t\t\t\t\t\t\t\t                <img decoding=\"async\" src=\"https:\/\/www.mucivi.ch\/wp-content\/uploads\/2025\/06\/schreyer-1701678-1920x1280-1.jpg\" alt=\"Lokacija: Muzej civilizacija islama MUCIVI \u2013 La Chaux-de-Fonds \u2013 Neuch\u00e2tel \u2013 \u0160vicarska \/ Prava kori\u0161tenja isklju\u010divo za MUCIVI\" \/>\r\n\t\t\t\t\t\t\t\t            <\/a>\r\n\t\t\t\t\t\t\t\t        <\/div><div>\r\n\t\t\t\t\t\t\t\t            <a href=\"https:\/\/www.mucivi.ch\/wp-content\/uploads\/2025\/06\/schreyer-1701679-852x1280-1.jpg\" data-fancybox=\"gallery_69e75edece428\" data-caption=\"Lokacija: Muzej civilizacija islama MUCIVI \u2013 La Chaux-de-Fonds \u2013 Neuch\u00e2tel \u2013 \u0160vicarska \/ Prava kori\u0161tenja isklju\u010divo za MUCIVI\">\r\n\t\t\t\t\t\t\t\t                <img decoding=\"async\" src=\"https:\/\/www.mucivi.ch\/wp-content\/uploads\/2025\/06\/schreyer-1701679-852x1280-1.jpg\" alt=\"Lokacija: Muzej civilizacija islama MUCIVI \u2013 La Chaux-de-Fonds \u2013 Neuch\u00e2tel \u2013 \u0160vicarska \/ Prava kori\u0161tenja isklju\u010divo za MUCIVI\" \/>\r\n\t\t\t\t\t\t\t\t            <\/a>\r\n\t\t\t\t\t\t\t\t        <\/div><div>\r\n\t\t\t\t\t\t\t\t            <a href=\"https:\/\/www.mucivi.ch\/wp-content\/uploads\/2025\/06\/schreyer-1701681-600x400-1.jpg\" data-fancybox=\"gallery_69e75edece428\" data-caption=\"Lokacija: Muzej civilizacija islama MUCIVI \u2013 La Chaux-de-Fonds \u2013 Neuch\u00e2tel \u2013 \u0160vicarska \/ Prava kori\u0161tenja isklju\u010divo za MUCIVI\">\r\n\t\t\t\t\t\t\t\t                <img decoding=\"async\" src=\"https:\/\/www.mucivi.ch\/wp-content\/uploads\/2025\/06\/schreyer-1701681-600x400-1.jpg\" alt=\"Lokacija: Muzej civilizacija islama MUCIVI \u2013 La Chaux-de-Fonds \u2013 Neuch\u00e2tel \u2013 \u0160vicarska \/ Prava kori\u0161tenja isklju\u010divo za MUCIVI\" \/>\r\n\t\t\t\t\t\t\t\t            <\/a>\r\n\t\t\t\t\t\t\t\t        <\/div>\r\n\t\t\t\t\t            <\/div>\r\n\t\t\t\t\t        <\/div>\r\n\t\t\t    <\/section>","protected":false},"excerpt":{"rendered":"","protected":false},"author":1,"featured_media":0,"parent":5031,"menu_order":0,"comment_status":"closed","ping_status":"closed","template":"","meta":{"footnotes":""},"class_list":["post-5517","page","type-page","status-publish","hentry"],"yoast_head":"<!-- This site is optimized with the Yoast SEO plugin v27.2 - https:\/\/yoast.com\/product\/yoast-seo-wordpress\/ -->\n<title>Prostor interpretacija - MUCIVI - Mus\u00e9e des civilisations de l\u2019Islam<\/title>\n<meta name=\"robots\" content=\"index, follow, max-snippet:-1, max-image-preview:large, max-video-preview:-1\" \/>\n<link rel=\"canonical\" href=\"https:\/\/www.mucivi.ch\/bs\/izlozbe\/prostor-interpretacija\/\" \/>\n<meta property=\"og:locale\" content=\"bs_BA\" \/>\n<meta property=\"og:type\" content=\"article\" \/>\n<meta property=\"og:title\" content=\"Prostor interpretacija - MUCIVI - Mus\u00e9e des civilisations de l\u2019Islam\" \/>\n<meta property=\"og:url\" content=\"https:\/\/www.mucivi.ch\/bs\/izlozbe\/prostor-interpretacija\/\" \/>\n<meta property=\"og:site_name\" content=\"MUCIVI - Mus\u00e9e des civilisations de l\u2019Islam\" \/>\n<meta property=\"article:publisher\" content=\"https:\/\/www.facebook.com\/mucivi\/\" \/>\n<meta property=\"article:modified_time\" content=\"2025-07-12T18:16:38+00:00\" \/>\n<meta property=\"og:image\" content=\"https:\/\/www.mucivi.ch\/wp-content\/uploads\/2025\/06\/3-white.png\" \/>\n\t<meta property=\"og:image:width\" content=\"300\" \/>\n\t<meta property=\"og:image:height\" content=\"300\" \/>\n\t<meta property=\"og:image:type\" content=\"image\/png\" \/>\n<meta name=\"twitter:card\" content=\"summary_large_image\" \/>\n<meta name=\"twitter:site\" content=\"@muciviicms\" \/>\n<meta name=\"twitter:label1\" content=\"Est. reading time\" \/>\n\t<meta name=\"twitter:data1\" content=\"2 minute\" \/>\n<script type=\"application\/ld+json\" class=\"yoast-schema-graph\">{\"@context\":\"https:\/\/schema.org\",\"@graph\":[{\"@type\":\"WebPage\",\"@id\":\"https:\/\/www.mucivi.ch\/bs\/izlozbe\/prostor-interpretacija\/\",\"url\":\"https:\/\/www.mucivi.ch\/bs\/izlozbe\/prostor-interpretacija\/\",\"name\":\"Prostor interpretacija - MUCIVI - Mus\u00e9e des civilisations de l\u2019Islam\",\"isPartOf\":{\"@id\":\"https:\/\/www.mucivi.ch\/bs\/#website\"},\"primaryImageOfPage\":{\"@id\":\"https:\/\/www.mucivi.ch\/bs\/izlozbe\/prostor-interpretacija\/#primaryimage\"},\"image\":{\"@id\":\"https:\/\/www.mucivi.ch\/bs\/izlozbe\/prostor-interpretacija\/#primaryimage\"},\"thumbnailUrl\":\"https:\/\/www.mucivi.ch\/wp-content\/uploads\/2025\/06\/3-white.png\",\"datePublished\":\"2025-06-02T15:03:25+00:00\",\"dateModified\":\"2025-07-12T18:16:38+00:00\",\"breadcrumb\":{\"@id\":\"https:\/\/www.mucivi.ch\/bs\/izlozbe\/prostor-interpretacija\/#breadcrumb\"},\"inLanguage\":\"bs-BA\",\"potentialAction\":[{\"@type\":\"ReadAction\",\"target\":[\"https:\/\/www.mucivi.ch\/bs\/izlozbe\/prostor-interpretacija\/\"]}]},{\"@type\":\"ImageObject\",\"inLanguage\":\"bs-BA\",\"@id\":\"https:\/\/www.mucivi.ch\/bs\/izlozbe\/prostor-interpretacija\/#primaryimage\",\"url\":\"https:\/\/www.mucivi.ch\/wp-content\/uploads\/2025\/06\/3-white.png\",\"contentUrl\":\"https:\/\/www.mucivi.ch\/wp-content\/uploads\/2025\/06\/3-white.png\"},{\"@type\":\"BreadcrumbList\",\"@id\":\"https:\/\/www.mucivi.ch\/bs\/izlozbe\/prostor-interpretacija\/#breadcrumb\",\"itemListElement\":[{\"@type\":\"ListItem\",\"position\":1,\"name\":\"Home\",\"item\":\"https:\/\/www.mucivi.ch\/bs\/\"},{\"@type\":\"ListItem\",\"position\":2,\"name\":\"Izlo\u017ebe\",\"item\":\"https:\/\/www.mucivi.ch\/bs\/izlozbe\/\"},{\"@type\":\"ListItem\",\"position\":3,\"name\":\"Prostor interpretacija\"}]},{\"@type\":\"WebSite\",\"@id\":\"https:\/\/www.mucivi.ch\/bs\/#website\",\"url\":\"https:\/\/www.mucivi.ch\/bs\/\",\"name\":\"MUCIVI - Mus\u00e9e des civilisations de l\u2019Islam\",\"description\":\"\",\"publisher\":{\"@id\":\"https:\/\/www.mucivi.ch\/bs\/#organization\"},\"potentialAction\":[{\"@type\":\"SearchAction\",\"target\":{\"@type\":\"EntryPoint\",\"urlTemplate\":\"https:\/\/www.mucivi.ch\/bs\/?s={search_term_string}\"},\"query-input\":{\"@type\":\"PropertyValueSpecification\",\"valueRequired\":true,\"valueName\":\"search_term_string\"}}],\"inLanguage\":\"bs-BA\"},{\"@type\":\"Organization\",\"@id\":\"https:\/\/www.mucivi.ch\/bs\/#organization\",\"name\":\"MUCIVI - Mus\u00e9e des civilisations de l\u2019Islam\",\"url\":\"https:\/\/www.mucivi.ch\/bs\/\",\"logo\":{\"@type\":\"ImageObject\",\"inLanguage\":\"bs-BA\",\"@id\":\"https:\/\/www.mucivi.ch\/bs\/#\/schema\/logo\/image\/\",\"url\":\"https:\/\/www.mucivi.ch\/wp-content\/uploads\/2025\/05\/480795629_651358377467373_1464767840871238280_n.jpg\",\"contentUrl\":\"https:\/\/www.mucivi.ch\/wp-content\/uploads\/2025\/05\/480795629_651358377467373_1464767840871238280_n.jpg\",\"width\":695,\"height\":329,\"caption\":\"MUCIVI - Mus\u00e9e des civilisations de l\u2019Islam\"},\"image\":{\"@id\":\"https:\/\/www.mucivi.ch\/bs\/#\/schema\/logo\/image\/\"},\"sameAs\":[\"https:\/\/www.facebook.com\/mucivi\/\",\"https:\/\/x.com\/muciviicms\",\"https:\/\/www.instagram.com\/mucivi.ch\/\",\"https:\/\/www.youtube.com\/channel\/UCtLgFsJNSlqpJD0xnqa-hBw\"]}]}<\/script>\n<!-- \/ Yoast SEO plugin. -->","yoast_head_json":{"title":"Prostor interpretacija - MUCIVI - Mus\u00e9e des civilisations de l\u2019Islam","robots":{"index":"index","follow":"follow","max-snippet":"max-snippet:-1","max-image-preview":"max-image-preview:large","max-video-preview":"max-video-preview:-1"},"canonical":"https:\/\/www.mucivi.ch\/bs\/izlozbe\/prostor-interpretacija\/","og_locale":"bs_BA","og_type":"article","og_title":"Prostor interpretacija - MUCIVI - Mus\u00e9e des civilisations de l\u2019Islam","og_url":"https:\/\/www.mucivi.ch\/bs\/izlozbe\/prostor-interpretacija\/","og_site_name":"MUCIVI - Mus\u00e9e des civilisations de l\u2019Islam","article_publisher":"https:\/\/www.facebook.com\/mucivi\/","article_modified_time":"2025-07-12T18:16:38+00:00","og_image":[{"width":300,"height":300,"url":"https:\/\/www.mucivi.ch\/wp-content\/uploads\/2025\/06\/3-white.png","type":"image\/png"}],"twitter_card":"summary_large_image","twitter_site":"@muciviicms","twitter_misc":{"Est. reading time":"2 minute"},"schema":{"@context":"https:\/\/schema.org","@graph":[{"@type":"WebPage","@id":"https:\/\/www.mucivi.ch\/bs\/izlozbe\/prostor-interpretacija\/","url":"https:\/\/www.mucivi.ch\/bs\/izlozbe\/prostor-interpretacija\/","name":"Prostor interpretacija - MUCIVI - Mus\u00e9e des civilisations de l\u2019Islam","isPartOf":{"@id":"https:\/\/www.mucivi.ch\/bs\/#website"},"primaryImageOfPage":{"@id":"https:\/\/www.mucivi.ch\/bs\/izlozbe\/prostor-interpretacija\/#primaryimage"},"image":{"@id":"https:\/\/www.mucivi.ch\/bs\/izlozbe\/prostor-interpretacija\/#primaryimage"},"thumbnailUrl":"https:\/\/www.mucivi.ch\/wp-content\/uploads\/2025\/06\/3-white.png","datePublished":"2025-06-02T15:03:25+00:00","dateModified":"2025-07-12T18:16:38+00:00","breadcrumb":{"@id":"https:\/\/www.mucivi.ch\/bs\/izlozbe\/prostor-interpretacija\/#breadcrumb"},"inLanguage":"bs-BA","potentialAction":[{"@type":"ReadAction","target":["https:\/\/www.mucivi.ch\/bs\/izlozbe\/prostor-interpretacija\/"]}]},{"@type":"ImageObject","inLanguage":"bs-BA","@id":"https:\/\/www.mucivi.ch\/bs\/izlozbe\/prostor-interpretacija\/#primaryimage","url":"https:\/\/www.mucivi.ch\/wp-content\/uploads\/2025\/06\/3-white.png","contentUrl":"https:\/\/www.mucivi.ch\/wp-content\/uploads\/2025\/06\/3-white.png"},{"@type":"BreadcrumbList","@id":"https:\/\/www.mucivi.ch\/bs\/izlozbe\/prostor-interpretacija\/#breadcrumb","itemListElement":[{"@type":"ListItem","position":1,"name":"Home","item":"https:\/\/www.mucivi.ch\/bs\/"},{"@type":"ListItem","position":2,"name":"Izlo\u017ebe","item":"https:\/\/www.mucivi.ch\/bs\/izlozbe\/"},{"@type":"ListItem","position":3,"name":"Prostor interpretacija"}]},{"@type":"WebSite","@id":"https:\/\/www.mucivi.ch\/bs\/#website","url":"https:\/\/www.mucivi.ch\/bs\/","name":"MUCIVI - Mus\u00e9e des civilisations de l\u2019Islam","description":"","publisher":{"@id":"https:\/\/www.mucivi.ch\/bs\/#organization"},"potentialAction":[{"@type":"SearchAction","target":{"@type":"EntryPoint","urlTemplate":"https:\/\/www.mucivi.ch\/bs\/?s={search_term_string}"},"query-input":{"@type":"PropertyValueSpecification","valueRequired":true,"valueName":"search_term_string"}}],"inLanguage":"bs-BA"},{"@type":"Organization","@id":"https:\/\/www.mucivi.ch\/bs\/#organization","name":"MUCIVI - Mus\u00e9e des civilisations de l\u2019Islam","url":"https:\/\/www.mucivi.ch\/bs\/","logo":{"@type":"ImageObject","inLanguage":"bs-BA","@id":"https:\/\/www.mucivi.ch\/bs\/#\/schema\/logo\/image\/","url":"https:\/\/www.mucivi.ch\/wp-content\/uploads\/2025\/05\/480795629_651358377467373_1464767840871238280_n.jpg","contentUrl":"https:\/\/www.mucivi.ch\/wp-content\/uploads\/2025\/05\/480795629_651358377467373_1464767840871238280_n.jpg","width":695,"height":329,"caption":"MUCIVI - Mus\u00e9e des civilisations de l\u2019Islam"},"image":{"@id":"https:\/\/www.mucivi.ch\/bs\/#\/schema\/logo\/image\/"},"sameAs":["https:\/\/www.facebook.com\/mucivi\/","https:\/\/x.com\/muciviicms","https:\/\/www.instagram.com\/mucivi.ch\/","https:\/\/www.youtube.com\/channel\/UCtLgFsJNSlqpJD0xnqa-hBw"]}]}},"_links":{"self":[{"href":"https:\/\/www.mucivi.ch\/bs\/wp-json\/wp\/v2\/pages\/5517","targetHints":{"allow":["GET"]}}],"collection":[{"href":"https:\/\/www.mucivi.ch\/bs\/wp-json\/wp\/v2\/pages"}],"about":[{"href":"https:\/\/www.mucivi.ch\/bs\/wp-json\/wp\/v2\/types\/page"}],"author":[{"embeddable":true,"href":"https:\/\/www.mucivi.ch\/bs\/wp-json\/wp\/v2\/users\/1"}],"replies":[{"embeddable":true,"href":"https:\/\/www.mucivi.ch\/bs\/wp-json\/wp\/v2\/comments?post=5517"}],"version-history":[{"count":1,"href":"https:\/\/www.mucivi.ch\/bs\/wp-json\/wp\/v2\/pages\/5517\/revisions"}],"predecessor-version":[{"id":5542,"href":"https:\/\/www.mucivi.ch\/bs\/wp-json\/wp\/v2\/pages\/5517\/revisions\/5542"}],"up":[{"embeddable":true,"href":"https:\/\/www.mucivi.ch\/bs\/wp-json\/wp\/v2\/pages\/5031"}],"wp:attachment":[{"href":"https:\/\/www.mucivi.ch\/bs\/wp-json\/wp\/v2\/media?parent=5517"}],"curies":[{"name":"wp","href":"https:\/\/api.w.org\/{rel}","templated":true}]}}