{"id":5716,"date":"2025-06-02T15:05:16","date_gmt":"2025-06-02T15:05:16","guid":{"rendered":"https:\/\/www.mucivi.ch\/?page_id=5716"},"modified":"2025-07-12T20:54:05","modified_gmt":"2025-07-12T20:54:05","slug":"historija","status":"publish","type":"page","link":"https:\/\/www.mucivi.ch\/bs\/historija\/","title":{"rendered":"Historija"},"content":{"rendered":"\r\n        <style>\r\n             .showcase-section-block-69e7656ec6100 {\r\n                background-image: url(https:\/\/www.mucivi.ch\/wp-content\/uploads\/2025\/06\/schreyer-1701717-2560x2050-1.jpg);\r\n                background-attachment: scroll;\r\n                background-size: cover;  \r\n                background-repeat: no-repeat; \r\n                background-position: center center;\r\n                overflow: hidden;\r\n                color:  var(--mucivi-white);\r\n            }\r\n\r\n            @media (max-width: 1024px) {\r\n                 .showcase-section-block-69e7656ec6100 {\r\n                    background-attachment: scroll;\r\n                }\r\n            }\r\n        <\/style><section class=\"showcase-section-block showcase-section-block-69e7656ec6100\">   \r\n\t\t\t\t\t\t\t\t        <div class=\"container showcase-section-container showcase-section-banner\">\r\n\t\t\t\t\t\t\t\t                 <div class=\"showcase-overlay-picture\"><\/div>\r\n\t\t\t\t\t\t\t\t                    <div class=\"showcase-overlay\"><\/div>\r\n\t\t\t\t\t\t\t\t                <div class=\"showcase-section d-flex flex-column align-items-start justify-content-evenly text-start\">\r\n\t\t\t\t\t            <div class=\"showcase-content\">\r\n\t\t\t\t\t\t\t\t\t<h1 class=\"showcase-title\">Historija<\/h1>\r\n\t\t\t\t\t                <p class=\"showcase-description\"><\/p>\r\n\t\t\t\t\t                  <div class=\"showcase-section-button\">\r\n\t\t\t\t\t                    \r\n\t\t\t\t\t                  <\/div>\r\n\t\t\t\t\t            <\/div>\r\n\t\t\t\t\t        <\/div>\r\n\t\t\t\t\t\t\t\t        <\/div>\r\n\t\t\t\t\t\t\t\t    <\/section>\n\n\n<div style=\"height:100px\" aria-hidden=\"true\" class=\"wp-block-spacer\"><\/div>\n\n\n<section class=\"image-gallery-block\">  \r\n\t\t\t  <div class=\"container  bg-color-white\">\r\n\t\t\t        <div class=\"\">\r\n\t\t\t            <div class=\"row\">\r\n\t\t\t                <div class=\"img-block col-12\">\r\n\t\t\t                           <img decoding=\"async\" width=\"\" height=\"\" id=\"img-block-69e7656ec626f\" class=\"img-block  desktop-padding-top desktop-padding-right desktop-padding-bottom desktop-padding-left tablet-padding-top tablet-padding-right tablet-padding-bottom tablet-padding-left mobile-padding-top mobile-padding-right mobile-padding-bottom mobile-padding-left \" src=\"https:\/\/www.mucivi.ch\/wp-content\/uploads\/2025\/06\/schreyer-1701748-2560x2050-1.jpg\" \/>\r\n\t\t\t                <\/div>\r\n\t\t\t            <\/div>\r\n\t\t\t        <\/div>\r\n\t\t\t    <\/section><style> #img-block-69e7656ec626f.desktop-padding-top { padding-top: 0px; } #img-block-69e7656ec626f.desktop-padding-right { padding-right: px; } #img-block-69e7656ec626f.desktop-padding-bottom { padding-bottom: 0px; } #img-block-69e7656ec626f.desktop-padding-left { padding-left: px; }@media only screen and (max-width: 991px) {  #img-block-69e7656ec626f.tablet-padding-top { padding-top: 0px; }} @media only screen and (max-width: 991px) {  #img-block-69e7656ec626f.tablet-padding-right { padding-right: 0px; }} @media only screen and (max-width: 991px) {  #img-block-69e7656ec626f.tablet-padding-bottom { padding-bottom: 0px; }} @media only screen and (max-width: 991px) {  #img-block-69e7656ec626f.tablet-padding-left { padding-left: 0px; }} @media only screen and (max-width: 575px) {  #img-block-69e7656ec626f.mobile-padding-top { padding-top: 0px; }} @media only screen and (max-width: 575px) {  #img-block-69e7656ec626f.mobile-padding-right { padding-right: 0px; }} @media only screen and (max-width: 575px) {  #img-block-69e7656ec626f.mobile-padding-bottom { padding-bottom: 0px; }} @media only screen and (max-width: 575px) {  #img-block-69e7656ec626f.mobile-padding-left { padding-left: 0px; }} <\/style>\n\n\n<div style=\"height:100px\" aria-hidden=\"true\" class=\"wp-block-spacer\"><\/div>\n\n\n<section id=\"\" class=\"text-block  space-bottom-yes space-top-no text-block-id-69e7656ec6301 bg-color-white text-color-black\">\r\n                    <div class=\"container\">\r\n                        <div class=\"row\">                                        \r\n                        <div class=\"col\">\r\n                            <h2 class=\"textBlock-headline style-1 left \">\u017delja za razmjenom, susretom i otkrivanjem<\/h2>\r\n                        <\/div>       \r\n                                                          \r\n                    <\/div>\r\n                        \r\n                        <div class=\"row text\">\r\n                    <div class=\"col\">\r\n                        <div class=\"textBlock-text text-block-html \" style=\"margin-top: 20px; \">\r\n                            <p class=\"wp-block-gn-text-block\">Ro\u0111en iz \u017eelje gospo\u0111e Nadije Karmous da u \u0160vicarskoj ponudi prostor posve\u0107en muslimanskoj kulturi, Mucivi (Muzej civilizacija islama) omogu\u0107ava kulturnom centru La Chaux-de-Fonds da ugosti mjesto razmjene, susreta i otkri\u0107a. Muzej kroz inovativnu scenografiju koja objedinjuje slike, zvuke, svjetlosne efekte i tehnolo\u0161ke ure\u0111aje, prikazuje 15 stolje\u0107a historije islamskih civilizacija; pokret koji vodi ka bogatstvu praksi i pitanja koje danas postavlja religija koju prakticira vi\u0161e od milijardu i po ljudi \u0161irom svijeta.<\/p>\n<p>Otvoren 2016. godine, Mucivi se nalazi u za\u0161ti\u0107enoj zgradi u stilu Art Nouveau, na glavnoj ulici grada satova, u kantonu Neuch\u00e2tel. Grad broji i vi\u0161e poznatih kulturnih institucija, a njegova uli\u010dna i gra\u0111evinska arhitektura je od 2009. na UNESCO-voj listi svjetske ba\u0161tine. Na fasadi zgrade, pet \u017eena \u2013 alegorije pet kontinenata \u2013 postavljaju posjetu pod znak susreta i putovanja. Mucivi je realizovao multidisciplinarni tim stru\u010dnjaka: dugogodi\u0161nji projekat koji je zapo\u010deo po\u010detkom 2000-ih, za jedinstveno mjesto u Evropi.<\/p>\n\r\n                        <\/div>\r\n                    <\/div>                                        \r\n                <\/div>\r\n                    <\/div>\r\n            <\/section>\n\n<section id=\"\" class=\"iframe-block iframe-block-id-69e7656ec637d  bg-color-black\">\r\n                <div class=\"container\">\r\n                    <div class=\"iframe-wrapper\">\r\n                        <div class=\"row\">\r\n                            \r\n                            <div class=\"col-12 image-video-layout my-4\">\r\n                                \r\n\t\t\t\t\t        <div class=\"youtube-iframe ratio ratio-16x9\">\r\n\t\t\t\t\t            <iframe class=\"\" src=\"https:\/\/www.youtube.com\/embed\/BKu3EMjd3KQ\" frameborder=\"0\" allow=\"accelerometer; autoplay; encrypted-media; gyroscope; picture-in-picture\" allowfullscreen><\/iframe>\r\n\t\t\t\t\t        <\/div>\r\n                            <\/div>\r\n                        <\/div>\r\n                    <\/div>                            \r\n                <\/div>\r\n            <\/section>\n\n\r\n        <style>\r\n             .showcase-section-block-69e7656ec6415 {\r\n                background-image: url(https:\/\/www.mucivi.ch\/wp-content\/uploads\/2025\/06\/schreyer-1701686-2560x3197-1-scaled.jpg);\r\n                background-attachment: fixed;\r\n                background-size: cover;  \r\n                background-repeat: no-repeat; \r\n                background-position: center center;\r\n                overflow: hidden;\r\n                color:  var(--mucivi-white);\r\n            }\r\n\r\n            @media (max-width: 1024px) {\r\n                 .showcase-section-block-69e7656ec6415 {\r\n                    background-attachment: scroll;\r\n                }\r\n            }\r\n        <\/style><section class=\"showcase-section-block showcase-section-block-69e7656ec6415\">   \r\n\t\t\t\t\t\t\t\t        <div class=\"container showcase-section-container showcase-section-banner\">\r\n\t\t\t\t\t\t\t\t                 \r\n\t\t\t\t\t\t\t\t                    <div class=\"showcase-overlay\"><\/div>\r\n\t\t\t\t\t\t\t\t                <div class=\"showcase-section d-flex flex-column align-items-center justify-content-evenly text-center\">\r\n\t\t\t\t\t            <div class=\"showcase-content\">\r\n\t\t\t\t\t\t\t\t\t<h2 class=\"showcase-title\">Otkrijte referentnu izlo\u017ebu<\/h2>\r\n\t\t\t\t\t                <p class=\"showcase-description\"><\/p>\r\n\t\t\t\t\t                  <div class=\"showcase-section-button\">\r\n\t\t\t\t\t                    <a class=\"btn-full btn-full-secondary\" href=\"\/bs\/izlozbe\/\">\r\n\t                            Otkrijte referentnu izlo\u017ebu\r\n\t                          <\/a>\r\n\t\t\t\t\t                  <\/div>\r\n\t\t\t\t\t            <\/div>\r\n\t\t\t\t\t        <\/div>\r\n\t\t\t\t\t\t\t\t        <\/div>\r\n\t\t\t\t\t\t\t\t    <\/section>","protected":false},"excerpt":{"rendered":"","protected":false},"author":1,"featured_media":0,"parent":0,"menu_order":0,"comment_status":"closed","ping_status":"closed","template":"","meta":{"footnotes":""},"class_list":["post-5716","page","type-page","status-publish","hentry"],"yoast_head":"<!-- This site is optimized with the Yoast SEO plugin v27.2 - https:\/\/yoast.com\/product\/yoast-seo-wordpress\/ -->\n<title>Historija - MUCIVI - Mus\u00e9e des civilisations de l\u2019Islam<\/title>\n<meta name=\"robots\" content=\"index, follow, max-snippet:-1, max-image-preview:large, max-video-preview:-1\" \/>\n<link rel=\"canonical\" href=\"https:\/\/www.mucivi.ch\/bs\/historija\/\" \/>\n<meta property=\"og:locale\" content=\"bs_BA\" \/>\n<meta property=\"og:type\" content=\"article\" \/>\n<meta property=\"og:title\" content=\"Historija - MUCIVI - Mus\u00e9e des civilisations de l\u2019Islam\" \/>\n<meta property=\"og:url\" content=\"https:\/\/www.mucivi.ch\/bs\/historija\/\" \/>\n<meta property=\"og:site_name\" content=\"MUCIVI - Mus\u00e9e des civilisations de l\u2019Islam\" \/>\n<meta property=\"article:publisher\" content=\"https:\/\/www.facebook.com\/mucivi\/\" \/>\n<meta property=\"article:modified_time\" content=\"2025-07-12T20:54:05+00:00\" \/>\n<meta property=\"og:image\" content=\"https:\/\/www.mucivi.ch\/wp-content\/uploads\/2025\/05\/480795629_651358377467373_1464767840871238280_n.jpg\" \/>\n\t<meta property=\"og:image:width\" content=\"695\" \/>\n\t<meta property=\"og:image:height\" content=\"329\" \/>\n\t<meta property=\"og:image:type\" content=\"image\/jpeg\" \/>\n<meta name=\"twitter:card\" content=\"summary_large_image\" \/>\n<meta name=\"twitter:site\" content=\"@muciviicms\" \/>\n<meta name=\"twitter:label1\" content=\"Est. reading time\" \/>\n\t<meta name=\"twitter:data1\" content=\"1 minuta\" \/>\n<script type=\"application\/ld+json\" class=\"yoast-schema-graph\">{\"@context\":\"https:\/\/schema.org\",\"@graph\":[{\"@type\":\"WebPage\",\"@id\":\"https:\/\/www.mucivi.ch\/bs\/historija\/\",\"url\":\"https:\/\/www.mucivi.ch\/bs\/historija\/\",\"name\":\"Historija - MUCIVI - Mus\u00e9e des civilisations de l\u2019Islam\",\"isPartOf\":{\"@id\":\"https:\/\/www.mucivi.ch\/bs\/#website\"},\"datePublished\":\"2025-06-02T15:05:16+00:00\",\"dateModified\":\"2025-07-12T20:54:05+00:00\",\"breadcrumb\":{\"@id\":\"https:\/\/www.mucivi.ch\/bs\/historija\/#breadcrumb\"},\"inLanguage\":\"bs-BA\",\"potentialAction\":[{\"@type\":\"ReadAction\",\"target\":[\"https:\/\/www.mucivi.ch\/bs\/historija\/\"]}]},{\"@type\":\"BreadcrumbList\",\"@id\":\"https:\/\/www.mucivi.ch\/bs\/historija\/#breadcrumb\",\"itemListElement\":[{\"@type\":\"ListItem\",\"position\":1,\"name\":\"Home\",\"item\":\"https:\/\/www.mucivi.ch\/bs\/\"},{\"@type\":\"ListItem\",\"position\":2,\"name\":\"Historija\"}]},{\"@type\":\"WebSite\",\"@id\":\"https:\/\/www.mucivi.ch\/bs\/#website\",\"url\":\"https:\/\/www.mucivi.ch\/bs\/\",\"name\":\"MUCIVI - Mus\u00e9e des civilisations de l\u2019Islam\",\"description\":\"\",\"publisher\":{\"@id\":\"https:\/\/www.mucivi.ch\/bs\/#organization\"},\"potentialAction\":[{\"@type\":\"SearchAction\",\"target\":{\"@type\":\"EntryPoint\",\"urlTemplate\":\"https:\/\/www.mucivi.ch\/bs\/?s={search_term_string}\"},\"query-input\":{\"@type\":\"PropertyValueSpecification\",\"valueRequired\":true,\"valueName\":\"search_term_string\"}}],\"inLanguage\":\"bs-BA\"},{\"@type\":\"Organization\",\"@id\":\"https:\/\/www.mucivi.ch\/bs\/#organization\",\"name\":\"MUCIVI - Mus\u00e9e des civilisations de l\u2019Islam\",\"url\":\"https:\/\/www.mucivi.ch\/bs\/\",\"logo\":{\"@type\":\"ImageObject\",\"inLanguage\":\"bs-BA\",\"@id\":\"https:\/\/www.mucivi.ch\/bs\/#\/schema\/logo\/image\/\",\"url\":\"https:\/\/www.mucivi.ch\/wp-content\/uploads\/2025\/05\/480795629_651358377467373_1464767840871238280_n.jpg\",\"contentUrl\":\"https:\/\/www.mucivi.ch\/wp-content\/uploads\/2025\/05\/480795629_651358377467373_1464767840871238280_n.jpg\",\"width\":695,\"height\":329,\"caption\":\"MUCIVI - Mus\u00e9e des civilisations de l\u2019Islam\"},\"image\":{\"@id\":\"https:\/\/www.mucivi.ch\/bs\/#\/schema\/logo\/image\/\"},\"sameAs\":[\"https:\/\/www.facebook.com\/mucivi\/\",\"https:\/\/x.com\/muciviicms\",\"https:\/\/www.instagram.com\/mucivi.ch\/\",\"https:\/\/www.youtube.com\/channel\/UCtLgFsJNSlqpJD0xnqa-hBw\"]}]}<\/script>\n<!-- \/ Yoast SEO plugin. -->","yoast_head_json":{"title":"Historija - MUCIVI - Mus\u00e9e des civilisations de l\u2019Islam","robots":{"index":"index","follow":"follow","max-snippet":"max-snippet:-1","max-image-preview":"max-image-preview:large","max-video-preview":"max-video-preview:-1"},"canonical":"https:\/\/www.mucivi.ch\/bs\/historija\/","og_locale":"bs_BA","og_type":"article","og_title":"Historija - MUCIVI - Mus\u00e9e des civilisations de l\u2019Islam","og_url":"https:\/\/www.mucivi.ch\/bs\/historija\/","og_site_name":"MUCIVI - Mus\u00e9e des civilisations de l\u2019Islam","article_publisher":"https:\/\/www.facebook.com\/mucivi\/","article_modified_time":"2025-07-12T20:54:05+00:00","og_image":[{"width":695,"height":329,"url":"https:\/\/www.mucivi.ch\/wp-content\/uploads\/2025\/05\/480795629_651358377467373_1464767840871238280_n.jpg","type":"image\/jpeg"}],"twitter_card":"summary_large_image","twitter_site":"@muciviicms","twitter_misc":{"Est. reading time":"1 minuta"},"schema":{"@context":"https:\/\/schema.org","@graph":[{"@type":"WebPage","@id":"https:\/\/www.mucivi.ch\/bs\/historija\/","url":"https:\/\/www.mucivi.ch\/bs\/historija\/","name":"Historija - MUCIVI - Mus\u00e9e des civilisations de l\u2019Islam","isPartOf":{"@id":"https:\/\/www.mucivi.ch\/bs\/#website"},"datePublished":"2025-06-02T15:05:16+00:00","dateModified":"2025-07-12T20:54:05+00:00","breadcrumb":{"@id":"https:\/\/www.mucivi.ch\/bs\/historija\/#breadcrumb"},"inLanguage":"bs-BA","potentialAction":[{"@type":"ReadAction","target":["https:\/\/www.mucivi.ch\/bs\/historija\/"]}]},{"@type":"BreadcrumbList","@id":"https:\/\/www.mucivi.ch\/bs\/historija\/#breadcrumb","itemListElement":[{"@type":"ListItem","position":1,"name":"Home","item":"https:\/\/www.mucivi.ch\/bs\/"},{"@type":"ListItem","position":2,"name":"Historija"}]},{"@type":"WebSite","@id":"https:\/\/www.mucivi.ch\/bs\/#website","url":"https:\/\/www.mucivi.ch\/bs\/","name":"MUCIVI - Mus\u00e9e des civilisations de l\u2019Islam","description":"","publisher":{"@id":"https:\/\/www.mucivi.ch\/bs\/#organization"},"potentialAction":[{"@type":"SearchAction","target":{"@type":"EntryPoint","urlTemplate":"https:\/\/www.mucivi.ch\/bs\/?s={search_term_string}"},"query-input":{"@type":"PropertyValueSpecification","valueRequired":true,"valueName":"search_term_string"}}],"inLanguage":"bs-BA"},{"@type":"Organization","@id":"https:\/\/www.mucivi.ch\/bs\/#organization","name":"MUCIVI - Mus\u00e9e des civilisations de l\u2019Islam","url":"https:\/\/www.mucivi.ch\/bs\/","logo":{"@type":"ImageObject","inLanguage":"bs-BA","@id":"https:\/\/www.mucivi.ch\/bs\/#\/schema\/logo\/image\/","url":"https:\/\/www.mucivi.ch\/wp-content\/uploads\/2025\/05\/480795629_651358377467373_1464767840871238280_n.jpg","contentUrl":"https:\/\/www.mucivi.ch\/wp-content\/uploads\/2025\/05\/480795629_651358377467373_1464767840871238280_n.jpg","width":695,"height":329,"caption":"MUCIVI - Mus\u00e9e des civilisations de l\u2019Islam"},"image":{"@id":"https:\/\/www.mucivi.ch\/bs\/#\/schema\/logo\/image\/"},"sameAs":["https:\/\/www.facebook.com\/mucivi\/","https:\/\/x.com\/muciviicms","https:\/\/www.instagram.com\/mucivi.ch\/","https:\/\/www.youtube.com\/channel\/UCtLgFsJNSlqpJD0xnqa-hBw"]}]}},"_links":{"self":[{"href":"https:\/\/www.mucivi.ch\/bs\/wp-json\/wp\/v2\/pages\/5716","targetHints":{"allow":["GET"]}}],"collection":[{"href":"https:\/\/www.mucivi.ch\/bs\/wp-json\/wp\/v2\/pages"}],"about":[{"href":"https:\/\/www.mucivi.ch\/bs\/wp-json\/wp\/v2\/types\/page"}],"author":[{"embeddable":true,"href":"https:\/\/www.mucivi.ch\/bs\/wp-json\/wp\/v2\/users\/1"}],"replies":[{"embeddable":true,"href":"https:\/\/www.mucivi.ch\/bs\/wp-json\/wp\/v2\/comments?post=5716"}],"version-history":[{"count":3,"href":"https:\/\/www.mucivi.ch\/bs\/wp-json\/wp\/v2\/pages\/5716\/revisions"}],"predecessor-version":[{"id":5771,"href":"https:\/\/www.mucivi.ch\/bs\/wp-json\/wp\/v2\/pages\/5716\/revisions\/5771"}],"wp:attachment":[{"href":"https:\/\/www.mucivi.ch\/bs\/wp-json\/wp\/v2\/media?parent=5716"}],"curies":[{"name":"wp","href":"https:\/\/api.w.org\/{rel}","templated":true}]}}