{"id":3978,"date":"2025-06-02T15:01:07","date_gmt":"2025-06-02T15:01:07","guid":{"rendered":"https:\/\/www.mucivi.ch\/neuigkeiten\/visites-honorables\/"},"modified":"2025-07-11T22:22:41","modified_gmt":"2025-07-11T22:22:41","slug":"ehrenwerte-besuche","status":"publish","type":"page","link":"https:\/\/www.mucivi.ch\/de\/neuigkeiten\/ehrenwerte-besuche\/","title":{"rendered":"Ehrenwerte Besuche"},"content":{"rendered":"\r\n        <style>\r\n             .showcase-section-block-69e1d1e636047 {\r\n                background-image: url(https:\/\/www.mucivi.ch\/wp-content\/uploads\/2025\/06\/schreyer-1701678-2560x1707-1.jpg);\r\n                background-attachment: scroll;\r\n                background-size: cover;  \r\n                background-repeat: no-repeat; \r\n                background-position: center center;\r\n                overflow: hidden;\r\n                color:  var(--mucivi-white);\r\n            }\r\n\r\n            @media (max-width: 1024px) {\r\n                 .showcase-section-block-69e1d1e636047 {\r\n                    background-attachment: scroll;\r\n                }\r\n            }\r\n        <\/style><section class=\"showcase-section-block showcase-section-block-69e1d1e636047\">   \r\n\t\t\t\t\t\t\t\t        <div class=\"container showcase-section-container showcase-section-banner\">\r\n\t\t\t\t\t\t\t\t                 <div class=\"showcase-overlay-picture\"><\/div>\r\n\t\t\t\t\t\t\t\t                    <div class=\"showcase-overlay\"><\/div>\r\n\t\t\t\t\t\t\t\t                <div class=\"showcase-section d-flex flex-column align-items-start justify-content-evenly text-start\">\r\n\t\t\t\t\t            <div class=\"showcase-content\">\r\n\t\t\t\t\t\t\t\t\t<h1 class=\"showcase-title\">Ehrenwerte Besuche<\/h1>\r\n\t\t\t\t\t                <p class=\"showcase-description\"><\/p>\r\n\t\t\t\t\t                  <div class=\"showcase-section-button\">\r\n\t\t\t\t\t                    \r\n\t\t\t\t\t                  <\/div>\r\n\t\t\t\t\t            <\/div>\r\n\t\t\t\t\t        <\/div>\r\n\t\t\t\t\t\t\t\t        <\/div>\r\n\t\t\t\t\t\t\t\t    <\/section>\n\n\r\n\t\t            <section class=\"announcements-block bg-color-white\" id=\"announcements_69e1d1e636378\">\r\n\t\t                <div class=\"container d-flex flex-column flex-lg-row\">\r\n\t\t                    <div class=\"col-12 col-lg-9\">\r\n\t\t                        \r\n\t\t\t\t\t\t                <div class=\"announcement-item py-5\">\r\n\t\t\t\t\t\t                    <p class=\"announcements-date gn-h3\">10.11.2017<p>\r\n\t\t\t\t\t\t                    <h2 class=\"text-color-black\">Abteilung Ausstellungen des Mus\u00e9e d&#8217;ethnographie de Gen\u00e8ve (MEG)<\/h2>\r\n\t\t\t\t\t\t                    <div>\r\n\t\t\t\t\t\t\t\t\t\t\t\t\t\t<img decoding=\"async\" class=\"img-fluid py-3\" src=\"https:\/\/www.mucivi.ch\/wp-content\/uploads\/2025\/06\/dsc-0150-scaled.jpg\" alt=\"Abteilung Ausstellungen des Mus\u00e9e d'ethnographie de Gen\u00e8ve (MEG)\">\r\n\t\t\t\t\t\t\t\t\t\t\t\t\t<\/div>\r\n\t\t\t\t\t\t                    <div class=\"my-3\"><p>Unit\u00e9 Expositions du Mus\u00e9e d&#8217;ethnographie de Gen\u00e8ve (MEG), in Begleitung von Frau Nadia Karmous und Herrn Olivier Schinz.<\/p>\n<\/div>\r\n\t\t\t\t\t\t                    \r\n\t\t\t\t\t\t                <\/div>\r\n\t\t\t\t\t\t                <div class=\"announcement-item py-5\">\r\n\t\t\t\t\t\t                    <p class=\"announcements-date gn-h3\">25.09.2017<p>\r\n\t\t\t\t\t\t                    <h2 class=\"text-color-black\">Team des Mus\u00e9e d&#8217;art et d&#8217;histoire de Neuch\u00e2tel (MAH)<\/h2>\r\n\t\t\t\t\t\t                    <div>\r\n\t\t\t\t\t\t\t\t\t\t\t\t\t\t<img decoding=\"async\" class=\"img-fluid py-3\" src=\"https:\/\/www.mucivi.ch\/wp-content\/uploads\/2025\/06\/dsc-0002-scaled.jpg\" alt=\"Team des Mus\u00e9e d'art et d'histoire de Neuch\u00e2tel (MAH)\">\r\n\t\t\t\t\t\t\t\t\t\t\t\t\t<\/div>\r\n\t\t\t\t\t\t                    <div class=\"my-3\"><p>Team des Mus\u00e9e d&#8217;art et d&#8217;histoire de Neuch\u00e2tel (MAH), begleitet von Frau Nadia Karmous und Herrn Olivier Schinz.<\/p>\n<\/div>\r\n\t\t\t\t\t\t                    \r\n\t\t\t\t\t\t                <\/div>\r\n\t\t                    <\/div>\r\n\t\t                    <div class=\"sidebar-container col-12 col-lg-3 ps-lg-5 py-5\">\r\n\t\t                        \r\n\r\n\t\t<div class=\"sidebar-title\">\r\n\t\t   Rubriken\r\n\t\t<\/div>\r\n\t\t<div class=\"sidebar-buttons mt-4\"><div class=\"sidebar-button mb-2\"><a target=\"_blank\" href=\"\/de\/neuigkeiten\/\" class=\"sidebar-link\">Neuigkeiten<\/a><\/div><div class=\"sidebar-button mb-2\"><a target=\"_blank\" href=\"\/de\/neuigkeiten\/ehrenwerte-besuche\/\" class=\"sidebar-link\">Ehrenbesuche<\/a><\/div><div class=\"sidebar-button mb-2\"><a target=\"_blank\" href=\"\/de\/neuigkeiten\/konferenzfotos\/\" class=\"sidebar-link\">Konferenzfotos<\/a><\/div><div class=\"sidebar-button mb-2\"><a target=\"_blank\" href=\"\/de\/neuigkeiten\/nacht-und-tag-der-museen\/\" class=\"sidebar-link\">Nacht und Tag der Museen<\/a><\/div><\/div>\r\n\t\t                    <\/div>\r\n\t\t                <\/div>\r\n\t\t            <\/section>\n\n\n<div style=\"height:100px\" aria-hidden=\"true\" class=\"wp-block-spacer\"><\/div>\n","protected":false},"excerpt":{"rendered":"","protected":false},"author":1,"featured_media":0,"parent":3314,"menu_order":0,"comment_status":"closed","ping_status":"closed","template":"","meta":{"footnotes":""},"class_list":["post-3978","page","type-page","status-publish","hentry"],"yoast_head":"<!-- This site is optimized with the Yoast SEO plugin v27.2 - https:\/\/yoast.com\/product\/yoast-seo-wordpress\/ -->\n<title>Ehrenwerte Besuche - MUCIVI - Mus\u00e9e des civilisations de l\u2019Islam<\/title>\n<meta name=\"robots\" content=\"index, follow, max-snippet:-1, max-image-preview:large, max-video-preview:-1\" \/>\n<link rel=\"canonical\" href=\"https:\/\/www.mucivi.ch\/de\/neuigkeiten\/ehrenwerte-besuche\/\" \/>\n<meta property=\"og:locale\" content=\"de_DE\" \/>\n<meta property=\"og:type\" content=\"article\" \/>\n<meta property=\"og:title\" content=\"Ehrenwerte Besuche - MUCIVI - Mus\u00e9e des civilisations de l\u2019Islam\" \/>\n<meta property=\"og:url\" content=\"https:\/\/www.mucivi.ch\/de\/neuigkeiten\/ehrenwerte-besuche\/\" \/>\n<meta property=\"og:site_name\" content=\"MUCIVI - Mus\u00e9e des civilisations de l\u2019Islam\" \/>\n<meta property=\"article:publisher\" content=\"https:\/\/www.facebook.com\/mucivi\/\" \/>\n<meta property=\"article:modified_time\" content=\"2025-07-11T22:22:41+00:00\" \/>\n<meta property=\"og:image\" content=\"https:\/\/www.mucivi.ch\/wp-content\/uploads\/2025\/05\/480795629_651358377467373_1464767840871238280_n.jpg\" \/>\n\t<meta property=\"og:image:width\" content=\"695\" \/>\n\t<meta property=\"og:image:height\" content=\"329\" \/>\n\t<meta property=\"og:image:type\" content=\"image\/jpeg\" \/>\n<meta name=\"twitter:card\" content=\"summary_large_image\" \/>\n<meta name=\"twitter:site\" content=\"@muciviicms\" \/>\n<script type=\"application\/ld+json\" class=\"yoast-schema-graph\">{\"@context\":\"https:\/\/schema.org\",\"@graph\":[{\"@type\":\"WebPage\",\"@id\":\"https:\/\/www.mucivi.ch\/de\/neuigkeiten\/ehrenwerte-besuche\/\",\"url\":\"https:\/\/www.mucivi.ch\/de\/neuigkeiten\/ehrenwerte-besuche\/\",\"name\":\"Ehrenwerte Besuche - MUCIVI - Mus\u00e9e des civilisations de l\u2019Islam\",\"isPartOf\":{\"@id\":\"https:\/\/www.mucivi.ch\/de\/#website\"},\"datePublished\":\"2025-06-02T15:01:07+00:00\",\"dateModified\":\"2025-07-11T22:22:41+00:00\",\"breadcrumb\":{\"@id\":\"https:\/\/www.mucivi.ch\/de\/neuigkeiten\/ehrenwerte-besuche\/#breadcrumb\"},\"inLanguage\":\"de\",\"potentialAction\":[{\"@type\":\"ReadAction\",\"target\":[\"https:\/\/www.mucivi.ch\/de\/neuigkeiten\/ehrenwerte-besuche\/\"]}]},{\"@type\":\"BreadcrumbList\",\"@id\":\"https:\/\/www.mucivi.ch\/de\/neuigkeiten\/ehrenwerte-besuche\/#breadcrumb\",\"itemListElement\":[{\"@type\":\"ListItem\",\"position\":1,\"name\":\"Home\",\"item\":\"https:\/\/www.mucivi.ch\/de\/\"},{\"@type\":\"ListItem\",\"position\":2,\"name\":\"Neuigkeiten\",\"item\":\"https:\/\/www.mucivi.ch\/de\/neuigkeiten\/\"},{\"@type\":\"ListItem\",\"position\":3,\"name\":\"Ehrenwerte Besuche\"}]},{\"@type\":\"WebSite\",\"@id\":\"https:\/\/www.mucivi.ch\/de\/#website\",\"url\":\"https:\/\/www.mucivi.ch\/de\/\",\"name\":\"MUCIVI - Mus\u00e9e des civilisations de l\u2019Islam\",\"description\":\"\",\"publisher\":{\"@id\":\"https:\/\/www.mucivi.ch\/de\/#organization\"},\"potentialAction\":[{\"@type\":\"SearchAction\",\"target\":{\"@type\":\"EntryPoint\",\"urlTemplate\":\"https:\/\/www.mucivi.ch\/de\/?s={search_term_string}\"},\"query-input\":{\"@type\":\"PropertyValueSpecification\",\"valueRequired\":true,\"valueName\":\"search_term_string\"}}],\"inLanguage\":\"de\"},{\"@type\":\"Organization\",\"@id\":\"https:\/\/www.mucivi.ch\/de\/#organization\",\"name\":\"MUCIVI - Mus\u00e9e des civilisations de l\u2019Islam\",\"url\":\"https:\/\/www.mucivi.ch\/de\/\",\"logo\":{\"@type\":\"ImageObject\",\"inLanguage\":\"de\",\"@id\":\"https:\/\/www.mucivi.ch\/de\/#\/schema\/logo\/image\/\",\"url\":\"https:\/\/www.mucivi.ch\/wp-content\/uploads\/2025\/05\/480795629_651358377467373_1464767840871238280_n.jpg\",\"contentUrl\":\"https:\/\/www.mucivi.ch\/wp-content\/uploads\/2025\/05\/480795629_651358377467373_1464767840871238280_n.jpg\",\"width\":695,\"height\":329,\"caption\":\"MUCIVI - Mus\u00e9e des civilisations de l\u2019Islam\"},\"image\":{\"@id\":\"https:\/\/www.mucivi.ch\/de\/#\/schema\/logo\/image\/\"},\"sameAs\":[\"https:\/\/www.facebook.com\/mucivi\/\",\"https:\/\/x.com\/muciviicms\",\"https:\/\/www.instagram.com\/mucivi.ch\/\",\"https:\/\/www.youtube.com\/channel\/UCtLgFsJNSlqpJD0xnqa-hBw\"]}]}<\/script>\n<!-- \/ Yoast SEO plugin. -->","yoast_head_json":{"title":"Ehrenwerte Besuche - MUCIVI - Mus\u00e9e des civilisations de l\u2019Islam","robots":{"index":"index","follow":"follow","max-snippet":"max-snippet:-1","max-image-preview":"max-image-preview:large","max-video-preview":"max-video-preview:-1"},"canonical":"https:\/\/www.mucivi.ch\/de\/neuigkeiten\/ehrenwerte-besuche\/","og_locale":"de_DE","og_type":"article","og_title":"Ehrenwerte Besuche - MUCIVI - Mus\u00e9e des civilisations de l\u2019Islam","og_url":"https:\/\/www.mucivi.ch\/de\/neuigkeiten\/ehrenwerte-besuche\/","og_site_name":"MUCIVI - Mus\u00e9e des civilisations de l\u2019Islam","article_publisher":"https:\/\/www.facebook.com\/mucivi\/","article_modified_time":"2025-07-11T22:22:41+00:00","og_image":[{"width":695,"height":329,"url":"https:\/\/www.mucivi.ch\/wp-content\/uploads\/2025\/05\/480795629_651358377467373_1464767840871238280_n.jpg","type":"image\/jpeg"}],"twitter_card":"summary_large_image","twitter_site":"@muciviicms","schema":{"@context":"https:\/\/schema.org","@graph":[{"@type":"WebPage","@id":"https:\/\/www.mucivi.ch\/de\/neuigkeiten\/ehrenwerte-besuche\/","url":"https:\/\/www.mucivi.ch\/de\/neuigkeiten\/ehrenwerte-besuche\/","name":"Ehrenwerte Besuche - MUCIVI - Mus\u00e9e des civilisations de l\u2019Islam","isPartOf":{"@id":"https:\/\/www.mucivi.ch\/de\/#website"},"datePublished":"2025-06-02T15:01:07+00:00","dateModified":"2025-07-11T22:22:41+00:00","breadcrumb":{"@id":"https:\/\/www.mucivi.ch\/de\/neuigkeiten\/ehrenwerte-besuche\/#breadcrumb"},"inLanguage":"de","potentialAction":[{"@type":"ReadAction","target":["https:\/\/www.mucivi.ch\/de\/neuigkeiten\/ehrenwerte-besuche\/"]}]},{"@type":"BreadcrumbList","@id":"https:\/\/www.mucivi.ch\/de\/neuigkeiten\/ehrenwerte-besuche\/#breadcrumb","itemListElement":[{"@type":"ListItem","position":1,"name":"Home","item":"https:\/\/www.mucivi.ch\/de\/"},{"@type":"ListItem","position":2,"name":"Neuigkeiten","item":"https:\/\/www.mucivi.ch\/de\/neuigkeiten\/"},{"@type":"ListItem","position":3,"name":"Ehrenwerte Besuche"}]},{"@type":"WebSite","@id":"https:\/\/www.mucivi.ch\/de\/#website","url":"https:\/\/www.mucivi.ch\/de\/","name":"MUCIVI - Mus\u00e9e des civilisations de l\u2019Islam","description":"","publisher":{"@id":"https:\/\/www.mucivi.ch\/de\/#organization"},"potentialAction":[{"@type":"SearchAction","target":{"@type":"EntryPoint","urlTemplate":"https:\/\/www.mucivi.ch\/de\/?s={search_term_string}"},"query-input":{"@type":"PropertyValueSpecification","valueRequired":true,"valueName":"search_term_string"}}],"inLanguage":"de"},{"@type":"Organization","@id":"https:\/\/www.mucivi.ch\/de\/#organization","name":"MUCIVI - Mus\u00e9e des civilisations de l\u2019Islam","url":"https:\/\/www.mucivi.ch\/de\/","logo":{"@type":"ImageObject","inLanguage":"de","@id":"https:\/\/www.mucivi.ch\/de\/#\/schema\/logo\/image\/","url":"https:\/\/www.mucivi.ch\/wp-content\/uploads\/2025\/05\/480795629_651358377467373_1464767840871238280_n.jpg","contentUrl":"https:\/\/www.mucivi.ch\/wp-content\/uploads\/2025\/05\/480795629_651358377467373_1464767840871238280_n.jpg","width":695,"height":329,"caption":"MUCIVI - Mus\u00e9e des civilisations de l\u2019Islam"},"image":{"@id":"https:\/\/www.mucivi.ch\/de\/#\/schema\/logo\/image\/"},"sameAs":["https:\/\/www.facebook.com\/mucivi\/","https:\/\/x.com\/muciviicms","https:\/\/www.instagram.com\/mucivi.ch\/","https:\/\/www.youtube.com\/channel\/UCtLgFsJNSlqpJD0xnqa-hBw"]}]}},"_links":{"self":[{"href":"https:\/\/www.mucivi.ch\/de\/wp-json\/wp\/v2\/pages\/3978","targetHints":{"allow":["GET"]}}],"collection":[{"href":"https:\/\/www.mucivi.ch\/de\/wp-json\/wp\/v2\/pages"}],"about":[{"href":"https:\/\/www.mucivi.ch\/de\/wp-json\/wp\/v2\/types\/page"}],"author":[{"embeddable":true,"href":"https:\/\/www.mucivi.ch\/de\/wp-json\/wp\/v2\/users\/1"}],"replies":[{"embeddable":true,"href":"https:\/\/www.mucivi.ch\/de\/wp-json\/wp\/v2\/comments?post=3978"}],"version-history":[{"count":3,"href":"https:\/\/www.mucivi.ch\/de\/wp-json\/wp\/v2\/pages\/3978\/revisions"}],"predecessor-version":[{"id":5003,"href":"https:\/\/www.mucivi.ch\/de\/wp-json\/wp\/v2\/pages\/3978\/revisions\/5003"}],"up":[{"embeddable":true,"href":"https:\/\/www.mucivi.ch\/de\/wp-json\/wp\/v2\/pages\/3314"}],"wp:attachment":[{"href":"https:\/\/www.mucivi.ch\/de\/wp-json\/wp\/v2\/media?parent=3978"}],"curies":[{"name":"wp","href":"https:\/\/api.w.org\/{rel}","templated":true}]}}