{"id":5518,"date":"2025-06-02T15:03:25","date_gmt":"2025-06-02T15:03:25","guid":{"rendered":"https:\/\/www.mucivi.ch\/?page_id=5518"},"modified":"2025-07-12T18:18:15","modified_gmt":"2025-07-12T18:18:15","slug":"bereich-interpretationen","status":"publish","type":"page","link":"https:\/\/www.mucivi.ch\/de\/ausstellungen\/bereich-interpretationen\/","title":{"rendered":"Bereich \u201eInterpretationen\u201c"},"content":{"rendered":"\r\n        <style>\r\n             .showcase-section-block-69e773c43e595 {\r\n                background-image: url(https:\/\/www.mucivi.ch\/wp-content\/uploads\/2025\/06\/schreyer-1701677-2560x1704-1.jpg);\r\n                background-attachment: scroll;\r\n                background-size: cover;  \r\n                background-repeat: no-repeat; \r\n                background-position: center center;\r\n                overflow: hidden;\r\n                color:  var(--mucivi-white);\r\n            }\r\n\r\n            @media (max-width: 1024px) {\r\n                 .showcase-section-block-69e773c43e595 {\r\n                    background-attachment: scroll;\r\n                }\r\n            }\r\n        <\/style><section class=\"showcase-section-block showcase-section-block-69e773c43e595\">   \r\n\t\t\t\t\t\t\t\t        <div class=\"container showcase-section-container showcase-section-banner\">\r\n\t\t\t\t\t\t\t\t                 <div class=\"showcase-overlay-picture\"><\/div>\r\n\t\t\t\t\t\t\t\t                    <div class=\"showcase-overlay\"><\/div>\r\n\t\t\t\t\t\t\t\t                <div class=\"showcase-section d-flex flex-column align-items-center justify-content-evenly text-center\">\r\n\t\t\t\t\t            <div class=\"showcase-content\">\r\n\t\t\t\t\t\t\t\t\t<h1 class=\"showcase-title\">Bereich \u201eInterpretationen\u201c<\/h1>\r\n\t\t\t\t\t                <p class=\"showcase-description\"><\/p>\r\n\t\t\t\t\t                  <div class=\"showcase-section-button\">\r\n\t\t\t\t\t                    \r\n\t\t\t\t\t                  <\/div>\r\n\t\t\t\t\t            <\/div>\r\n\t\t\t\t\t        <\/div>\r\n\t\t\t\t\t\t\t\t        <\/div>\r\n\t\t\t\t\t\t\t\t    <\/section>\n\n\n<div style=\"height:100px\" aria-hidden=\"true\" class=\"wp-block-spacer\"><\/div>\n\n\n\r\n\t\t\r\n\t\t<section id=\"\" class=\"text-block  space-bottom-yes space-top-no text-block-id-69e773c43e6ce bg-color-white text-color-black\">\r\n                    <div class=\"container d-flex flex-column flex-lg-row \">\r\n                        <div class=\"col-12 col-lg-9\">\r\n\t                        \r\n\t                        \r\n\t                        <div class=\"row text\">\r\n                    <div class=\"col\">\r\n                        <div class=\"textBlock-text text-block-html \" style=\"margin-top: 0px; \">\r\n                            <p class=\"wp-block-gn-text-block\"><img loading=\"lazy\" decoding=\"async\" width=\"150\" height=\"150\" class=\"wp-image-2080\" style=\"width: 150px;\" src=\"https:\/\/www.mucivi.ch\/wp-content\/uploads\/2025\/06\/3-white.png\" alt=\"\" srcset=\"https:\/\/www.mucivi.ch\/wp-content\/uploads\/2025\/06\/3-white.png 300w, https:\/\/www.mucivi.ch\/wp-content\/uploads\/2025\/06\/3-white-100x100.png 100w, https:\/\/www.mucivi.ch\/wp-content\/uploads\/2025\/06\/3-white-150x150.png 150w\" sizes=\"auto, (max-width: 150px) 100vw, 150px\" \/>Als der Prophet des Islam im Jahr 632 unserer Zeitrechnung starb, folgten ihm vier Kalifen an der Spitze des jungen, sich rasch ausbreitenden Staates. Sie werden als die \u201erechtgeleiteten\u201c bezeichnet. Ihre Handlungen hatten konkrete Auswirkungen auf die heutigen vielf\u00e4ltigen islamischen Praktiken. Sie waren die ersten, die eine grundlegende Arbeit an der vom Propheten \u00fcberlieferten Offenbarung begannen: ohne einen lebenden F\u00fchrer wandten sie sich dem Text zu und begannen mit seinen ersten Interpretationen.<\/p>\n\r\n                        <\/div>\r\n                    <\/div>                                        \r\n                <\/div>\r\n                        <\/div>\r\n                       <div class=\"sidebar-container col-12 col-lg-3 ps-lg-5\">\r\n                        \t\r\n\r\n\t\t<div class=\"sidebar-title\">\r\n\t\t   Espaces d\u2019exposition\r\n\t\t<\/div>\r\n\t\t<div class=\"sidebar-buttons mt-4\"><div class=\"sidebar-button mb-2\"><a target=\"_blank\" href=\"\/de\/ausstellungen\/bereich-unwissenheit\/\" class=\"sidebar-link\">Unwissenheiten<\/a><\/div><div class=\"sidebar-button mb-2\"><a target=\"_blank\" href=\"\/de\/ausstellungen\/bereich-offenbarungen\/\" class=\"sidebar-link\">Offenbarungen<\/a><\/div><div class=\"sidebar-button mb-2\"><a target=\"_blank\" href=\"\/de\/ausstellungen\/bereich-interpretationen\/\" class=\"sidebar-link\">Interpretationen<\/a><\/div><div class=\"sidebar-button mb-2\"><a target=\"_blank\" href=\"\/de\/ausstellungen\/bereich-ausstrahlungen\/\" class=\"sidebar-link\">Strahlungen<\/a><\/div><div class=\"sidebar-button mb-2\"><a target=\"_blank\" href=\"\/de\/ausstellungen\/bereich-qualen\/\" class=\"sidebar-link\">Qualen<\/a><\/div><div class=\"sidebar-button mb-2\"><a target=\"_blank\" href=\"\/de\/ausstellungen\/bereich-neuerfindungen\/\" class=\"sidebar-link\">Neuerfindungen<\/a><\/div><\/div>\r\n                        <\/div>\r\n                        \r\n            <\/section>\n\n<section class=\"image-gallery-block bg-color-white\">\r\n\t\t\t        <div class=\"owl-carousel-slider \">\r\n\t\t\t\t\t            <div class=\"owl-carousel slider-carousel\">\r\n\t\t\t\t\t                <div>\r\n\t\t\t\t\t\t\t\t            <a href=\"https:\/\/www.mucivi.ch\/wp-content\/uploads\/2025\/06\/schreyer-1701705-1920x1278-1.jpg\" data-fancybox=\"gallery_69e773c43e9de\" data-caption=\"Ort: Museum der Zivilisationen des Islam MUCIVI \u2013 La Chaux-de-Fonds \u2013 Neuenburg \u2013 Schweiz \/ Nutzungsrechte ausschlie\u00dflich f\u00fcr MUCIVI\">\r\n\t\t\t\t\t\t\t\t                <img decoding=\"async\" src=\"https:\/\/www.mucivi.ch\/wp-content\/uploads\/2025\/06\/schreyer-1701705-1920x1278-1.jpg\" alt=\"Ort: Museum der Zivilisationen des Islam MUCIVI \u2013 La Chaux-de-Fonds \u2013 Neuenburg \u2013 Schweiz \/ Nutzungsrechte ausschlie\u00dflich f\u00fcr MUCIVI\" \/>\r\n\t\t\t\t\t\t\t\t            <\/a>\r\n\t\t\t\t\t\t\t\t        <\/div><div>\r\n\t\t\t\t\t\t\t\t            <a href=\"https:\/\/www.mucivi.ch\/wp-content\/uploads\/2025\/06\/schreyer-1701677-1-1920x1278-1.jpg\" data-fancybox=\"gallery_69e773c43e9de\" data-caption=\"Ort: Museum der Zivilisationen des Islam MUCIVI \u2013 La Chaux-de-Fonds \u2013 Neuenburg \u2013 Schweiz \/ Nutzungsrechte ausschlie\u00dflich f\u00fcr MUCIVI\">\r\n\t\t\t\t\t\t\t\t                <img decoding=\"async\" src=\"https:\/\/www.mucivi.ch\/wp-content\/uploads\/2025\/06\/schreyer-1701677-1-1920x1278-1.jpg\" alt=\"Ort: Museum der Zivilisationen des Islam MUCIVI \u2013 La Chaux-de-Fonds \u2013 Neuenburg \u2013 Schweiz \/ Nutzungsrechte ausschlie\u00dflich f\u00fcr MUCIVI\" \/>\r\n\t\t\t\t\t\t\t\t            <\/a>\r\n\t\t\t\t\t\t\t\t        <\/div><div>\r\n\t\t\t\t\t\t\t\t            <a href=\"https:\/\/www.mucivi.ch\/wp-content\/uploads\/2025\/06\/schreyer-1701678-1920x1280-1.jpg\" data-fancybox=\"gallery_69e773c43e9de\" data-caption=\"Ort: Museum der Zivilisationen des Islam MUCIVI \u2013 La Chaux-de-Fonds \u2013 Neuenburg \u2013 Schweiz \/ Nutzungsrechte ausschlie\u00dflich f\u00fcr MUCIVI\">\r\n\t\t\t\t\t\t\t\t                <img decoding=\"async\" src=\"https:\/\/www.mucivi.ch\/wp-content\/uploads\/2025\/06\/schreyer-1701678-1920x1280-1.jpg\" alt=\"Ort: Museum der Zivilisationen des Islam MUCIVI \u2013 La Chaux-de-Fonds \u2013 Neuenburg \u2013 Schweiz \/ Nutzungsrechte ausschlie\u00dflich f\u00fcr MUCIVI\" \/>\r\n\t\t\t\t\t\t\t\t            <\/a>\r\n\t\t\t\t\t\t\t\t        <\/div><div>\r\n\t\t\t\t\t\t\t\t            <a href=\"https:\/\/www.mucivi.ch\/wp-content\/uploads\/2025\/06\/schreyer-1701679-852x1280-1.jpg\" data-fancybox=\"gallery_69e773c43e9de\" data-caption=\"Ort: Museum der Zivilisationen des Islam MUCIVI \u2013 La Chaux-de-Fonds \u2013 Neuenburg \u2013 Schweiz \/ Nutzungsrechte ausschlie\u00dflich f\u00fcr MUCIVI\">\r\n\t\t\t\t\t\t\t\t                <img decoding=\"async\" src=\"https:\/\/www.mucivi.ch\/wp-content\/uploads\/2025\/06\/schreyer-1701679-852x1280-1.jpg\" alt=\"Ort: Museum der Zivilisationen des Islam MUCIVI \u2013 La Chaux-de-Fonds \u2013 Neuenburg \u2013 Schweiz \/ Nutzungsrechte ausschlie\u00dflich f\u00fcr MUCIVI\" \/>\r\n\t\t\t\t\t\t\t\t            <\/a>\r\n\t\t\t\t\t\t\t\t        <\/div><div>\r\n\t\t\t\t\t\t\t\t            <a href=\"https:\/\/www.mucivi.ch\/wp-content\/uploads\/2025\/06\/schreyer-1701681-600x400-1.jpg\" data-fancybox=\"gallery_69e773c43e9de\" data-caption=\"Ort: Museum der Zivilisationen des Islam MUCIVI \u2013 La Chaux-de-Fonds \u2013 Neuenburg \u2013 Schweiz \/ Nutzungsrechte ausschlie\u00dflich f\u00fcr MUCIVI\">\r\n\t\t\t\t\t\t\t\t                <img decoding=\"async\" src=\"https:\/\/www.mucivi.ch\/wp-content\/uploads\/2025\/06\/schreyer-1701681-600x400-1.jpg\" alt=\"Ort: Museum der Zivilisationen des Islam MUCIVI \u2013 La Chaux-de-Fonds \u2013 Neuenburg \u2013 Schweiz \/ Nutzungsrechte ausschlie\u00dflich f\u00fcr MUCIVI\" \/>\r\n\t\t\t\t\t\t\t\t            <\/a>\r\n\t\t\t\t\t\t\t\t        <\/div>\r\n\t\t\t\t\t            <\/div>\r\n\t\t\t\t\t        <\/div>\r\n\t\t\t    <\/section>","protected":false},"excerpt":{"rendered":"","protected":false},"author":1,"featured_media":0,"parent":5033,"menu_order":0,"comment_status":"closed","ping_status":"closed","template":"","meta":{"footnotes":""},"class_list":["post-5518","page","type-page","status-publish","hentry"],"yoast_head":"<!-- This site is optimized with the Yoast SEO plugin v27.2 - https:\/\/yoast.com\/product\/yoast-seo-wordpress\/ -->\n<title>Bereich \u201eInterpretationen\u201c - MUCIVI - Mus\u00e9e des civilisations de l\u2019Islam<\/title>\n<meta name=\"robots\" content=\"index, follow, max-snippet:-1, max-image-preview:large, max-video-preview:-1\" \/>\n<link rel=\"canonical\" href=\"https:\/\/www.mucivi.ch\/de\/ausstellungen\/bereich-interpretationen\/\" \/>\n<meta property=\"og:locale\" content=\"de_DE\" \/>\n<meta property=\"og:type\" content=\"article\" \/>\n<meta property=\"og:title\" content=\"Bereich \u201eInterpretationen\u201c - MUCIVI - Mus\u00e9e des civilisations de l\u2019Islam\" \/>\n<meta property=\"og:url\" content=\"https:\/\/www.mucivi.ch\/de\/ausstellungen\/bereich-interpretationen\/\" \/>\n<meta property=\"og:site_name\" content=\"MUCIVI - Mus\u00e9e des civilisations de l\u2019Islam\" \/>\n<meta property=\"article:publisher\" content=\"https:\/\/www.facebook.com\/mucivi\/\" \/>\n<meta property=\"article:modified_time\" content=\"2025-07-12T18:18:15+00:00\" \/>\n<meta property=\"og:image\" content=\"https:\/\/www.mucivi.ch\/wp-content\/uploads\/2025\/06\/3-white.png\" \/>\n\t<meta property=\"og:image:width\" content=\"300\" \/>\n\t<meta property=\"og:image:height\" content=\"300\" \/>\n\t<meta property=\"og:image:type\" content=\"image\/png\" \/>\n<meta name=\"twitter:card\" content=\"summary_large_image\" \/>\n<meta name=\"twitter:site\" content=\"@muciviicms\" \/>\n<meta name=\"twitter:label1\" content=\"Gesch\u00e4tzte Lesezeit\" \/>\n\t<meta name=\"twitter:data1\" content=\"2\u00a0Minuten\" \/>\n<script type=\"application\/ld+json\" class=\"yoast-schema-graph\">{\"@context\":\"https:\/\/schema.org\",\"@graph\":[{\"@type\":\"WebPage\",\"@id\":\"https:\/\/www.mucivi.ch\/de\/ausstellungen\/bereich-interpretationen\/\",\"url\":\"https:\/\/www.mucivi.ch\/de\/ausstellungen\/bereich-interpretationen\/\",\"name\":\"Bereich \u201eInterpretationen\u201c - MUCIVI - Mus\u00e9e des civilisations de l\u2019Islam\",\"isPartOf\":{\"@id\":\"https:\/\/www.mucivi.ch\/de\/#website\"},\"primaryImageOfPage\":{\"@id\":\"https:\/\/www.mucivi.ch\/de\/ausstellungen\/bereich-interpretationen\/#primaryimage\"},\"image\":{\"@id\":\"https:\/\/www.mucivi.ch\/de\/ausstellungen\/bereich-interpretationen\/#primaryimage\"},\"thumbnailUrl\":\"https:\/\/www.mucivi.ch\/wp-content\/uploads\/2025\/06\/3-white.png\",\"datePublished\":\"2025-06-02T15:03:25+00:00\",\"dateModified\":\"2025-07-12T18:18:15+00:00\",\"breadcrumb\":{\"@id\":\"https:\/\/www.mucivi.ch\/de\/ausstellungen\/bereich-interpretationen\/#breadcrumb\"},\"inLanguage\":\"de\",\"potentialAction\":[{\"@type\":\"ReadAction\",\"target\":[\"https:\/\/www.mucivi.ch\/de\/ausstellungen\/bereich-interpretationen\/\"]}]},{\"@type\":\"ImageObject\",\"inLanguage\":\"de\",\"@id\":\"https:\/\/www.mucivi.ch\/de\/ausstellungen\/bereich-interpretationen\/#primaryimage\",\"url\":\"https:\/\/www.mucivi.ch\/wp-content\/uploads\/2025\/06\/3-white.png\",\"contentUrl\":\"https:\/\/www.mucivi.ch\/wp-content\/uploads\/2025\/06\/3-white.png\"},{\"@type\":\"BreadcrumbList\",\"@id\":\"https:\/\/www.mucivi.ch\/de\/ausstellungen\/bereich-interpretationen\/#breadcrumb\",\"itemListElement\":[{\"@type\":\"ListItem\",\"position\":1,\"name\":\"Home\",\"item\":\"https:\/\/www.mucivi.ch\/de\/\"},{\"@type\":\"ListItem\",\"position\":2,\"name\":\"Ausstellungen\",\"item\":\"https:\/\/www.mucivi.ch\/de\/ausstellungen\/\"},{\"@type\":\"ListItem\",\"position\":3,\"name\":\"Bereich \u201eInterpretationen\u201c\"}]},{\"@type\":\"WebSite\",\"@id\":\"https:\/\/www.mucivi.ch\/de\/#website\",\"url\":\"https:\/\/www.mucivi.ch\/de\/\",\"name\":\"MUCIVI - Mus\u00e9e des civilisations de l\u2019Islam\",\"description\":\"\",\"publisher\":{\"@id\":\"https:\/\/www.mucivi.ch\/de\/#organization\"},\"potentialAction\":[{\"@type\":\"SearchAction\",\"target\":{\"@type\":\"EntryPoint\",\"urlTemplate\":\"https:\/\/www.mucivi.ch\/de\/?s={search_term_string}\"},\"query-input\":{\"@type\":\"PropertyValueSpecification\",\"valueRequired\":true,\"valueName\":\"search_term_string\"}}],\"inLanguage\":\"de\"},{\"@type\":\"Organization\",\"@id\":\"https:\/\/www.mucivi.ch\/de\/#organization\",\"name\":\"MUCIVI - Mus\u00e9e des civilisations de l\u2019Islam\",\"url\":\"https:\/\/www.mucivi.ch\/de\/\",\"logo\":{\"@type\":\"ImageObject\",\"inLanguage\":\"de\",\"@id\":\"https:\/\/www.mucivi.ch\/de\/#\/schema\/logo\/image\/\",\"url\":\"https:\/\/www.mucivi.ch\/wp-content\/uploads\/2025\/05\/480795629_651358377467373_1464767840871238280_n.jpg\",\"contentUrl\":\"https:\/\/www.mucivi.ch\/wp-content\/uploads\/2025\/05\/480795629_651358377467373_1464767840871238280_n.jpg\",\"width\":695,\"height\":329,\"caption\":\"MUCIVI - Mus\u00e9e des civilisations de l\u2019Islam\"},\"image\":{\"@id\":\"https:\/\/www.mucivi.ch\/de\/#\/schema\/logo\/image\/\"},\"sameAs\":[\"https:\/\/www.facebook.com\/mucivi\/\",\"https:\/\/x.com\/muciviicms\",\"https:\/\/www.instagram.com\/mucivi.ch\/\",\"https:\/\/www.youtube.com\/channel\/UCtLgFsJNSlqpJD0xnqa-hBw\"]}]}<\/script>\n<!-- \/ Yoast SEO plugin. -->","yoast_head_json":{"title":"Bereich \u201eInterpretationen\u201c - MUCIVI - Mus\u00e9e des civilisations de l\u2019Islam","robots":{"index":"index","follow":"follow","max-snippet":"max-snippet:-1","max-image-preview":"max-image-preview:large","max-video-preview":"max-video-preview:-1"},"canonical":"https:\/\/www.mucivi.ch\/de\/ausstellungen\/bereich-interpretationen\/","og_locale":"de_DE","og_type":"article","og_title":"Bereich \u201eInterpretationen\u201c - MUCIVI - Mus\u00e9e des civilisations de l\u2019Islam","og_url":"https:\/\/www.mucivi.ch\/de\/ausstellungen\/bereich-interpretationen\/","og_site_name":"MUCIVI - Mus\u00e9e des civilisations de l\u2019Islam","article_publisher":"https:\/\/www.facebook.com\/mucivi\/","article_modified_time":"2025-07-12T18:18:15+00:00","og_image":[{"width":300,"height":300,"url":"https:\/\/www.mucivi.ch\/wp-content\/uploads\/2025\/06\/3-white.png","type":"image\/png"}],"twitter_card":"summary_large_image","twitter_site":"@muciviicms","twitter_misc":{"Gesch\u00e4tzte Lesezeit":"2\u00a0Minuten"},"schema":{"@context":"https:\/\/schema.org","@graph":[{"@type":"WebPage","@id":"https:\/\/www.mucivi.ch\/de\/ausstellungen\/bereich-interpretationen\/","url":"https:\/\/www.mucivi.ch\/de\/ausstellungen\/bereich-interpretationen\/","name":"Bereich \u201eInterpretationen\u201c - MUCIVI - Mus\u00e9e des civilisations de l\u2019Islam","isPartOf":{"@id":"https:\/\/www.mucivi.ch\/de\/#website"},"primaryImageOfPage":{"@id":"https:\/\/www.mucivi.ch\/de\/ausstellungen\/bereich-interpretationen\/#primaryimage"},"image":{"@id":"https:\/\/www.mucivi.ch\/de\/ausstellungen\/bereich-interpretationen\/#primaryimage"},"thumbnailUrl":"https:\/\/www.mucivi.ch\/wp-content\/uploads\/2025\/06\/3-white.png","datePublished":"2025-06-02T15:03:25+00:00","dateModified":"2025-07-12T18:18:15+00:00","breadcrumb":{"@id":"https:\/\/www.mucivi.ch\/de\/ausstellungen\/bereich-interpretationen\/#breadcrumb"},"inLanguage":"de","potentialAction":[{"@type":"ReadAction","target":["https:\/\/www.mucivi.ch\/de\/ausstellungen\/bereich-interpretationen\/"]}]},{"@type":"ImageObject","inLanguage":"de","@id":"https:\/\/www.mucivi.ch\/de\/ausstellungen\/bereich-interpretationen\/#primaryimage","url":"https:\/\/www.mucivi.ch\/wp-content\/uploads\/2025\/06\/3-white.png","contentUrl":"https:\/\/www.mucivi.ch\/wp-content\/uploads\/2025\/06\/3-white.png"},{"@type":"BreadcrumbList","@id":"https:\/\/www.mucivi.ch\/de\/ausstellungen\/bereich-interpretationen\/#breadcrumb","itemListElement":[{"@type":"ListItem","position":1,"name":"Home","item":"https:\/\/www.mucivi.ch\/de\/"},{"@type":"ListItem","position":2,"name":"Ausstellungen","item":"https:\/\/www.mucivi.ch\/de\/ausstellungen\/"},{"@type":"ListItem","position":3,"name":"Bereich \u201eInterpretationen\u201c"}]},{"@type":"WebSite","@id":"https:\/\/www.mucivi.ch\/de\/#website","url":"https:\/\/www.mucivi.ch\/de\/","name":"MUCIVI - Mus\u00e9e des civilisations de l\u2019Islam","description":"","publisher":{"@id":"https:\/\/www.mucivi.ch\/de\/#organization"},"potentialAction":[{"@type":"SearchAction","target":{"@type":"EntryPoint","urlTemplate":"https:\/\/www.mucivi.ch\/de\/?s={search_term_string}"},"query-input":{"@type":"PropertyValueSpecification","valueRequired":true,"valueName":"search_term_string"}}],"inLanguage":"de"},{"@type":"Organization","@id":"https:\/\/www.mucivi.ch\/de\/#organization","name":"MUCIVI - Mus\u00e9e des civilisations de l\u2019Islam","url":"https:\/\/www.mucivi.ch\/de\/","logo":{"@type":"ImageObject","inLanguage":"de","@id":"https:\/\/www.mucivi.ch\/de\/#\/schema\/logo\/image\/","url":"https:\/\/www.mucivi.ch\/wp-content\/uploads\/2025\/05\/480795629_651358377467373_1464767840871238280_n.jpg","contentUrl":"https:\/\/www.mucivi.ch\/wp-content\/uploads\/2025\/05\/480795629_651358377467373_1464767840871238280_n.jpg","width":695,"height":329,"caption":"MUCIVI - Mus\u00e9e des civilisations de l\u2019Islam"},"image":{"@id":"https:\/\/www.mucivi.ch\/de\/#\/schema\/logo\/image\/"},"sameAs":["https:\/\/www.facebook.com\/mucivi\/","https:\/\/x.com\/muciviicms","https:\/\/www.instagram.com\/mucivi.ch\/","https:\/\/www.youtube.com\/channel\/UCtLgFsJNSlqpJD0xnqa-hBw"]}]}},"_links":{"self":[{"href":"https:\/\/www.mucivi.ch\/de\/wp-json\/wp\/v2\/pages\/5518","targetHints":{"allow":["GET"]}}],"collection":[{"href":"https:\/\/www.mucivi.ch\/de\/wp-json\/wp\/v2\/pages"}],"about":[{"href":"https:\/\/www.mucivi.ch\/de\/wp-json\/wp\/v2\/types\/page"}],"author":[{"embeddable":true,"href":"https:\/\/www.mucivi.ch\/de\/wp-json\/wp\/v2\/users\/1"}],"replies":[{"embeddable":true,"href":"https:\/\/www.mucivi.ch\/de\/wp-json\/wp\/v2\/comments?post=5518"}],"version-history":[{"count":2,"href":"https:\/\/www.mucivi.ch\/de\/wp-json\/wp\/v2\/pages\/5518\/revisions"}],"predecessor-version":[{"id":5572,"href":"https:\/\/www.mucivi.ch\/de\/wp-json\/wp\/v2\/pages\/5518\/revisions\/5572"}],"up":[{"embeddable":true,"href":"https:\/\/www.mucivi.ch\/de\/wp-json\/wp\/v2\/pages\/5033"}],"wp:attachment":[{"href":"https:\/\/www.mucivi.ch\/de\/wp-json\/wp\/v2\/media?parent=5518"}],"curies":[{"name":"wp","href":"https:\/\/api.w.org\/{rel}","templated":true}]}}