{"id":5717,"date":"2025-06-02T15:05:16","date_gmt":"2025-06-02T15:05:16","guid":{"rendered":"https:\/\/www.mucivi.ch\/?page_id=5717"},"modified":"2025-07-12T20:53:27","modified_gmt":"2025-07-12T20:53:27","slug":"geschichte","status":"publish","type":"page","link":"https:\/\/www.mucivi.ch\/de\/geschichte\/","title":{"rendered":"Geschichte"},"content":{"rendered":"\r\n        <style>\r\n             .showcase-section-block-69e737a792ac7 {\r\n                background-image: url(https:\/\/www.mucivi.ch\/wp-content\/uploads\/2025\/06\/schreyer-1701717-2560x2050-1.jpg);\r\n                background-attachment: scroll;\r\n                background-size: cover;  \r\n                background-repeat: no-repeat; \r\n                background-position: center center;\r\n                overflow: hidden;\r\n                color:  var(--mucivi-white);\r\n            }\r\n\r\n            @media (max-width: 1024px) {\r\n                 .showcase-section-block-69e737a792ac7 {\r\n                    background-attachment: scroll;\r\n                }\r\n            }\r\n        <\/style><section class=\"showcase-section-block showcase-section-block-69e737a792ac7\">   \r\n\t\t\t\t\t\t\t\t        <div class=\"container showcase-section-container showcase-section-banner\">\r\n\t\t\t\t\t\t\t\t                 <div class=\"showcase-overlay-picture\"><\/div>\r\n\t\t\t\t\t\t\t\t                    <div class=\"showcase-overlay\"><\/div>\r\n\t\t\t\t\t\t\t\t                <div class=\"showcase-section d-flex flex-column align-items-start justify-content-evenly text-start\">\r\n\t\t\t\t\t            <div class=\"showcase-content\">\r\n\t\t\t\t\t\t\t\t\t<h1 class=\"showcase-title\">Geschichte<\/h1>\r\n\t\t\t\t\t                <p class=\"showcase-description\"><\/p>\r\n\t\t\t\t\t                  <div class=\"showcase-section-button\">\r\n\t\t\t\t\t                    \r\n\t\t\t\t\t                  <\/div>\r\n\t\t\t\t\t            <\/div>\r\n\t\t\t\t\t        <\/div>\r\n\t\t\t\t\t\t\t\t        <\/div>\r\n\t\t\t\t\t\t\t\t    <\/section>\n\n\n<div style=\"height:100px\" aria-hidden=\"true\" class=\"wp-block-spacer\"><\/div>\n\n\n<section class=\"image-gallery-block\">  \r\n\t\t\t  <div class=\"container  bg-color-white\">\r\n\t\t\t        <div class=\"\">\r\n\t\t\t            <div class=\"row\">\r\n\t\t\t                <div class=\"img-block col-12\">\r\n\t\t\t                           <img decoding=\"async\" width=\"\" height=\"\" id=\"img-block-69e737a792c16\" class=\"img-block  desktop-padding-top desktop-padding-right desktop-padding-bottom desktop-padding-left tablet-padding-top tablet-padding-right tablet-padding-bottom tablet-padding-left mobile-padding-top mobile-padding-right mobile-padding-bottom mobile-padding-left \" src=\"https:\/\/www.mucivi.ch\/wp-content\/uploads\/2025\/06\/schreyer-1701748-2560x2050-1.jpg\" \/>\r\n\t\t\t                <\/div>\r\n\t\t\t            <\/div>\r\n\t\t\t        <\/div>\r\n\t\t\t    <\/section><style> #img-block-69e737a792c16.desktop-padding-top { padding-top: 0px; } #img-block-69e737a792c16.desktop-padding-right { padding-right: px; } #img-block-69e737a792c16.desktop-padding-bottom { padding-bottom: 0px; } #img-block-69e737a792c16.desktop-padding-left { padding-left: px; }@media only screen and (max-width: 991px) {  #img-block-69e737a792c16.tablet-padding-top { padding-top: 0px; }} @media only screen and (max-width: 991px) {  #img-block-69e737a792c16.tablet-padding-right { padding-right: 0px; }} @media only screen and (max-width: 991px) {  #img-block-69e737a792c16.tablet-padding-bottom { padding-bottom: 0px; }} @media only screen and (max-width: 991px) {  #img-block-69e737a792c16.tablet-padding-left { padding-left: 0px; }} @media only screen and (max-width: 575px) {  #img-block-69e737a792c16.mobile-padding-top { padding-top: 0px; }} @media only screen and (max-width: 575px) {  #img-block-69e737a792c16.mobile-padding-right { padding-right: 0px; }} @media only screen and (max-width: 575px) {  #img-block-69e737a792c16.mobile-padding-bottom { padding-bottom: 0px; }} @media only screen and (max-width: 575px) {  #img-block-69e737a792c16.mobile-padding-left { padding-left: 0px; }} <\/style>\n\n\n<div style=\"height:100px\" aria-hidden=\"true\" class=\"wp-block-spacer\"><\/div>\n\n\n<section id=\"\" class=\"text-block  space-bottom-yes space-top-no text-block-id-69e737a792ca2 bg-color-white text-color-black\">\r\n                    <div class=\"container\">\r\n                        <div class=\"row\">                                        \r\n                        <div class=\"col\">\r\n                            <h2 class=\"textBlock-headline style-1 left \">Der Wille zum Austausch, zum Begegnen und Entdecken<\/h2>\r\n                        <\/div>       \r\n                                                          \r\n                    <\/div>\r\n                        \r\n                        <div class=\"row text\">\r\n                    <div class=\"col\">\r\n                        <div class=\"textBlock-text text-block-html \" style=\"margin-top: 20px; \">\r\n                            <p class=\"wp-block-gn-text-block\">Aus dem Wunsch von Frau Nadia Karmous entstanden, in der Schweiz einen Raum f\u00fcr die muslimische Kultur zu schaffen, erm\u00f6glicht das Mucivi (Museum der Zivilisationen des Islam) dem Kulturzentrum La Chaux-de-Fonds, einen Ort des Austauschs, der Begegnung und der Entdeckung zu beherbergen. Das Ausstellungsmuseum zeichnet in einer innovativen Inszenierung \u2013 mit Bildern, Kl\u00e4ngen, Lichtstimmungen und technischen Installationen \u2013 15 Jahrhunderte Geschichte der islamischen Zivilisationen nach; eine Bewegung, die zur Vielfalt der heutigen Praktiken und Fragen f\u00fchrt, die von einer Religion aufgeworfen werden, die von \u00fcber anderthalb Milliarden Menschen weltweit praktiziert wird.<\/p>\n<p>Das 2016 er\u00f6ffnete Mucivi befindet sich in einem denkmalgesch\u00fctzten Jugendstilgeb\u00e4ude an der Hauptstra\u00dfe der Uhrenmetropole im Kanton Neuenburg. Diese Stadt beherbergt mehrere renommierte Kultureinrichtungen, und ihre Stra\u00dfen- und Geb\u00e4udearchitektur geh\u00f6rt seit 2009 zum UNESCO-Weltkulturerbe. An der Fassade des Geb\u00e4udes stellen f\u00fcnf Frauen \u2013 Allegorien der f\u00fcnf Kontinente \u2013 die Besichtigung unter das Zeichen von Begegnung und Reise. Das Mucivi wurde von einem interdisziplin\u00e4ren Expertenteam realisiert: ein Langzeitprojekt, das Anfang der 2000er Jahre begann, f\u00fcr einen einzigartigen Ort in Europa.<\/p>\n\r\n                        <\/div>\r\n                    <\/div>                                        \r\n                <\/div>\r\n                    <\/div>\r\n            <\/section>\n\n<section id=\"\" class=\"iframe-block iframe-block-id-69e737a792fe6  bg-color-black\">\r\n                <div class=\"container\">\r\n                    <div class=\"iframe-wrapper\">\r\n                        <div class=\"row\">\r\n                            \r\n                            <div class=\"col-12 image-video-layout my-4\">\r\n                                \r\n\t\t\t\t\t        <div class=\"youtube-iframe ratio ratio-16x9\">\r\n\t\t\t\t\t            <iframe class=\"\" src=\"https:\/\/www.youtube.com\/embed\/BKu3EMjd3KQ\" frameborder=\"0\" allow=\"accelerometer; autoplay; encrypted-media; gyroscope; picture-in-picture\" allowfullscreen><\/iframe>\r\n\t\t\t\t\t        <\/div>\r\n                            <\/div>\r\n                        <\/div>\r\n                    <\/div>                            \r\n                <\/div>\r\n            <\/section>\n\n\r\n        <style>\r\n             .showcase-section-block-69e737a793049 {\r\n                background-image: url(https:\/\/www.mucivi.ch\/wp-content\/uploads\/2025\/06\/schreyer-1701686-2560x3197-1-scaled.jpg);\r\n                background-attachment: fixed;\r\n                background-size: cover;  \r\n                background-repeat: no-repeat; \r\n                background-position: center center;\r\n                overflow: hidden;\r\n                color:  var(--mucivi-white);\r\n            }\r\n\r\n            @media (max-width: 1024px) {\r\n                 .showcase-section-block-69e737a793049 {\r\n                    background-attachment: scroll;\r\n                }\r\n            }\r\n        <\/style><section class=\"showcase-section-block showcase-section-block-69e737a793049\">   \r\n\t\t\t\t\t\t\t\t        <div class=\"container showcase-section-container showcase-section-banner\">\r\n\t\t\t\t\t\t\t\t                 \r\n\t\t\t\t\t\t\t\t                    <div class=\"showcase-overlay\"><\/div>\r\n\t\t\t\t\t\t\t\t                <div class=\"showcase-section d-flex flex-column align-items-center justify-content-evenly text-center\">\r\n\t\t\t\t\t            <div class=\"showcase-content\">\r\n\t\t\t\t\t\t\t\t\t<h2 class=\"showcase-title\">Die Dauerausstellung entdecken<\/h2>\r\n\t\t\t\t\t                <p class=\"showcase-description\"><\/p>\r\n\t\t\t\t\t                  <div class=\"showcase-section-button\">\r\n\t\t\t\t\t                    <a class=\"btn-full btn-full-secondary\" href=\"\/de\/ausstellungen\/\">\r\n\t                            Die Dauerausstellung entdecken\r\n\t                          <\/a>\r\n\t\t\t\t\t                  <\/div>\r\n\t\t\t\t\t            <\/div>\r\n\t\t\t\t\t        <\/div>\r\n\t\t\t\t\t\t\t\t        <\/div>\r\n\t\t\t\t\t\t\t\t    <\/section>","protected":false},"excerpt":{"rendered":"","protected":false},"author":1,"featured_media":0,"parent":0,"menu_order":0,"comment_status":"closed","ping_status":"closed","template":"","meta":{"footnotes":""},"class_list":["post-5717","page","type-page","status-publish","hentry"],"yoast_head":"<!-- This site is optimized with the Yoast SEO plugin v27.2 - https:\/\/yoast.com\/product\/yoast-seo-wordpress\/ -->\n<title>Geschichte - MUCIVI - Mus\u00e9e des civilisations de l\u2019Islam<\/title>\n<meta name=\"robots\" content=\"index, follow, max-snippet:-1, max-image-preview:large, max-video-preview:-1\" \/>\n<link rel=\"canonical\" href=\"https:\/\/www.mucivi.ch\/de\/geschichte\/\" \/>\n<meta property=\"og:locale\" content=\"de_DE\" \/>\n<meta property=\"og:type\" content=\"article\" \/>\n<meta property=\"og:title\" content=\"Geschichte - MUCIVI - Mus\u00e9e des civilisations de l\u2019Islam\" \/>\n<meta property=\"og:url\" content=\"https:\/\/www.mucivi.ch\/de\/geschichte\/\" \/>\n<meta property=\"og:site_name\" content=\"MUCIVI - Mus\u00e9e des civilisations de l\u2019Islam\" \/>\n<meta property=\"article:publisher\" content=\"https:\/\/www.facebook.com\/mucivi\/\" \/>\n<meta property=\"article:modified_time\" content=\"2025-07-12T20:53:27+00:00\" \/>\n<meta property=\"og:image\" content=\"https:\/\/www.mucivi.ch\/wp-content\/uploads\/2025\/05\/480795629_651358377467373_1464767840871238280_n.jpg\" \/>\n\t<meta property=\"og:image:width\" content=\"695\" \/>\n\t<meta property=\"og:image:height\" content=\"329\" \/>\n\t<meta property=\"og:image:type\" content=\"image\/jpeg\" \/>\n<meta name=\"twitter:card\" content=\"summary_large_image\" \/>\n<meta name=\"twitter:site\" content=\"@muciviicms\" \/>\n<meta name=\"twitter:label1\" content=\"Gesch\u00e4tzte Lesezeit\" \/>\n\t<meta name=\"twitter:data1\" content=\"1\u00a0Minute\" \/>\n<script type=\"application\/ld+json\" class=\"yoast-schema-graph\">{\"@context\":\"https:\/\/schema.org\",\"@graph\":[{\"@type\":\"WebPage\",\"@id\":\"https:\/\/www.mucivi.ch\/de\/geschichte\/\",\"url\":\"https:\/\/www.mucivi.ch\/de\/geschichte\/\",\"name\":\"Geschichte - MUCIVI - Mus\u00e9e des civilisations de l\u2019Islam\",\"isPartOf\":{\"@id\":\"https:\/\/www.mucivi.ch\/de\/#website\"},\"datePublished\":\"2025-06-02T15:05:16+00:00\",\"dateModified\":\"2025-07-12T20:53:27+00:00\",\"breadcrumb\":{\"@id\":\"https:\/\/www.mucivi.ch\/de\/geschichte\/#breadcrumb\"},\"inLanguage\":\"de\",\"potentialAction\":[{\"@type\":\"ReadAction\",\"target\":[\"https:\/\/www.mucivi.ch\/de\/geschichte\/\"]}]},{\"@type\":\"BreadcrumbList\",\"@id\":\"https:\/\/www.mucivi.ch\/de\/geschichte\/#breadcrumb\",\"itemListElement\":[{\"@type\":\"ListItem\",\"position\":1,\"name\":\"Home\",\"item\":\"https:\/\/www.mucivi.ch\/de\/\"},{\"@type\":\"ListItem\",\"position\":2,\"name\":\"Geschichte\"}]},{\"@type\":\"WebSite\",\"@id\":\"https:\/\/www.mucivi.ch\/de\/#website\",\"url\":\"https:\/\/www.mucivi.ch\/de\/\",\"name\":\"MUCIVI - Mus\u00e9e des civilisations de l\u2019Islam\",\"description\":\"\",\"publisher\":{\"@id\":\"https:\/\/www.mucivi.ch\/de\/#organization\"},\"potentialAction\":[{\"@type\":\"SearchAction\",\"target\":{\"@type\":\"EntryPoint\",\"urlTemplate\":\"https:\/\/www.mucivi.ch\/de\/?s={search_term_string}\"},\"query-input\":{\"@type\":\"PropertyValueSpecification\",\"valueRequired\":true,\"valueName\":\"search_term_string\"}}],\"inLanguage\":\"de\"},{\"@type\":\"Organization\",\"@id\":\"https:\/\/www.mucivi.ch\/de\/#organization\",\"name\":\"MUCIVI - Mus\u00e9e des civilisations de l\u2019Islam\",\"url\":\"https:\/\/www.mucivi.ch\/de\/\",\"logo\":{\"@type\":\"ImageObject\",\"inLanguage\":\"de\",\"@id\":\"https:\/\/www.mucivi.ch\/de\/#\/schema\/logo\/image\/\",\"url\":\"https:\/\/www.mucivi.ch\/wp-content\/uploads\/2025\/05\/480795629_651358377467373_1464767840871238280_n.jpg\",\"contentUrl\":\"https:\/\/www.mucivi.ch\/wp-content\/uploads\/2025\/05\/480795629_651358377467373_1464767840871238280_n.jpg\",\"width\":695,\"height\":329,\"caption\":\"MUCIVI - Mus\u00e9e des civilisations de l\u2019Islam\"},\"image\":{\"@id\":\"https:\/\/www.mucivi.ch\/de\/#\/schema\/logo\/image\/\"},\"sameAs\":[\"https:\/\/www.facebook.com\/mucivi\/\",\"https:\/\/x.com\/muciviicms\",\"https:\/\/www.instagram.com\/mucivi.ch\/\",\"https:\/\/www.youtube.com\/channel\/UCtLgFsJNSlqpJD0xnqa-hBw\"]}]}<\/script>\n<!-- \/ Yoast SEO plugin. -->","yoast_head_json":{"title":"Geschichte - MUCIVI - Mus\u00e9e des civilisations de l\u2019Islam","robots":{"index":"index","follow":"follow","max-snippet":"max-snippet:-1","max-image-preview":"max-image-preview:large","max-video-preview":"max-video-preview:-1"},"canonical":"https:\/\/www.mucivi.ch\/de\/geschichte\/","og_locale":"de_DE","og_type":"article","og_title":"Geschichte - MUCIVI - Mus\u00e9e des civilisations de l\u2019Islam","og_url":"https:\/\/www.mucivi.ch\/de\/geschichte\/","og_site_name":"MUCIVI - Mus\u00e9e des civilisations de l\u2019Islam","article_publisher":"https:\/\/www.facebook.com\/mucivi\/","article_modified_time":"2025-07-12T20:53:27+00:00","og_image":[{"width":695,"height":329,"url":"https:\/\/www.mucivi.ch\/wp-content\/uploads\/2025\/05\/480795629_651358377467373_1464767840871238280_n.jpg","type":"image\/jpeg"}],"twitter_card":"summary_large_image","twitter_site":"@muciviicms","twitter_misc":{"Gesch\u00e4tzte Lesezeit":"1\u00a0Minute"},"schema":{"@context":"https:\/\/schema.org","@graph":[{"@type":"WebPage","@id":"https:\/\/www.mucivi.ch\/de\/geschichte\/","url":"https:\/\/www.mucivi.ch\/de\/geschichte\/","name":"Geschichte - MUCIVI - Mus\u00e9e des civilisations de l\u2019Islam","isPartOf":{"@id":"https:\/\/www.mucivi.ch\/de\/#website"},"datePublished":"2025-06-02T15:05:16+00:00","dateModified":"2025-07-12T20:53:27+00:00","breadcrumb":{"@id":"https:\/\/www.mucivi.ch\/de\/geschichte\/#breadcrumb"},"inLanguage":"de","potentialAction":[{"@type":"ReadAction","target":["https:\/\/www.mucivi.ch\/de\/geschichte\/"]}]},{"@type":"BreadcrumbList","@id":"https:\/\/www.mucivi.ch\/de\/geschichte\/#breadcrumb","itemListElement":[{"@type":"ListItem","position":1,"name":"Home","item":"https:\/\/www.mucivi.ch\/de\/"},{"@type":"ListItem","position":2,"name":"Geschichte"}]},{"@type":"WebSite","@id":"https:\/\/www.mucivi.ch\/de\/#website","url":"https:\/\/www.mucivi.ch\/de\/","name":"MUCIVI - Mus\u00e9e des civilisations de l\u2019Islam","description":"","publisher":{"@id":"https:\/\/www.mucivi.ch\/de\/#organization"},"potentialAction":[{"@type":"SearchAction","target":{"@type":"EntryPoint","urlTemplate":"https:\/\/www.mucivi.ch\/de\/?s={search_term_string}"},"query-input":{"@type":"PropertyValueSpecification","valueRequired":true,"valueName":"search_term_string"}}],"inLanguage":"de"},{"@type":"Organization","@id":"https:\/\/www.mucivi.ch\/de\/#organization","name":"MUCIVI - Mus\u00e9e des civilisations de l\u2019Islam","url":"https:\/\/www.mucivi.ch\/de\/","logo":{"@type":"ImageObject","inLanguage":"de","@id":"https:\/\/www.mucivi.ch\/de\/#\/schema\/logo\/image\/","url":"https:\/\/www.mucivi.ch\/wp-content\/uploads\/2025\/05\/480795629_651358377467373_1464767840871238280_n.jpg","contentUrl":"https:\/\/www.mucivi.ch\/wp-content\/uploads\/2025\/05\/480795629_651358377467373_1464767840871238280_n.jpg","width":695,"height":329,"caption":"MUCIVI - Mus\u00e9e des civilisations de l\u2019Islam"},"image":{"@id":"https:\/\/www.mucivi.ch\/de\/#\/schema\/logo\/image\/"},"sameAs":["https:\/\/www.facebook.com\/mucivi\/","https:\/\/x.com\/muciviicms","https:\/\/www.instagram.com\/mucivi.ch\/","https:\/\/www.youtube.com\/channel\/UCtLgFsJNSlqpJD0xnqa-hBw"]}]}},"_links":{"self":[{"href":"https:\/\/www.mucivi.ch\/de\/wp-json\/wp\/v2\/pages\/5717","targetHints":{"allow":["GET"]}}],"collection":[{"href":"https:\/\/www.mucivi.ch\/de\/wp-json\/wp\/v2\/pages"}],"about":[{"href":"https:\/\/www.mucivi.ch\/de\/wp-json\/wp\/v2\/types\/page"}],"author":[{"embeddable":true,"href":"https:\/\/www.mucivi.ch\/de\/wp-json\/wp\/v2\/users\/1"}],"replies":[{"embeddable":true,"href":"https:\/\/www.mucivi.ch\/de\/wp-json\/wp\/v2\/comments?post=5717"}],"version-history":[{"count":3,"href":"https:\/\/www.mucivi.ch\/de\/wp-json\/wp\/v2\/pages\/5717\/revisions"}],"predecessor-version":[{"id":5769,"href":"https:\/\/www.mucivi.ch\/de\/wp-json\/wp\/v2\/pages\/5717\/revisions\/5769"}],"wp:attachment":[{"href":"https:\/\/www.mucivi.ch\/de\/wp-json\/wp\/v2\/media?parent=5717"}],"curies":[{"name":"wp","href":"https:\/\/api.w.org\/{rel}","templated":true}]}}