{"id":4383,"date":"2025-06-02T14:59:48","date_gmt":"2025-06-02T14:59:48","guid":{"rendered":"https:\/\/www.mucivi.ch\/?page_id=4383"},"modified":"2025-07-11T22:04:17","modified_gmt":"2025-07-11T22:04:17","slug":"actualidad","status":"publish","type":"page","link":"https:\/\/www.mucivi.ch\/es\/actualidad\/","title":{"rendered":"Actualidad"},"content":{"rendered":"\r\n        <style>\r\n             .showcase-section-block-69e73a767d056 {\r\n                background-image: url(https:\/\/www.mucivi.ch\/wp-content\/uploads\/2025\/06\/schreyer-1701670-2560x2048-1.jpg);\r\n                background-attachment: scroll;\r\n                background-size: cover;  \r\n                background-repeat: no-repeat; \r\n                background-position: center center;\r\n                overflow: hidden;\r\n                color:  var(--mucivi-white);\r\n            }\r\n\r\n            @media (max-width: 1024px) {\r\n                 .showcase-section-block-69e73a767d056 {\r\n                    background-attachment: scroll;\r\n                }\r\n            }\r\n        <\/style><section class=\"showcase-section-block showcase-section-block-69e73a767d056\">   \r\n\t\t\t\t\t\t\t\t        <div class=\"container showcase-section-container showcase-section-banner\">\r\n\t\t\t\t\t\t\t\t                 <div class=\"showcase-overlay-picture\"><\/div>\r\n\t\t\t\t\t\t\t\t                    <div class=\"showcase-overlay\"><\/div>\r\n\t\t\t\t\t\t\t\t                <div class=\"showcase-section d-flex flex-column align-items-start justify-content-evenly text-start\">\r\n\t\t\t\t\t            <div class=\"showcase-content\">\r\n\t\t\t\t\t\t\t\t\t<h1 class=\"showcase-title\">Actualidad<\/h1>\r\n\t\t\t\t\t                <p class=\"showcase-description\"><\/p>\r\n\t\t\t\t\t                  <div class=\"showcase-section-button\">\r\n\t\t\t\t\t                    \r\n\t\t\t\t\t                  <\/div>\r\n\t\t\t\t\t            <\/div>\r\n\t\t\t\t\t        <\/div>\r\n\t\t\t\t\t\t\t\t        <\/div>\r\n\t\t\t\t\t\t\t\t    <\/section>\n\n\r\n\t\t            <section class=\"announcements-block bg-color-white\" id=\"announcements_69e73a767d49a\">\r\n\t\t                <div class=\"container d-flex flex-column flex-lg-row\">\r\n\t\t                    <div class=\"col-12 col-lg-9\">\r\n\t\t                        \r\n\t\t\t\t\t\t                <div class=\"announcement-item py-5\">\r\n\t\t\t\t\t\t                    \r\n\t\t\t\t\t\t                    <h2 class=\"text-color-black\"> Conferencia del se\u00f1or Pierre Coullet<\/h2>\r\n\t\t\t\t\t\t                    \r\n\t\t\t\t\t\t                    <div class=\"my-3\"><p>Viernes 28 de febrero de 2020 a las 18:00<br \/>\n\u00abLa luz en tierra de Islam\u00bb<\/p>\n<\/div>\r\n\t\t\t\t\t\t                    <div class=\"mt-4\">\r\n\t\t\t\t\t\t\t\t\t\t\t\t\t\t\t<a href=\"\/wp-content\/uploads\/2025\/06\/conference-pierre-couletv2.pdf\" target=\"_blank\" class=\"btn-full btn-full-primary\">Descargar el PDF<\/a>\r\n\t\t\t\t\t\t\t\t\t\t\t\t\t <\/div>\r\n\t\t\t\t\t\t                <\/div>\r\n\t\t\t\t\t\t                <div class=\"announcement-item py-5\">\r\n\t\t\t\t\t\t                    \r\n\t\t\t\t\t\t                    <h2 class=\"text-color-black\">Conferencia del se\u00f1or Majed Chergui<\/h2>\r\n\t\t\t\t\t\t                    \r\n\t\t\t\t\t\t                    <div class=\"my-3\"><p>Viernes 4 de octubre de 2019 a las 18:30<br \/>\n\u00abLa \u00f3ptica y el nacimiento del m\u00e9todo experimental\u00bb<\/p>\n<\/div>\r\n\t\t\t\t\t\t                    <div class=\"mt-4\">\r\n\t\t\t\t\t\t\t\t\t\t\t\t\t\t\t<a href=\"\/wp-content\/uploads\/2025\/06\/photo-2019-09-05-16-45-38.jpg\" target=\"_blank\" class=\"btn-full btn-full-primary\">Descargar el PDF<\/a>\r\n\t\t\t\t\t\t\t\t\t\t\t\t\t <\/div>\r\n\t\t\t\t\t\t                <\/div>\r\n\t\t\t\t\t\t                <div class=\"announcement-item py-5\">\r\n\t\t\t\t\t\t                    \r\n\t\t\t\t\t\t                    <h2 class=\"text-color-black\">Conferencia del se\u00f1or Denis Savoie, con motivo del tercer aniversario del MUCIVI<\/h2>\r\n\t\t\t\t\t\t                    \r\n\t\t\t\t\t\t                    <div class=\"my-3\"><p>Viernes 24 de mayo de 2019 a las 18:30<br \/>\n\u00abLa aportaci\u00f3n del mundo \u00e1rabo-musulm\u00e1n medieval en el \u00e1mbito de la astronom\u00eda. Astrolabios y relojes de sol\u00bb<\/p>\n<\/div>\r\n\t\t\t\t\t\t                    <div class=\"mt-4\">\r\n\t\t\t\t\t\t\t\t\t\t\t\t\t\t\t<a href=\"\/wp-content\/uploads\/2025\/06\/denis-savoie-1.png\" target=\"_blank\" class=\"btn-full btn-full-primary\">Descargar el PDF<\/a>\r\n\t\t\t\t\t\t\t\t\t\t\t\t\t <\/div>\r\n\t\t\t\t\t\t                <\/div>\r\n\t\t\t\t\t\t                <div class=\"announcement-item py-5\">\r\n\t\t\t\t\t\t                    \r\n\t\t\t\t\t\t                    <h2 class=\"text-color-black\">Noche y D\u00eda de los museos de Neuch\u00e2tel 2019<\/h2>\r\n\t\t\t\t\t\t                    \r\n\t\t\t\t\t\t                    <div class=\"my-3\"><p>S\u00e1bado 18 de mayo de 2019, desde las 18:00<br \/>\n\u00abRevelaciones: cuando la luz ahuyenta las tinieblas\u00bb<br \/>\nDomingo 19 de mayo de 2019, desde las 12:00<br \/>\n\u00abReinvenciones: alimentar el futuro con el pasado y el presente\u00bb<\/p>\n<\/div>\r\n\t\t\t\t\t\t                    <div class=\"mt-4\">\r\n\t\t\t\t\t\t\t\t\t\t\t\t\t\t\t<a href=\"\/wp-content\/uploads\/2025\/06\/ne-ndm-jdm19-final.pdf\" target=\"_self\" class=\"btn-full btn-full-primary\">Descargar el PDF<\/a>\r\n\t\t\t\t\t\t\t\t\t\t\t\t\t <\/div>\r\n\t\t\t\t\t\t                <\/div>\r\n\t\t\t\t\t\t                <div class=\"announcement-item py-5\">\r\n\t\t\t\t\t\t                    \r\n\t\t\t\t\t\t                    <h2 class=\"text-color-black\">Conferencia del se\u00f1or Azzedine Boudrioua en la Universidad de Ginebra (UniMail)<\/h2>\r\n\t\t\t\t\t\t                    \r\n\t\t\t\t\t\t                    <div class=\"my-3\"><p>Viernes 3 de mayo de 2019 a las 18:30 \u2013 Unimail, sala MR070<br \/>\n\u00abLa tradici\u00f3n cient\u00edfica \u00e1rabe de la \u00e9poca medieval: ejemplo de las ciencias de la luz\u00bb<br \/>\nColaboraci\u00f3n entre el MUCIVI y la Asociaci\u00f3n Musulmana de Estudiantes de la Universidad de Ginebra<\/p>\n<\/div>\r\n\t\t\t\t\t\t                    <div class=\"mt-4\">\r\n\t\t\t\t\t\t\t\t\t\t\t\t\t\t\t<a href=\"\/wp-content\/uploads\/2025\/06\/conf-aboudrioua-pdf.pdf\" target=\"_self\" class=\"btn-full btn-full-primary\">Descargar el PDF<\/a>\r\n\t\t\t\t\t\t\t\t\t\t\t\t\t <\/div>\r\n\t\t\t\t\t\t                <\/div>\r\n\t\t\t\t\t\t                <div class=\"announcement-item py-5\">\r\n\t\t\t\t\t\t                    \r\n\t\t\t\t\t\t                    <h2 class=\"text-color-black\">Conferencia del se\u00f1or Azzedine Boudrioua<\/h2>\r\n\t\t\t\t\t\t                    \r\n\t\t\t\t\t\t                    <div class=\"my-3\"><p>Viernes 25 de enero de 2019 a las 18:30<br \/>\n\u00abLa tradici\u00f3n cient\u00edfica \u00e1rabe del per\u00edodo medieval: ejemplo de las ciencias de la luz\u00bb<\/p>\n<\/div>\r\n\t\t\t\t\t\t                    <div class=\"mt-4\">\r\n\t\t\t\t\t\t\t\t\t\t\t\t\t\t\t<a href=\"\/wp-content\/uploads\/2025\/06\/azzedine-boudrioua-1.png\" target=\"_self\" class=\"btn-full btn-full-primary\">Descargar el PDF<\/a>\r\n\t\t\t\t\t\t\t\t\t\t\t\t\t <\/div>\r\n\t\t\t\t\t\t                <\/div>\r\n\t\t\t\t\t\t                <div class=\"announcement-item py-5\">\r\n\t\t\t\t\t\t                    \r\n\t\t\t\t\t\t                    <h2 class=\"text-color-black\">Ciclo de conferencias 2018\/2019<\/h2>\r\n\t\t\t\t\t\t                    \r\n\t\t\t\t\t\t                    <div class=\"my-3\"><p>Conferencia del se\u00f1or Roger Bruyeron<br \/>\nViernes 21 de septiembre de 2018 a las 18:30<br \/>\n\u00abActualidad de la controversia medieval sobre la eternidad del mundo\u00bb<\/p>\n<\/div>\r\n\t\t\t\t\t\t                    <div class=\"mt-4\">\r\n\t\t\t\t\t\t\t\t\t\t\t\t\t\t\t<a href=\"\/wp-content\/uploads\/2025\/06\/compte-rendu-de-la-conference-de-monsieur-roger-bruyeron.docx\" target=\"_blank\" class=\"btn-full btn-full-primary\">Descargar el acta de la conferencia<\/a>\r\n\t\t\t\t\t\t\t\t\t\t\t\t\t <\/div>\r\n\t\t\t\t\t\t                <\/div>\r\n\t\t\t\t\t\t                <div class=\"announcement-item py-5\">\r\n\t\t\t\t\t\t                    \r\n\t\t\t\t\t\t                    <h2 class=\"text-color-black\">Conferencia del se\u00f1or Azzedine Boudrioua<\/h2>\r\n\t\t\t\t\t\t                    \r\n\t\t\t\t\t\t                    <div class=\"my-3\"><p>Viernes 25 de enero de 2019 a las 18:30<br \/>\nConferencia del se\u00f1or Denis Savoie<br \/>\nViernes 24 de mayo de 2019 a las 18:30<\/p>\n<\/div>\r\n\t\t\t\t\t\t                    <div class=\"mt-4\">\r\n\t\t\t\t\t\t\t\t\t\t\t\t\t\t\t<a href=\"\/wp-content\/uploads\/2025\/06\/conference-2018-19.pdf\" target=\"_self\" class=\"btn-full btn-full-primary\">Descargar el PDF<\/a>\r\n\t\t\t\t\t\t\t\t\t\t\t\t\t <\/div>\r\n\t\t\t\t\t\t                <\/div>\r\n\t\t\t\t\t\t                <div class=\"announcement-item py-5\">\r\n\t\t\t\t\t\t                    \r\n\t\t\t\t\t\t                    <h2 class=\"text-color-black\"> Con motivo del 2.\u00ba aniversario del Mucivi<\/h2>\r\n\t\t\t\t\t\t                    \r\n\t\t\t\t\t\t                    <div class=\"my-3\"><p>Conferencia del se\u00f1or Ali Benmakhlouf<br \/>\nDomingo 27 de mayo de 2018 a las 18:30<br \/>\n\u00abL\u00f3gica y medicina en los fil\u00f3sofos \u00e1rabes\u00bb<\/p>\n<\/div>\r\n\t\t\t\t\t\t                    <div class=\"mt-4\">\r\n\t\t\t\t\t\t\t\t\t\t\t\t\t\t\t<a href=\"\/wp-content\/uploads\/2025\/06\/2e-anniversaire-mucivi.pdf\" target=\"_self\" class=\"btn-full btn-full-primary\">Descargar el PDF<\/a>\r\n\t\t\t\t\t\t\t\t\t\t\t\t\t <\/div>\r\n\t\t\t\t\t\t                <\/div>\r\n\t\t\t\t\t\t                <div class=\"announcement-item py-5\">\r\n\t\t\t\t\t\t                    \r\n\t\t\t\t\t\t                    <h2 class=\"text-color-black\">Noche y D\u00eda de los museos de Neuch\u00e2tel<\/h2>\r\n\t\t\t\t\t\t                    \r\n\t\t\t\t\t\t                    <div class=\"my-3\"><p>S\u00e1bado 12 de mayo de 2018, desde las 18:00<br \/>\n\u00abLo oscuro: de una concepci\u00f3n del mundo a otra\u00bb<br \/>\nDomingo 13 de mayo de 2018, desde las 10:00<br \/>\n\u00abLa tradici\u00f3n de los saberes cient\u00edficos\u00bb<\/p>\n<\/div>\r\n\t\t\t\t\t\t                    <div class=\"mt-4\">\r\n\t\t\t\t\t\t\t\t\t\t\t\t\t\t\t<a href=\"\/wp-content\/uploads\/2025\/06\/1d7c1a_b3335273a075404eb5d74453cfbee56b.pdf\" target=\"_self\" class=\"btn-full btn-full-primary\">Descargar el PDF<\/a>\r\n\t\t\t\t\t\t\t\t\t\t\t\t\t <\/div>\r\n\t\t\t\t\t\t                <\/div>\r\n\t\t\t\t\t\t                <div class=\"announcement-item py-5\">\r\n\t\t\t\t\t\t                    \r\n\t\t\t\t\t\t                    <h2 class=\"text-color-black\">Conferencia del se\u00f1or Pierre Frantz<\/h2>\r\n\t\t\t\t\t\t                    \r\n\t\t\t\t\t\t                    <div class=\"my-3\"><p>Viernes 26 de enero de 2018 a las 18:30<br \/>\n\u00abVoltaire e Islam: en torno a la figura de Mahoma\u00bb<\/p>\n<\/div>\r\n\t\t\t\t\t\t                    <div class=\"mt-4\">\r\n\t\t\t\t\t\t\t\t\t\t\t\t\t\t\t<a href=\"\/wp-content\/uploads\/2025\/06\/conf-pf-final.pdf\" target=\"_self\" class=\"btn-full btn-full-primary\">Descargar el PDF<\/a>\r\n\t\t\t\t\t\t\t\t\t\t\t\t\t <\/div>\r\n\t\t\t\t\t\t                <\/div>\r\n\t\t\t\t\t\t                <div class=\"announcement-item py-5\">\r\n\t\t\t\t\t\t                    \r\n\t\t\t\t\t\t                    <h2 class=\"text-color-black\">Acta de la conferencia del se\u00f1or Roger Bruyeron del viernes 27 de mayo de 2017.<\/h2>\r\n\t\t\t\t\t\t                    \r\n\t\t\t\t\t\t                    <div class=\"my-3\"><p> La influencia del pensamiento \u00e1rabo-musulm\u00e1n en el desarrollo intelectual del Occidente medieval<\/p>\n<\/div>\r\n\t\t\t\t\t\t                    <div class=\"mt-4\">\r\n\t\t\t\t\t\t\t\t\t\t\t\t\t\t\t<a href=\"\/wp-content\/uploads\/2025\/06\/compte-rendu-de-la-conference-de-monsieur-roger-bruyeron.pdf\" target=\"_self\" class=\"btn-full btn-full-primary\">Descargar el PDF<\/a>\r\n\t\t\t\t\t\t\t\t\t\t\t\t\t <\/div>\r\n\t\t\t\t\t\t                <\/div>\r\n\t\t\t\t\t\t                <div class=\"announcement-item py-5\">\r\n\t\t\t\t\t\t                    \r\n\t\t\t\t\t\t                    <h2 class=\"text-color-black\">Conferencia del se\u00f1or Olivier Roy<\/h2>\r\n\t\t\t\t\t\t                    \r\n\t\t\t\t\t\t                    <div class=\"my-3\"><p>Martes, 26 de septiembre de 2017 a las 18:30<br \/>\n\u00abEn qu\u00e9 medida las tensiones actuales con el Islam obligan a los europeos a repensar la funci\u00f3n de lo religioso\u00bb<\/p>\n<\/div>\r\n\t\t\t\t\t\t                    <div class=\"mt-4\">\r\n\t\t\t\t\t\t\t\t\t\t\t\t\t\t\t<a href=\"\/wp-content\/uploads\/2025\/06\/communique-conference-olivier-roy.pdf\" target=\"_self\" class=\"btn-full btn-full-primary\">Descargar el PDF<\/a>\r\n\t\t\t\t\t\t\t\t\t\t\t\t\t <\/div>\r\n\t\t\t\t\t\t                <\/div>\r\n\t\t                    <\/div>\r\n\t\t                    <div class=\"sidebar-container col-12 col-lg-3 ps-lg-5 py-5\">\r\n\t\t                        \r\n\r\n\t\t<div class=\"sidebar-title\">\r\n\t\t   Secciones\r\n\t\t<\/div>\r\n\t\t<div class=\"sidebar-buttons mt-4\"><div class=\"sidebar-button mb-2\"><a target=\"_blank\" href=\"\/es\/actualidad\/\" class=\"sidebar-link\">Actualidad<\/a><\/div><div class=\"sidebar-button mb-2\"><a target=\"_blank\" href=\"\/es\/actualidad\/visitas-honorables\/\" class=\"sidebar-link\">Visitas honorables<\/a><\/div><div class=\"sidebar-button mb-2\"><a target=\"_blank\" href=\"\/es\/actualidad\/fotos-de-conferencias\/\" class=\"sidebar-link\">Fotos de conferencias<\/a><\/div><div class=\"sidebar-button mb-2\"><a target=\"_blank\" href=\"\/es\/actualidad\/noche-y-dia-de-los-museos\/\" class=\"sidebar-link\">Noche y D\u00eda de los Museos<\/a><\/div><\/div>\r\n\t\t                    <\/div>\r\n\t\t                <\/div>\r\n\t\t            <\/section>\n\n\n<div style=\"height:100px\" aria-hidden=\"true\" class=\"wp-block-spacer\"><\/div>\n","protected":false},"excerpt":{"rendered":"","protected":false},"author":1,"featured_media":0,"parent":0,"menu_order":0,"comment_status":"closed","ping_status":"closed","template":"","meta":{"footnotes":""},"class_list":["post-4383","page","type-page","status-publish","hentry"],"yoast_head":"<!-- This site is optimized with the Yoast SEO plugin v27.2 - https:\/\/yoast.com\/product\/yoast-seo-wordpress\/ -->\n<title>Actualidad - MUCIVI - Mus\u00e9e des civilisations de l\u2019Islam<\/title>\n<meta name=\"robots\" content=\"index, follow, max-snippet:-1, max-image-preview:large, max-video-preview:-1\" \/>\n<link rel=\"canonical\" href=\"https:\/\/www.mucivi.ch\/es\/actualidad\/\" \/>\n<meta property=\"og:locale\" content=\"es_ES\" \/>\n<meta property=\"og:type\" content=\"article\" \/>\n<meta property=\"og:title\" content=\"Actualidad - MUCIVI - Mus\u00e9e des civilisations de l\u2019Islam\" \/>\n<meta property=\"og:url\" content=\"https:\/\/www.mucivi.ch\/es\/actualidad\/\" \/>\n<meta property=\"og:site_name\" content=\"MUCIVI - Mus\u00e9e des civilisations de l\u2019Islam\" \/>\n<meta property=\"article:publisher\" content=\"https:\/\/www.facebook.com\/mucivi\/\" \/>\n<meta property=\"article:modified_time\" content=\"2025-07-11T22:04:17+00:00\" \/>\n<meta property=\"og:image\" content=\"https:\/\/www.mucivi.ch\/wp-content\/uploads\/2025\/05\/480795629_651358377467373_1464767840871238280_n.jpg\" \/>\n\t<meta property=\"og:image:width\" content=\"695\" \/>\n\t<meta property=\"og:image:height\" content=\"329\" \/>\n\t<meta property=\"og:image:type\" content=\"image\/jpeg\" \/>\n<meta name=\"twitter:card\" content=\"summary_large_image\" \/>\n<meta name=\"twitter:site\" content=\"@muciviicms\" \/>\n<script type=\"application\/ld+json\" class=\"yoast-schema-graph\">{\"@context\":\"https:\/\/schema.org\",\"@graph\":[{\"@type\":\"WebPage\",\"@id\":\"https:\/\/www.mucivi.ch\/es\/actualidad\/\",\"url\":\"https:\/\/www.mucivi.ch\/es\/actualidad\/\",\"name\":\"Actualidad - MUCIVI - Mus\u00e9e des civilisations de l\u2019Islam\",\"isPartOf\":{\"@id\":\"https:\/\/www.mucivi.ch\/es\/#website\"},\"datePublished\":\"2025-06-02T14:59:48+00:00\",\"dateModified\":\"2025-07-11T22:04:17+00:00\",\"breadcrumb\":{\"@id\":\"https:\/\/www.mucivi.ch\/es\/actualidad\/#breadcrumb\"},\"inLanguage\":\"es\",\"potentialAction\":[{\"@type\":\"ReadAction\",\"target\":[\"https:\/\/www.mucivi.ch\/es\/actualidad\/\"]}]},{\"@type\":\"BreadcrumbList\",\"@id\":\"https:\/\/www.mucivi.ch\/es\/actualidad\/#breadcrumb\",\"itemListElement\":[{\"@type\":\"ListItem\",\"position\":1,\"name\":\"Home\",\"item\":\"https:\/\/www.mucivi.ch\/es\/\"},{\"@type\":\"ListItem\",\"position\":2,\"name\":\"Actualidad\"}]},{\"@type\":\"WebSite\",\"@id\":\"https:\/\/www.mucivi.ch\/es\/#website\",\"url\":\"https:\/\/www.mucivi.ch\/es\/\",\"name\":\"MUCIVI - Mus\u00e9e des civilisations de l\u2019Islam\",\"description\":\"\",\"publisher\":{\"@id\":\"https:\/\/www.mucivi.ch\/es\/#organization\"},\"potentialAction\":[{\"@type\":\"SearchAction\",\"target\":{\"@type\":\"EntryPoint\",\"urlTemplate\":\"https:\/\/www.mucivi.ch\/es\/?s={search_term_string}\"},\"query-input\":{\"@type\":\"PropertyValueSpecification\",\"valueRequired\":true,\"valueName\":\"search_term_string\"}}],\"inLanguage\":\"es\"},{\"@type\":\"Organization\",\"@id\":\"https:\/\/www.mucivi.ch\/es\/#organization\",\"name\":\"MUCIVI - Mus\u00e9e des civilisations de l\u2019Islam\",\"url\":\"https:\/\/www.mucivi.ch\/es\/\",\"logo\":{\"@type\":\"ImageObject\",\"inLanguage\":\"es\",\"@id\":\"https:\/\/www.mucivi.ch\/es\/#\/schema\/logo\/image\/\",\"url\":\"https:\/\/www.mucivi.ch\/wp-content\/uploads\/2025\/05\/480795629_651358377467373_1464767840871238280_n.jpg\",\"contentUrl\":\"https:\/\/www.mucivi.ch\/wp-content\/uploads\/2025\/05\/480795629_651358377467373_1464767840871238280_n.jpg\",\"width\":695,\"height\":329,\"caption\":\"MUCIVI - Mus\u00e9e des civilisations de l\u2019Islam\"},\"image\":{\"@id\":\"https:\/\/www.mucivi.ch\/es\/#\/schema\/logo\/image\/\"},\"sameAs\":[\"https:\/\/www.facebook.com\/mucivi\/\",\"https:\/\/x.com\/muciviicms\",\"https:\/\/www.instagram.com\/mucivi.ch\/\",\"https:\/\/www.youtube.com\/channel\/UCtLgFsJNSlqpJD0xnqa-hBw\"]}]}<\/script>\n<!-- \/ Yoast SEO plugin. -->","yoast_head_json":{"title":"Actualidad - MUCIVI - Mus\u00e9e des civilisations de l\u2019Islam","robots":{"index":"index","follow":"follow","max-snippet":"max-snippet:-1","max-image-preview":"max-image-preview:large","max-video-preview":"max-video-preview:-1"},"canonical":"https:\/\/www.mucivi.ch\/es\/actualidad\/","og_locale":"es_ES","og_type":"article","og_title":"Actualidad - MUCIVI - Mus\u00e9e des civilisations de l\u2019Islam","og_url":"https:\/\/www.mucivi.ch\/es\/actualidad\/","og_site_name":"MUCIVI - Mus\u00e9e des civilisations de l\u2019Islam","article_publisher":"https:\/\/www.facebook.com\/mucivi\/","article_modified_time":"2025-07-11T22:04:17+00:00","og_image":[{"width":695,"height":329,"url":"https:\/\/www.mucivi.ch\/wp-content\/uploads\/2025\/05\/480795629_651358377467373_1464767840871238280_n.jpg","type":"image\/jpeg"}],"twitter_card":"summary_large_image","twitter_site":"@muciviicms","schema":{"@context":"https:\/\/schema.org","@graph":[{"@type":"WebPage","@id":"https:\/\/www.mucivi.ch\/es\/actualidad\/","url":"https:\/\/www.mucivi.ch\/es\/actualidad\/","name":"Actualidad - MUCIVI - Mus\u00e9e des civilisations de l\u2019Islam","isPartOf":{"@id":"https:\/\/www.mucivi.ch\/es\/#website"},"datePublished":"2025-06-02T14:59:48+00:00","dateModified":"2025-07-11T22:04:17+00:00","breadcrumb":{"@id":"https:\/\/www.mucivi.ch\/es\/actualidad\/#breadcrumb"},"inLanguage":"es","potentialAction":[{"@type":"ReadAction","target":["https:\/\/www.mucivi.ch\/es\/actualidad\/"]}]},{"@type":"BreadcrumbList","@id":"https:\/\/www.mucivi.ch\/es\/actualidad\/#breadcrumb","itemListElement":[{"@type":"ListItem","position":1,"name":"Home","item":"https:\/\/www.mucivi.ch\/es\/"},{"@type":"ListItem","position":2,"name":"Actualidad"}]},{"@type":"WebSite","@id":"https:\/\/www.mucivi.ch\/es\/#website","url":"https:\/\/www.mucivi.ch\/es\/","name":"MUCIVI - Mus\u00e9e des civilisations de l\u2019Islam","description":"","publisher":{"@id":"https:\/\/www.mucivi.ch\/es\/#organization"},"potentialAction":[{"@type":"SearchAction","target":{"@type":"EntryPoint","urlTemplate":"https:\/\/www.mucivi.ch\/es\/?s={search_term_string}"},"query-input":{"@type":"PropertyValueSpecification","valueRequired":true,"valueName":"search_term_string"}}],"inLanguage":"es"},{"@type":"Organization","@id":"https:\/\/www.mucivi.ch\/es\/#organization","name":"MUCIVI - Mus\u00e9e des civilisations de l\u2019Islam","url":"https:\/\/www.mucivi.ch\/es\/","logo":{"@type":"ImageObject","inLanguage":"es","@id":"https:\/\/www.mucivi.ch\/es\/#\/schema\/logo\/image\/","url":"https:\/\/www.mucivi.ch\/wp-content\/uploads\/2025\/05\/480795629_651358377467373_1464767840871238280_n.jpg","contentUrl":"https:\/\/www.mucivi.ch\/wp-content\/uploads\/2025\/05\/480795629_651358377467373_1464767840871238280_n.jpg","width":695,"height":329,"caption":"MUCIVI - Mus\u00e9e des civilisations de l\u2019Islam"},"image":{"@id":"https:\/\/www.mucivi.ch\/es\/#\/schema\/logo\/image\/"},"sameAs":["https:\/\/www.facebook.com\/mucivi\/","https:\/\/x.com\/muciviicms","https:\/\/www.instagram.com\/mucivi.ch\/","https:\/\/www.youtube.com\/channel\/UCtLgFsJNSlqpJD0xnqa-hBw"]}]}},"_links":{"self":[{"href":"https:\/\/www.mucivi.ch\/es\/wp-json\/wp\/v2\/pages\/4383","targetHints":{"allow":["GET"]}}],"collection":[{"href":"https:\/\/www.mucivi.ch\/es\/wp-json\/wp\/v2\/pages"}],"about":[{"href":"https:\/\/www.mucivi.ch\/es\/wp-json\/wp\/v2\/types\/page"}],"author":[{"embeddable":true,"href":"https:\/\/www.mucivi.ch\/es\/wp-json\/wp\/v2\/users\/1"}],"replies":[{"embeddable":true,"href":"https:\/\/www.mucivi.ch\/es\/wp-json\/wp\/v2\/comments?post=4383"}],"version-history":[{"count":1,"href":"https:\/\/www.mucivi.ch\/es\/wp-json\/wp\/v2\/pages\/4383\/revisions"}],"predecessor-version":[{"id":4387,"href":"https:\/\/www.mucivi.ch\/es\/wp-json\/wp\/v2\/pages\/4383\/revisions\/4387"}],"wp:attachment":[{"href":"https:\/\/www.mucivi.ch\/es\/wp-json\/wp\/v2\/media?parent=4383"}],"curies":[{"name":"wp","href":"https:\/\/api.w.org\/{rel}","templated":true}]}}