{"id":5451,"date":"2025-06-02T15:03:01","date_gmt":"2025-06-02T15:03:01","guid":{"rendered":"https:\/\/www.mucivi.ch\/?page_id=5451"},"modified":"2025-07-12T18:12:13","modified_gmt":"2025-07-12T18:12:13","slug":"espacio-de-ignorancias","status":"publish","type":"page","link":"https:\/\/www.mucivi.ch\/es\/exposiciones\/espacio-de-ignorancias\/","title":{"rendered":"Espacio de ignorancias"},"content":{"rendered":"\r\n        <style>\r\n             .showcase-section-block-69e75f0c92092 {\r\n                background-image: url(https:\/\/www.mucivi.ch\/wp-content\/uploads\/2025\/06\/schreyer-1701672-2560x1704-1.jpg);\r\n                background-attachment: scroll;\r\n                background-size: cover;  \r\n                background-repeat: no-repeat; \r\n                background-position: center center;\r\n                overflow: hidden;\r\n                color:  var(--mucivi-white);\r\n            }\r\n\r\n            @media (max-width: 1024px) {\r\n                 .showcase-section-block-69e75f0c92092 {\r\n                    background-attachment: scroll;\r\n                }\r\n            }\r\n        <\/style><section class=\"showcase-section-block showcase-section-block-69e75f0c92092\">   \r\n\t\t\t\t\t\t\t\t        <div class=\"container showcase-section-container showcase-section-banner\">\r\n\t\t\t\t\t\t\t\t                 <div class=\"showcase-overlay-picture\"><\/div>\r\n\t\t\t\t\t\t\t\t                    <div class=\"showcase-overlay\"><\/div>\r\n\t\t\t\t\t\t\t\t                <div class=\"showcase-section d-flex flex-column align-items-center justify-content-evenly text-center\">\r\n\t\t\t\t\t            <div class=\"showcase-content\">\r\n\t\t\t\t\t\t\t\t\t<h1 class=\"showcase-title\">Espacio de ignorancias<\/h1>\r\n\t\t\t\t\t                <p class=\"showcase-description\"><\/p>\r\n\t\t\t\t\t                  <div class=\"showcase-section-button\">\r\n\t\t\t\t\t                    \r\n\t\t\t\t\t                  <\/div>\r\n\t\t\t\t\t            <\/div>\r\n\t\t\t\t\t        <\/div>\r\n\t\t\t\t\t\t\t\t        <\/div>\r\n\t\t\t\t\t\t\t\t    <\/section>\n\n\n<div style=\"height:100px\" aria-hidden=\"true\" class=\"wp-block-spacer\"><\/div>\n\n\n\r\n\t\t\r\n\t\t<section id=\"\" class=\"text-block  space-bottom-yes space-top-no text-block-id-69e75f0c921ca bg-color-white text-color-black\">\r\n                    <div class=\"container d-flex flex-column flex-lg-row \">\r\n                        <div class=\"col-12 col-lg-9\">\r\n\t                        \r\n\t                        \r\n\t                        <div class=\"row text\">\r\n                    <div class=\"col\">\r\n                        <div class=\"textBlock-text text-block-html \" style=\"margin-top: 0px; \">\r\n                            <p class=\"wp-block-gn-text-block\"><img loading=\"lazy\" decoding=\"async\" width=\"150\" height=\"150\" src=\"https:\/\/www.mucivi.ch\/wp-content\/uploads\/2025\/06\/1-white.png\">Apenas entra en la primera sala de la exposici\u00f3n de referencia, el visitante, sumido en la oscuridad, percibe la atm\u00f3sfera. Su visita transcurrir\u00e1 bajo el signo no solo del descubrimiento, sino tambi\u00e9n del cuestionamiento y la reflexi\u00f3n. Porque si bien la ignorancia designa, para los musulmanes, un periodo hist\u00f3rico espec\u00edfico \u2014el que precede a la revelaci\u00f3n recibida por Mahoma\u2014 aqu\u00ed es, sobre todo, una invitaci\u00f3n a mirar hacia el interior\u2026<\/p>\n\r\n                        <\/div>\r\n                    <\/div>                                        \r\n                <\/div>\r\n                        <\/div>\r\n                       <div class=\"sidebar-container col-12 col-lg-3 ps-lg-5\">\r\n                        \t\r\n\r\n\t\t<div class=\"sidebar-title\">\r\n\t\t   Espaces d\u2019exposition\r\n\t\t<\/div>\r\n\t\t<div class=\"sidebar-buttons mt-4\"><div class=\"sidebar-button mb-2\"><a target=\"_blank\" href=\"\/es\/exposiciones\/espacio-de-ignorancias\/\" class=\"sidebar-link\">Ignorancias<\/a><\/div><div class=\"sidebar-button mb-2\"><a target=\"_blank\" href=\"\/es\/exposiciones\/espacio-de-revelaciones\/\" class=\"sidebar-link\">Revelaciones<\/a><\/div><div class=\"sidebar-button mb-2\"><a target=\"_blank\" href=\"\/es\/exposiciones\/espacio-de-interpretaciones\/\" class=\"sidebar-link\">Interpretaciones<\/a><\/div><div class=\"sidebar-button mb-2\"><a target=\"_blank\" href=\"\/es\/exposiciones\/espacio-de-irradiaciones\/\" class=\"sidebar-link\">Radiaciones<\/a><\/div><div class=\"sidebar-button mb-2\"><a target=\"_blank\" href=\"\/es\/exposiciones\/espacio-agonias\/\" class=\"sidebar-link\">Agon\u00edas<\/a><\/div><div class=\"sidebar-button mb-2\"><a target=\"_blank\" href=\"\/es\/exposiciones\/espacio-de-reinvenciones\/\" class=\"sidebar-link\">Reinvenciones<\/a><\/div><\/div>\r\n                        <\/div>\r\n                        \r\n            <\/section>\n\n<section class=\"image-gallery-block bg-color-white\">\r\n\t\t\t        <div class=\"owl-carousel-slider \">\r\n\t\t\t\t\t            <div class=\"owl-carousel slider-carousel\">\r\n\t\t\t\t\t                <div>\r\n\t\t\t\t\t\t\t\t            <a href=\"https:\/\/www.mucivi.ch\/wp-content\/uploads\/2025\/06\/schreyer-1701761-1920x1278-1.jpg\" data-fancybox=\"gallery_69e75f0c924c5\" data-caption=\"Ubicaci\u00f3n: Museo de las Civilizaciones del Islam MUCIVI \u2013 La Chaux-de-Fonds \u2013 Neuch\u00e2tel \u2013 Suiza \/ Derechos de uso exclusivamente para MUCIVI\">\r\n\t\t\t\t\t\t\t\t                <img decoding=\"async\" src=\"https:\/\/www.mucivi.ch\/wp-content\/uploads\/2025\/06\/schreyer-1701761-1920x1278-1.jpg\" alt=\"Ubicaci\u00f3n: Museo de las Civilizaciones del Islam MUCIVI \u2013 La Chaux-de-Fonds \u2013 Neuch\u00e2tel \u2013 Suiza \/ Derechos de uso exclusivamente para MUCIVI\" \/>\r\n\t\t\t\t\t\t\t\t            <\/a>\r\n\t\t\t\t\t\t\t\t        <\/div><div>\r\n\t\t\t\t\t\t\t\t            <a href=\"https:\/\/www.mucivi.ch\/wp-content\/uploads\/2025\/06\/schreyer-1701672-1-1920x1278-1.jpg\" data-fancybox=\"gallery_69e75f0c924c5\" data-caption=\"Ubicaci\u00f3n: Museo de las Civilizaciones del Islam MUCIVI \u2013 La Chaux-de-Fonds \u2013 Neuch\u00e2tel \u2013 Suiza \/ Derechos de uso exclusivamente para MUCIVI\">\r\n\t\t\t\t\t\t\t\t                <img decoding=\"async\" src=\"https:\/\/www.mucivi.ch\/wp-content\/uploads\/2025\/06\/schreyer-1701672-1-1920x1278-1.jpg\" alt=\"Ubicaci\u00f3n: Museo de las Civilizaciones del Islam MUCIVI \u2013 La Chaux-de-Fonds \u2013 Neuch\u00e2tel \u2013 Suiza \/ Derechos de uso exclusivamente para MUCIVI\" \/>\r\n\t\t\t\t\t\t\t\t            <\/a>\r\n\t\t\t\t\t\t\t\t        <\/div><div>\r\n\t\t\t\t\t\t\t\t            <a href=\"https:\/\/www.mucivi.ch\/wp-content\/uploads\/2025\/06\/schreyer-1701673-1920x1278-1.jpg\" data-fancybox=\"gallery_69e75f0c924c5\" data-caption=\"Ubicaci\u00f3n: Museo de las Civilizaciones del Islam MUCIVI \u2013 La Chaux-de-Fonds \u2013 Neuch\u00e2tel \u2013 Suiza \/ Derechos de uso exclusivamente para MUCIVI\">\r\n\t\t\t\t\t\t\t\t                <img decoding=\"async\" src=\"https:\/\/www.mucivi.ch\/wp-content\/uploads\/2025\/06\/schreyer-1701673-1920x1278-1.jpg\" alt=\"Ubicaci\u00f3n: Museo de las Civilizaciones del Islam MUCIVI \u2013 La Chaux-de-Fonds \u2013 Neuch\u00e2tel \u2013 Suiza \/ Derechos de uso exclusivamente para MUCIVI\" \/>\r\n\t\t\t\t\t\t\t\t            <\/a>\r\n\t\t\t\t\t\t\t\t        <\/div><div>\r\n\t\t\t\t\t\t\t\t            <a href=\"https:\/\/www.mucivi.ch\/wp-content\/uploads\/2025\/06\/schreyer-1701759-1025x1280-1.jpg\" data-fancybox=\"gallery_69e75f0c924c5\" data-caption=\"Ubicaci\u00f3n: Museo de las Civilizaciones del Islam MUCIVI \u2013 La Chaux-de-Fonds \u2013 Neuch\u00e2tel \u2013 Suiza \/ Derechos de uso exclusivamente para MUCIVI\">\r\n\t\t\t\t\t\t\t\t                <img decoding=\"async\" src=\"https:\/\/www.mucivi.ch\/wp-content\/uploads\/2025\/06\/schreyer-1701759-1025x1280-1.jpg\" alt=\"Ubicaci\u00f3n: Museo de las Civilizaciones del Islam MUCIVI \u2013 La Chaux-de-Fonds \u2013 Neuch\u00e2tel \u2013 Suiza \/ Derechos de uso exclusivamente para MUCIVI\" \/>\r\n\t\t\t\t\t\t\t\t            <\/a>\r\n\t\t\t\t\t\t\t\t        <\/div><div>\r\n\t\t\t\t\t\t\t\t            <a href=\"https:\/\/www.mucivi.ch\/wp-content\/uploads\/2025\/06\/schreyer-1701760-1920x1280-1.jpg\" data-fancybox=\"gallery_69e75f0c924c5\" data-caption=\"Ubicaci\u00f3n: Museo de las Civilizaciones del Islam MUCIVI \u2013 La Chaux-de-Fonds \u2013 Neuch\u00e2tel \u2013 Suiza \/ Derechos de uso exclusivamente para MUCIVI\">\r\n\t\t\t\t\t\t\t\t                <img decoding=\"async\" src=\"https:\/\/www.mucivi.ch\/wp-content\/uploads\/2025\/06\/schreyer-1701760-1920x1280-1.jpg\" alt=\"Ubicaci\u00f3n: Museo de las Civilizaciones del Islam MUCIVI \u2013 La Chaux-de-Fonds \u2013 Neuch\u00e2tel \u2013 Suiza \/ Derechos de uso exclusivamente para MUCIVI\" \/>\r\n\t\t\t\t\t\t\t\t            <\/a>\r\n\t\t\t\t\t\t\t\t        <\/div>\r\n\t\t\t\t\t            <\/div>\r\n\t\t\t\t\t        <\/div>\r\n\t\t\t    <\/section>","protected":false},"excerpt":{"rendered":"","protected":false},"author":1,"featured_media":0,"parent":5037,"menu_order":0,"comment_status":"closed","ping_status":"closed","template":"","meta":{"footnotes":""},"class_list":["post-5451","page","type-page","status-publish","hentry"],"yoast_head":"<!-- This site is optimized with the Yoast SEO plugin v27.2 - https:\/\/yoast.com\/product\/yoast-seo-wordpress\/ -->\n<title>Espacio de ignorancias - MUCIVI - Mus\u00e9e des civilisations de l\u2019Islam<\/title>\n<meta name=\"robots\" content=\"index, follow, max-snippet:-1, max-image-preview:large, max-video-preview:-1\" \/>\n<link rel=\"canonical\" href=\"https:\/\/www.mucivi.ch\/es\/exposiciones\/espacio-de-ignorancias\/\" \/>\n<meta property=\"og:locale\" content=\"es_ES\" \/>\n<meta property=\"og:type\" content=\"article\" \/>\n<meta property=\"og:title\" content=\"Espacio de ignorancias - MUCIVI - Mus\u00e9e des civilisations de l\u2019Islam\" \/>\n<meta property=\"og:url\" content=\"https:\/\/www.mucivi.ch\/es\/exposiciones\/espacio-de-ignorancias\/\" \/>\n<meta property=\"og:site_name\" content=\"MUCIVI - Mus\u00e9e des civilisations de l\u2019Islam\" \/>\n<meta property=\"article:publisher\" content=\"https:\/\/www.facebook.com\/mucivi\/\" \/>\n<meta property=\"article:modified_time\" content=\"2025-07-12T18:12:13+00:00\" \/>\n<meta property=\"og:image\" content=\"https:\/\/www.mucivi.ch\/wp-content\/uploads\/2025\/06\/1-white.png\" \/>\n<meta name=\"twitter:card\" content=\"summary_large_image\" \/>\n<meta name=\"twitter:site\" content=\"@muciviicms\" \/>\n<meta name=\"twitter:label1\" content=\"Tiempo de lectura\" \/>\n\t<meta name=\"twitter:data1\" content=\"2 minutos\" \/>\n<script type=\"application\/ld+json\" class=\"yoast-schema-graph\">{\"@context\":\"https:\/\/schema.org\",\"@graph\":[{\"@type\":\"WebPage\",\"@id\":\"https:\/\/www.mucivi.ch\/es\/exposiciones\/espacio-de-ignorancias\/\",\"url\":\"https:\/\/www.mucivi.ch\/es\/exposiciones\/espacio-de-ignorancias\/\",\"name\":\"Espacio de ignorancias - MUCIVI - Mus\u00e9e des civilisations de l\u2019Islam\",\"isPartOf\":{\"@id\":\"https:\/\/www.mucivi.ch\/es\/#website\"},\"primaryImageOfPage\":{\"@id\":\"https:\/\/www.mucivi.ch\/es\/exposiciones\/espacio-de-ignorancias\/#primaryimage\"},\"image\":{\"@id\":\"https:\/\/www.mucivi.ch\/es\/exposiciones\/espacio-de-ignorancias\/#primaryimage\"},\"thumbnailUrl\":\"https:\/\/www.mucivi.ch\/wp-content\/uploads\/2025\/06\/1-white.png\",\"datePublished\":\"2025-06-02T15:03:01+00:00\",\"dateModified\":\"2025-07-12T18:12:13+00:00\",\"breadcrumb\":{\"@id\":\"https:\/\/www.mucivi.ch\/es\/exposiciones\/espacio-de-ignorancias\/#breadcrumb\"},\"inLanguage\":\"es\",\"potentialAction\":[{\"@type\":\"ReadAction\",\"target\":[\"https:\/\/www.mucivi.ch\/es\/exposiciones\/espacio-de-ignorancias\/\"]}]},{\"@type\":\"ImageObject\",\"inLanguage\":\"es\",\"@id\":\"https:\/\/www.mucivi.ch\/es\/exposiciones\/espacio-de-ignorancias\/#primaryimage\",\"url\":\"https:\/\/www.mucivi.ch\/wp-content\/uploads\/2025\/06\/1-white.png\",\"contentUrl\":\"https:\/\/www.mucivi.ch\/wp-content\/uploads\/2025\/06\/1-white.png\"},{\"@type\":\"BreadcrumbList\",\"@id\":\"https:\/\/www.mucivi.ch\/es\/exposiciones\/espacio-de-ignorancias\/#breadcrumb\",\"itemListElement\":[{\"@type\":\"ListItem\",\"position\":1,\"name\":\"Home\",\"item\":\"https:\/\/www.mucivi.ch\/es\/\"},{\"@type\":\"ListItem\",\"position\":2,\"name\":\"Exposiciones\",\"item\":\"https:\/\/www.mucivi.ch\/es\/exposiciones\/\"},{\"@type\":\"ListItem\",\"position\":3,\"name\":\"Espacio de ignorancias\"}]},{\"@type\":\"WebSite\",\"@id\":\"https:\/\/www.mucivi.ch\/es\/#website\",\"url\":\"https:\/\/www.mucivi.ch\/es\/\",\"name\":\"MUCIVI - Mus\u00e9e des civilisations de l\u2019Islam\",\"description\":\"\",\"publisher\":{\"@id\":\"https:\/\/www.mucivi.ch\/es\/#organization\"},\"potentialAction\":[{\"@type\":\"SearchAction\",\"target\":{\"@type\":\"EntryPoint\",\"urlTemplate\":\"https:\/\/www.mucivi.ch\/es\/?s={search_term_string}\"},\"query-input\":{\"@type\":\"PropertyValueSpecification\",\"valueRequired\":true,\"valueName\":\"search_term_string\"}}],\"inLanguage\":\"es\"},{\"@type\":\"Organization\",\"@id\":\"https:\/\/www.mucivi.ch\/es\/#organization\",\"name\":\"MUCIVI - Mus\u00e9e des civilisations de l\u2019Islam\",\"url\":\"https:\/\/www.mucivi.ch\/es\/\",\"logo\":{\"@type\":\"ImageObject\",\"inLanguage\":\"es\",\"@id\":\"https:\/\/www.mucivi.ch\/es\/#\/schema\/logo\/image\/\",\"url\":\"https:\/\/www.mucivi.ch\/wp-content\/uploads\/2025\/05\/480795629_651358377467373_1464767840871238280_n.jpg\",\"contentUrl\":\"https:\/\/www.mucivi.ch\/wp-content\/uploads\/2025\/05\/480795629_651358377467373_1464767840871238280_n.jpg\",\"width\":695,\"height\":329,\"caption\":\"MUCIVI - Mus\u00e9e des civilisations de l\u2019Islam\"},\"image\":{\"@id\":\"https:\/\/www.mucivi.ch\/es\/#\/schema\/logo\/image\/\"},\"sameAs\":[\"https:\/\/www.facebook.com\/mucivi\/\",\"https:\/\/x.com\/muciviicms\",\"https:\/\/www.instagram.com\/mucivi.ch\/\",\"https:\/\/www.youtube.com\/channel\/UCtLgFsJNSlqpJD0xnqa-hBw\"]}]}<\/script>\n<!-- \/ Yoast SEO plugin. -->","yoast_head_json":{"title":"Espacio de ignorancias - MUCIVI - Mus\u00e9e des civilisations de l\u2019Islam","robots":{"index":"index","follow":"follow","max-snippet":"max-snippet:-1","max-image-preview":"max-image-preview:large","max-video-preview":"max-video-preview:-1"},"canonical":"https:\/\/www.mucivi.ch\/es\/exposiciones\/espacio-de-ignorancias\/","og_locale":"es_ES","og_type":"article","og_title":"Espacio de ignorancias - MUCIVI - Mus\u00e9e des civilisations de l\u2019Islam","og_url":"https:\/\/www.mucivi.ch\/es\/exposiciones\/espacio-de-ignorancias\/","og_site_name":"MUCIVI - Mus\u00e9e des civilisations de l\u2019Islam","article_publisher":"https:\/\/www.facebook.com\/mucivi\/","article_modified_time":"2025-07-12T18:12:13+00:00","og_image":[{"url":"https:\/\/www.mucivi.ch\/wp-content\/uploads\/2025\/06\/1-white.png","type":"","width":"","height":""}],"twitter_card":"summary_large_image","twitter_site":"@muciviicms","twitter_misc":{"Tiempo de lectura":"2 minutos"},"schema":{"@context":"https:\/\/schema.org","@graph":[{"@type":"WebPage","@id":"https:\/\/www.mucivi.ch\/es\/exposiciones\/espacio-de-ignorancias\/","url":"https:\/\/www.mucivi.ch\/es\/exposiciones\/espacio-de-ignorancias\/","name":"Espacio de ignorancias - MUCIVI - Mus\u00e9e des civilisations de l\u2019Islam","isPartOf":{"@id":"https:\/\/www.mucivi.ch\/es\/#website"},"primaryImageOfPage":{"@id":"https:\/\/www.mucivi.ch\/es\/exposiciones\/espacio-de-ignorancias\/#primaryimage"},"image":{"@id":"https:\/\/www.mucivi.ch\/es\/exposiciones\/espacio-de-ignorancias\/#primaryimage"},"thumbnailUrl":"https:\/\/www.mucivi.ch\/wp-content\/uploads\/2025\/06\/1-white.png","datePublished":"2025-06-02T15:03:01+00:00","dateModified":"2025-07-12T18:12:13+00:00","breadcrumb":{"@id":"https:\/\/www.mucivi.ch\/es\/exposiciones\/espacio-de-ignorancias\/#breadcrumb"},"inLanguage":"es","potentialAction":[{"@type":"ReadAction","target":["https:\/\/www.mucivi.ch\/es\/exposiciones\/espacio-de-ignorancias\/"]}]},{"@type":"ImageObject","inLanguage":"es","@id":"https:\/\/www.mucivi.ch\/es\/exposiciones\/espacio-de-ignorancias\/#primaryimage","url":"https:\/\/www.mucivi.ch\/wp-content\/uploads\/2025\/06\/1-white.png","contentUrl":"https:\/\/www.mucivi.ch\/wp-content\/uploads\/2025\/06\/1-white.png"},{"@type":"BreadcrumbList","@id":"https:\/\/www.mucivi.ch\/es\/exposiciones\/espacio-de-ignorancias\/#breadcrumb","itemListElement":[{"@type":"ListItem","position":1,"name":"Home","item":"https:\/\/www.mucivi.ch\/es\/"},{"@type":"ListItem","position":2,"name":"Exposiciones","item":"https:\/\/www.mucivi.ch\/es\/exposiciones\/"},{"@type":"ListItem","position":3,"name":"Espacio de ignorancias"}]},{"@type":"WebSite","@id":"https:\/\/www.mucivi.ch\/es\/#website","url":"https:\/\/www.mucivi.ch\/es\/","name":"MUCIVI - Mus\u00e9e des civilisations de l\u2019Islam","description":"","publisher":{"@id":"https:\/\/www.mucivi.ch\/es\/#organization"},"potentialAction":[{"@type":"SearchAction","target":{"@type":"EntryPoint","urlTemplate":"https:\/\/www.mucivi.ch\/es\/?s={search_term_string}"},"query-input":{"@type":"PropertyValueSpecification","valueRequired":true,"valueName":"search_term_string"}}],"inLanguage":"es"},{"@type":"Organization","@id":"https:\/\/www.mucivi.ch\/es\/#organization","name":"MUCIVI - Mus\u00e9e des civilisations de l\u2019Islam","url":"https:\/\/www.mucivi.ch\/es\/","logo":{"@type":"ImageObject","inLanguage":"es","@id":"https:\/\/www.mucivi.ch\/es\/#\/schema\/logo\/image\/","url":"https:\/\/www.mucivi.ch\/wp-content\/uploads\/2025\/05\/480795629_651358377467373_1464767840871238280_n.jpg","contentUrl":"https:\/\/www.mucivi.ch\/wp-content\/uploads\/2025\/05\/480795629_651358377467373_1464767840871238280_n.jpg","width":695,"height":329,"caption":"MUCIVI - Mus\u00e9e des civilisations de l\u2019Islam"},"image":{"@id":"https:\/\/www.mucivi.ch\/es\/#\/schema\/logo\/image\/"},"sameAs":["https:\/\/www.facebook.com\/mucivi\/","https:\/\/x.com\/muciviicms","https:\/\/www.instagram.com\/mucivi.ch\/","https:\/\/www.youtube.com\/channel\/UCtLgFsJNSlqpJD0xnqa-hBw"]}]}},"_links":{"self":[{"href":"https:\/\/www.mucivi.ch\/es\/wp-json\/wp\/v2\/pages\/5451","targetHints":{"allow":["GET"]}}],"collection":[{"href":"https:\/\/www.mucivi.ch\/es\/wp-json\/wp\/v2\/pages"}],"about":[{"href":"https:\/\/www.mucivi.ch\/es\/wp-json\/wp\/v2\/types\/page"}],"author":[{"embeddable":true,"href":"https:\/\/www.mucivi.ch\/es\/wp-json\/wp\/v2\/users\/1"}],"replies":[{"embeddable":true,"href":"https:\/\/www.mucivi.ch\/es\/wp-json\/wp\/v2\/comments?post=5451"}],"version-history":[{"count":2,"href":"https:\/\/www.mucivi.ch\/es\/wp-json\/wp\/v2\/pages\/5451\/revisions"}],"predecessor-version":[{"id":5514,"href":"https:\/\/www.mucivi.ch\/es\/wp-json\/wp\/v2\/pages\/5451\/revisions\/5514"}],"up":[{"embeddable":true,"href":"https:\/\/www.mucivi.ch\/es\/wp-json\/wp\/v2\/pages\/5037"}],"wp:attachment":[{"href":"https:\/\/www.mucivi.ch\/es\/wp-json\/wp\/v2\/media?parent=5451"}],"curies":[{"name":"wp","href":"https:\/\/api.w.org\/{rel}","templated":true}]}}