{"id":4382,"date":"2025-06-02T14:59:48","date_gmt":"2025-06-02T14:59:48","guid":{"rendered":"https:\/\/www.mucivi.ch\/?page_id=4382"},"modified":"2025-07-11T22:04:15","modified_gmt":"2025-07-11T22:04:15","slug":"atualidades","status":"publish","type":"page","link":"https:\/\/www.mucivi.ch\/pt-pt\/atualidades\/","title":{"rendered":"Atualidades"},"content":{"rendered":"\r\n        <style>\r\n             .showcase-section-block-69e785929120f {\r\n                background-image: url(https:\/\/www.mucivi.ch\/wp-content\/uploads\/2025\/06\/schreyer-1701670-2560x2048-1.jpg);\r\n                background-attachment: scroll;\r\n                background-size: cover;  \r\n                background-repeat: no-repeat; \r\n                background-position: center center;\r\n                overflow: hidden;\r\n                color:  var(--mucivi-white);\r\n            }\r\n\r\n            @media (max-width: 1024px) {\r\n                 .showcase-section-block-69e785929120f {\r\n                    background-attachment: scroll;\r\n                }\r\n            }\r\n        <\/style><section class=\"showcase-section-block showcase-section-block-69e785929120f\">   \r\n\t\t\t\t\t\t\t\t        <div class=\"container showcase-section-container showcase-section-banner\">\r\n\t\t\t\t\t\t\t\t                 <div class=\"showcase-overlay-picture\"><\/div>\r\n\t\t\t\t\t\t\t\t                    <div class=\"showcase-overlay\"><\/div>\r\n\t\t\t\t\t\t\t\t                <div class=\"showcase-section d-flex flex-column align-items-start justify-content-evenly text-start\">\r\n\t\t\t\t\t            <div class=\"showcase-content\">\r\n\t\t\t\t\t\t\t\t\t<h1 class=\"showcase-title\">Atualidades<\/h1>\r\n\t\t\t\t\t                <p class=\"showcase-description\"><\/p>\r\n\t\t\t\t\t                  <div class=\"showcase-section-button\">\r\n\t\t\t\t\t                    \r\n\t\t\t\t\t                  <\/div>\r\n\t\t\t\t\t            <\/div>\r\n\t\t\t\t\t        <\/div>\r\n\t\t\t\t\t\t\t\t        <\/div>\r\n\t\t\t\t\t\t\t\t    <\/section>\n\n\r\n\t\t            <section class=\"announcements-block bg-color-white\" id=\"announcements_69e7859291502\">\r\n\t\t                <div class=\"container d-flex flex-column flex-lg-row\">\r\n\t\t                    <div class=\"col-12 col-lg-9\">\r\n\t\t                        \r\n\t\t\t\t\t\t                <div class=\"announcement-item py-5\">\r\n\t\t\t\t\t\t                    \r\n\t\t\t\t\t\t                    <h2 class=\"text-color-black\">Confer\u00eancia do senhor Pierre Coullet<\/h2>\r\n\t\t\t\t\t\t                    \r\n\t\t\t\t\t\t                    <div class=\"my-3\"><p>Sexta-feira, 28 de fevereiro de 2020 \u00e0s 18h00<br \/>\n\u00abA luz na terra do Isl\u00e3\u00bb<\/p>\n<\/div>\r\n\t\t\t\t\t\t                    <div class=\"mt-4\">\r\n\t\t\t\t\t\t\t\t\t\t\t\t\t\t\t<a href=\"\/wp-content\/uploads\/2025\/06\/conference-pierre-couletv2.pdf\" target=\"_blank\" class=\"btn-full btn-full-primary\">Descarregar o PDF<\/a>\r\n\t\t\t\t\t\t\t\t\t\t\t\t\t <\/div>\r\n\t\t\t\t\t\t                <\/div>\r\n\t\t\t\t\t\t                <div class=\"announcement-item py-5\">\r\n\t\t\t\t\t\t                    \r\n\t\t\t\t\t\t                    <h2 class=\"text-color-black\">Confer\u00eancia do senhor Majed Chergui<\/h2>\r\n\t\t\t\t\t\t                    \r\n\t\t\t\t\t\t                    <div class=\"my-3\"><p>Sexta-feira, 4 de outubro de 2019 \u00e0s 18h30<br \/>\n\u00abA \u00f3ptica e o nascimento do m\u00e9todo experimental\u00bb<\/p>\n<\/div>\r\n\t\t\t\t\t\t                    <div class=\"mt-4\">\r\n\t\t\t\t\t\t\t\t\t\t\t\t\t\t\t<a href=\"\/wp-content\/uploads\/2025\/06\/photo-2019-09-05-16-45-38.jpg\" target=\"_blank\" class=\"btn-full btn-full-primary\">Descarregar o PDF<\/a>\r\n\t\t\t\t\t\t\t\t\t\t\t\t\t <\/div>\r\n\t\t\t\t\t\t                <\/div>\r\n\t\t\t\t\t\t                <div class=\"announcement-item py-5\">\r\n\t\t\t\t\t\t                    \r\n\t\t\t\t\t\t                    <h2 class=\"text-color-black\">Confer\u00eancia do senhor Denis Savoie, por ocasi\u00e3o do terceiro anivers\u00e1rio do MUCIVI<\/h2>\r\n\t\t\t\t\t\t                    \r\n\t\t\t\t\t\t                    <div class=\"my-3\"><p>Sexta-feira, 24 de maio de 2019 \u00e0s 18h30<br \/>\n\u00abA contribui\u00e7\u00e3o do mundo \u00e1rabe-mu\u00e7ulmano medieval no campo da astronomia. Astrol\u00e1bios e rel\u00f3gios de sol\u00bb<\/p>\n<\/div>\r\n\t\t\t\t\t\t                    <div class=\"mt-4\">\r\n\t\t\t\t\t\t\t\t\t\t\t\t\t\t\t<a href=\"\/wp-content\/uploads\/2025\/06\/denis-savoie-1.png\" target=\"_blank\" class=\"btn-full btn-full-primary\">Descarregar o PDF<\/a>\r\n\t\t\t\t\t\t\t\t\t\t\t\t\t <\/div>\r\n\t\t\t\t\t\t                <\/div>\r\n\t\t\t\t\t\t                <div class=\"announcement-item py-5\">\r\n\t\t\t\t\t\t                    \r\n\t\t\t\t\t\t                    <h2 class=\"text-color-black\">Noite e Dia dos museus de Neuch\u00e2tel 2019<\/h2>\r\n\t\t\t\t\t\t                    \r\n\t\t\t\t\t\t                    <div class=\"my-3\"><p>S\u00e1bado, 18 de maio de 2019, a partir das 18h<br \/>\n\u00abRevela\u00e7\u00f5es: quando a luz afasta as trevas\u00bb<br \/>\nDomingo, 19 de maio de 2019, a partir das 12h<br \/>\n\u00abReinven\u00e7\u00f5es: alimentar o futuro com o passado e o presente\u00bb<\/p>\n<\/div>\r\n\t\t\t\t\t\t                    <div class=\"mt-4\">\r\n\t\t\t\t\t\t\t\t\t\t\t\t\t\t\t<a href=\"\/wp-content\/uploads\/2025\/06\/ne-ndm-jdm19-final.pdf\" target=\"_self\" class=\"btn-full btn-full-primary\">Descarregar o PDF<\/a>\r\n\t\t\t\t\t\t\t\t\t\t\t\t\t <\/div>\r\n\t\t\t\t\t\t                <\/div>\r\n\t\t\t\t\t\t                <div class=\"announcement-item py-5\">\r\n\t\t\t\t\t\t                    \r\n\t\t\t\t\t\t                    <h2 class=\"text-color-black\">Confer\u00eancia do senhor Azzedine Boudrioua na Universidade de Genebra (UniMail)<\/h2>\r\n\t\t\t\t\t\t                    \r\n\t\t\t\t\t\t                    <div class=\"my-3\"><p>Sexta-feira, 3 de maio de 2019 \u00e0s 18h30 \u2013 Unimail, sala MR070<br \/>\n\u00abA tradi\u00e7\u00e3o cient\u00edfica \u00e1rabe no per\u00edodo medieval: exemplo das ci\u00eancias da luz\u00bb<br \/>\nUma colabora\u00e7\u00e3o entre o MUCIVI e a Associa\u00e7\u00e3o Mu\u00e7ulmana de Estudantes da Universidade de Genebra<\/p>\n<\/div>\r\n\t\t\t\t\t\t                    <div class=\"mt-4\">\r\n\t\t\t\t\t\t\t\t\t\t\t\t\t\t\t<a href=\"\/wp-content\/uploads\/2025\/06\/conf-aboudrioua-pdf.pdf\" target=\"_self\" class=\"btn-full btn-full-primary\">Descarregar o PDF<\/a>\r\n\t\t\t\t\t\t\t\t\t\t\t\t\t <\/div>\r\n\t\t\t\t\t\t                <\/div>\r\n\t\t\t\t\t\t                <div class=\"announcement-item py-5\">\r\n\t\t\t\t\t\t                    \r\n\t\t\t\t\t\t                    <h2 class=\"text-color-black\">Confer\u00eancia do senhor Azzedine Boudrioua<\/h2>\r\n\t\t\t\t\t\t                    \r\n\t\t\t\t\t\t                    <div class=\"my-3\"><p>Sexta-feira, 25 de janeiro de 2019 \u00e0s 18h30<br \/>\n\u00abA tradi\u00e7\u00e3o cient\u00edfica \u00e1rabe do per\u00edodo medieval: exemplo das ci\u00eancias da luz\u00bb<\/p>\n<\/div>\r\n\t\t\t\t\t\t                    <div class=\"mt-4\">\r\n\t\t\t\t\t\t\t\t\t\t\t\t\t\t\t<a href=\"\/wp-content\/uploads\/2025\/06\/azzedine-boudrioua-1.png\" target=\"_self\" class=\"btn-full btn-full-primary\">Descarregar o PDF<\/a>\r\n\t\t\t\t\t\t\t\t\t\t\t\t\t <\/div>\r\n\t\t\t\t\t\t                <\/div>\r\n\t\t\t\t\t\t                <div class=\"announcement-item py-5\">\r\n\t\t\t\t\t\t                    \r\n\t\t\t\t\t\t                    <h2 class=\"text-color-black\">Ciclo de confer\u00eancias 2018\/2019<\/h2>\r\n\t\t\t\t\t\t                    \r\n\t\t\t\t\t\t                    <div class=\"my-3\"><p>Confer\u00eancia do senhor Roger Bruyeron<br \/>\nSexta-feira, 21 de setembro de 2018 \u00e0s 18h30<br \/>\n\u00abAtualidade da controv\u00e9rsia medieval sobre a eternidade do mundo\u00bb<\/p>\n<\/div>\r\n\t\t\t\t\t\t                    <div class=\"mt-4\">\r\n\t\t\t\t\t\t\t\t\t\t\t\t\t\t\t<a href=\"\/wp-content\/uploads\/2025\/06\/compte-rendu-de-la-conference-de-monsieur-roger-bruyeron.docx\" target=\"_blank\" class=\"btn-full btn-full-primary\">Descarregar o relat\u00f3rio da confer\u00eancia<\/a>\r\n\t\t\t\t\t\t\t\t\t\t\t\t\t <\/div>\r\n\t\t\t\t\t\t                <\/div>\r\n\t\t\t\t\t\t                <div class=\"announcement-item py-5\">\r\n\t\t\t\t\t\t                    \r\n\t\t\t\t\t\t                    <h2 class=\"text-color-black\">Confer\u00eancia do senhor Azzedine Boudrioua<\/h2>\r\n\t\t\t\t\t\t                    \r\n\t\t\t\t\t\t                    <div class=\"my-3\"><p>Sexta-feira, 25 de janeiro de 2019 \u00e0s 18h30<br \/>\nConfer\u00eancia do senhor Denis Savoie<br \/>\nSexta-feira, 24 de maio de 2019 \u00e0s 18h30<\/p>\n<\/div>\r\n\t\t\t\t\t\t                    <div class=\"mt-4\">\r\n\t\t\t\t\t\t\t\t\t\t\t\t\t\t\t<a href=\"\/wp-content\/uploads\/2025\/06\/conference-2018-19.pdf\" target=\"_self\" class=\"btn-full btn-full-primary\">Descarregar o PDF<\/a>\r\n\t\t\t\t\t\t\t\t\t\t\t\t\t <\/div>\r\n\t\t\t\t\t\t                <\/div>\r\n\t\t\t\t\t\t                <div class=\"announcement-item py-5\">\r\n\t\t\t\t\t\t                    \r\n\t\t\t\t\t\t                    <h2 class=\"text-color-black\">Por ocasi\u00e3o do 2.\u00ba anivers\u00e1rio do Mucivi<\/h2>\r\n\t\t\t\t\t\t                    \r\n\t\t\t\t\t\t                    <div class=\"my-3\"><p>Confer\u00eancia do senhor Ali Benmakhlouf<br \/>\nDomingo, 27 de maio de 2018 \u00e0s 18h30<br \/>\n\u00abL\u00f3gica e medicina nos fil\u00f3sofos \u00e1rabes\u00bb<\/p>\n<\/div>\r\n\t\t\t\t\t\t                    <div class=\"mt-4\">\r\n\t\t\t\t\t\t\t\t\t\t\t\t\t\t\t<a href=\"\/wp-content\/uploads\/2025\/06\/2e-anniversaire-mucivi.pdf\" target=\"_self\" class=\"btn-full btn-full-primary\">Descarregar o PDF<\/a>\r\n\t\t\t\t\t\t\t\t\t\t\t\t\t <\/div>\r\n\t\t\t\t\t\t                <\/div>\r\n\t\t\t\t\t\t                <div class=\"announcement-item py-5\">\r\n\t\t\t\t\t\t                    \r\n\t\t\t\t\t\t                    <h2 class=\"text-color-black\">Noite e Dia dos museus de Neuch\u00e2tel<\/h2>\r\n\t\t\t\t\t\t                    \r\n\t\t\t\t\t\t                    <div class=\"my-3\"><p>S\u00e1bado, 12 de maio de 2018, a partir das 18h<br \/>\n\u00abO obscuro: de uma concep\u00e7\u00e3o de mundo a outra\u00bb<br \/>\nDomingo, 13 de maio de 2018, a partir das 10h<br \/>\n\u00abA tradi\u00e7\u00e3o dos saberes cient\u00edficos\u00bb<\/p>\n<\/div>\r\n\t\t\t\t\t\t                    <div class=\"mt-4\">\r\n\t\t\t\t\t\t\t\t\t\t\t\t\t\t\t<a href=\"\/wp-content\/uploads\/2025\/06\/1d7c1a_b3335273a075404eb5d74453cfbee56b.pdf\" target=\"_self\" class=\"btn-full btn-full-primary\">Descarregar o PDF<\/a>\r\n\t\t\t\t\t\t\t\t\t\t\t\t\t <\/div>\r\n\t\t\t\t\t\t                <\/div>\r\n\t\t\t\t\t\t                <div class=\"announcement-item py-5\">\r\n\t\t\t\t\t\t                    \r\n\t\t\t\t\t\t                    <h2 class=\"text-color-black\">Confer\u00eancia do senhor Pierre Frantz<\/h2>\r\n\t\t\t\t\t\t                    \r\n\t\t\t\t\t\t                    <div class=\"my-3\"><p>Sexta-feira, 26 de janeiro de 2018 \u00e0s 18h30<br \/>\n\u00abVoltaire e o Isl\u00e3: em torno da figura de Maom\u00e9\u00bb<\/p>\n<\/div>\r\n\t\t\t\t\t\t                    <div class=\"mt-4\">\r\n\t\t\t\t\t\t\t\t\t\t\t\t\t\t\t<a href=\"\/wp-content\/uploads\/2025\/06\/conf-pf-final.pdf\" target=\"_self\" class=\"btn-full btn-full-primary\">Descarregar o PDF<\/a>\r\n\t\t\t\t\t\t\t\t\t\t\t\t\t <\/div>\r\n\t\t\t\t\t\t                <\/div>\r\n\t\t\t\t\t\t                <div class=\"announcement-item py-5\">\r\n\t\t\t\t\t\t                    \r\n\t\t\t\t\t\t                    <h2 class=\"text-color-black\">Relato da confer\u00eancia do senhor Roger Bruyeron de sexta-feira, 27 de maio de 2017.<\/h2>\r\n\t\t\t\t\t\t                    \r\n\t\t\t\t\t\t                    <div class=\"my-3\"><p>A influ\u00eancia do pensamento \u00e1rabe-mu\u00e7ulmano no desenvolvimento intelectual do Ocidente medieval<\/p>\n<\/div>\r\n\t\t\t\t\t\t                    <div class=\"mt-4\">\r\n\t\t\t\t\t\t\t\t\t\t\t\t\t\t\t<a href=\"\/wp-content\/uploads\/2025\/06\/compte-rendu-de-la-conference-de-monsieur-roger-bruyeron.pdf\" target=\"_self\" class=\"btn-full btn-full-primary\">Descarregar o PDF<\/a>\r\n\t\t\t\t\t\t\t\t\t\t\t\t\t <\/div>\r\n\t\t\t\t\t\t                <\/div>\r\n\t\t\t\t\t\t                <div class=\"announcement-item py-5\">\r\n\t\t\t\t\t\t                    \r\n\t\t\t\t\t\t                    <h2 class=\"text-color-black\">Confer\u00eancia do senhor Olivier Roy<\/h2>\r\n\t\t\t\t\t\t                    \r\n\t\t\t\t\t\t                    <div class=\"my-3\"><p>Ter\u00e7a-feira, 26 de setembro de 2017 \u00e0s 18h30<br \/>\n\u00abEm que medida as tens\u00f5es atuais com o Isl\u00e3o obrigam os europeus a repensar a fun\u00e7\u00e3o do religioso\u00bb<\/p>\n<\/div>\r\n\t\t\t\t\t\t                    <div class=\"mt-4\">\r\n\t\t\t\t\t\t\t\t\t\t\t\t\t\t\t<a href=\"\/wp-content\/uploads\/2025\/06\/communique-conference-olivier-roy.pdf\" target=\"_self\" class=\"btn-full btn-full-primary\">Descarregar o PDF<\/a>\r\n\t\t\t\t\t\t\t\t\t\t\t\t\t <\/div>\r\n\t\t\t\t\t\t                <\/div>\r\n\t\t                    <\/div>\r\n\t\t                    <div class=\"sidebar-container col-12 col-lg-3 ps-lg-5 py-5\">\r\n\t\t                        \r\n\r\n\t\t<div class=\"sidebar-title\">\r\n\t\t   Rubricas\r\n\t\t<\/div>\r\n\t\t<div class=\"sidebar-buttons mt-4\"><div class=\"sidebar-button mb-2\"><a target=\"_blank\" href=\"\/pt-pt\/atualidades\/\" class=\"sidebar-link\">Not\u00edcias<\/a><\/div><div class=\"sidebar-button mb-2\"><a target=\"_blank\" href=\"\/pt-pt\/atualidades\/visitas-honoraveis\/\" class=\"sidebar-link\">Visitas honor\u00e1veis<\/a><\/div><div class=\"sidebar-button mb-2\"><a target=\"_blank\" href=\"\/pt-pt\/atualidades\/fotos-de-conferencias\/\" class=\"sidebar-link\">Fotos de confer\u00eancias<\/a><\/div><div class=\"sidebar-button mb-2\"><a target=\"_blank\" href=\"\/pt-pt\/atualidades\/noite-e-dia-dos-museus\/\" class=\"sidebar-link\">Noite e Dia dos Museus<\/a><\/div><\/div>\r\n\t\t                    <\/div>\r\n\t\t                <\/div>\r\n\t\t            <\/section>\n\n\n<div style=\"height:100px\" aria-hidden=\"true\" class=\"wp-block-spacer\"><\/div>\n","protected":false},"excerpt":{"rendered":"","protected":false},"author":1,"featured_media":0,"parent":0,"menu_order":0,"comment_status":"closed","ping_status":"closed","template":"","meta":{"footnotes":""},"class_list":["post-4382","page","type-page","status-publish","hentry"],"yoast_head":"<!-- This site is optimized with the Yoast SEO plugin v27.2 - https:\/\/yoast.com\/product\/yoast-seo-wordpress\/ -->\n<title>Atualidades - MUCIVI - Mus\u00e9e des civilisations de l\u2019Islam<\/title>\n<meta name=\"robots\" content=\"index, follow, max-snippet:-1, max-image-preview:large, max-video-preview:-1\" \/>\n<link rel=\"canonical\" href=\"https:\/\/www.mucivi.ch\/pt-pt\/atualidades\/\" \/>\n<meta property=\"og:locale\" content=\"pt_PT\" \/>\n<meta property=\"og:type\" content=\"article\" \/>\n<meta property=\"og:title\" content=\"Atualidades - MUCIVI - Mus\u00e9e des civilisations de l\u2019Islam\" \/>\n<meta property=\"og:url\" content=\"https:\/\/www.mucivi.ch\/pt-pt\/atualidades\/\" \/>\n<meta property=\"og:site_name\" content=\"MUCIVI - Mus\u00e9e des civilisations de l\u2019Islam\" \/>\n<meta property=\"article:publisher\" content=\"https:\/\/www.facebook.com\/mucivi\/\" \/>\n<meta property=\"article:modified_time\" content=\"2025-07-11T22:04:15+00:00\" \/>\n<meta property=\"og:image\" content=\"https:\/\/www.mucivi.ch\/wp-content\/uploads\/2025\/05\/480795629_651358377467373_1464767840871238280_n.jpg\" \/>\n\t<meta property=\"og:image:width\" content=\"695\" \/>\n\t<meta property=\"og:image:height\" content=\"329\" \/>\n\t<meta property=\"og:image:type\" content=\"image\/jpeg\" \/>\n<meta name=\"twitter:card\" content=\"summary_large_image\" \/>\n<meta name=\"twitter:site\" content=\"@muciviicms\" \/>\n<script type=\"application\/ld+json\" class=\"yoast-schema-graph\">{\"@context\":\"https:\/\/schema.org\",\"@graph\":[{\"@type\":\"WebPage\",\"@id\":\"https:\/\/www.mucivi.ch\/pt-pt\/atualidades\/\",\"url\":\"https:\/\/www.mucivi.ch\/pt-pt\/atualidades\/\",\"name\":\"Atualidades - MUCIVI - Mus\u00e9e des civilisations de l\u2019Islam\",\"isPartOf\":{\"@id\":\"https:\/\/www.mucivi.ch\/pt-pt\/#website\"},\"datePublished\":\"2025-06-02T14:59:48+00:00\",\"dateModified\":\"2025-07-11T22:04:15+00:00\",\"breadcrumb\":{\"@id\":\"https:\/\/www.mucivi.ch\/pt-pt\/atualidades\/#breadcrumb\"},\"inLanguage\":\"pt-PT\",\"potentialAction\":[{\"@type\":\"ReadAction\",\"target\":[\"https:\/\/www.mucivi.ch\/pt-pt\/atualidades\/\"]}]},{\"@type\":\"BreadcrumbList\",\"@id\":\"https:\/\/www.mucivi.ch\/pt-pt\/atualidades\/#breadcrumb\",\"itemListElement\":[{\"@type\":\"ListItem\",\"position\":1,\"name\":\"Home\",\"item\":\"https:\/\/www.mucivi.ch\/pt-pt\/\"},{\"@type\":\"ListItem\",\"position\":2,\"name\":\"Atualidades\"}]},{\"@type\":\"WebSite\",\"@id\":\"https:\/\/www.mucivi.ch\/pt-pt\/#website\",\"url\":\"https:\/\/www.mucivi.ch\/pt-pt\/\",\"name\":\"MUCIVI - Mus\u00e9e des civilisations de l\u2019Islam\",\"description\":\"\",\"publisher\":{\"@id\":\"https:\/\/www.mucivi.ch\/pt-pt\/#organization\"},\"potentialAction\":[{\"@type\":\"SearchAction\",\"target\":{\"@type\":\"EntryPoint\",\"urlTemplate\":\"https:\/\/www.mucivi.ch\/pt-pt\/?s={search_term_string}\"},\"query-input\":{\"@type\":\"PropertyValueSpecification\",\"valueRequired\":true,\"valueName\":\"search_term_string\"}}],\"inLanguage\":\"pt-PT\"},{\"@type\":\"Organization\",\"@id\":\"https:\/\/www.mucivi.ch\/pt-pt\/#organization\",\"name\":\"MUCIVI - Mus\u00e9e des civilisations de l\u2019Islam\",\"url\":\"https:\/\/www.mucivi.ch\/pt-pt\/\",\"logo\":{\"@type\":\"ImageObject\",\"inLanguage\":\"pt-PT\",\"@id\":\"https:\/\/www.mucivi.ch\/pt-pt\/#\/schema\/logo\/image\/\",\"url\":\"https:\/\/www.mucivi.ch\/wp-content\/uploads\/2025\/05\/480795629_651358377467373_1464767840871238280_n.jpg\",\"contentUrl\":\"https:\/\/www.mucivi.ch\/wp-content\/uploads\/2025\/05\/480795629_651358377467373_1464767840871238280_n.jpg\",\"width\":695,\"height\":329,\"caption\":\"MUCIVI - Mus\u00e9e des civilisations de l\u2019Islam\"},\"image\":{\"@id\":\"https:\/\/www.mucivi.ch\/pt-pt\/#\/schema\/logo\/image\/\"},\"sameAs\":[\"https:\/\/www.facebook.com\/mucivi\/\",\"https:\/\/x.com\/muciviicms\",\"https:\/\/www.instagram.com\/mucivi.ch\/\",\"https:\/\/www.youtube.com\/channel\/UCtLgFsJNSlqpJD0xnqa-hBw\"]}]}<\/script>\n<!-- \/ Yoast SEO plugin. -->","yoast_head_json":{"title":"Atualidades - MUCIVI - Mus\u00e9e des civilisations de l\u2019Islam","robots":{"index":"index","follow":"follow","max-snippet":"max-snippet:-1","max-image-preview":"max-image-preview:large","max-video-preview":"max-video-preview:-1"},"canonical":"https:\/\/www.mucivi.ch\/pt-pt\/atualidades\/","og_locale":"pt_PT","og_type":"article","og_title":"Atualidades - MUCIVI - Mus\u00e9e des civilisations de l\u2019Islam","og_url":"https:\/\/www.mucivi.ch\/pt-pt\/atualidades\/","og_site_name":"MUCIVI - Mus\u00e9e des civilisations de l\u2019Islam","article_publisher":"https:\/\/www.facebook.com\/mucivi\/","article_modified_time":"2025-07-11T22:04:15+00:00","og_image":[{"width":695,"height":329,"url":"https:\/\/www.mucivi.ch\/wp-content\/uploads\/2025\/05\/480795629_651358377467373_1464767840871238280_n.jpg","type":"image\/jpeg"}],"twitter_card":"summary_large_image","twitter_site":"@muciviicms","schema":{"@context":"https:\/\/schema.org","@graph":[{"@type":"WebPage","@id":"https:\/\/www.mucivi.ch\/pt-pt\/atualidades\/","url":"https:\/\/www.mucivi.ch\/pt-pt\/atualidades\/","name":"Atualidades - MUCIVI - Mus\u00e9e des civilisations de l\u2019Islam","isPartOf":{"@id":"https:\/\/www.mucivi.ch\/pt-pt\/#website"},"datePublished":"2025-06-02T14:59:48+00:00","dateModified":"2025-07-11T22:04:15+00:00","breadcrumb":{"@id":"https:\/\/www.mucivi.ch\/pt-pt\/atualidades\/#breadcrumb"},"inLanguage":"pt-PT","potentialAction":[{"@type":"ReadAction","target":["https:\/\/www.mucivi.ch\/pt-pt\/atualidades\/"]}]},{"@type":"BreadcrumbList","@id":"https:\/\/www.mucivi.ch\/pt-pt\/atualidades\/#breadcrumb","itemListElement":[{"@type":"ListItem","position":1,"name":"Home","item":"https:\/\/www.mucivi.ch\/pt-pt\/"},{"@type":"ListItem","position":2,"name":"Atualidades"}]},{"@type":"WebSite","@id":"https:\/\/www.mucivi.ch\/pt-pt\/#website","url":"https:\/\/www.mucivi.ch\/pt-pt\/","name":"MUCIVI - Mus\u00e9e des civilisations de l\u2019Islam","description":"","publisher":{"@id":"https:\/\/www.mucivi.ch\/pt-pt\/#organization"},"potentialAction":[{"@type":"SearchAction","target":{"@type":"EntryPoint","urlTemplate":"https:\/\/www.mucivi.ch\/pt-pt\/?s={search_term_string}"},"query-input":{"@type":"PropertyValueSpecification","valueRequired":true,"valueName":"search_term_string"}}],"inLanguage":"pt-PT"},{"@type":"Organization","@id":"https:\/\/www.mucivi.ch\/pt-pt\/#organization","name":"MUCIVI - Mus\u00e9e des civilisations de l\u2019Islam","url":"https:\/\/www.mucivi.ch\/pt-pt\/","logo":{"@type":"ImageObject","inLanguage":"pt-PT","@id":"https:\/\/www.mucivi.ch\/pt-pt\/#\/schema\/logo\/image\/","url":"https:\/\/www.mucivi.ch\/wp-content\/uploads\/2025\/05\/480795629_651358377467373_1464767840871238280_n.jpg","contentUrl":"https:\/\/www.mucivi.ch\/wp-content\/uploads\/2025\/05\/480795629_651358377467373_1464767840871238280_n.jpg","width":695,"height":329,"caption":"MUCIVI - Mus\u00e9e des civilisations de l\u2019Islam"},"image":{"@id":"https:\/\/www.mucivi.ch\/pt-pt\/#\/schema\/logo\/image\/"},"sameAs":["https:\/\/www.facebook.com\/mucivi\/","https:\/\/x.com\/muciviicms","https:\/\/www.instagram.com\/mucivi.ch\/","https:\/\/www.youtube.com\/channel\/UCtLgFsJNSlqpJD0xnqa-hBw"]}]}},"_links":{"self":[{"href":"https:\/\/www.mucivi.ch\/pt-pt\/wp-json\/wp\/v2\/pages\/4382","targetHints":{"allow":["GET"]}}],"collection":[{"href":"https:\/\/www.mucivi.ch\/pt-pt\/wp-json\/wp\/v2\/pages"}],"about":[{"href":"https:\/\/www.mucivi.ch\/pt-pt\/wp-json\/wp\/v2\/types\/page"}],"author":[{"embeddable":true,"href":"https:\/\/www.mucivi.ch\/pt-pt\/wp-json\/wp\/v2\/users\/1"}],"replies":[{"embeddable":true,"href":"https:\/\/www.mucivi.ch\/pt-pt\/wp-json\/wp\/v2\/comments?post=4382"}],"version-history":[{"count":1,"href":"https:\/\/www.mucivi.ch\/pt-pt\/wp-json\/wp\/v2\/pages\/4382\/revisions"}],"predecessor-version":[{"id":4389,"href":"https:\/\/www.mucivi.ch\/pt-pt\/wp-json\/wp\/v2\/pages\/4382\/revisions\/4389"}],"wp:attachment":[{"href":"https:\/\/www.mucivi.ch\/pt-pt\/wp-json\/wp\/v2\/media?parent=4382"}],"curies":[{"name":"wp","href":"https:\/\/api.w.org\/{rel}","templated":true}]}}