{"id":5450,"date":"2025-06-02T15:03:01","date_gmt":"2025-06-02T15:03:01","guid":{"rendered":"https:\/\/www.mucivi.ch\/?page_id=5450"},"modified":"2025-07-12T18:12:08","modified_gmt":"2025-07-12T18:12:08","slug":"espaco-das-ignorancias","status":"publish","type":"page","link":"https:\/\/www.mucivi.ch\/pt-pt\/exposicoes\/espaco-das-ignorancias\/","title":{"rendered":"Espa\u00e7o das ignor\u00e2ncias"},"content":{"rendered":"\r\n        <style>\r\n             .showcase-section-block-69e789f5cbc0b {\r\n                background-image: url(https:\/\/www.mucivi.ch\/wp-content\/uploads\/2025\/06\/schreyer-1701672-2560x1704-1.jpg);\r\n                background-attachment: scroll;\r\n                background-size: cover;  \r\n                background-repeat: no-repeat; \r\n                background-position: center center;\r\n                overflow: hidden;\r\n                color:  var(--mucivi-white);\r\n            }\r\n\r\n            @media (max-width: 1024px) {\r\n                 .showcase-section-block-69e789f5cbc0b {\r\n                    background-attachment: scroll;\r\n                }\r\n            }\r\n        <\/style><section class=\"showcase-section-block showcase-section-block-69e789f5cbc0b\">   \r\n\t\t\t\t\t\t\t\t        <div class=\"container showcase-section-container showcase-section-banner\">\r\n\t\t\t\t\t\t\t\t                 <div class=\"showcase-overlay-picture\"><\/div>\r\n\t\t\t\t\t\t\t\t                    <div class=\"showcase-overlay\"><\/div>\r\n\t\t\t\t\t\t\t\t                <div class=\"showcase-section d-flex flex-column align-items-center justify-content-evenly text-center\">\r\n\t\t\t\t\t            <div class=\"showcase-content\">\r\n\t\t\t\t\t\t\t\t\t<h1 class=\"showcase-title\">Espa\u00e7o das ignor\u00e2ncias<\/h1>\r\n\t\t\t\t\t                <p class=\"showcase-description\"><\/p>\r\n\t\t\t\t\t                  <div class=\"showcase-section-button\">\r\n\t\t\t\t\t                    \r\n\t\t\t\t\t                  <\/div>\r\n\t\t\t\t\t            <\/div>\r\n\t\t\t\t\t        <\/div>\r\n\t\t\t\t\t\t\t\t        <\/div>\r\n\t\t\t\t\t\t\t\t    <\/section>\n\n\n<div style=\"height:100px\" aria-hidden=\"true\" class=\"wp-block-spacer\"><\/div>\n\n\n\r\n\t\t\r\n\t\t<section id=\"\" class=\"text-block  space-bottom-yes space-top-no text-block-id-69e789f5cbd3c bg-color-white text-color-black\">\r\n                    <div class=\"container d-flex flex-column flex-lg-row \">\r\n                        <div class=\"col-12 col-lg-9\">\r\n\t                        \r\n\t                        \r\n\t                        <div class=\"row text\">\r\n                    <div class=\"col\">\r\n                        <div class=\"textBlock-text text-block-html \" style=\"margin-top: 0px; \">\r\n                            <p class=\"wp-block-gn-text-block\"><img loading=\"lazy\" decoding=\"async\" width=\"150\" height=\"150\" src=\"https:\/\/www.mucivi.ch\/wp-content\/uploads\/2025\/06\/1-white.png\">Assim que entra na primeira sala da exposi\u00e7\u00e3o de refer\u00eancia, o visitante, mergulhado na escurid\u00e3o, \u00e9 imediatamente envolvido no ambiente. A sua visita decorrer\u00e1 sob o signo n\u00e3o apenas da descoberta, mas tamb\u00e9m da interroga\u00e7\u00e3o e da reflex\u00e3o. Pois se a ignor\u00e2ncia designa, para os mu\u00e7ulmanos, um per\u00edodo hist\u00f3rico espec\u00edfico \u2014 aquele que antecede a revela\u00e7\u00e3o recebida por Maom\u00e9 \u2014 aqui \u00e9, sobretudo, uma oportunidade de introspe\u00e7\u00e3o\u2026<\/p>\n\r\n                        <\/div>\r\n                    <\/div>                                        \r\n                <\/div>\r\n                        <\/div>\r\n                       <div class=\"sidebar-container col-12 col-lg-3 ps-lg-5\">\r\n                        \t\r\n\r\n\t\t<div class=\"sidebar-title\">\r\n\t\t   Espaces d\u2019exposition\r\n\t\t<\/div>\r\n\t\t<div class=\"sidebar-buttons mt-4\"><div class=\"sidebar-button mb-2\"><a target=\"_blank\" href=\"\/pt-pt\/exposicoes\/espaco-das-ignorancias\/\" class=\"sidebar-link\">Ignor\u00e2ncias<\/a><\/div><div class=\"sidebar-button mb-2\"><a target=\"_blank\" href=\"\/pt-pt\/exposicoes\/espaco-das-revelacoes\/\" class=\"sidebar-link\">Revela\u00e7\u00f5es<\/a><\/div><div class=\"sidebar-button mb-2\"><a target=\"_blank\" href=\"\/pt-pt\/exposicoes\/espaco-das-interpretacoes\/\" class=\"sidebar-link\">Interpreta\u00e7\u00f5es<\/a><\/div><div class=\"sidebar-button mb-2\"><a target=\"_blank\" href=\"\/pt-pt\/exposicoes\/espaco-das-radiacoes\/\" class=\"sidebar-link\">Radia\u00e7\u00f5es<\/a><\/div><div class=\"sidebar-button mb-2\"><a target=\"_blank\" href=\"\/pt-pt\/exposicoes\/espaco-agonias\/\" class=\"sidebar-link\">Agonias<\/a><\/div><div class=\"sidebar-button mb-2\"><a target=\"_blank\" href=\"\/pt-pt\/exposicoes\/espaco-das-reinvencoes\/\" class=\"sidebar-link\">Reinven\u00e7\u00f5es<\/a><\/div><\/div>\r\n                        <\/div>\r\n                        \r\n            <\/section>\n\n<section class=\"image-gallery-block bg-color-white\">\r\n\t\t\t        <div class=\"owl-carousel-slider \">\r\n\t\t\t\t\t            <div class=\"owl-carousel slider-carousel\">\r\n\t\t\t\t\t                <div>\r\n\t\t\t\t\t\t\t\t            <a href=\"https:\/\/www.mucivi.ch\/wp-content\/uploads\/2025\/06\/schreyer-1701761-1920x1278-1.jpg\" data-fancybox=\"gallery_69e789f5cbfec\" data-caption=\"Local: Museu das Civiliza\u00e7\u00f5es do Isl\u00e3o MUCIVI \u2013 La Chaux-de-Fonds \u2013 Neuch\u00e2tel \u2013 Su\u00ed\u00e7a \/ Direitos de uso exclusivamente para o MUCIVI\">\r\n\t\t\t\t\t\t\t\t                <img decoding=\"async\" src=\"https:\/\/www.mucivi.ch\/wp-content\/uploads\/2025\/06\/schreyer-1701761-1920x1278-1.jpg\" alt=\"Local: Museu das Civiliza\u00e7\u00f5es do Isl\u00e3o MUCIVI \u2013 La Chaux-de-Fonds \u2013 Neuch\u00e2tel \u2013 Su\u00ed\u00e7a \/ Direitos de uso exclusivamente para o MUCIVI\" \/>\r\n\t\t\t\t\t\t\t\t            <\/a>\r\n\t\t\t\t\t\t\t\t        <\/div><div>\r\n\t\t\t\t\t\t\t\t            <a href=\"https:\/\/www.mucivi.ch\/wp-content\/uploads\/2025\/06\/schreyer-1701672-1-1920x1278-1.jpg\" data-fancybox=\"gallery_69e789f5cbfec\" data-caption=\"Local: Museu das Civiliza\u00e7\u00f5es do Isl\u00e3o MUCIVI \u2013 La Chaux-de-Fonds \u2013 Neuch\u00e2tel \u2013 Su\u00ed\u00e7a \/ Direitos de uso exclusivamente para o MUCIVI\">\r\n\t\t\t\t\t\t\t\t                <img decoding=\"async\" src=\"https:\/\/www.mucivi.ch\/wp-content\/uploads\/2025\/06\/schreyer-1701672-1-1920x1278-1.jpg\" alt=\"Local: Museu das Civiliza\u00e7\u00f5es do Isl\u00e3o MUCIVI \u2013 La Chaux-de-Fonds \u2013 Neuch\u00e2tel \u2013 Su\u00ed\u00e7a \/ Direitos de uso exclusivamente para o MUCIVI\" \/>\r\n\t\t\t\t\t\t\t\t            <\/a>\r\n\t\t\t\t\t\t\t\t        <\/div><div>\r\n\t\t\t\t\t\t\t\t            <a href=\"https:\/\/www.mucivi.ch\/wp-content\/uploads\/2025\/06\/schreyer-1701673-1920x1278-1.jpg\" data-fancybox=\"gallery_69e789f5cbfec\" data-caption=\"Local: Museu das Civiliza\u00e7\u00f5es do Isl\u00e3o MUCIVI \u2013 La Chaux-de-Fonds \u2013 Neuch\u00e2tel \u2013 Su\u00ed\u00e7a \/ Direitos de uso exclusivamente para o MUCIVI\">\r\n\t\t\t\t\t\t\t\t                <img decoding=\"async\" src=\"https:\/\/www.mucivi.ch\/wp-content\/uploads\/2025\/06\/schreyer-1701673-1920x1278-1.jpg\" alt=\"Local: Museu das Civiliza\u00e7\u00f5es do Isl\u00e3o MUCIVI \u2013 La Chaux-de-Fonds \u2013 Neuch\u00e2tel \u2013 Su\u00ed\u00e7a \/ Direitos de uso exclusivamente para o MUCIVI\" \/>\r\n\t\t\t\t\t\t\t\t            <\/a>\r\n\t\t\t\t\t\t\t\t        <\/div><div>\r\n\t\t\t\t\t\t\t\t            <a href=\"https:\/\/www.mucivi.ch\/wp-content\/uploads\/2025\/06\/schreyer-1701759-1025x1280-1.jpg\" data-fancybox=\"gallery_69e789f5cbfec\" data-caption=\"Local: Museu das Civiliza\u00e7\u00f5es do Isl\u00e3o MUCIVI \u2013 La Chaux-de-Fonds \u2013 Neuch\u00e2tel \u2013 Su\u00ed\u00e7a \/ Direitos de uso exclusivamente para o MUCIVI\">\r\n\t\t\t\t\t\t\t\t                <img decoding=\"async\" src=\"https:\/\/www.mucivi.ch\/wp-content\/uploads\/2025\/06\/schreyer-1701759-1025x1280-1.jpg\" alt=\"Local: Museu das Civiliza\u00e7\u00f5es do Isl\u00e3o MUCIVI \u2013 La Chaux-de-Fonds \u2013 Neuch\u00e2tel \u2013 Su\u00ed\u00e7a \/ Direitos de uso exclusivamente para o MUCIVI\" \/>\r\n\t\t\t\t\t\t\t\t            <\/a>\r\n\t\t\t\t\t\t\t\t        <\/div><div>\r\n\t\t\t\t\t\t\t\t            <a href=\"https:\/\/www.mucivi.ch\/wp-content\/uploads\/2025\/06\/schreyer-1701760-1920x1280-1.jpg\" data-fancybox=\"gallery_69e789f5cbfec\" data-caption=\"Local: Museu das Civiliza\u00e7\u00f5es do Isl\u00e3o MUCIVI \u2013 La Chaux-de-Fonds \u2013 Neuch\u00e2tel \u2013 Su\u00ed\u00e7a \/ Direitos de uso exclusivamente para o MUCIVI\">\r\n\t\t\t\t\t\t\t\t                <img decoding=\"async\" src=\"https:\/\/www.mucivi.ch\/wp-content\/uploads\/2025\/06\/schreyer-1701760-1920x1280-1.jpg\" alt=\"Local: Museu das Civiliza\u00e7\u00f5es do Isl\u00e3o MUCIVI \u2013 La Chaux-de-Fonds \u2013 Neuch\u00e2tel \u2013 Su\u00ed\u00e7a \/ Direitos de uso exclusivamente para o MUCIVI\" \/>\r\n\t\t\t\t\t\t\t\t            <\/a>\r\n\t\t\t\t\t\t\t\t        <\/div>\r\n\t\t\t\t\t            <\/div>\r\n\t\t\t\t\t        <\/div>\r\n\t\t\t    <\/section>","protected":false},"excerpt":{"rendered":"","protected":false},"author":1,"featured_media":0,"parent":5035,"menu_order":0,"comment_status":"closed","ping_status":"closed","template":"","meta":{"footnotes":""},"class_list":["post-5450","page","type-page","status-publish","hentry"],"yoast_head":"<!-- This site is optimized with the Yoast SEO plugin v27.2 - https:\/\/yoast.com\/product\/yoast-seo-wordpress\/ -->\n<title>Espa\u00e7o das ignor\u00e2ncias - MUCIVI - Mus\u00e9e des civilisations de l\u2019Islam<\/title>\n<meta name=\"robots\" content=\"index, follow, max-snippet:-1, max-image-preview:large, max-video-preview:-1\" \/>\n<link rel=\"canonical\" href=\"https:\/\/www.mucivi.ch\/pt-pt\/exposicoes\/espaco-das-ignorancias\/\" \/>\n<meta property=\"og:locale\" content=\"pt_PT\" \/>\n<meta property=\"og:type\" content=\"article\" \/>\n<meta property=\"og:title\" content=\"Espa\u00e7o das ignor\u00e2ncias - MUCIVI - Mus\u00e9e des civilisations de l\u2019Islam\" \/>\n<meta property=\"og:url\" content=\"https:\/\/www.mucivi.ch\/pt-pt\/exposicoes\/espaco-das-ignorancias\/\" \/>\n<meta property=\"og:site_name\" content=\"MUCIVI - Mus\u00e9e des civilisations de l\u2019Islam\" \/>\n<meta property=\"article:publisher\" content=\"https:\/\/www.facebook.com\/mucivi\/\" \/>\n<meta property=\"article:modified_time\" content=\"2025-07-12T18:12:08+00:00\" \/>\n<meta property=\"og:image\" content=\"https:\/\/www.mucivi.ch\/wp-content\/uploads\/2025\/06\/1-white.png\" \/>\n<meta name=\"twitter:card\" content=\"summary_large_image\" \/>\n<meta name=\"twitter:site\" content=\"@muciviicms\" \/>\n<meta name=\"twitter:label1\" content=\"Tempo estimado de leitura\" \/>\n\t<meta name=\"twitter:data1\" content=\"2 minutos\" \/>\n<script type=\"application\/ld+json\" class=\"yoast-schema-graph\">{\"@context\":\"https:\/\/schema.org\",\"@graph\":[{\"@type\":\"WebPage\",\"@id\":\"https:\/\/www.mucivi.ch\/pt-pt\/exposicoes\/espaco-das-ignorancias\/\",\"url\":\"https:\/\/www.mucivi.ch\/pt-pt\/exposicoes\/espaco-das-ignorancias\/\",\"name\":\"Espa\u00e7o das ignor\u00e2ncias - MUCIVI - Mus\u00e9e des civilisations de l\u2019Islam\",\"isPartOf\":{\"@id\":\"https:\/\/www.mucivi.ch\/pt-pt\/#website\"},\"primaryImageOfPage\":{\"@id\":\"https:\/\/www.mucivi.ch\/pt-pt\/exposicoes\/espaco-das-ignorancias\/#primaryimage\"},\"image\":{\"@id\":\"https:\/\/www.mucivi.ch\/pt-pt\/exposicoes\/espaco-das-ignorancias\/#primaryimage\"},\"thumbnailUrl\":\"https:\/\/www.mucivi.ch\/wp-content\/uploads\/2025\/06\/1-white.png\",\"datePublished\":\"2025-06-02T15:03:01+00:00\",\"dateModified\":\"2025-07-12T18:12:08+00:00\",\"breadcrumb\":{\"@id\":\"https:\/\/www.mucivi.ch\/pt-pt\/exposicoes\/espaco-das-ignorancias\/#breadcrumb\"},\"inLanguage\":\"pt-PT\",\"potentialAction\":[{\"@type\":\"ReadAction\",\"target\":[\"https:\/\/www.mucivi.ch\/pt-pt\/exposicoes\/espaco-das-ignorancias\/\"]}]},{\"@type\":\"ImageObject\",\"inLanguage\":\"pt-PT\",\"@id\":\"https:\/\/www.mucivi.ch\/pt-pt\/exposicoes\/espaco-das-ignorancias\/#primaryimage\",\"url\":\"https:\/\/www.mucivi.ch\/wp-content\/uploads\/2025\/06\/1-white.png\",\"contentUrl\":\"https:\/\/www.mucivi.ch\/wp-content\/uploads\/2025\/06\/1-white.png\"},{\"@type\":\"BreadcrumbList\",\"@id\":\"https:\/\/www.mucivi.ch\/pt-pt\/exposicoes\/espaco-das-ignorancias\/#breadcrumb\",\"itemListElement\":[{\"@type\":\"ListItem\",\"position\":1,\"name\":\"Home\",\"item\":\"https:\/\/www.mucivi.ch\/pt-pt\/\"},{\"@type\":\"ListItem\",\"position\":2,\"name\":\"Exposi\u00e7\u00f5es\",\"item\":\"https:\/\/www.mucivi.ch\/pt-pt\/exposicoes\/\"},{\"@type\":\"ListItem\",\"position\":3,\"name\":\"Espa\u00e7o das ignor\u00e2ncias\"}]},{\"@type\":\"WebSite\",\"@id\":\"https:\/\/www.mucivi.ch\/pt-pt\/#website\",\"url\":\"https:\/\/www.mucivi.ch\/pt-pt\/\",\"name\":\"MUCIVI - Mus\u00e9e des civilisations de l\u2019Islam\",\"description\":\"\",\"publisher\":{\"@id\":\"https:\/\/www.mucivi.ch\/pt-pt\/#organization\"},\"potentialAction\":[{\"@type\":\"SearchAction\",\"target\":{\"@type\":\"EntryPoint\",\"urlTemplate\":\"https:\/\/www.mucivi.ch\/pt-pt\/?s={search_term_string}\"},\"query-input\":{\"@type\":\"PropertyValueSpecification\",\"valueRequired\":true,\"valueName\":\"search_term_string\"}}],\"inLanguage\":\"pt-PT\"},{\"@type\":\"Organization\",\"@id\":\"https:\/\/www.mucivi.ch\/pt-pt\/#organization\",\"name\":\"MUCIVI - Mus\u00e9e des civilisations de l\u2019Islam\",\"url\":\"https:\/\/www.mucivi.ch\/pt-pt\/\",\"logo\":{\"@type\":\"ImageObject\",\"inLanguage\":\"pt-PT\",\"@id\":\"https:\/\/www.mucivi.ch\/pt-pt\/#\/schema\/logo\/image\/\",\"url\":\"https:\/\/www.mucivi.ch\/wp-content\/uploads\/2025\/05\/480795629_651358377467373_1464767840871238280_n.jpg\",\"contentUrl\":\"https:\/\/www.mucivi.ch\/wp-content\/uploads\/2025\/05\/480795629_651358377467373_1464767840871238280_n.jpg\",\"width\":695,\"height\":329,\"caption\":\"MUCIVI - Mus\u00e9e des civilisations de l\u2019Islam\"},\"image\":{\"@id\":\"https:\/\/www.mucivi.ch\/pt-pt\/#\/schema\/logo\/image\/\"},\"sameAs\":[\"https:\/\/www.facebook.com\/mucivi\/\",\"https:\/\/x.com\/muciviicms\",\"https:\/\/www.instagram.com\/mucivi.ch\/\",\"https:\/\/www.youtube.com\/channel\/UCtLgFsJNSlqpJD0xnqa-hBw\"]}]}<\/script>\n<!-- \/ Yoast SEO plugin. -->","yoast_head_json":{"title":"Espa\u00e7o das ignor\u00e2ncias - MUCIVI - Mus\u00e9e des civilisations de l\u2019Islam","robots":{"index":"index","follow":"follow","max-snippet":"max-snippet:-1","max-image-preview":"max-image-preview:large","max-video-preview":"max-video-preview:-1"},"canonical":"https:\/\/www.mucivi.ch\/pt-pt\/exposicoes\/espaco-das-ignorancias\/","og_locale":"pt_PT","og_type":"article","og_title":"Espa\u00e7o das ignor\u00e2ncias - MUCIVI - Mus\u00e9e des civilisations de l\u2019Islam","og_url":"https:\/\/www.mucivi.ch\/pt-pt\/exposicoes\/espaco-das-ignorancias\/","og_site_name":"MUCIVI - Mus\u00e9e des civilisations de l\u2019Islam","article_publisher":"https:\/\/www.facebook.com\/mucivi\/","article_modified_time":"2025-07-12T18:12:08+00:00","og_image":[{"url":"https:\/\/www.mucivi.ch\/wp-content\/uploads\/2025\/06\/1-white.png","type":"","width":"","height":""}],"twitter_card":"summary_large_image","twitter_site":"@muciviicms","twitter_misc":{"Tempo estimado de leitura":"2 minutos"},"schema":{"@context":"https:\/\/schema.org","@graph":[{"@type":"WebPage","@id":"https:\/\/www.mucivi.ch\/pt-pt\/exposicoes\/espaco-das-ignorancias\/","url":"https:\/\/www.mucivi.ch\/pt-pt\/exposicoes\/espaco-das-ignorancias\/","name":"Espa\u00e7o das ignor\u00e2ncias - MUCIVI - Mus\u00e9e des civilisations de l\u2019Islam","isPartOf":{"@id":"https:\/\/www.mucivi.ch\/pt-pt\/#website"},"primaryImageOfPage":{"@id":"https:\/\/www.mucivi.ch\/pt-pt\/exposicoes\/espaco-das-ignorancias\/#primaryimage"},"image":{"@id":"https:\/\/www.mucivi.ch\/pt-pt\/exposicoes\/espaco-das-ignorancias\/#primaryimage"},"thumbnailUrl":"https:\/\/www.mucivi.ch\/wp-content\/uploads\/2025\/06\/1-white.png","datePublished":"2025-06-02T15:03:01+00:00","dateModified":"2025-07-12T18:12:08+00:00","breadcrumb":{"@id":"https:\/\/www.mucivi.ch\/pt-pt\/exposicoes\/espaco-das-ignorancias\/#breadcrumb"},"inLanguage":"pt-PT","potentialAction":[{"@type":"ReadAction","target":["https:\/\/www.mucivi.ch\/pt-pt\/exposicoes\/espaco-das-ignorancias\/"]}]},{"@type":"ImageObject","inLanguage":"pt-PT","@id":"https:\/\/www.mucivi.ch\/pt-pt\/exposicoes\/espaco-das-ignorancias\/#primaryimage","url":"https:\/\/www.mucivi.ch\/wp-content\/uploads\/2025\/06\/1-white.png","contentUrl":"https:\/\/www.mucivi.ch\/wp-content\/uploads\/2025\/06\/1-white.png"},{"@type":"BreadcrumbList","@id":"https:\/\/www.mucivi.ch\/pt-pt\/exposicoes\/espaco-das-ignorancias\/#breadcrumb","itemListElement":[{"@type":"ListItem","position":1,"name":"Home","item":"https:\/\/www.mucivi.ch\/pt-pt\/"},{"@type":"ListItem","position":2,"name":"Exposi\u00e7\u00f5es","item":"https:\/\/www.mucivi.ch\/pt-pt\/exposicoes\/"},{"@type":"ListItem","position":3,"name":"Espa\u00e7o das ignor\u00e2ncias"}]},{"@type":"WebSite","@id":"https:\/\/www.mucivi.ch\/pt-pt\/#website","url":"https:\/\/www.mucivi.ch\/pt-pt\/","name":"MUCIVI - Mus\u00e9e des civilisations de l\u2019Islam","description":"","publisher":{"@id":"https:\/\/www.mucivi.ch\/pt-pt\/#organization"},"potentialAction":[{"@type":"SearchAction","target":{"@type":"EntryPoint","urlTemplate":"https:\/\/www.mucivi.ch\/pt-pt\/?s={search_term_string}"},"query-input":{"@type":"PropertyValueSpecification","valueRequired":true,"valueName":"search_term_string"}}],"inLanguage":"pt-PT"},{"@type":"Organization","@id":"https:\/\/www.mucivi.ch\/pt-pt\/#organization","name":"MUCIVI - Mus\u00e9e des civilisations de l\u2019Islam","url":"https:\/\/www.mucivi.ch\/pt-pt\/","logo":{"@type":"ImageObject","inLanguage":"pt-PT","@id":"https:\/\/www.mucivi.ch\/pt-pt\/#\/schema\/logo\/image\/","url":"https:\/\/www.mucivi.ch\/wp-content\/uploads\/2025\/05\/480795629_651358377467373_1464767840871238280_n.jpg","contentUrl":"https:\/\/www.mucivi.ch\/wp-content\/uploads\/2025\/05\/480795629_651358377467373_1464767840871238280_n.jpg","width":695,"height":329,"caption":"MUCIVI - Mus\u00e9e des civilisations de l\u2019Islam"},"image":{"@id":"https:\/\/www.mucivi.ch\/pt-pt\/#\/schema\/logo\/image\/"},"sameAs":["https:\/\/www.facebook.com\/mucivi\/","https:\/\/x.com\/muciviicms","https:\/\/www.instagram.com\/mucivi.ch\/","https:\/\/www.youtube.com\/channel\/UCtLgFsJNSlqpJD0xnqa-hBw"]}]}},"_links":{"self":[{"href":"https:\/\/www.mucivi.ch\/pt-pt\/wp-json\/wp\/v2\/pages\/5450","targetHints":{"allow":["GET"]}}],"collection":[{"href":"https:\/\/www.mucivi.ch\/pt-pt\/wp-json\/wp\/v2\/pages"}],"about":[{"href":"https:\/\/www.mucivi.ch\/pt-pt\/wp-json\/wp\/v2\/types\/page"}],"author":[{"embeddable":true,"href":"https:\/\/www.mucivi.ch\/pt-pt\/wp-json\/wp\/v2\/users\/1"}],"replies":[{"embeddable":true,"href":"https:\/\/www.mucivi.ch\/pt-pt\/wp-json\/wp\/v2\/comments?post=5450"}],"version-history":[{"count":2,"href":"https:\/\/www.mucivi.ch\/pt-pt\/wp-json\/wp\/v2\/pages\/5450\/revisions"}],"predecessor-version":[{"id":5513,"href":"https:\/\/www.mucivi.ch\/pt-pt\/wp-json\/wp\/v2\/pages\/5450\/revisions\/5513"}],"up":[{"embeddable":true,"href":"https:\/\/www.mucivi.ch\/pt-pt\/wp-json\/wp\/v2\/pages\/5035"}],"wp:attachment":[{"href":"https:\/\/www.mucivi.ch\/pt-pt\/wp-json\/wp\/v2\/media?parent=5450"}],"curies":[{"name":"wp","href":"https:\/\/api.w.org\/{rel}","templated":true}]}}