{"id":2901,"date":"2025-06-02T14:59:48","date_gmt":"2025-06-02T14:59:48","guid":{"rendered":"https:\/\/www.mucivi.ch\/actualites\/"},"modified":"2025-07-11T22:04:07","modified_gmt":"2025-07-11T22:04:07","slug":"lajme","status":"publish","type":"page","link":"https:\/\/www.mucivi.ch\/sq\/lajme\/","title":{"rendered":"Lajme"},"content":{"rendered":"\r\n        <style>\r\n             .showcase-section-block-69d8eb2112ee0 {\r\n                background-image: url(https:\/\/www.mucivi.ch\/wp-content\/uploads\/2025\/06\/schreyer-1701670-2560x2048-1.jpg);\r\n                background-attachment: scroll;\r\n                background-size: cover;  \r\n                background-repeat: no-repeat; \r\n                background-position: center center;\r\n                overflow: hidden;\r\n                color:  var(--mucivi-white);\r\n            }\r\n\r\n            @media (max-width: 1024px) {\r\n                 .showcase-section-block-69d8eb2112ee0 {\r\n                    background-attachment: scroll;\r\n                }\r\n            }\r\n        <\/style><section class=\"showcase-section-block showcase-section-block-69d8eb2112ee0\">   \r\n\t\t\t\t\t\t\t\t        <div class=\"container showcase-section-container showcase-section-banner\">\r\n\t\t\t\t\t\t\t\t                 <div class=\"showcase-overlay-picture\"><\/div>\r\n\t\t\t\t\t\t\t\t                    <div class=\"showcase-overlay\"><\/div>\r\n\t\t\t\t\t\t\t\t                <div class=\"showcase-section d-flex flex-column align-items-start justify-content-evenly text-start\">\r\n\t\t\t\t\t            <div class=\"showcase-content\">\r\n\t\t\t\t\t\t\t\t\t<h1 class=\"showcase-title\">Lajme<\/h1>\r\n\t\t\t\t\t                <p class=\"showcase-description\"><\/p>\r\n\t\t\t\t\t                  <div class=\"showcase-section-button\">\r\n\t\t\t\t\t                    \r\n\t\t\t\t\t                  <\/div>\r\n\t\t\t\t\t            <\/div>\r\n\t\t\t\t\t        <\/div>\r\n\t\t\t\t\t\t\t\t        <\/div>\r\n\t\t\t\t\t\t\t\t    <\/section>\n\n\r\n\t\t            <section class=\"announcements-block bg-color-white\" id=\"announcements_69d8eb21132b7\">\r\n\t\t                <div class=\"container d-flex flex-column flex-lg-row\">\r\n\t\t                    <div class=\"col-12 col-lg-9\">\r\n\t\t                        \r\n\t\t\t\t\t\t                <div class=\"announcement-item py-5\">\r\n\t\t\t\t\t\t                    \r\n\t\t\t\t\t\t                    <h2 class=\"text-color-black\">Konferenca e zotit Pierre Coullet<\/h2>\r\n\t\t\t\t\t\t                    \r\n\t\t\t\t\t\t                    <div class=\"my-3\"><p>E premte, 28 shkurt 2020, n\u00eb or\u00ebn 18:00<\/p>\n<p>\u00ab Drita n\u00eb tok\u00ebn e Islamit \u00bb<\/p>\n<\/div>\r\n\t\t\t\t\t\t                    <div class=\"mt-4\">\r\n\t\t\t\t\t\t\t\t\t\t\t\t\t\t\t<a href=\"\/wp-content\/uploads\/2025\/06\/conference-pierre-couletv2.pdf\" target=\"_blank\" class=\"btn-full btn-full-primary\">Shkarko PDF-n\u00eb<\/a>\r\n\t\t\t\t\t\t\t\t\t\t\t\t\t <\/div>\r\n\t\t\t\t\t\t                <\/div>\r\n\t\t\t\t\t\t                <div class=\"announcement-item py-5\">\r\n\t\t\t\t\t\t                    \r\n\t\t\t\t\t\t                    <h2 class=\"text-color-black\">Konferenca e zotit Majed Chergui<\/h2>\r\n\t\t\t\t\t\t                    \r\n\t\t\t\t\t\t                    <div class=\"my-3\"><p>E premte, 04 tetor 2019, n\u00eb or\u00ebn 18:30<\/p>\n<p>\u00ab Optika dhe lindja e metod\u00ebs eksperimentale \u00bb<\/p>\n<\/div>\r\n\t\t\t\t\t\t                    <div class=\"mt-4\">\r\n\t\t\t\t\t\t\t\t\t\t\t\t\t\t\t<a href=\"\/wp-content\/uploads\/2025\/06\/photo-2019-09-05-16-45-38.jpg\" target=\"_blank\" class=\"btn-full btn-full-primary\">Shkarko PDF-n\u00eb<\/a>\r\n\t\t\t\t\t\t\t\t\t\t\t\t\t <\/div>\r\n\t\t\t\t\t\t                <\/div>\r\n\t\t\t\t\t\t                <div class=\"announcement-item py-5\">\r\n\t\t\t\t\t\t                    \r\n\t\t\t\t\t\t                    <h2 class=\"text-color-black\">Konferenca e zotri Denis Savoie, me rastin e p\u00ebrvjetorit t\u00eb tret\u00eb t\u00eb MUCIVI-s\u00eb.<\/h2>\r\n\t\t\t\t\t\t                    \r\n\t\t\t\t\t\t                    <div class=\"my-3\"><p>E premte, 24 maj 2019, n\u00eb or\u00ebn 18:30<\/p>\n<p>\u00ab Kontributi i bot\u00ebs arabe-myslimane mesjetare n\u00eb fush\u00ebn e astronomis\u00eb. Astrolab\u00ebt dhe or\u00ebt diellore \u00bb<\/p>\n<\/div>\r\n\t\t\t\t\t\t                    <div class=\"mt-4\">\r\n\t\t\t\t\t\t\t\t\t\t\t\t\t\t\t<a href=\"\/wp-content\/uploads\/2025\/06\/denis-savoie-1.png\" target=\"_blank\" class=\"btn-full btn-full-primary\">Shkarko PDF-n\u00eb<\/a>\r\n\t\t\t\t\t\t\t\t\t\t\t\t\t <\/div>\r\n\t\t\t\t\t\t                <\/div>\r\n\t\t\t\t\t\t                <div class=\"announcement-item py-5\">\r\n\t\t\t\t\t\t                    \r\n\t\t\t\t\t\t                    <h2 class=\"text-color-black\">Nata dhe Dita e muzeve n\u00eb Neuch\u00e2tel 2019<\/h2>\r\n\t\t\t\t\t\t                    \r\n\t\t\t\t\t\t                    <div class=\"my-3\"><p>Samedi 18 mai 2019, d\u00e8s 18h<\/p>\n<p>\u00ab R\u00e9v\u00e9lations: lorsque la lumi\u00e8re \u00e9carte les t\u00e9n\u00e8bres\u00bb<br \/>\nDimanche 19 mai 2019, d\u00e8s 12h<\/p>\n<p>\u00ab R\u00e9inventions: nourrir le futur avec le pass\u00e9 et le pr\u00e9sent \u00bb<\/p>\n<\/div>\r\n\t\t\t\t\t\t                    <div class=\"mt-4\">\r\n\t\t\t\t\t\t\t\t\t\t\t\t\t\t\t<a href=\"\/wp-content\/uploads\/2025\/06\/ne-ndm-jdm19-final.pdf\" target=\"_self\" class=\"btn-full btn-full-primary\">Shkarko PDF-n\u00eb<\/a>\r\n\t\t\t\t\t\t\t\t\t\t\t\t\t <\/div>\r\n\t\t\t\t\t\t                <\/div>\r\n\t\t\t\t\t\t                <div class=\"announcement-item py-5\">\r\n\t\t\t\t\t\t                    \r\n\t\t\t\t\t\t                    <h2 class=\"text-color-black\">Konferenca e zotit Azzedine Boudrioua n\u00eb Universitetin e Gjenev\u00ebs, UniMail<\/h2>\r\n\t\t\t\t\t\t                    \r\n\t\t\t\t\t\t                    <div class=\"my-3\"><p>E premte, 3 maj 2019, n\u00eb or\u00ebn 18:30 \u2013 UniMail, Sala MR070<\/p>\n<p>\u00ab Tradita shkencore arabe e periudh\u00ebs mesjetare: shembulli i shkencave t\u00eb drit\u00ebs \u00bb<\/p>\n<p>Nj\u00eb bashk\u00ebpunim midis MUCIVI-s\u00eb dhe Shoqat\u00ebs Myslimane t\u00eb Student\u00ebve t\u00eb Universitetit t\u00eb Gjenev\u00ebs<\/p>\n<\/div>\r\n\t\t\t\t\t\t                    <div class=\"mt-4\">\r\n\t\t\t\t\t\t\t\t\t\t\t\t\t\t\t<a href=\"\/wp-content\/uploads\/2025\/06\/conf-aboudrioua-pdf.pdf\" target=\"_self\" class=\"btn-full btn-full-primary\">Shkarko PDF-n\u00eb<\/a>\r\n\t\t\t\t\t\t\t\t\t\t\t\t\t <\/div>\r\n\t\t\t\t\t\t                <\/div>\r\n\t\t\t\t\t\t                <div class=\"announcement-item py-5\">\r\n\t\t\t\t\t\t                    \r\n\t\t\t\t\t\t                    <h2 class=\"text-color-black\">Konferenca e zotit Azzedine Boudrioua<\/h2>\r\n\t\t\t\t\t\t                    \r\n\t\t\t\t\t\t                    <div class=\"my-3\"><p>E premte, 25 janar 2019, n\u00eb or\u00ebn 18:30<\/p>\n<p>\u00abTradita shkencore arabe gjat\u00eb periudh\u00ebs mesjetare: shembull nga shkencat e drit\u00ebs\u00bb<\/p>\n<\/div>\r\n\t\t\t\t\t\t                    <div class=\"mt-4\">\r\n\t\t\t\t\t\t\t\t\t\t\t\t\t\t\t<a href=\"\/wp-content\/uploads\/2025\/06\/azzedine-boudrioua-1.png\" target=\"_self\" class=\"btn-full btn-full-primary\">Shkarko PDF-n\u00eb<\/a>\r\n\t\t\t\t\t\t\t\t\t\t\t\t\t <\/div>\r\n\t\t\t\t\t\t                <\/div>\r\n\t\t\t\t\t\t                <div class=\"announcement-item py-5\">\r\n\t\t\t\t\t\t                    \r\n\t\t\t\t\t\t                    <h2 class=\"text-color-black\">Cikli i konferencave 2018\/2019<\/h2>\r\n\t\t\t\t\t\t                    \r\n\t\t\t\t\t\t                    <div class=\"my-3\"><p>Konferenca e zotit Roger Bruyeron<\/p>\n<p>E premte, 21 shtator 2018, n\u00eb or\u00ebn 18:30<\/p>\n<p>\u00abAktualiteti i debatit mesjetar mbi p\u00ebrjet\u00ebsin\u00eb e bot\u00ebs\u00bb<\/p>\n<\/div>\r\n\t\t\t\t\t\t                    <div class=\"mt-4\">\r\n\t\t\t\t\t\t\t\t\t\t\t\t\t\t\t<a href=\"\/wp-content\/uploads\/2025\/06\/compte-rendu-de-la-conference-de-monsieur-roger-bruyeron.docx\" target=\"_blank\" class=\"btn-full btn-full-primary\">Shkarko p\u00ebrmbledhjen e konferenc\u00ebs<\/a>\r\n\t\t\t\t\t\t\t\t\t\t\t\t\t <\/div>\r\n\t\t\t\t\t\t                <\/div>\r\n\t\t\t\t\t\t                <div class=\"announcement-item py-5\">\r\n\t\t\t\t\t\t                    \r\n\t\t\t\t\t\t                    <h2 class=\"text-color-black\">Konferenca e zotit Azzedine Boudrioua<\/h2>\r\n\t\t\t\t\t\t                    \r\n\t\t\t\t\t\t                    <div class=\"my-3\"><p>E premte, 25 janar 2019, n\u00eb or\u00ebn 18:30<\/p>\n<p>Konferenca e zotit Denis Savoie<\/p>\n<p>E premte, 24 maj 2019, n\u00eb or\u00ebn 18:30<\/p>\n<\/div>\r\n\t\t\t\t\t\t                    <div class=\"mt-4\">\r\n\t\t\t\t\t\t\t\t\t\t\t\t\t\t\t<a href=\"\/wp-content\/uploads\/2025\/06\/conference-2018-19.pdf\" target=\"_self\" class=\"btn-full btn-full-primary\">Shkarko PDF-n\u00eb<\/a>\r\n\t\t\t\t\t\t\t\t\t\t\t\t\t <\/div>\r\n\t\t\t\t\t\t                <\/div>\r\n\t\t\t\t\t\t                <div class=\"announcement-item py-5\">\r\n\t\t\t\t\t\t                    \r\n\t\t\t\t\t\t                    <h2 class=\"text-color-black\">Me rastin e p\u00ebrvjetorit t\u00eb 2-t\u00eb t\u00eb Mucivi-t<\/h2>\r\n\t\t\t\t\t\t                    \r\n\t\t\t\t\t\t                    <div class=\"my-3\"><p>Konferenca e zotit Ali Benmakhlouf<\/p>\n<p>E diel, 27 maj 2018, n\u00eb or\u00ebn 18:30<\/p>\n<p>\u00abLogjika dhe mjek\u00ebsia te filozof\u00ebt arab\u00eb\u00bb<\/p>\n<\/div>\r\n\t\t\t\t\t\t                    <div class=\"mt-4\">\r\n\t\t\t\t\t\t\t\t\t\t\t\t\t\t\t<a href=\"\/wp-content\/uploads\/2025\/06\/2e-anniversaire-mucivi.pdf\" target=\"_self\" class=\"btn-full btn-full-primary\">Shkarko PDF-n\u00eb<\/a>\r\n\t\t\t\t\t\t\t\t\t\t\t\t\t <\/div>\r\n\t\t\t\t\t\t                <\/div>\r\n\t\t\t\t\t\t                <div class=\"announcement-item py-5\">\r\n\t\t\t\t\t\t                    \r\n\t\t\t\t\t\t                    <h2 class=\"text-color-black\">Nata dhe Dita e muzeve t\u00eb Neuch\u00e2tel-it<\/h2>\r\n\t\t\t\t\t\t                    \r\n\t\t\t\t\t\t                    <div class=\"my-3\"><p>E shtun\u00eb, 12 maj 2018, nga ora 18:00<br \/>\n\u00abE err\u00ebta, nga nj\u00eb konceptim i bot\u00ebs n\u00eb nj\u00eb tjet\u00ebr\u00bb<\/p>\n<p>E diel, 13 maj 2018, nga ora 10:00<\/p>\n<p>\u00abTradita e njohurive shkencore\u00bb<\/p>\n<\/div>\r\n\t\t\t\t\t\t                    <div class=\"mt-4\">\r\n\t\t\t\t\t\t\t\t\t\t\t\t\t\t\t<a href=\"\/wp-content\/uploads\/2025\/06\/1d7c1a_b3335273a075404eb5d74453cfbee56b.pdf\" target=\"_self\" class=\"btn-full btn-full-primary\">Shkarko PDF-n\u00eb<\/a>\r\n\t\t\t\t\t\t\t\t\t\t\t\t\t <\/div>\r\n\t\t\t\t\t\t                <\/div>\r\n\t\t\t\t\t\t                <div class=\"announcement-item py-5\">\r\n\t\t\t\t\t\t                    \r\n\t\t\t\t\t\t                    <h2 class=\"text-color-black\">Konferenca e zotit Pierre Frantz<\/h2>\r\n\t\t\t\t\t\t                    \r\n\t\t\t\t\t\t                    <div class=\"my-3\"><p>E premte, 26 janar 2018, n\u00eb or\u00ebn 18:30<\/p>\n<p>\u00abVoltaire dhe Islami, rreth figur\u00ebs s\u00eb Muhametit\u00bb<\/p>\n<\/div>\r\n\t\t\t\t\t\t                    <div class=\"mt-4\">\r\n\t\t\t\t\t\t\t\t\t\t\t\t\t\t\t<a href=\"\/wp-content\/uploads\/2025\/06\/conf-pf-final.pdf\" target=\"_self\" class=\"btn-full btn-full-primary\">Shkarko PDF-n\u00eb<\/a>\r\n\t\t\t\t\t\t\t\t\t\t\t\t\t <\/div>\r\n\t\t\t\t\t\t                <\/div>\r\n\t\t\t\t\t\t                <div class=\"announcement-item py-5\">\r\n\t\t\t\t\t\t                    \r\n\t\t\t\t\t\t                    <h2 class=\"text-color-black\">P\u00ebrmbledhje e konferenc\u00ebs s\u00eb zotit Roger Bruyeron t\u00eb premten, m\u00eb 27 maj 2017<\/h2>\r\n\t\t\t\t\t\t                    \r\n\t\t\t\t\t\t                    <div class=\"my-3\"><p>\u00abNdikimi i mendimit arabo-musliman n\u00eb zhvillimin intelektual t\u00eb Per\u00ebndimit mesjetar\u00bb<\/p>\n<\/div>\r\n\t\t\t\t\t\t                    <div class=\"mt-4\">\r\n\t\t\t\t\t\t\t\t\t\t\t\t\t\t\t<a href=\"\/wp-content\/uploads\/2025\/06\/compte-rendu-de-la-conference-de-monsieur-roger-bruyeron.pdf\" target=\"_self\" class=\"btn-full btn-full-primary\">Shkarko PDF-n\u00eb<\/a>\r\n\t\t\t\t\t\t\t\t\t\t\t\t\t <\/div>\r\n\t\t\t\t\t\t                <\/div>\r\n\t\t\t\t\t\t                <div class=\"announcement-item py-5\">\r\n\t\t\t\t\t\t                    \r\n\t\t\t\t\t\t                    <h2 class=\"text-color-black\">Konferenca e zotit Olivier Roy<\/h2>\r\n\t\t\t\t\t\t                    \r\n\t\t\t\t\t\t                    <div class=\"my-3\"><p>E mart\u00eb, 26 shtator 2017, n\u00eb or\u00ebn 18:30<\/p>\n<p>\u00abDeri n\u00eb \u00e7far\u00eb mase tensionet aktuale me Islamin i detyrojn\u00eb evropian\u00ebt t\u00eb rishqyrtojn\u00eb funksionin e fes\u00eb\u00bb<\/p>\n<\/div>\r\n\t\t\t\t\t\t                    <div class=\"mt-4\">\r\n\t\t\t\t\t\t\t\t\t\t\t\t\t\t\t<a href=\"\/wp-content\/uploads\/2025\/06\/communique-conference-olivier-roy.pdf\" target=\"_self\" class=\"btn-full btn-full-primary\">Shkarko PDF-n\u00eb<\/a>\r\n\t\t\t\t\t\t\t\t\t\t\t\t\t <\/div>\r\n\t\t\t\t\t\t                <\/div>\r\n\t\t                    <\/div>\r\n\t\t                    <div class=\"sidebar-container col-12 col-lg-3 ps-lg-5 py-5\">\r\n\t\t                        \r\n\r\n\t\t<div class=\"sidebar-title\">\r\n\t\t   Rubrika\r\n\t\t<\/div>\r\n\t\t<div class=\"sidebar-buttons mt-4\"><div class=\"sidebar-button mb-2\"><a target=\"_blank\" href=\"\/sq\/lajme\/\" class=\"sidebar-link\">Lajme<\/a><\/div><div class=\"sidebar-button mb-2\"><a target=\"_blank\" href=\"\/sq\/lajme\/vizita-te-nderuara\/\" class=\"sidebar-link\">Vizita nderore<\/a><\/div><div class=\"sidebar-button mb-2\"><a target=\"_blank\" href=\"\/sq\/lajme\/fotografi-nga-konferencat\/\" class=\"sidebar-link\">Fotografi t\u00eb konferencave<\/a><\/div><div class=\"sidebar-button mb-2\"><a target=\"_blank\" href=\"\/sq\/lajme\/nata-dhe-dita-e-muzeve\/\" class=\"sidebar-link\">Nata dhe Dita e muzeve<\/a><\/div><\/div>\r\n\t\t                    <\/div>\r\n\t\t                <\/div>\r\n\t\t            <\/section>\n\n\n<div style=\"height:100px\" aria-hidden=\"true\" class=\"wp-block-spacer\"><\/div>\n","protected":false},"excerpt":{"rendered":"","protected":false},"author":1,"featured_media":0,"parent":0,"menu_order":0,"comment_status":"closed","ping_status":"closed","template":"","meta":{"footnotes":""},"class_list":["post-2901","page","type-page","status-publish","hentry"],"yoast_head":"<!-- This site is optimized with the Yoast SEO plugin v27.2 - https:\/\/yoast.com\/product\/yoast-seo-wordpress\/ -->\n<title>Lajme - MUCIVI - Mus\u00e9e des civilisations de l\u2019Islam<\/title>\n<meta name=\"robots\" content=\"index, follow, max-snippet:-1, max-image-preview:large, max-video-preview:-1\" \/>\n<link rel=\"canonical\" href=\"https:\/\/www.mucivi.ch\/sq\/lajme\/\" \/>\n<meta property=\"og:locale\" content=\"sq_AL\" \/>\n<meta property=\"og:type\" content=\"article\" \/>\n<meta property=\"og:title\" content=\"Lajme - MUCIVI - Mus\u00e9e des civilisations de l\u2019Islam\" \/>\n<meta property=\"og:url\" content=\"https:\/\/www.mucivi.ch\/sq\/lajme\/\" \/>\n<meta property=\"og:site_name\" content=\"MUCIVI - Mus\u00e9e des civilisations de l\u2019Islam\" \/>\n<meta property=\"article:publisher\" content=\"https:\/\/www.facebook.com\/mucivi\/\" \/>\n<meta property=\"article:modified_time\" content=\"2025-07-11T22:04:07+00:00\" \/>\n<meta property=\"og:image\" content=\"https:\/\/www.mucivi.ch\/wp-content\/uploads\/2025\/05\/480795629_651358377467373_1464767840871238280_n.jpg\" \/>\n\t<meta property=\"og:image:width\" content=\"695\" \/>\n\t<meta property=\"og:image:height\" content=\"329\" \/>\n\t<meta property=\"og:image:type\" content=\"image\/jpeg\" \/>\n<meta name=\"twitter:card\" content=\"summary_large_image\" \/>\n<meta name=\"twitter:site\" content=\"@muciviicms\" \/>\n<script type=\"application\/ld+json\" class=\"yoast-schema-graph\">{\"@context\":\"https:\/\/schema.org\",\"@graph\":[{\"@type\":\"WebPage\",\"@id\":\"https:\/\/www.mucivi.ch\/sq\/lajme\/\",\"url\":\"https:\/\/www.mucivi.ch\/sq\/lajme\/\",\"name\":\"Lajme - MUCIVI - Mus\u00e9e des civilisations de l\u2019Islam\",\"isPartOf\":{\"@id\":\"https:\/\/www.mucivi.ch\/sq\/#website\"},\"datePublished\":\"2025-06-02T14:59:48+00:00\",\"dateModified\":\"2025-07-11T22:04:07+00:00\",\"breadcrumb\":{\"@id\":\"https:\/\/www.mucivi.ch\/sq\/lajme\/#breadcrumb\"},\"inLanguage\":\"sq-AL\",\"potentialAction\":[{\"@type\":\"ReadAction\",\"target\":[\"https:\/\/www.mucivi.ch\/sq\/lajme\/\"]}]},{\"@type\":\"BreadcrumbList\",\"@id\":\"https:\/\/www.mucivi.ch\/sq\/lajme\/#breadcrumb\",\"itemListElement\":[{\"@type\":\"ListItem\",\"position\":1,\"name\":\"Home\",\"item\":\"https:\/\/www.mucivi.ch\/sq\/\"},{\"@type\":\"ListItem\",\"position\":2,\"name\":\"Lajme\"}]},{\"@type\":\"WebSite\",\"@id\":\"https:\/\/www.mucivi.ch\/sq\/#website\",\"url\":\"https:\/\/www.mucivi.ch\/sq\/\",\"name\":\"MUCIVI - Mus\u00e9e des civilisations de l\u2019Islam\",\"description\":\"\",\"publisher\":{\"@id\":\"https:\/\/www.mucivi.ch\/sq\/#organization\"},\"potentialAction\":[{\"@type\":\"SearchAction\",\"target\":{\"@type\":\"EntryPoint\",\"urlTemplate\":\"https:\/\/www.mucivi.ch\/sq\/?s={search_term_string}\"},\"query-input\":{\"@type\":\"PropertyValueSpecification\",\"valueRequired\":true,\"valueName\":\"search_term_string\"}}],\"inLanguage\":\"sq-AL\"},{\"@type\":\"Organization\",\"@id\":\"https:\/\/www.mucivi.ch\/sq\/#organization\",\"name\":\"MUCIVI - Mus\u00e9e des civilisations de l\u2019Islam\",\"url\":\"https:\/\/www.mucivi.ch\/sq\/\",\"logo\":{\"@type\":\"ImageObject\",\"inLanguage\":\"sq-AL\",\"@id\":\"https:\/\/www.mucivi.ch\/sq\/#\/schema\/logo\/image\/\",\"url\":\"https:\/\/www.mucivi.ch\/wp-content\/uploads\/2025\/05\/480795629_651358377467373_1464767840871238280_n.jpg\",\"contentUrl\":\"https:\/\/www.mucivi.ch\/wp-content\/uploads\/2025\/05\/480795629_651358377467373_1464767840871238280_n.jpg\",\"width\":695,\"height\":329,\"caption\":\"MUCIVI - Mus\u00e9e des civilisations de l\u2019Islam\"},\"image\":{\"@id\":\"https:\/\/www.mucivi.ch\/sq\/#\/schema\/logo\/image\/\"},\"sameAs\":[\"https:\/\/www.facebook.com\/mucivi\/\",\"https:\/\/x.com\/muciviicms\",\"https:\/\/www.instagram.com\/mucivi.ch\/\",\"https:\/\/www.youtube.com\/channel\/UCtLgFsJNSlqpJD0xnqa-hBw\"]}]}<\/script>\n<!-- \/ Yoast SEO plugin. -->","yoast_head_json":{"title":"Lajme - MUCIVI - Mus\u00e9e des civilisations de l\u2019Islam","robots":{"index":"index","follow":"follow","max-snippet":"max-snippet:-1","max-image-preview":"max-image-preview:large","max-video-preview":"max-video-preview:-1"},"canonical":"https:\/\/www.mucivi.ch\/sq\/lajme\/","og_locale":"sq_AL","og_type":"article","og_title":"Lajme - MUCIVI - Mus\u00e9e des civilisations de l\u2019Islam","og_url":"https:\/\/www.mucivi.ch\/sq\/lajme\/","og_site_name":"MUCIVI - Mus\u00e9e des civilisations de l\u2019Islam","article_publisher":"https:\/\/www.facebook.com\/mucivi\/","article_modified_time":"2025-07-11T22:04:07+00:00","og_image":[{"width":695,"height":329,"url":"https:\/\/www.mucivi.ch\/wp-content\/uploads\/2025\/05\/480795629_651358377467373_1464767840871238280_n.jpg","type":"image\/jpeg"}],"twitter_card":"summary_large_image","twitter_site":"@muciviicms","schema":{"@context":"https:\/\/schema.org","@graph":[{"@type":"WebPage","@id":"https:\/\/www.mucivi.ch\/sq\/lajme\/","url":"https:\/\/www.mucivi.ch\/sq\/lajme\/","name":"Lajme - MUCIVI - Mus\u00e9e des civilisations de l\u2019Islam","isPartOf":{"@id":"https:\/\/www.mucivi.ch\/sq\/#website"},"datePublished":"2025-06-02T14:59:48+00:00","dateModified":"2025-07-11T22:04:07+00:00","breadcrumb":{"@id":"https:\/\/www.mucivi.ch\/sq\/lajme\/#breadcrumb"},"inLanguage":"sq-AL","potentialAction":[{"@type":"ReadAction","target":["https:\/\/www.mucivi.ch\/sq\/lajme\/"]}]},{"@type":"BreadcrumbList","@id":"https:\/\/www.mucivi.ch\/sq\/lajme\/#breadcrumb","itemListElement":[{"@type":"ListItem","position":1,"name":"Home","item":"https:\/\/www.mucivi.ch\/sq\/"},{"@type":"ListItem","position":2,"name":"Lajme"}]},{"@type":"WebSite","@id":"https:\/\/www.mucivi.ch\/sq\/#website","url":"https:\/\/www.mucivi.ch\/sq\/","name":"MUCIVI - Mus\u00e9e des civilisations de l\u2019Islam","description":"","publisher":{"@id":"https:\/\/www.mucivi.ch\/sq\/#organization"},"potentialAction":[{"@type":"SearchAction","target":{"@type":"EntryPoint","urlTemplate":"https:\/\/www.mucivi.ch\/sq\/?s={search_term_string}"},"query-input":{"@type":"PropertyValueSpecification","valueRequired":true,"valueName":"search_term_string"}}],"inLanguage":"sq-AL"},{"@type":"Organization","@id":"https:\/\/www.mucivi.ch\/sq\/#organization","name":"MUCIVI - Mus\u00e9e des civilisations de l\u2019Islam","url":"https:\/\/www.mucivi.ch\/sq\/","logo":{"@type":"ImageObject","inLanguage":"sq-AL","@id":"https:\/\/www.mucivi.ch\/sq\/#\/schema\/logo\/image\/","url":"https:\/\/www.mucivi.ch\/wp-content\/uploads\/2025\/05\/480795629_651358377467373_1464767840871238280_n.jpg","contentUrl":"https:\/\/www.mucivi.ch\/wp-content\/uploads\/2025\/05\/480795629_651358377467373_1464767840871238280_n.jpg","width":695,"height":329,"caption":"MUCIVI - Mus\u00e9e des civilisations de l\u2019Islam"},"image":{"@id":"https:\/\/www.mucivi.ch\/sq\/#\/schema\/logo\/image\/"},"sameAs":["https:\/\/www.facebook.com\/mucivi\/","https:\/\/x.com\/muciviicms","https:\/\/www.instagram.com\/mucivi.ch\/","https:\/\/www.youtube.com\/channel\/UCtLgFsJNSlqpJD0xnqa-hBw"]}]}},"_links":{"self":[{"href":"https:\/\/www.mucivi.ch\/sq\/wp-json\/wp\/v2\/pages\/2901","targetHints":{"allow":["GET"]}}],"collection":[{"href":"https:\/\/www.mucivi.ch\/sq\/wp-json\/wp\/v2\/pages"}],"about":[{"href":"https:\/\/www.mucivi.ch\/sq\/wp-json\/wp\/v2\/types\/page"}],"author":[{"embeddable":true,"href":"https:\/\/www.mucivi.ch\/sq\/wp-json\/wp\/v2\/users\/1"}],"replies":[{"embeddable":true,"href":"https:\/\/www.mucivi.ch\/sq\/wp-json\/wp\/v2\/comments?post=2901"}],"version-history":[{"count":6,"href":"https:\/\/www.mucivi.ch\/sq\/wp-json\/wp\/v2\/pages\/2901\/revisions"}],"predecessor-version":[{"id":4397,"href":"https:\/\/www.mucivi.ch\/sq\/wp-json\/wp\/v2\/pages\/2901\/revisions\/4397"}],"wp:attachment":[{"href":"https:\/\/www.mucivi.ch\/sq\/wp-json\/wp\/v2\/media?parent=2901"}],"curies":[{"name":"wp","href":"https:\/\/api.w.org\/{rel}","templated":true}]}}