{"id":3267,"date":"2025-06-02T15:05:35","date_gmt":"2025-06-02T15:05:35","guid":{"rendered":"https:\/\/www.mucivi.ch\/?page_id=3267"},"modified":"2025-07-12T21:44:45","modified_gmt":"2025-07-12T21:44:45","slug":"informacion-dhe-kontakt","status":"publish","type":"page","link":"https:\/\/www.mucivi.ch\/sq\/informacion-dhe-kontakt\/","title":{"rendered":"Informacion dhe kontakt"},"content":{"rendered":"\r\n        <style>\r\n             .showcase-section-block-69f634cea398c {\r\n                background-image: url(https:\/\/www.mucivi.ch\/wp-content\/uploads\/2025\/06\/schreyer-1701668-2560x3197-1-scaled.jpg);\r\n                background-attachment: scroll;\r\n                background-size: cover;  \r\n                background-repeat: no-repeat; \r\n                background-position: center center;\r\n                overflow: hidden;\r\n                color:  var(--mucivi-white);\r\n            }\r\n\r\n            @media (max-width: 1024px) {\r\n                 .showcase-section-block-69f634cea398c {\r\n                    background-attachment: scroll;\r\n                }\r\n            }\r\n        <\/style><section class=\"showcase-section-block showcase-section-block-69f634cea398c\">   \r\n\t\t\t\t\t\t\t\t        <div class=\"container showcase-section-container showcase-section-banner\">\r\n\t\t\t\t\t\t\t\t                 <div class=\"showcase-overlay-picture\"><\/div>\r\n\t\t\t\t\t\t\t\t                    <div class=\"showcase-overlay\"><\/div>\r\n\t\t\t\t\t\t\t\t                <div class=\"showcase-section d-flex flex-column align-items-start justify-content-evenly text-start\">\r\n\t\t\t\t\t            <div class=\"showcase-content\">\r\n\t\t\t\t\t\t\t\t\t<h1 class=\"showcase-title\">Informacion dhe kontakt<\/h1>\r\n\t\t\t\t\t                <p class=\"showcase-description\"><\/p>\r\n\t\t\t\t\t                  <div class=\"showcase-section-button\">\r\n\t\t\t\t\t                    \r\n\t\t\t\t\t                  <\/div>\r\n\t\t\t\t\t            <\/div>\r\n\t\t\t\t\t        <\/div>\r\n\t\t\t\t\t\t\t\t        <\/div>\r\n\t\t\t\t\t\t\t\t    <\/section>\n\n\r\n\t\t            <section class=\"announcements-block bg-color-white\" id=\"announcements_69f634cea3caf\">\r\n\t\t                <div class=\"container d-flex flex-column flex-lg-row\">\r\n\t\t                    <div class=\"col-12 col-lg-9\">\r\n\t\t                        \r\n\t\t\t\t\t\t                <div class=\"announcement-item py-5\">\r\n\t\t\t\t\t\t                    \r\n\t\t\t\t\t\t                    <h2 class=\"text-color-primary\">Adresa<\/h2>\r\n\t\t\t\t\t\t                    \r\n\t\t\t\t\t\t                    <div class=\"my-3\"><p>Muzeu i civilizimeve t\u00eb Islamit<\/p>\n<p>Avenue L\u00e9opold-Robert 109<\/p>\n<p>CH \u2013 2300 La Chaux-de-Fonds<\/p>\n<\/div>\r\n\t\t\t\t\t\t                    \r\n\t\t\t\t\t\t                <\/div>\r\n\t\t\t\t\t\t                <div class=\"announcement-item py-5\">\r\n\t\t\t\t\t\t                    \r\n\t\t\t\t\t\t                    <h2 class=\"text-color-primary\">Orari i punes<\/h2>\r\n\t\t\t\t\t\t                    \r\n\t\t\t\t\t\t                    <div class=\"my-3\"><p>E mart\u00eb deri t\u00eb diel\u00eb, nga ora 14:00 deri n\u00eb 18:00<\/p>\n<\/div>\r\n\t\t\t\t\t\t                    \r\n\t\t\t\t\t\t                <\/div>\r\n\t\t\t\t\t\t                <div class=\"announcement-item py-5\">\r\n\t\t\t\t\t\t                    \r\n\t\t\t\t\t\t                    <h2 class=\"text-color-primary\">Koh\u00ebzgjatja e vizit\u00ebs<\/h2>\r\n\t\t\t\t\t\t                    \r\n\t\t\t\t\t\t                    <div class=\"my-3\"><p>Midis 1 ore dhe 1 ore e 30 minuta<br data-start=\"33\" data-end=\"36\" \/>Audiogjidh\u00ebzuesi \u00ebsht\u00eb p\u00ebrfshir\u00eb n\u00eb \u00e7mimin e vizit\u00ebs<\/p>\n<\/div>\r\n\t\t\t\t\t\t                    \r\n\t\t\t\t\t\t                <\/div>\r\n\t\t\t\t\t\t                <div class=\"announcement-item py-5\">\r\n\t\t\t\t\t\t                    \r\n\t\t\t\t\t\t                    <h2 class=\"text-color-primary\">Tarifat<\/h2>\r\n\t\t\t\t\t\t                    \r\n\t\t\t\t\t\t                    <div class=\"my-3\"><ul>\n<li>T\u00eb rritur: CHF 15.-<\/li>\n<li>F\u00ebmij\u00eb (deri n\u00eb 16 vje\u00e7): CHF 7.-<\/li>\n<li>Student\u00eb: CHF 7.-<\/li>\n<li>AVS\/AI\/AC: CHF 7.-<\/li>\n<li>An\u00ebtar\u00eb t\u00eb ICOM dhe AMS: falas<\/li>\n<li>\n<div>Karta e Avantazheve t\u00eb Rinis\u00eb \u2013 t\u00eb rritur: CHF 10.-<\/div>\n<\/li>\n<li>\n<div>Karta e Avantazheve t\u00eb Rinis\u00eb \u2013 student\u00eb: CHF 5.-<\/div>\n<\/li>\n<li>Grupet e t\u00eb rriturve prej 12 personash: CHF 12.- p\u00ebr person<\/li>\n<li>Grupet shkollore dhe rinore prej 12 personash: CHF 5.- p\u00ebr person<\/li>\n<li>Vizit\u00eb me udh\u00ebzues (me rezervim): CHF 150.-<\/li>\n<\/ul>\n<p><em>\u00c7mimi i hyrjes p\u00ebrfshin edhe audiogjuh\u00ebn<\/em><\/p>\n<\/div>\r\n\t\t\t\t\t\t                    \r\n\t\t\t\t\t\t                <\/div>\r\n\t\t\t\t\t\t                <div class=\"announcement-item py-5\">\r\n\t\t\t\t\t\t                    \r\n\t\t\t\t\t\t                    <h2 class=\"text-color-primary\">Sh\u00ebrbimet<\/h2>\r\n\t\t\t\t\t\t                    \r\n\t\t\t\t\t\t                    <div class=\"my-3\"><ul>\n<li>Pun\u00ebtori tregimesh<\/li>\n<li>Pun\u00ebtori leximesh<\/li>\n<li>Organizimi i konferencave me vendosjen n\u00eb dispozicion t\u00eb hap\u00ebsirave<\/li>\n<li>Daljet e kompanive ose ngjarjet private, duke p\u00ebrfshir\u00eb vizit\u00ebn me udh\u00ebzues dhe ushqimin n\u00eb vend<\/li>\n<\/ul>\n<p><em>\u00c7do k\u00ebrkes\u00eb p\u00ebr nj\u00eb nga sh\u00ebrbimet e m\u00ebsip\u00ebrme do t\u00eb jet\u00eb subjekt i nj\u00eb vler\u00ebsimi paraprak<\/em><\/p>\n<\/div>\r\n\t\t\t\t\t\t                    \r\n\t\t\t\t\t\t                <\/div>\r\n\t\t\t\t\t\t                <div class=\"announcement-item py-5\">\r\n\t\t\t\t\t\t                    \r\n\t\t\t\t\t\t                    <h2 class=\"text-color-primary\">T\u00e9l\u00e9phone<\/h2>\r\n\t\t\t\t\t\t                    \r\n\t\t\t\t\t\t                    <div class=\"my-3\"><p><a href=\"mailto:accueil@mucivi.ch\">accueil@mucivi.ch<\/a><\/p>\n<\/div>\r\n\t\t\t\t\t\t                    \r\n\t\t\t\t\t\t                <\/div>\r\n\t\t\t\t\t\t                <div class=\"announcement-item py-5\">\r\n\t\t\t\t\t\t                    \r\n\t\t\t\t\t\t                    <h2 class=\"text-color-primary\">Telefon<\/h2>\r\n\t\t\t\t\t\t                    \r\n\t\t\t\t\t\t                    <div class=\"my-3\"><p><a href=\"tel:+41329105231\">+41 (0) 32 910 52 31<\/a><\/p>\n<\/div>\r\n\t\t\t\t\t\t                    \r\n\t\t\t\t\t\t                <\/div>\r\n\t\t                    <\/div>\r\n\t\t                    <div class=\"sidebar-container col-12 col-lg-3 ps-lg-5 py-5\">\r\n\t\t                        \r\n\r\n\t\t<div class=\"sidebar-title\">\r\n\t\t   \r\n\t\t<\/div>\r\n\t\t<div class=\"sidebar-buttons mt-4\"><\/div>\r\n\t\t                    <\/div>\r\n\t\t                <\/div>\r\n\t\t            <\/section>\n\n\n<div style=\"height:100px\" aria-hidden=\"true\" class=\"wp-block-spacer\"><\/div>\n\n\n\n<div class=\"wp-block-contact-form-7-contact-form-selector\">\n<div class=\"wpcf7 no-js\" id=\"wpcf7-f5833-o1\" lang=\"en-US\" dir=\"ltr\" data-wpcf7-id=\"5833\">\n<div class=\"screen-reader-response\"><p role=\"status\" aria-live=\"polite\" aria-atomic=\"true\"><\/p> <ul><\/ul><\/div>\n<form action=\"\/sq\/wp-json\/wp\/v2\/pages\/3267#wpcf7-f5833-o1\" method=\"post\" class=\"wpcf7-form init\" aria-label=\"Contact form\" novalidate=\"novalidate\" data-status=\"init\">\n<fieldset class=\"hidden-fields-container\"><input type=\"hidden\" name=\"_wpcf7\" value=\"5833\" \/><input type=\"hidden\" name=\"_wpcf7_version\" value=\"6.1.5\" \/><input type=\"hidden\" name=\"_wpcf7_locale\" value=\"en_US\" \/><input type=\"hidden\" name=\"_wpcf7_unit_tag\" value=\"wpcf7-f5833-o1\" \/><input type=\"hidden\" name=\"_wpcf7_container_post\" value=\"0\" \/><input type=\"hidden\" name=\"_wpcf7_posted_data_hash\" value=\"\" \/><input type=\"hidden\" name=\"_wpcf7_recaptcha_response\" value=\"\" \/>\n<\/fieldset>\n<div class=\"container\">\n\t<div class=\"row\">\n\t\t<div class=\"col-md-12 mb-3\">\n\t\t\t<div class=\"position-relative\">\n\t\t\t\t<p><span class=\"form-icon\"><i class=\"bi bi-person\"><\/i><\/span><br \/>\n<span class=\"wpcf7-form-control-wrap\" data-name=\"your-name\"><input size=\"40\" maxlength=\"400\" class=\"wpcf7-form-control wpcf7-text wpcf7-validates-as-required form-control\" aria-required=\"true\" aria-invalid=\"false\" placeholder=\"Emri dhe Mbiemri\" value=\"\" type=\"text\" name=\"your-name\" \/><\/span>\n\t\t\t\t<\/p>\n\t\t\t<\/div>\n\t\t<\/div>\n\t\t<div class=\"col-md-12 mb-3\">\n\t\t\t<div class=\"position-relative\">\n\t\t\t\t<p><span class=\"form-icon\"><i class=\"bi bi-envelope\"><\/i><\/span><br \/>\n<span class=\"wpcf7-form-control-wrap\" data-name=\"your-email\"><input size=\"40\" maxlength=\"400\" class=\"wpcf7-form-control wpcf7-email wpcf7-validates-as-required wpcf7-text wpcf7-validates-as-email form-control\" aria-required=\"true\" aria-invalid=\"false\" placeholder=\"Email\" value=\"\" type=\"email\" name=\"your-email\" \/><\/span>\n\t\t\t\t<\/p>\n\t\t\t<\/div>\n\t\t<\/div>\n\t\t<div class=\"col-md-12 mb-3\">\n\t\t\t<div class=\"position-relative\">\n\t\t\t\t<p><span class=\"form-icon\"><i class=\"bi bi-chat-left-text\"><\/i><\/span><br \/>\n<span class=\"wpcf7-form-control-wrap\" data-name=\"your-message\"><textarea cols=\"40\" rows=\"5\" maxlength=\"2000\" class=\"wpcf7-form-control wpcf7-textarea form-control\" aria-invalid=\"false\" placeholder=\"Mesazhi\" name=\"your-message\"><\/textarea><\/span>\n\t\t\t\t<\/p>\n\t\t\t<\/div>\n\t\t<\/div>\n\t\t<div class=\"col-md-12 mb-3\">\n\t\t<span class=\"wpcf7-form-control-wrap recaptcha\" data-name=\"recaptcha\"><span data-sitekey=\"6LcwAoErAAAAAK7b5v2xBno1JTlADeIK2jhs2jA3\" class=\"wpcf7-form-control wpcf7-recaptcha g-recaptcha\"><\/span>\r\n<noscript>\r\n\t<div class=\"grecaptcha-noscript\">\r\n\t\t<iframe loading=\"lazy\" src=\"https:\/\/www.google.com\/recaptcha\/api\/fallback?k=6LcwAoErAAAAAK7b5v2xBno1JTlADeIK2jhs2jA3\" frameborder=\"0\" scrolling=\"no\" width=\"310\" height=\"430\">\r\n\t\t<\/iframe>\r\n\t\t<textarea name=\"g-recaptcha-response\" rows=\"3\" cols=\"40\" placeholder=\"reCaptcha Response Here\">\r\n\t\t<\/textarea>\r\n\t<\/div>\r\n<\/noscript>\r\n<\/span>\n\t\t<\/div>\n\t\t<div class=\"col-md-12 text-center\">\n\t\t\t<p><input class=\"wpcf7-form-control wpcf7-submit has-spinner btn-full btn-full-red\" type=\"submit\" value=\"D\u00ebrgo\" \/>\n\t\t\t<\/p>\n\t\t<\/div>\n\t<\/div>\n<\/div><div class=\"wpcf7-response-output\" aria-hidden=\"true\"><\/div>\n<\/form>\n<\/div>\n<\/div>\n","protected":false},"excerpt":{"rendered":"","protected":false},"author":1,"featured_media":0,"parent":0,"menu_order":0,"comment_status":"closed","ping_status":"closed","template":"","meta":{"footnotes":""},"class_list":["post-3267","page","type-page","status-publish","hentry"],"yoast_head":"<!-- This site is optimized with the Yoast SEO plugin v27.2 - https:\/\/yoast.com\/product\/yoast-seo-wordpress\/ -->\n<title>Informacion dhe kontakt - MUCIVI - Mus\u00e9e des civilisations de l\u2019Islam<\/title>\n<meta name=\"robots\" content=\"index, follow, max-snippet:-1, max-image-preview:large, max-video-preview:-1\" \/>\n<link rel=\"canonical\" href=\"https:\/\/www.mucivi.ch\/sq\/informacion-dhe-kontakt\/\" \/>\n<meta property=\"og:locale\" content=\"sq_AL\" \/>\n<meta property=\"og:type\" content=\"article\" \/>\n<meta property=\"og:title\" content=\"Informacion dhe kontakt - MUCIVI - Mus\u00e9e des civilisations de l\u2019Islam\" \/>\n<meta property=\"og:url\" content=\"https:\/\/www.mucivi.ch\/sq\/informacion-dhe-kontakt\/\" \/>\n<meta property=\"og:site_name\" content=\"MUCIVI - Mus\u00e9e des civilisations de l\u2019Islam\" \/>\n<meta property=\"article:publisher\" content=\"https:\/\/www.facebook.com\/mucivi\/\" \/>\n<meta property=\"article:modified_time\" content=\"2025-07-12T21:44:45+00:00\" \/>\n<meta property=\"og:image\" content=\"https:\/\/www.mucivi.ch\/wp-content\/uploads\/2025\/05\/480795629_651358377467373_1464767840871238280_n.jpg\" \/>\n\t<meta property=\"og:image:width\" content=\"695\" \/>\n\t<meta property=\"og:image:height\" content=\"329\" \/>\n\t<meta property=\"og:image:type\" content=\"image\/jpeg\" \/>\n<meta name=\"twitter:card\" content=\"summary_large_image\" \/>\n<meta name=\"twitter:site\" content=\"@muciviicms\" \/>\n<script type=\"application\/ld+json\" class=\"yoast-schema-graph\">{\"@context\":\"https:\/\/schema.org\",\"@graph\":[{\"@type\":\"WebPage\",\"@id\":\"https:\/\/www.mucivi.ch\/sq\/informacion-dhe-kontakt\/\",\"url\":\"https:\/\/www.mucivi.ch\/sq\/informacion-dhe-kontakt\/\",\"name\":\"Informacion dhe kontakt - MUCIVI - Mus\u00e9e des civilisations de l\u2019Islam\",\"isPartOf\":{\"@id\":\"https:\/\/www.mucivi.ch\/sq\/#website\"},\"datePublished\":\"2025-06-02T15:05:35+00:00\",\"dateModified\":\"2025-07-12T21:44:45+00:00\",\"breadcrumb\":{\"@id\":\"https:\/\/www.mucivi.ch\/sq\/informacion-dhe-kontakt\/#breadcrumb\"},\"inLanguage\":\"sq-AL\",\"potentialAction\":[{\"@type\":\"ReadAction\",\"target\":[\"https:\/\/www.mucivi.ch\/sq\/informacion-dhe-kontakt\/\"]}]},{\"@type\":\"BreadcrumbList\",\"@id\":\"https:\/\/www.mucivi.ch\/sq\/informacion-dhe-kontakt\/#breadcrumb\",\"itemListElement\":[{\"@type\":\"ListItem\",\"position\":1,\"name\":\"Home\",\"item\":\"https:\/\/www.mucivi.ch\/sq\/\"},{\"@type\":\"ListItem\",\"position\":2,\"name\":\"Informacion dhe kontakt\"}]},{\"@type\":\"WebSite\",\"@id\":\"https:\/\/www.mucivi.ch\/sq\/#website\",\"url\":\"https:\/\/www.mucivi.ch\/sq\/\",\"name\":\"MUCIVI - Mus\u00e9e des civilisations de l\u2019Islam\",\"description\":\"\",\"publisher\":{\"@id\":\"https:\/\/www.mucivi.ch\/sq\/#organization\"},\"potentialAction\":[{\"@type\":\"SearchAction\",\"target\":{\"@type\":\"EntryPoint\",\"urlTemplate\":\"https:\/\/www.mucivi.ch\/sq\/?s={search_term_string}\"},\"query-input\":{\"@type\":\"PropertyValueSpecification\",\"valueRequired\":true,\"valueName\":\"search_term_string\"}}],\"inLanguage\":\"sq-AL\"},{\"@type\":\"Organization\",\"@id\":\"https:\/\/www.mucivi.ch\/sq\/#organization\",\"name\":\"MUCIVI - Mus\u00e9e des civilisations de l\u2019Islam\",\"url\":\"https:\/\/www.mucivi.ch\/sq\/\",\"logo\":{\"@type\":\"ImageObject\",\"inLanguage\":\"sq-AL\",\"@id\":\"https:\/\/www.mucivi.ch\/sq\/#\/schema\/logo\/image\/\",\"url\":\"https:\/\/www.mucivi.ch\/wp-content\/uploads\/2025\/05\/480795629_651358377467373_1464767840871238280_n.jpg\",\"contentUrl\":\"https:\/\/www.mucivi.ch\/wp-content\/uploads\/2025\/05\/480795629_651358377467373_1464767840871238280_n.jpg\",\"width\":695,\"height\":329,\"caption\":\"MUCIVI - Mus\u00e9e des civilisations de l\u2019Islam\"},\"image\":{\"@id\":\"https:\/\/www.mucivi.ch\/sq\/#\/schema\/logo\/image\/\"},\"sameAs\":[\"https:\/\/www.facebook.com\/mucivi\/\",\"https:\/\/x.com\/muciviicms\",\"https:\/\/www.instagram.com\/mucivi.ch\/\",\"https:\/\/www.youtube.com\/channel\/UCtLgFsJNSlqpJD0xnqa-hBw\"]}]}<\/script>\n<!-- \/ Yoast SEO plugin. -->","yoast_head_json":{"title":"Informacion dhe kontakt - MUCIVI - Mus\u00e9e des civilisations de l\u2019Islam","robots":{"index":"index","follow":"follow","max-snippet":"max-snippet:-1","max-image-preview":"max-image-preview:large","max-video-preview":"max-video-preview:-1"},"canonical":"https:\/\/www.mucivi.ch\/sq\/informacion-dhe-kontakt\/","og_locale":"sq_AL","og_type":"article","og_title":"Informacion dhe kontakt - MUCIVI - Mus\u00e9e des civilisations de l\u2019Islam","og_url":"https:\/\/www.mucivi.ch\/sq\/informacion-dhe-kontakt\/","og_site_name":"MUCIVI - Mus\u00e9e des civilisations de l\u2019Islam","article_publisher":"https:\/\/www.facebook.com\/mucivi\/","article_modified_time":"2025-07-12T21:44:45+00:00","og_image":[{"width":695,"height":329,"url":"https:\/\/www.mucivi.ch\/wp-content\/uploads\/2025\/05\/480795629_651358377467373_1464767840871238280_n.jpg","type":"image\/jpeg"}],"twitter_card":"summary_large_image","twitter_site":"@muciviicms","schema":{"@context":"https:\/\/schema.org","@graph":[{"@type":"WebPage","@id":"https:\/\/www.mucivi.ch\/sq\/informacion-dhe-kontakt\/","url":"https:\/\/www.mucivi.ch\/sq\/informacion-dhe-kontakt\/","name":"Informacion dhe kontakt - MUCIVI - Mus\u00e9e des civilisations de l\u2019Islam","isPartOf":{"@id":"https:\/\/www.mucivi.ch\/sq\/#website"},"datePublished":"2025-06-02T15:05:35+00:00","dateModified":"2025-07-12T21:44:45+00:00","breadcrumb":{"@id":"https:\/\/www.mucivi.ch\/sq\/informacion-dhe-kontakt\/#breadcrumb"},"inLanguage":"sq-AL","potentialAction":[{"@type":"ReadAction","target":["https:\/\/www.mucivi.ch\/sq\/informacion-dhe-kontakt\/"]}]},{"@type":"BreadcrumbList","@id":"https:\/\/www.mucivi.ch\/sq\/informacion-dhe-kontakt\/#breadcrumb","itemListElement":[{"@type":"ListItem","position":1,"name":"Home","item":"https:\/\/www.mucivi.ch\/sq\/"},{"@type":"ListItem","position":2,"name":"Informacion dhe kontakt"}]},{"@type":"WebSite","@id":"https:\/\/www.mucivi.ch\/sq\/#website","url":"https:\/\/www.mucivi.ch\/sq\/","name":"MUCIVI - Mus\u00e9e des civilisations de l\u2019Islam","description":"","publisher":{"@id":"https:\/\/www.mucivi.ch\/sq\/#organization"},"potentialAction":[{"@type":"SearchAction","target":{"@type":"EntryPoint","urlTemplate":"https:\/\/www.mucivi.ch\/sq\/?s={search_term_string}"},"query-input":{"@type":"PropertyValueSpecification","valueRequired":true,"valueName":"search_term_string"}}],"inLanguage":"sq-AL"},{"@type":"Organization","@id":"https:\/\/www.mucivi.ch\/sq\/#organization","name":"MUCIVI - Mus\u00e9e des civilisations de l\u2019Islam","url":"https:\/\/www.mucivi.ch\/sq\/","logo":{"@type":"ImageObject","inLanguage":"sq-AL","@id":"https:\/\/www.mucivi.ch\/sq\/#\/schema\/logo\/image\/","url":"https:\/\/www.mucivi.ch\/wp-content\/uploads\/2025\/05\/480795629_651358377467373_1464767840871238280_n.jpg","contentUrl":"https:\/\/www.mucivi.ch\/wp-content\/uploads\/2025\/05\/480795629_651358377467373_1464767840871238280_n.jpg","width":695,"height":329,"caption":"MUCIVI - Mus\u00e9e des civilisations de l\u2019Islam"},"image":{"@id":"https:\/\/www.mucivi.ch\/sq\/#\/schema\/logo\/image\/"},"sameAs":["https:\/\/www.facebook.com\/mucivi\/","https:\/\/x.com\/muciviicms","https:\/\/www.instagram.com\/mucivi.ch\/","https:\/\/www.youtube.com\/channel\/UCtLgFsJNSlqpJD0xnqa-hBw"]}]}},"_links":{"self":[{"href":"https:\/\/www.mucivi.ch\/sq\/wp-json\/wp\/v2\/pages\/3267","targetHints":{"allow":["GET"]}}],"collection":[{"href":"https:\/\/www.mucivi.ch\/sq\/wp-json\/wp\/v2\/pages"}],"about":[{"href":"https:\/\/www.mucivi.ch\/sq\/wp-json\/wp\/v2\/types\/page"}],"author":[{"embeddable":true,"href":"https:\/\/www.mucivi.ch\/sq\/wp-json\/wp\/v2\/users\/1"}],"replies":[{"embeddable":true,"href":"https:\/\/www.mucivi.ch\/sq\/wp-json\/wp\/v2\/comments?post=3267"}],"version-history":[{"count":2,"href":"https:\/\/www.mucivi.ch\/sq\/wp-json\/wp\/v2\/pages\/3267\/revisions"}],"predecessor-version":[{"id":5835,"href":"https:\/\/www.mucivi.ch\/sq\/wp-json\/wp\/v2\/pages\/3267\/revisions\/5835"}],"wp:attachment":[{"href":"https:\/\/www.mucivi.ch\/sq\/wp-json\/wp\/v2\/media?parent=3267"}],"curies":[{"name":"wp","href":"https:\/\/api.w.org\/{rel}","templated":true}]}}