{"id":3303,"date":"2025-06-19T20:38:45","date_gmt":"2025-06-19T20:38:45","guid":{"rendered":"https:\/\/www.mucivi.ch\/?page_id=3303"},"modified":"2025-06-30T22:23:41","modified_gmt":"2025-06-30T22:23:41","slug":"impressum","status":"publish","type":"page","link":"https:\/\/www.mucivi.ch\/sq\/impressum\/","title":{"rendered":"Impressum"},"content":{"rendered":"\n<div style=\"height:100px\" aria-hidden=\"true\" class=\"wp-block-spacer\"><\/div>\n\n\n\n<div class=\"wp-block-group container\"><div class=\"wp-block-group__inner-container is-layout-constrained wp-block-group-is-layout-constrained\">\n<h1 class=\"wp-block-heading\"><strong>T\u00eb dh\u00ebnat ligjore (Impressum)<\/strong><\/h1>\n<\/div><\/div>\n\n\n\n<div style=\"height:50px\" aria-hidden=\"true\" class=\"wp-block-spacer\"><\/div>\n\n\n\n<div class=\"wp-block-group container\"><div class=\"wp-block-group__inner-container is-layout-constrained wp-block-group-is-layout-constrained\">\n<h2 class=\"wp-block-heading\">Emri i institucioni<\/h2>\n\n\n\n<div style=\"height:15px\" aria-hidden=\"true\" class=\"wp-block-spacer\"><\/div>\n\n\n\n<p>Muzeu i civilizimeve t\u00eb Islamit<\/p>\n\n\n\n<div style=\"height:30px\" aria-hidden=\"true\" class=\"wp-block-spacer\"><\/div>\n\n\n\n<h2 class=\"wp-block-heading\">Adresa<\/h2>\n\n\n\n<div style=\"height:15px\" aria-hidden=\"true\" class=\"wp-block-spacer\"><\/div>\n\n\n\n<p>Avenue L\u00e9opold-Robert 109<br>CH \u2013 2300 La Chaux-de-Fonds<\/p>\n\n\n\n<div style=\"height:30px\" aria-hidden=\"true\" class=\"wp-block-spacer\"><\/div>\n\n\n\n<div class=\"wp-block-group\"><div class=\"wp-block-group__inner-container is-layout-constrained wp-block-group-is-layout-constrained\">\n<h2 class=\"wp-block-heading\">Kontakt<\/h2>\n\n\n\n<div style=\"height:15px\" aria-hidden=\"true\" class=\"wp-block-spacer\"><\/div>\n\n\n\n<p><a>accueil@mucivi.ch<\/a><br>+41(0) 32 910 52 31<\/p>\n\n\n\n<div style=\"height:30px\" aria-hidden=\"true\" class=\"wp-block-spacer\"><\/div>\n\n\n\n<h2 class=\"wp-block-heading\">P\u00ebrgjegj\u00ebsi p\u00ebr botimin<\/h2>\n\n\n\n<div style=\"height:15px\" aria-hidden=\"true\" class=\"wp-block-spacer\"><\/div>\n\n\n\n<p>Drejtoria e muzeut<\/p>\n<\/div><\/div>\n\n\n\n<div style=\"height:30px\" aria-hidden=\"true\" class=\"wp-block-spacer\"><\/div>\n\n\n\n<div class=\"wp-block-group\"><div class=\"wp-block-group__inner-container is-layout-constrained wp-block-group-is-layout-constrained\">\n<h2 class=\"wp-block-heading\">Pron\u00ebsia intelektuale<\/h2>\n\n\n\n<div style=\"height:15px\" aria-hidden=\"true\" class=\"wp-block-spacer\"><\/div>\n\n\n\n<p>T\u00eb gjitha p\u00ebrmbajtjet (tekste, imazhe, video) jan\u00eb pron\u00eb e Muzeut, p\u00ebrve\u00e7 n\u00ebse sh\u00ebnohet ndryshe. \u00c7do riprodhim \u00ebsht\u00eb i ndaluar pa leje t\u00eb shkruar paraprake.<\/p>\n<\/div><\/div>\n\n\n\n<div style=\"height:100px\" aria-hidden=\"true\" class=\"wp-block-spacer\"><\/div>\n<\/div><\/div>\n","protected":false},"excerpt":{"rendered":"<p>T\u00eb dh\u00ebnat ligjore (Impressum) Emri i institucioni Muzeu i civilizimeve t\u00eb Islamit Adresa Avenue L\u00e9opold-Robert 109CH \u2013 2300 La Chaux-de-Fonds Kontakt accueil@mucivi.ch+41(0) 32 910 52 31 P\u00ebrgjegj\u00ebsi p\u00ebr botimin Drejtoria e muzeut Pron\u00ebsia intelektuale T\u00eb gjitha p\u00ebrmbajtjet (tekste, imazhe, video) jan\u00eb pron\u00eb e Muzeut, p\u00ebrve\u00e7 n\u00ebse sh\u00ebnohet ndryshe. \u00c7do riprodhim \u00ebsht\u00eb i ndaluar pa leje [&hellip;]<\/p>\n","protected":false},"author":1,"featured_media":0,"parent":0,"menu_order":0,"comment_status":"closed","ping_status":"closed","template":"","meta":{"footnotes":""},"class_list":["post-3303","page","type-page","status-publish","hentry"],"yoast_head":"<!-- This site is optimized with the Yoast SEO plugin v27.2 - https:\/\/yoast.com\/product\/yoast-seo-wordpress\/ -->\n<title>Impressum - MUCIVI - Mus\u00e9e des civilisations de l\u2019Islam<\/title>\n<meta name=\"robots\" content=\"index, follow, max-snippet:-1, max-image-preview:large, max-video-preview:-1\" \/>\n<link rel=\"canonical\" href=\"https:\/\/www.mucivi.ch\/sq\/impressum\/\" \/>\n<meta property=\"og:locale\" content=\"sq_AL\" \/>\n<meta property=\"og:type\" content=\"article\" \/>\n<meta property=\"og:title\" content=\"Impressum - MUCIVI - Mus\u00e9e des civilisations de l\u2019Islam\" \/>\n<meta property=\"og:description\" content=\"T\u00eb dh\u00ebnat ligjore (Impressum) Emri i institucioni Muzeu i civilizimeve t\u00eb Islamit Adresa Avenue L\u00e9opold-Robert 109CH \u2013 2300 La Chaux-de-Fonds Kontakt accueil@mucivi.ch+41(0) 32 910 52 31 P\u00ebrgjegj\u00ebsi p\u00ebr botimin Drejtoria e muzeut Pron\u00ebsia intelektuale T\u00eb gjitha p\u00ebrmbajtjet (tekste, imazhe, video) jan\u00eb pron\u00eb e Muzeut, p\u00ebrve\u00e7 n\u00ebse sh\u00ebnohet ndryshe. \u00c7do riprodhim \u00ebsht\u00eb i ndaluar pa leje [&hellip;]\" \/>\n<meta property=\"og:url\" content=\"https:\/\/www.mucivi.ch\/sq\/impressum\/\" \/>\n<meta property=\"og:site_name\" content=\"MUCIVI - Mus\u00e9e des civilisations de l\u2019Islam\" \/>\n<meta property=\"article:publisher\" content=\"https:\/\/www.facebook.com\/mucivi\/\" \/>\n<meta property=\"article:modified_time\" content=\"2025-06-30T22:23:41+00:00\" \/>\n<meta property=\"og:image\" content=\"https:\/\/www.mucivi.ch\/wp-content\/uploads\/2025\/05\/480795629_651358377467373_1464767840871238280_n.jpg\" \/>\n\t<meta property=\"og:image:width\" content=\"695\" \/>\n\t<meta property=\"og:image:height\" content=\"329\" \/>\n\t<meta property=\"og:image:type\" content=\"image\/jpeg\" \/>\n<meta name=\"twitter:card\" content=\"summary_large_image\" \/>\n<meta name=\"twitter:site\" content=\"@muciviicms\" \/>\n<script type=\"application\/ld+json\" class=\"yoast-schema-graph\">{\"@context\":\"https:\/\/schema.org\",\"@graph\":[{\"@type\":\"WebPage\",\"@id\":\"https:\/\/www.mucivi.ch\/sq\/impressum\/\",\"url\":\"https:\/\/www.mucivi.ch\/sq\/impressum\/\",\"name\":\"Impressum - MUCIVI - Mus\u00e9e des civilisations de l\u2019Islam\",\"isPartOf\":{\"@id\":\"https:\/\/www.mucivi.ch\/sq\/#website\"},\"datePublished\":\"2025-06-19T20:38:45+00:00\",\"dateModified\":\"2025-06-30T22:23:41+00:00\",\"breadcrumb\":{\"@id\":\"https:\/\/www.mucivi.ch\/sq\/impressum\/#breadcrumb\"},\"inLanguage\":\"sq-AL\",\"potentialAction\":[{\"@type\":\"ReadAction\",\"target\":[\"https:\/\/www.mucivi.ch\/sq\/impressum\/\"]}]},{\"@type\":\"BreadcrumbList\",\"@id\":\"https:\/\/www.mucivi.ch\/sq\/impressum\/#breadcrumb\",\"itemListElement\":[{\"@type\":\"ListItem\",\"position\":1,\"name\":\"Home\",\"item\":\"https:\/\/www.mucivi.ch\/sq\/\"},{\"@type\":\"ListItem\",\"position\":2,\"name\":\"Impressum\"}]},{\"@type\":\"WebSite\",\"@id\":\"https:\/\/www.mucivi.ch\/sq\/#website\",\"url\":\"https:\/\/www.mucivi.ch\/sq\/\",\"name\":\"MUCIVI - Mus\u00e9e des civilisations de l\u2019Islam\",\"description\":\"\",\"publisher\":{\"@id\":\"https:\/\/www.mucivi.ch\/sq\/#organization\"},\"potentialAction\":[{\"@type\":\"SearchAction\",\"target\":{\"@type\":\"EntryPoint\",\"urlTemplate\":\"https:\/\/www.mucivi.ch\/sq\/?s={search_term_string}\"},\"query-input\":{\"@type\":\"PropertyValueSpecification\",\"valueRequired\":true,\"valueName\":\"search_term_string\"}}],\"inLanguage\":\"sq-AL\"},{\"@type\":\"Organization\",\"@id\":\"https:\/\/www.mucivi.ch\/sq\/#organization\",\"name\":\"MUCIVI - Mus\u00e9e des civilisations de l\u2019Islam\",\"url\":\"https:\/\/www.mucivi.ch\/sq\/\",\"logo\":{\"@type\":\"ImageObject\",\"inLanguage\":\"sq-AL\",\"@id\":\"https:\/\/www.mucivi.ch\/sq\/#\/schema\/logo\/image\/\",\"url\":\"https:\/\/www.mucivi.ch\/wp-content\/uploads\/2025\/05\/480795629_651358377467373_1464767840871238280_n.jpg\",\"contentUrl\":\"https:\/\/www.mucivi.ch\/wp-content\/uploads\/2025\/05\/480795629_651358377467373_1464767840871238280_n.jpg\",\"width\":695,\"height\":329,\"caption\":\"MUCIVI - Mus\u00e9e des civilisations de l\u2019Islam\"},\"image\":{\"@id\":\"https:\/\/www.mucivi.ch\/sq\/#\/schema\/logo\/image\/\"},\"sameAs\":[\"https:\/\/www.facebook.com\/mucivi\/\",\"https:\/\/x.com\/muciviicms\",\"https:\/\/www.instagram.com\/mucivi.ch\/\",\"https:\/\/www.youtube.com\/channel\/UCtLgFsJNSlqpJD0xnqa-hBw\"]}]}<\/script>\n<!-- \/ Yoast SEO plugin. -->","yoast_head_json":{"title":"Impressum - MUCIVI - Mus\u00e9e des civilisations de l\u2019Islam","robots":{"index":"index","follow":"follow","max-snippet":"max-snippet:-1","max-image-preview":"max-image-preview:large","max-video-preview":"max-video-preview:-1"},"canonical":"https:\/\/www.mucivi.ch\/sq\/impressum\/","og_locale":"sq_AL","og_type":"article","og_title":"Impressum - MUCIVI - Mus\u00e9e des civilisations de l\u2019Islam","og_description":"T\u00eb dh\u00ebnat ligjore (Impressum) Emri i institucioni Muzeu i civilizimeve t\u00eb Islamit Adresa Avenue L\u00e9opold-Robert 109CH \u2013 2300 La Chaux-de-Fonds Kontakt accueil@mucivi.ch+41(0) 32 910 52 31 P\u00ebrgjegj\u00ebsi p\u00ebr botimin Drejtoria e muzeut Pron\u00ebsia intelektuale T\u00eb gjitha p\u00ebrmbajtjet (tekste, imazhe, video) jan\u00eb pron\u00eb e Muzeut, p\u00ebrve\u00e7 n\u00ebse sh\u00ebnohet ndryshe. \u00c7do riprodhim \u00ebsht\u00eb i ndaluar pa leje [&hellip;]","og_url":"https:\/\/www.mucivi.ch\/sq\/impressum\/","og_site_name":"MUCIVI - Mus\u00e9e des civilisations de l\u2019Islam","article_publisher":"https:\/\/www.facebook.com\/mucivi\/","article_modified_time":"2025-06-30T22:23:41+00:00","og_image":[{"width":695,"height":329,"url":"https:\/\/www.mucivi.ch\/wp-content\/uploads\/2025\/05\/480795629_651358377467373_1464767840871238280_n.jpg","type":"image\/jpeg"}],"twitter_card":"summary_large_image","twitter_site":"@muciviicms","schema":{"@context":"https:\/\/schema.org","@graph":[{"@type":"WebPage","@id":"https:\/\/www.mucivi.ch\/sq\/impressum\/","url":"https:\/\/www.mucivi.ch\/sq\/impressum\/","name":"Impressum - MUCIVI - Mus\u00e9e des civilisations de l\u2019Islam","isPartOf":{"@id":"https:\/\/www.mucivi.ch\/sq\/#website"},"datePublished":"2025-06-19T20:38:45+00:00","dateModified":"2025-06-30T22:23:41+00:00","breadcrumb":{"@id":"https:\/\/www.mucivi.ch\/sq\/impressum\/#breadcrumb"},"inLanguage":"sq-AL","potentialAction":[{"@type":"ReadAction","target":["https:\/\/www.mucivi.ch\/sq\/impressum\/"]}]},{"@type":"BreadcrumbList","@id":"https:\/\/www.mucivi.ch\/sq\/impressum\/#breadcrumb","itemListElement":[{"@type":"ListItem","position":1,"name":"Home","item":"https:\/\/www.mucivi.ch\/sq\/"},{"@type":"ListItem","position":2,"name":"Impressum"}]},{"@type":"WebSite","@id":"https:\/\/www.mucivi.ch\/sq\/#website","url":"https:\/\/www.mucivi.ch\/sq\/","name":"MUCIVI - Mus\u00e9e des civilisations de l\u2019Islam","description":"","publisher":{"@id":"https:\/\/www.mucivi.ch\/sq\/#organization"},"potentialAction":[{"@type":"SearchAction","target":{"@type":"EntryPoint","urlTemplate":"https:\/\/www.mucivi.ch\/sq\/?s={search_term_string}"},"query-input":{"@type":"PropertyValueSpecification","valueRequired":true,"valueName":"search_term_string"}}],"inLanguage":"sq-AL"},{"@type":"Organization","@id":"https:\/\/www.mucivi.ch\/sq\/#organization","name":"MUCIVI - Mus\u00e9e des civilisations de l\u2019Islam","url":"https:\/\/www.mucivi.ch\/sq\/","logo":{"@type":"ImageObject","inLanguage":"sq-AL","@id":"https:\/\/www.mucivi.ch\/sq\/#\/schema\/logo\/image\/","url":"https:\/\/www.mucivi.ch\/wp-content\/uploads\/2025\/05\/480795629_651358377467373_1464767840871238280_n.jpg","contentUrl":"https:\/\/www.mucivi.ch\/wp-content\/uploads\/2025\/05\/480795629_651358377467373_1464767840871238280_n.jpg","width":695,"height":329,"caption":"MUCIVI - Mus\u00e9e des civilisations de l\u2019Islam"},"image":{"@id":"https:\/\/www.mucivi.ch\/sq\/#\/schema\/logo\/image\/"},"sameAs":["https:\/\/www.facebook.com\/mucivi\/","https:\/\/x.com\/muciviicms","https:\/\/www.instagram.com\/mucivi.ch\/","https:\/\/www.youtube.com\/channel\/UCtLgFsJNSlqpJD0xnqa-hBw"]}]}},"_links":{"self":[{"href":"https:\/\/www.mucivi.ch\/sq\/wp-json\/wp\/v2\/pages\/3303","targetHints":{"allow":["GET"]}}],"collection":[{"href":"https:\/\/www.mucivi.ch\/sq\/wp-json\/wp\/v2\/pages"}],"about":[{"href":"https:\/\/www.mucivi.ch\/sq\/wp-json\/wp\/v2\/types\/page"}],"author":[{"embeddable":true,"href":"https:\/\/www.mucivi.ch\/sq\/wp-json\/wp\/v2\/users\/1"}],"replies":[{"embeddable":true,"href":"https:\/\/www.mucivi.ch\/sq\/wp-json\/wp\/v2\/comments?post=3303"}],"version-history":[{"count":1,"href":"https:\/\/www.mucivi.ch\/sq\/wp-json\/wp\/v2\/pages\/3303\/revisions"}],"predecessor-version":[{"id":3307,"href":"https:\/\/www.mucivi.ch\/sq\/wp-json\/wp\/v2\/pages\/3303\/revisions\/3307"}],"wp:attachment":[{"href":"https:\/\/www.mucivi.ch\/sq\/wp-json\/wp\/v2\/media?parent=3303"}],"curies":[{"name":"wp","href":"https:\/\/api.w.org\/{rel}","templated":true}]}}