{"id":5090,"date":"2025-06-02T15:02:19","date_gmt":"2025-06-02T15:02:19","guid":{"rendered":"https:\/\/www.mucivi.ch\/ekspozita\/espace-agonies\/"},"modified":"2025-07-11T22:46:00","modified_gmt":"2025-07-11T22:46:00","slug":"hapesira-e-agonive","status":"publish","type":"page","link":"https:\/\/www.mucivi.ch\/sq\/ekspozita\/hapesira-e-agonive\/","title":{"rendered":"Hap\u00ebsira e agonive"},"content":{"rendered":"\r\n        <style>\r\n             .showcase-section-block-69e34eeb9a2dd {\r\n                background-image: url(https:\/\/www.mucivi.ch\/wp-content\/uploads\/2025\/06\/schreyer-1701731-1-2560x2050-1.jpg);\r\n                background-attachment: scroll;\r\n                background-size: cover;  \r\n                background-repeat: no-repeat; \r\n                background-position: center center;\r\n                overflow: hidden;\r\n                color:  var(--mucivi-white);\r\n            }\r\n\r\n            @media (max-width: 1024px) {\r\n                 .showcase-section-block-69e34eeb9a2dd {\r\n                    background-attachment: scroll;\r\n                }\r\n            }\r\n        <\/style><section class=\"showcase-section-block showcase-section-block-69e34eeb9a2dd\">   \r\n\t\t\t\t\t\t\t\t        <div class=\"container showcase-section-container showcase-section-banner\">\r\n\t\t\t\t\t\t\t\t                 <div class=\"showcase-overlay-picture\"><\/div>\r\n\t\t\t\t\t\t\t\t                    <div class=\"showcase-overlay\"><\/div>\r\n\t\t\t\t\t\t\t\t                <div class=\"showcase-section d-flex flex-column align-items-center justify-content-evenly text-center\">\r\n\t\t\t\t\t            <div class=\"showcase-content\">\r\n\t\t\t\t\t\t\t\t\t<h1 class=\"showcase-title\">Hap\u00ebsira e agonive<\/h1>\r\n\t\t\t\t\t                <p class=\"showcase-description\"><\/p>\r\n\t\t\t\t\t                  <div class=\"showcase-section-button\">\r\n\t\t\t\t\t                    \r\n\t\t\t\t\t                  <\/div>\r\n\t\t\t\t\t            <\/div>\r\n\t\t\t\t\t        <\/div>\r\n\t\t\t\t\t\t\t\t        <\/div>\r\n\t\t\t\t\t\t\t\t    <\/section>\n\n\n<div style=\"height:100px\" aria-hidden=\"true\" class=\"wp-block-spacer\"><\/div>\n\n\n\r\n\t\t\r\n\t\t<section id=\"\" class=\"text-block  space-bottom-yes space-top-no text-block-id-69e34eeb9a40d bg-color-white text-color-black\">\r\n                    <div class=\"container d-flex flex-column flex-lg-row \">\r\n                        <div class=\"col-12 col-lg-9\">\r\n\t                        \r\n\t                        \r\n\t                        <div class=\"row text\">\r\n                    <div class=\"col\">\r\n                        <div class=\"textBlock-text text-block-html \" style=\"margin-top: 0px; \">\r\n                            <p class=\"wp-block-gn-text-block\"><img loading=\"lazy\" decoding=\"async\" width=\"150\" height=\"150\" class=\"wp-image-2124\" style=\"width: 150px;\" src=\"https:\/\/www.mucivi.ch\/wp-content\/uploads\/2025\/06\/5-white-150x150-1.png\" alt=\"\" srcset=\"https:\/\/www.mucivi.ch\/wp-content\/uploads\/2025\/06\/5-white-150x150-1.png 150w, https:\/\/www.mucivi.ch\/wp-content\/uploads\/2025\/06\/5-white-150x150-1-100x100.png 100w\" sizes=\"auto, (max-width: 150px) 100vw, 150px\" \/>Pas shk\u00eblqimit t\u00eb nj\u00eb shteti mysliman t\u00eb ndri\u00e7uar dhe udh\u00ebheq\u00ebs, vjen nj\u00eb periudh\u00eb dyshimesh, tensioni dhe mospajtimesh. Mendimi dob\u00ebsohet, injoranca k\u00ebrc\u00ebnon. Pastaj vijn\u00eb fuqi t\u00eb huaja q\u00eb v\u00ebn\u00eb n\u00eb dyshim nj\u00eb dominim t\u00eb guximsh\u00ebm. Islami, pak nga pak, nuk \u00ebsht\u00eb m\u00eb fe shtet\u00ebrore p\u00ebr t\u00eb gjith\u00eb mysliman\u00ebt: nd\u00ebrkoh\u00eb q\u00eb kalifatet jan\u00eb n\u00eb agoni, mysliman\u00ebt ndjekin rrug\u00ebt tregtare dhe vendosen n\u00eb vende t\u00eb larg\u00ebta dhe t\u00eb huaja.<\/p>\n\r\n                        <\/div>\r\n                    <\/div>                                        \r\n                <\/div>\r\n                        <\/div>\r\n                       <div class=\"sidebar-container col-12 col-lg-3 ps-lg-5\">\r\n                        \t\r\n\r\n\t\t<div class=\"sidebar-title\">\r\n\t\t   Hap\u00ebsirat e ekspozit\u00ebs\r\n\t\t<\/div>\r\n\t\t<div class=\"sidebar-buttons mt-4\"><div class=\"sidebar-button mb-2\"><a target=\"_blank\" href=\"\/sq\/ekspozita\/hapesira-e-injorances\/\" class=\"sidebar-link\">Injorancat<\/a><\/div><div class=\"sidebar-button mb-2\"><a target=\"_blank\" href=\"\/sq\/ekspozita\/hapesira-e-zbulesave\/\" class=\"sidebar-link\">Zbulesat<\/a><\/div><div class=\"sidebar-button mb-2\"><a target=\"_blank\" href=\"\/sq\/ekspozita\/hapesira-e-interpretimeve\/\" class=\"sidebar-link\">Interpretimet<\/a><\/div><div class=\"sidebar-button mb-2\"><a target=\"_blank\" href=\"\/sq\/ekspozita\/hapesira-e-rrezatimeve\/\" class=\"sidebar-link\">Rrezatimet<\/a><\/div><div class=\"sidebar-button mb-2\"><a target=\"_blank\" href=\"\/sq\/ekspozita\/hapesira-e-agonive\/\" class=\"sidebar-link\">Agonit\u00eb<\/a><\/div><div class=\"sidebar-button mb-2\"><a target=\"_blank\" href=\"\/sq\/ekspozita\/hapesira-e-rinovimeve\/\" class=\"sidebar-link\">Riinvencione<\/a><\/div><\/div>\r\n                        <\/div>\r\n                        \r\n            <\/section>\n\n<section class=\"image-gallery-block bg-color-white\">\r\n\t\t\t        <div class=\"owl-carousel-slider \">\r\n\t\t\t\t\t            <div class=\"owl-carousel slider-carousel\">\r\n\t\t\t\t\t                <div>\r\n\t\t\t\t\t\t\t\t            <a href=\"https:\/\/www.mucivi.ch\/wp-content\/uploads\/2025\/06\/schreyer-1701731-2560x2050-1.jpg\" data-fancybox=\"gallery_69e34eeb9a68a\" data-caption=\"Vendi: Muzeu i civilizimeve islame MUCIVI \u2013 La Chaux-de-Fonds \u2013 Neuch\u00e2tel \u2013 Zvic\u00ebr \/ T\u00eb drejtat e p\u00ebrdorimit vet\u00ebm p\u00ebr MUCIVI\">\r\n\t\t\t\t\t\t\t\t                <img decoding=\"async\" src=\"https:\/\/www.mucivi.ch\/wp-content\/uploads\/2025\/06\/schreyer-1701731-2560x2050-1.jpg\" alt=\"Vendi: Muzeu i civilizimeve islame MUCIVI \u2013 La Chaux-de-Fonds \u2013 Neuch\u00e2tel \u2013 Zvic\u00ebr \/ T\u00eb drejtat e p\u00ebrdorimit vet\u00ebm p\u00ebr MUCIVI\" \/>\r\n\t\t\t\t\t\t\t\t            <\/a>\r\n\t\t\t\t\t\t\t\t        <\/div><div>\r\n\t\t\t\t\t\t\t\t            <a href=\"https:\/\/www.mucivi.ch\/wp-content\/uploads\/2025\/06\/schreyer-1701733-1598x1280-1.jpg\" data-fancybox=\"gallery_69e34eeb9a68a\" data-caption=\"Vendi: Muzeu i civilizimeve islame MUCIVI \u2013 La Chaux-de-Fonds \u2013 Neuch\u00e2tel \u2013 Zvic\u00ebr \/ T\u00eb drejtat e p\u00ebrdorimit vet\u00ebm p\u00ebr MUCIVI\">\r\n\t\t\t\t\t\t\t\t                <img decoding=\"async\" src=\"https:\/\/www.mucivi.ch\/wp-content\/uploads\/2025\/06\/schreyer-1701733-1598x1280-1.jpg\" alt=\"Vendi: Muzeu i civilizimeve islame MUCIVI \u2013 La Chaux-de-Fonds \u2013 Neuch\u00e2tel \u2013 Zvic\u00ebr \/ T\u00eb drejtat e p\u00ebrdorimit vet\u00ebm p\u00ebr MUCIVI\" \/>\r\n\t\t\t\t\t\t\t\t            <\/a>\r\n\t\t\t\t\t\t\t\t        <\/div><div>\r\n\t\t\t\t\t\t\t\t            <a href=\"https:\/\/www.mucivi.ch\/wp-content\/uploads\/2025\/06\/schreyer-1701732-1598x1280-1.jpg\" data-fancybox=\"gallery_69e34eeb9a68a\" data-caption=\"Vendi: Muzeu i civilizimeve islame MUCIVI \u2013 La Chaux-de-Fonds \u2013 Neuch\u00e2tel \u2013 Zvic\u00ebr \/ T\u00eb drejtat e p\u00ebrdorimit vet\u00ebm p\u00ebr MUCIVI\">\r\n\t\t\t\t\t\t\t\t                <img decoding=\"async\" src=\"https:\/\/www.mucivi.ch\/wp-content\/uploads\/2025\/06\/schreyer-1701732-1598x1280-1.jpg\" alt=\"Vendi: Muzeu i civilizimeve islame MUCIVI \u2013 La Chaux-de-Fonds \u2013 Neuch\u00e2tel \u2013 Zvic\u00ebr \/ T\u00eb drejtat e p\u00ebrdorimit vet\u00ebm p\u00ebr MUCIVI\" \/>\r\n\t\t\t\t\t\t\t\t            <\/a>\r\n\t\t\t\t\t\t\t\t        <\/div><div>\r\n\t\t\t\t\t\t\t\t            <a href=\"https:\/\/www.mucivi.ch\/wp-content\/uploads\/2025\/06\/schreyer-1701734-1025x1280-1.jpg\" data-fancybox=\"gallery_69e34eeb9a68a\" data-caption=\"Vendi: Muzeu i civilizimeve islame MUCIVI \u2013 La Chaux-de-Fonds \u2013 Neuch\u00e2tel \u2013 Zvic\u00ebr \/ T\u00eb drejtat e p\u00ebrdorimit vet\u00ebm p\u00ebr MUCIVI\">\r\n\t\t\t\t\t\t\t\t                <img decoding=\"async\" src=\"https:\/\/www.mucivi.ch\/wp-content\/uploads\/2025\/06\/schreyer-1701734-1025x1280-1.jpg\" alt=\"Vendi: Muzeu i civilizimeve islame MUCIVI \u2013 La Chaux-de-Fonds \u2013 Neuch\u00e2tel \u2013 Zvic\u00ebr \/ T\u00eb drejtat e p\u00ebrdorimit vet\u00ebm p\u00ebr MUCIVI\" \/>\r\n\t\t\t\t\t\t\t\t            <\/a>\r\n\t\t\t\t\t\t\t\t        <\/div><div>\r\n\t\t\t\t\t\t\t\t            <a href=\"https:\/\/www.mucivi.ch\/wp-content\/uploads\/2025\/06\/schreyer-1701735-1025x1280-1.jpg\" data-fancybox=\"gallery_69e34eeb9a68a\" data-caption=\"Vendi: Muzeu i civilizimeve islame MUCIVI \u2013 La Chaux-de-Fonds \u2013 Neuch\u00e2tel \u2013 Zvic\u00ebr \/ T\u00eb drejtat e p\u00ebrdorimit vet\u00ebm p\u00ebr MUCIVI\">\r\n\t\t\t\t\t\t\t\t                <img decoding=\"async\" src=\"https:\/\/www.mucivi.ch\/wp-content\/uploads\/2025\/06\/schreyer-1701735-1025x1280-1.jpg\" alt=\"Vendi: Muzeu i civilizimeve islame MUCIVI \u2013 La Chaux-de-Fonds \u2013 Neuch\u00e2tel \u2013 Zvic\u00ebr \/ T\u00eb drejtat e p\u00ebrdorimit vet\u00ebm p\u00ebr MUCIVI\" \/>\r\n\t\t\t\t\t\t\t\t            <\/a>\r\n\t\t\t\t\t\t\t\t        <\/div>\r\n\t\t\t\t\t            <\/div>\r\n\t\t\t\t\t        <\/div>\r\n\t\t\t    <\/section>","protected":false},"excerpt":{"rendered":"","protected":false},"author":1,"featured_media":0,"parent":3903,"menu_order":0,"comment_status":"closed","ping_status":"closed","template":"","meta":{"footnotes":""},"class_list":["post-5090","page","type-page","status-publish","hentry"],"yoast_head":"<!-- This site is optimized with the Yoast SEO plugin v27.2 - https:\/\/yoast.com\/product\/yoast-seo-wordpress\/ -->\n<title>Hap\u00ebsira e agonive - MUCIVI - Mus\u00e9e des civilisations de l\u2019Islam<\/title>\n<meta name=\"robots\" content=\"index, follow, max-snippet:-1, max-image-preview:large, max-video-preview:-1\" \/>\n<link rel=\"canonical\" href=\"https:\/\/www.mucivi.ch\/sq\/ekspozita\/hapesira-e-agonive\/\" \/>\n<meta property=\"og:locale\" content=\"sq_AL\" \/>\n<meta property=\"og:type\" content=\"article\" \/>\n<meta property=\"og:title\" content=\"Hap\u00ebsira e agonive - MUCIVI - Mus\u00e9e des civilisations de l\u2019Islam\" \/>\n<meta property=\"og:url\" content=\"https:\/\/www.mucivi.ch\/sq\/ekspozita\/hapesira-e-agonive\/\" \/>\n<meta property=\"og:site_name\" content=\"MUCIVI - Mus\u00e9e des civilisations de l\u2019Islam\" \/>\n<meta property=\"article:publisher\" content=\"https:\/\/www.facebook.com\/mucivi\/\" \/>\n<meta property=\"article:modified_time\" content=\"2025-07-11T22:46:00+00:00\" \/>\n<meta property=\"og:image\" content=\"https:\/\/www.mucivi.ch\/wp-content\/uploads\/2025\/06\/5-white-150x150-1.png\" \/>\n\t<meta property=\"og:image:width\" content=\"150\" \/>\n\t<meta property=\"og:image:height\" content=\"150\" \/>\n\t<meta property=\"og:image:type\" content=\"image\/png\" \/>\n<meta name=\"twitter:card\" content=\"summary_large_image\" \/>\n<meta name=\"twitter:site\" content=\"@muciviicms\" \/>\n<meta name=\"twitter:label1\" content=\"Est. reading time\" \/>\n\t<meta name=\"twitter:data1\" content=\"2 minutes\" \/>\n<script type=\"application\/ld+json\" class=\"yoast-schema-graph\">{\"@context\":\"https:\/\/schema.org\",\"@graph\":[{\"@type\":\"WebPage\",\"@id\":\"https:\/\/www.mucivi.ch\/sq\/ekspozita\/hapesira-e-agonive\/\",\"url\":\"https:\/\/www.mucivi.ch\/sq\/ekspozita\/hapesira-e-agonive\/\",\"name\":\"Hap\u00ebsira e agonive - MUCIVI - Mus\u00e9e des civilisations de l\u2019Islam\",\"isPartOf\":{\"@id\":\"https:\/\/www.mucivi.ch\/sq\/#website\"},\"primaryImageOfPage\":{\"@id\":\"https:\/\/www.mucivi.ch\/sq\/ekspozita\/hapesira-e-agonive\/#primaryimage\"},\"image\":{\"@id\":\"https:\/\/www.mucivi.ch\/sq\/ekspozita\/hapesira-e-agonive\/#primaryimage\"},\"thumbnailUrl\":\"https:\/\/www.mucivi.ch\/wp-content\/uploads\/2025\/06\/5-white-150x150-1.png\",\"datePublished\":\"2025-06-02T15:02:19+00:00\",\"dateModified\":\"2025-07-11T22:46:00+00:00\",\"breadcrumb\":{\"@id\":\"https:\/\/www.mucivi.ch\/sq\/ekspozita\/hapesira-e-agonive\/#breadcrumb\"},\"inLanguage\":\"sq-AL\",\"potentialAction\":[{\"@type\":\"ReadAction\",\"target\":[\"https:\/\/www.mucivi.ch\/sq\/ekspozita\/hapesira-e-agonive\/\"]}]},{\"@type\":\"ImageObject\",\"inLanguage\":\"sq-AL\",\"@id\":\"https:\/\/www.mucivi.ch\/sq\/ekspozita\/hapesira-e-agonive\/#primaryimage\",\"url\":\"https:\/\/www.mucivi.ch\/wp-content\/uploads\/2025\/06\/5-white-150x150-1.png\",\"contentUrl\":\"https:\/\/www.mucivi.ch\/wp-content\/uploads\/2025\/06\/5-white-150x150-1.png\"},{\"@type\":\"BreadcrumbList\",\"@id\":\"https:\/\/www.mucivi.ch\/sq\/ekspozita\/hapesira-e-agonive\/#breadcrumb\",\"itemListElement\":[{\"@type\":\"ListItem\",\"position\":1,\"name\":\"Home\",\"item\":\"https:\/\/www.mucivi.ch\/sq\/\"},{\"@type\":\"ListItem\",\"position\":2,\"name\":\"Ekspozita\",\"item\":\"https:\/\/www.mucivi.ch\/sq\/ekspozita\/\"},{\"@type\":\"ListItem\",\"position\":3,\"name\":\"Hap\u00ebsira e agonive\"}]},{\"@type\":\"WebSite\",\"@id\":\"https:\/\/www.mucivi.ch\/sq\/#website\",\"url\":\"https:\/\/www.mucivi.ch\/sq\/\",\"name\":\"MUCIVI - Mus\u00e9e des civilisations de l\u2019Islam\",\"description\":\"\",\"publisher\":{\"@id\":\"https:\/\/www.mucivi.ch\/sq\/#organization\"},\"potentialAction\":[{\"@type\":\"SearchAction\",\"target\":{\"@type\":\"EntryPoint\",\"urlTemplate\":\"https:\/\/www.mucivi.ch\/sq\/?s={search_term_string}\"},\"query-input\":{\"@type\":\"PropertyValueSpecification\",\"valueRequired\":true,\"valueName\":\"search_term_string\"}}],\"inLanguage\":\"sq-AL\"},{\"@type\":\"Organization\",\"@id\":\"https:\/\/www.mucivi.ch\/sq\/#organization\",\"name\":\"MUCIVI - Mus\u00e9e des civilisations de l\u2019Islam\",\"url\":\"https:\/\/www.mucivi.ch\/sq\/\",\"logo\":{\"@type\":\"ImageObject\",\"inLanguage\":\"sq-AL\",\"@id\":\"https:\/\/www.mucivi.ch\/sq\/#\/schema\/logo\/image\/\",\"url\":\"https:\/\/www.mucivi.ch\/wp-content\/uploads\/2025\/05\/480795629_651358377467373_1464767840871238280_n.jpg\",\"contentUrl\":\"https:\/\/www.mucivi.ch\/wp-content\/uploads\/2025\/05\/480795629_651358377467373_1464767840871238280_n.jpg\",\"width\":695,\"height\":329,\"caption\":\"MUCIVI - Mus\u00e9e des civilisations de l\u2019Islam\"},\"image\":{\"@id\":\"https:\/\/www.mucivi.ch\/sq\/#\/schema\/logo\/image\/\"},\"sameAs\":[\"https:\/\/www.facebook.com\/mucivi\/\",\"https:\/\/x.com\/muciviicms\",\"https:\/\/www.instagram.com\/mucivi.ch\/\",\"https:\/\/www.youtube.com\/channel\/UCtLgFsJNSlqpJD0xnqa-hBw\"]}]}<\/script>\n<!-- \/ Yoast SEO plugin. -->","yoast_head_json":{"title":"Hap\u00ebsira e agonive - MUCIVI - Mus\u00e9e des civilisations de l\u2019Islam","robots":{"index":"index","follow":"follow","max-snippet":"max-snippet:-1","max-image-preview":"max-image-preview:large","max-video-preview":"max-video-preview:-1"},"canonical":"https:\/\/www.mucivi.ch\/sq\/ekspozita\/hapesira-e-agonive\/","og_locale":"sq_AL","og_type":"article","og_title":"Hap\u00ebsira e agonive - MUCIVI - Mus\u00e9e des civilisations de l\u2019Islam","og_url":"https:\/\/www.mucivi.ch\/sq\/ekspozita\/hapesira-e-agonive\/","og_site_name":"MUCIVI - Mus\u00e9e des civilisations de l\u2019Islam","article_publisher":"https:\/\/www.facebook.com\/mucivi\/","article_modified_time":"2025-07-11T22:46:00+00:00","og_image":[{"width":150,"height":150,"url":"https:\/\/www.mucivi.ch\/wp-content\/uploads\/2025\/06\/5-white-150x150-1.png","type":"image\/png"}],"twitter_card":"summary_large_image","twitter_site":"@muciviicms","twitter_misc":{"Est. reading time":"2 minutes"},"schema":{"@context":"https:\/\/schema.org","@graph":[{"@type":"WebPage","@id":"https:\/\/www.mucivi.ch\/sq\/ekspozita\/hapesira-e-agonive\/","url":"https:\/\/www.mucivi.ch\/sq\/ekspozita\/hapesira-e-agonive\/","name":"Hap\u00ebsira e agonive - MUCIVI - Mus\u00e9e des civilisations de l\u2019Islam","isPartOf":{"@id":"https:\/\/www.mucivi.ch\/sq\/#website"},"primaryImageOfPage":{"@id":"https:\/\/www.mucivi.ch\/sq\/ekspozita\/hapesira-e-agonive\/#primaryimage"},"image":{"@id":"https:\/\/www.mucivi.ch\/sq\/ekspozita\/hapesira-e-agonive\/#primaryimage"},"thumbnailUrl":"https:\/\/www.mucivi.ch\/wp-content\/uploads\/2025\/06\/5-white-150x150-1.png","datePublished":"2025-06-02T15:02:19+00:00","dateModified":"2025-07-11T22:46:00+00:00","breadcrumb":{"@id":"https:\/\/www.mucivi.ch\/sq\/ekspozita\/hapesira-e-agonive\/#breadcrumb"},"inLanguage":"sq-AL","potentialAction":[{"@type":"ReadAction","target":["https:\/\/www.mucivi.ch\/sq\/ekspozita\/hapesira-e-agonive\/"]}]},{"@type":"ImageObject","inLanguage":"sq-AL","@id":"https:\/\/www.mucivi.ch\/sq\/ekspozita\/hapesira-e-agonive\/#primaryimage","url":"https:\/\/www.mucivi.ch\/wp-content\/uploads\/2025\/06\/5-white-150x150-1.png","contentUrl":"https:\/\/www.mucivi.ch\/wp-content\/uploads\/2025\/06\/5-white-150x150-1.png"},{"@type":"BreadcrumbList","@id":"https:\/\/www.mucivi.ch\/sq\/ekspozita\/hapesira-e-agonive\/#breadcrumb","itemListElement":[{"@type":"ListItem","position":1,"name":"Home","item":"https:\/\/www.mucivi.ch\/sq\/"},{"@type":"ListItem","position":2,"name":"Ekspozita","item":"https:\/\/www.mucivi.ch\/sq\/ekspozita\/"},{"@type":"ListItem","position":3,"name":"Hap\u00ebsira e agonive"}]},{"@type":"WebSite","@id":"https:\/\/www.mucivi.ch\/sq\/#website","url":"https:\/\/www.mucivi.ch\/sq\/","name":"MUCIVI - Mus\u00e9e des civilisations de l\u2019Islam","description":"","publisher":{"@id":"https:\/\/www.mucivi.ch\/sq\/#organization"},"potentialAction":[{"@type":"SearchAction","target":{"@type":"EntryPoint","urlTemplate":"https:\/\/www.mucivi.ch\/sq\/?s={search_term_string}"},"query-input":{"@type":"PropertyValueSpecification","valueRequired":true,"valueName":"search_term_string"}}],"inLanguage":"sq-AL"},{"@type":"Organization","@id":"https:\/\/www.mucivi.ch\/sq\/#organization","name":"MUCIVI - Mus\u00e9e des civilisations de l\u2019Islam","url":"https:\/\/www.mucivi.ch\/sq\/","logo":{"@type":"ImageObject","inLanguage":"sq-AL","@id":"https:\/\/www.mucivi.ch\/sq\/#\/schema\/logo\/image\/","url":"https:\/\/www.mucivi.ch\/wp-content\/uploads\/2025\/05\/480795629_651358377467373_1464767840871238280_n.jpg","contentUrl":"https:\/\/www.mucivi.ch\/wp-content\/uploads\/2025\/05\/480795629_651358377467373_1464767840871238280_n.jpg","width":695,"height":329,"caption":"MUCIVI - Mus\u00e9e des civilisations de l\u2019Islam"},"image":{"@id":"https:\/\/www.mucivi.ch\/sq\/#\/schema\/logo\/image\/"},"sameAs":["https:\/\/www.facebook.com\/mucivi\/","https:\/\/x.com\/muciviicms","https:\/\/www.instagram.com\/mucivi.ch\/","https:\/\/www.youtube.com\/channel\/UCtLgFsJNSlqpJD0xnqa-hBw"]}]}},"_links":{"self":[{"href":"https:\/\/www.mucivi.ch\/sq\/wp-json\/wp\/v2\/pages\/5090","targetHints":{"allow":["GET"]}}],"collection":[{"href":"https:\/\/www.mucivi.ch\/sq\/wp-json\/wp\/v2\/pages"}],"about":[{"href":"https:\/\/www.mucivi.ch\/sq\/wp-json\/wp\/v2\/types\/page"}],"author":[{"embeddable":true,"href":"https:\/\/www.mucivi.ch\/sq\/wp-json\/wp\/v2\/users\/1"}],"replies":[{"embeddable":true,"href":"https:\/\/www.mucivi.ch\/sq\/wp-json\/wp\/v2\/comments?post=5090"}],"version-history":[{"count":1,"href":"https:\/\/www.mucivi.ch\/sq\/wp-json\/wp\/v2\/pages\/5090\/revisions"}],"predecessor-version":[{"id":5118,"href":"https:\/\/www.mucivi.ch\/sq\/wp-json\/wp\/v2\/pages\/5090\/revisions\/5118"}],"up":[{"embeddable":true,"href":"https:\/\/www.mucivi.ch\/sq\/wp-json\/wp\/v2\/pages\/3903"}],"wp:attachment":[{"href":"https:\/\/www.mucivi.ch\/sq\/wp-json\/wp\/v2\/media?parent=5090"}],"curies":[{"name":"wp","href":"https:\/\/api.w.org\/{rel}","templated":true}]}}