{"id":5445,"date":"2025-06-02T15:03:01","date_gmt":"2025-06-02T15:03:01","guid":{"rendered":"https:\/\/www.mucivi.ch\/?page_id=5445"},"modified":"2025-07-12T18:11:34","modified_gmt":"2025-07-12T18:11:34","slug":"hapesira-e-injorances","status":"publish","type":"page","link":"https:\/\/www.mucivi.ch\/sq\/ekspozita\/hapesira-e-injorances\/","title":{"rendered":"Hap\u00ebsira e injoranc\u00ebs"},"content":{"rendered":"\r\n        <style>\r\n             .showcase-section-block-69e79fff12fdc {\r\n                background-image: url(https:\/\/www.mucivi.ch\/wp-content\/uploads\/2025\/06\/schreyer-1701672-2560x1704-1.jpg);\r\n                background-attachment: scroll;\r\n                background-size: cover;  \r\n                background-repeat: no-repeat; \r\n                background-position: center center;\r\n                overflow: hidden;\r\n                color:  var(--mucivi-white);\r\n            }\r\n\r\n            @media (max-width: 1024px) {\r\n                 .showcase-section-block-69e79fff12fdc {\r\n                    background-attachment: scroll;\r\n                }\r\n            }\r\n        <\/style><section class=\"showcase-section-block showcase-section-block-69e79fff12fdc\">   \r\n\t\t\t\t\t\t\t\t        <div class=\"container showcase-section-container showcase-section-banner\">\r\n\t\t\t\t\t\t\t\t                 <div class=\"showcase-overlay-picture\"><\/div>\r\n\t\t\t\t\t\t\t\t                    <div class=\"showcase-overlay\"><\/div>\r\n\t\t\t\t\t\t\t\t                <div class=\"showcase-section d-flex flex-column align-items-center justify-content-evenly text-center\">\r\n\t\t\t\t\t            <div class=\"showcase-content\">\r\n\t\t\t\t\t\t\t\t\t<h1 class=\"showcase-title\">Hap\u00ebsira e injoranc\u00ebs<\/h1>\r\n\t\t\t\t\t                <p class=\"showcase-description\"><\/p>\r\n\t\t\t\t\t                  <div class=\"showcase-section-button\">\r\n\t\t\t\t\t                    \r\n\t\t\t\t\t                  <\/div>\r\n\t\t\t\t\t            <\/div>\r\n\t\t\t\t\t        <\/div>\r\n\t\t\t\t\t\t\t\t        <\/div>\r\n\t\t\t\t\t\t\t\t    <\/section>\n\n\n<div style=\"height:100px\" aria-hidden=\"true\" class=\"wp-block-spacer\"><\/div>\n\n\n\r\n\t\t\r\n\t\t<section id=\"\" class=\"text-block  space-bottom-yes space-top-no text-block-id-69e79fff13175 bg-color-white text-color-black\">\r\n                    <div class=\"container d-flex flex-column flex-lg-row \">\r\n                        <div class=\"col-12 col-lg-9\">\r\n\t                        \r\n\t                        \r\n\t                        <div class=\"row text\">\r\n                    <div class=\"col\">\r\n                        <div class=\"textBlock-text text-block-html \" style=\"margin-top: 0px; \">\r\n                            <p class=\"wp-block-gn-text-block\"><img loading=\"lazy\" decoding=\"async\" width=\"150\" height=\"150\" src=\"https:\/\/www.mucivi.ch\/wp-content\/uploads\/2025\/06\/1-white.png\">Sapo hyn n\u00eb sall\u00ebn e par\u00eb t\u00eb ekspozit\u00ebs s\u00eb referenc\u00ebs, vizitori, i zhytur n\u00eb err\u00ebsir\u00eb, p\u00ebrgatitet p\u00ebr p\u00ebrvoj\u00ebn q\u00eb e pret. Vizita do t\u00eb zhvillohet n\u00ebn shenj\u00ebn jo vet\u00ebm t\u00eb zbulimit, por edhe t\u00eb pyetjeve dhe t\u00eb v\u00ebnies n\u00eb dyshim. Sepse, edhe pse injoranca p\u00ebr mysliman\u00ebt n\u00ebnkupton nj\u00eb periudh\u00eb historike specifike \u2013 at\u00eb q\u00eb i paraprin zbules\u00ebs q\u00eb mori Muhamedi \u2013 k\u00ebtu \u00ebsht\u00eb, mbi t\u00eb gjitha, nj\u00eb mund\u00ebsi p\u00ebr reflektim t\u00eb brendsh\u00ebm\u2026<\/p>\n\r\n                        <\/div>\r\n                    <\/div>                                        \r\n                <\/div>\r\n                        <\/div>\r\n                       <div class=\"sidebar-container col-12 col-lg-3 ps-lg-5\">\r\n                        \t\r\n\r\n\t\t<div class=\"sidebar-title\">\r\n\t\t   Espaces d\u2019exposition\r\n\t\t<\/div>\r\n\t\t<div class=\"sidebar-buttons mt-4\"><div class=\"sidebar-button mb-2\"><a target=\"_blank\" href=\"\/sq\/ekspozita\/hapesira-e-injorances\/\" class=\"sidebar-link\">Injorancat<\/a><\/div><div class=\"sidebar-button mb-2\"><a target=\"_blank\" href=\"\/sq\/ekspozita\/hapesira-e-zbulesave\/\" class=\"sidebar-link\">Zbulesat<\/a><\/div><div class=\"sidebar-button mb-2\"><a target=\"_blank\" href=\"\/sq\/ekspozita\/hapesira-e-interpretimeve\/\" class=\"sidebar-link\">Interpretimet<\/a><\/div><div class=\"sidebar-button mb-2\"><a target=\"_blank\" href=\"\/sq\/ekspozita\/hapesira-e-rrezatimeve\/\" class=\"sidebar-link\">Rrezatimet<\/a><\/div><div class=\"sidebar-button mb-2\"><a target=\"_blank\" href=\"\/sq\/ekspozita\/hapesira-e-agonive\/\" class=\"sidebar-link\">Agonit\u00eb<\/a><\/div><div class=\"sidebar-button mb-2\"><a target=\"_blank\" href=\"\/sq\/ekspozita\/hapesira-e-rinovimeve\/\" class=\"sidebar-link\">Riinvencione<\/a><\/div><\/div>\r\n                        <\/div>\r\n                        \r\n            <\/section>\n\n<section class=\"image-gallery-block bg-color-white\">\r\n\t\t\t        <div class=\"owl-carousel-slider \">\r\n\t\t\t\t\t            <div class=\"owl-carousel slider-carousel\">\r\n\t\t\t\t\t                <div>\r\n\t\t\t\t\t\t\t\t            <a href=\"https:\/\/www.mucivi.ch\/wp-content\/uploads\/2025\/06\/schreyer-1701761-1920x1278-1.jpg\" data-fancybox=\"gallery_69e79fff13476\" data-caption=\"Vendndodhja: Muzeu i Civilizimeve Islame MUCIVI \u2013 La Chaux-de-Fonds \u2013 Neuch\u00e2tel \u2013 Zvic\u00ebr \/ T\u00eb drejtat e p\u00ebrdorimit vet\u00ebm p\u00ebr MUCIVI\">\r\n\t\t\t\t\t\t\t\t                <img decoding=\"async\" src=\"https:\/\/www.mucivi.ch\/wp-content\/uploads\/2025\/06\/schreyer-1701761-1920x1278-1.jpg\" alt=\"Vendndodhja: Muzeu i Civilizimeve Islame MUCIVI \u2013 La Chaux-de-Fonds \u2013 Neuch\u00e2tel \u2013 Zvic\u00ebr \/ T\u00eb drejtat e p\u00ebrdorimit vet\u00ebm p\u00ebr MUCIVI\" \/>\r\n\t\t\t\t\t\t\t\t            <\/a>\r\n\t\t\t\t\t\t\t\t        <\/div><div>\r\n\t\t\t\t\t\t\t\t            <a href=\"https:\/\/www.mucivi.ch\/wp-content\/uploads\/2025\/06\/schreyer-1701672-1-1920x1278-1.jpg\" data-fancybox=\"gallery_69e79fff13476\" data-caption=\"Vendndodhja: Muzeu i Civilizimeve Islame MUCIVI \u2013 La Chaux-de-Fonds \u2013 Neuch\u00e2tel \u2013 Zvic\u00ebr \/ T\u00eb drejtat e p\u00ebrdorimit vet\u00ebm p\u00ebr MUCIVI\">\r\n\t\t\t\t\t\t\t\t                <img decoding=\"async\" src=\"https:\/\/www.mucivi.ch\/wp-content\/uploads\/2025\/06\/schreyer-1701672-1-1920x1278-1.jpg\" alt=\"Vendndodhja: Muzeu i Civilizimeve Islame MUCIVI \u2013 La Chaux-de-Fonds \u2013 Neuch\u00e2tel \u2013 Zvic\u00ebr \/ T\u00eb drejtat e p\u00ebrdorimit vet\u00ebm p\u00ebr MUCIVI\" \/>\r\n\t\t\t\t\t\t\t\t            <\/a>\r\n\t\t\t\t\t\t\t\t        <\/div><div>\r\n\t\t\t\t\t\t\t\t            <a href=\"https:\/\/www.mucivi.ch\/wp-content\/uploads\/2025\/06\/schreyer-1701673-1920x1278-1.jpg\" data-fancybox=\"gallery_69e79fff13476\" data-caption=\"Vendndodhja: Muzeu i Civilizimeve Islame MUCIVI \u2013 La Chaux-de-Fonds \u2013 Neuch\u00e2tel \u2013 Zvic\u00ebr \/ T\u00eb drejtat e p\u00ebrdorimit vet\u00ebm p\u00ebr MUCIVI\">\r\n\t\t\t\t\t\t\t\t                <img decoding=\"async\" src=\"https:\/\/www.mucivi.ch\/wp-content\/uploads\/2025\/06\/schreyer-1701673-1920x1278-1.jpg\" alt=\"Vendndodhja: Muzeu i Civilizimeve Islame MUCIVI \u2013 La Chaux-de-Fonds \u2013 Neuch\u00e2tel \u2013 Zvic\u00ebr \/ T\u00eb drejtat e p\u00ebrdorimit vet\u00ebm p\u00ebr MUCIVI\" \/>\r\n\t\t\t\t\t\t\t\t            <\/a>\r\n\t\t\t\t\t\t\t\t        <\/div><div>\r\n\t\t\t\t\t\t\t\t            <a href=\"https:\/\/www.mucivi.ch\/wp-content\/uploads\/2025\/06\/schreyer-1701759-1025x1280-1.jpg\" data-fancybox=\"gallery_69e79fff13476\" data-caption=\"Vendndodhja: Muzeu i Civilizimeve Islame MUCIVI \u2013 La Chaux-de-Fonds \u2013 Neuch\u00e2tel \u2013 Zvic\u00ebr \/ T\u00eb drejtat e p\u00ebrdorimit vet\u00ebm p\u00ebr MUCIVI\">\r\n\t\t\t\t\t\t\t\t                <img decoding=\"async\" src=\"https:\/\/www.mucivi.ch\/wp-content\/uploads\/2025\/06\/schreyer-1701759-1025x1280-1.jpg\" alt=\"Vendndodhja: Muzeu i Civilizimeve Islame MUCIVI \u2013 La Chaux-de-Fonds \u2013 Neuch\u00e2tel \u2013 Zvic\u00ebr \/ T\u00eb drejtat e p\u00ebrdorimit vet\u00ebm p\u00ebr MUCIVI\" \/>\r\n\t\t\t\t\t\t\t\t            <\/a>\r\n\t\t\t\t\t\t\t\t        <\/div><div>\r\n\t\t\t\t\t\t\t\t            <a href=\"https:\/\/www.mucivi.ch\/wp-content\/uploads\/2025\/06\/schreyer-1701760-1920x1280-1.jpg\" data-fancybox=\"gallery_69e79fff13476\" data-caption=\"Vendndodhja: Muzeu i Civilizimeve Islame MUCIVI \u2013 La Chaux-de-Fonds \u2013 Neuch\u00e2tel \u2013 Zvic\u00ebr \/ T\u00eb drejtat e p\u00ebrdorimit vet\u00ebm p\u00ebr MUCIVI\">\r\n\t\t\t\t\t\t\t\t                <img decoding=\"async\" src=\"https:\/\/www.mucivi.ch\/wp-content\/uploads\/2025\/06\/schreyer-1701760-1920x1280-1.jpg\" alt=\"Vendndodhja: Muzeu i Civilizimeve Islame MUCIVI \u2013 La Chaux-de-Fonds \u2013 Neuch\u00e2tel \u2013 Zvic\u00ebr \/ T\u00eb drejtat e p\u00ebrdorimit vet\u00ebm p\u00ebr MUCIVI\" \/>\r\n\t\t\t\t\t\t\t\t            <\/a>\r\n\t\t\t\t\t\t\t\t        <\/div>\r\n\t\t\t\t\t            <\/div>\r\n\t\t\t\t\t        <\/div>\r\n\t\t\t    <\/section>","protected":false},"excerpt":{"rendered":"","protected":false},"author":1,"featured_media":0,"parent":3903,"menu_order":0,"comment_status":"closed","ping_status":"closed","template":"","meta":{"footnotes":""},"class_list":["post-5445","page","type-page","status-publish","hentry"],"yoast_head":"<!-- This site is optimized with the Yoast SEO plugin v27.2 - https:\/\/yoast.com\/product\/yoast-seo-wordpress\/ -->\n<title>Hap\u00ebsira e injoranc\u00ebs - MUCIVI - Mus\u00e9e des civilisations de l\u2019Islam<\/title>\n<meta name=\"robots\" content=\"index, follow, max-snippet:-1, max-image-preview:large, max-video-preview:-1\" \/>\n<link rel=\"canonical\" href=\"https:\/\/www.mucivi.ch\/sq\/ekspozita\/hapesira-e-injorances\/\" \/>\n<meta property=\"og:locale\" content=\"sq_AL\" \/>\n<meta property=\"og:type\" content=\"article\" \/>\n<meta property=\"og:title\" content=\"Hap\u00ebsira e injoranc\u00ebs - MUCIVI - Mus\u00e9e des civilisations de l\u2019Islam\" \/>\n<meta property=\"og:url\" content=\"https:\/\/www.mucivi.ch\/sq\/ekspozita\/hapesira-e-injorances\/\" \/>\n<meta property=\"og:site_name\" content=\"MUCIVI - Mus\u00e9e des civilisations de l\u2019Islam\" \/>\n<meta property=\"article:publisher\" content=\"https:\/\/www.facebook.com\/mucivi\/\" \/>\n<meta property=\"article:modified_time\" content=\"2025-07-12T18:11:34+00:00\" \/>\n<meta property=\"og:image\" content=\"https:\/\/www.mucivi.ch\/wp-content\/uploads\/2025\/06\/1-white.png\" \/>\n<meta name=\"twitter:card\" content=\"summary_large_image\" \/>\n<meta name=\"twitter:site\" content=\"@muciviicms\" \/>\n<meta name=\"twitter:label1\" content=\"Est. reading time\" \/>\n\t<meta name=\"twitter:data1\" content=\"2 minutes\" \/>\n<script type=\"application\/ld+json\" class=\"yoast-schema-graph\">{\"@context\":\"https:\/\/schema.org\",\"@graph\":[{\"@type\":\"WebPage\",\"@id\":\"https:\/\/www.mucivi.ch\/sq\/ekspozita\/hapesira-e-injorances\/\",\"url\":\"https:\/\/www.mucivi.ch\/sq\/ekspozita\/hapesira-e-injorances\/\",\"name\":\"Hap\u00ebsira e injoranc\u00ebs - MUCIVI - Mus\u00e9e des civilisations de l\u2019Islam\",\"isPartOf\":{\"@id\":\"https:\/\/www.mucivi.ch\/sq\/#website\"},\"primaryImageOfPage\":{\"@id\":\"https:\/\/www.mucivi.ch\/sq\/ekspozita\/hapesira-e-injorances\/#primaryimage\"},\"image\":{\"@id\":\"https:\/\/www.mucivi.ch\/sq\/ekspozita\/hapesira-e-injorances\/#primaryimage\"},\"thumbnailUrl\":\"https:\/\/www.mucivi.ch\/wp-content\/uploads\/2025\/06\/1-white.png\",\"datePublished\":\"2025-06-02T15:03:01+00:00\",\"dateModified\":\"2025-07-12T18:11:34+00:00\",\"breadcrumb\":{\"@id\":\"https:\/\/www.mucivi.ch\/sq\/ekspozita\/hapesira-e-injorances\/#breadcrumb\"},\"inLanguage\":\"sq-AL\",\"potentialAction\":[{\"@type\":\"ReadAction\",\"target\":[\"https:\/\/www.mucivi.ch\/sq\/ekspozita\/hapesira-e-injorances\/\"]}]},{\"@type\":\"ImageObject\",\"inLanguage\":\"sq-AL\",\"@id\":\"https:\/\/www.mucivi.ch\/sq\/ekspozita\/hapesira-e-injorances\/#primaryimage\",\"url\":\"https:\/\/www.mucivi.ch\/wp-content\/uploads\/2025\/06\/1-white.png\",\"contentUrl\":\"https:\/\/www.mucivi.ch\/wp-content\/uploads\/2025\/06\/1-white.png\"},{\"@type\":\"BreadcrumbList\",\"@id\":\"https:\/\/www.mucivi.ch\/sq\/ekspozita\/hapesira-e-injorances\/#breadcrumb\",\"itemListElement\":[{\"@type\":\"ListItem\",\"position\":1,\"name\":\"Home\",\"item\":\"https:\/\/www.mucivi.ch\/sq\/\"},{\"@type\":\"ListItem\",\"position\":2,\"name\":\"Ekspozita\",\"item\":\"https:\/\/www.mucivi.ch\/sq\/ekspozita\/\"},{\"@type\":\"ListItem\",\"position\":3,\"name\":\"Hap\u00ebsira e injoranc\u00ebs\"}]},{\"@type\":\"WebSite\",\"@id\":\"https:\/\/www.mucivi.ch\/sq\/#website\",\"url\":\"https:\/\/www.mucivi.ch\/sq\/\",\"name\":\"MUCIVI - Mus\u00e9e des civilisations de l\u2019Islam\",\"description\":\"\",\"publisher\":{\"@id\":\"https:\/\/www.mucivi.ch\/sq\/#organization\"},\"potentialAction\":[{\"@type\":\"SearchAction\",\"target\":{\"@type\":\"EntryPoint\",\"urlTemplate\":\"https:\/\/www.mucivi.ch\/sq\/?s={search_term_string}\"},\"query-input\":{\"@type\":\"PropertyValueSpecification\",\"valueRequired\":true,\"valueName\":\"search_term_string\"}}],\"inLanguage\":\"sq-AL\"},{\"@type\":\"Organization\",\"@id\":\"https:\/\/www.mucivi.ch\/sq\/#organization\",\"name\":\"MUCIVI - Mus\u00e9e des civilisations de l\u2019Islam\",\"url\":\"https:\/\/www.mucivi.ch\/sq\/\",\"logo\":{\"@type\":\"ImageObject\",\"inLanguage\":\"sq-AL\",\"@id\":\"https:\/\/www.mucivi.ch\/sq\/#\/schema\/logo\/image\/\",\"url\":\"https:\/\/www.mucivi.ch\/wp-content\/uploads\/2025\/05\/480795629_651358377467373_1464767840871238280_n.jpg\",\"contentUrl\":\"https:\/\/www.mucivi.ch\/wp-content\/uploads\/2025\/05\/480795629_651358377467373_1464767840871238280_n.jpg\",\"width\":695,\"height\":329,\"caption\":\"MUCIVI - Mus\u00e9e des civilisations de l\u2019Islam\"},\"image\":{\"@id\":\"https:\/\/www.mucivi.ch\/sq\/#\/schema\/logo\/image\/\"},\"sameAs\":[\"https:\/\/www.facebook.com\/mucivi\/\",\"https:\/\/x.com\/muciviicms\",\"https:\/\/www.instagram.com\/mucivi.ch\/\",\"https:\/\/www.youtube.com\/channel\/UCtLgFsJNSlqpJD0xnqa-hBw\"]}]}<\/script>\n<!-- \/ Yoast SEO plugin. -->","yoast_head_json":{"title":"Hap\u00ebsira e injoranc\u00ebs - MUCIVI - Mus\u00e9e des civilisations de l\u2019Islam","robots":{"index":"index","follow":"follow","max-snippet":"max-snippet:-1","max-image-preview":"max-image-preview:large","max-video-preview":"max-video-preview:-1"},"canonical":"https:\/\/www.mucivi.ch\/sq\/ekspozita\/hapesira-e-injorances\/","og_locale":"sq_AL","og_type":"article","og_title":"Hap\u00ebsira e injoranc\u00ebs - MUCIVI - Mus\u00e9e des civilisations de l\u2019Islam","og_url":"https:\/\/www.mucivi.ch\/sq\/ekspozita\/hapesira-e-injorances\/","og_site_name":"MUCIVI - Mus\u00e9e des civilisations de l\u2019Islam","article_publisher":"https:\/\/www.facebook.com\/mucivi\/","article_modified_time":"2025-07-12T18:11:34+00:00","og_image":[{"url":"https:\/\/www.mucivi.ch\/wp-content\/uploads\/2025\/06\/1-white.png","type":"","width":"","height":""}],"twitter_card":"summary_large_image","twitter_site":"@muciviicms","twitter_misc":{"Est. reading time":"2 minutes"},"schema":{"@context":"https:\/\/schema.org","@graph":[{"@type":"WebPage","@id":"https:\/\/www.mucivi.ch\/sq\/ekspozita\/hapesira-e-injorances\/","url":"https:\/\/www.mucivi.ch\/sq\/ekspozita\/hapesira-e-injorances\/","name":"Hap\u00ebsira e injoranc\u00ebs - MUCIVI - Mus\u00e9e des civilisations de l\u2019Islam","isPartOf":{"@id":"https:\/\/www.mucivi.ch\/sq\/#website"},"primaryImageOfPage":{"@id":"https:\/\/www.mucivi.ch\/sq\/ekspozita\/hapesira-e-injorances\/#primaryimage"},"image":{"@id":"https:\/\/www.mucivi.ch\/sq\/ekspozita\/hapesira-e-injorances\/#primaryimage"},"thumbnailUrl":"https:\/\/www.mucivi.ch\/wp-content\/uploads\/2025\/06\/1-white.png","datePublished":"2025-06-02T15:03:01+00:00","dateModified":"2025-07-12T18:11:34+00:00","breadcrumb":{"@id":"https:\/\/www.mucivi.ch\/sq\/ekspozita\/hapesira-e-injorances\/#breadcrumb"},"inLanguage":"sq-AL","potentialAction":[{"@type":"ReadAction","target":["https:\/\/www.mucivi.ch\/sq\/ekspozita\/hapesira-e-injorances\/"]}]},{"@type":"ImageObject","inLanguage":"sq-AL","@id":"https:\/\/www.mucivi.ch\/sq\/ekspozita\/hapesira-e-injorances\/#primaryimage","url":"https:\/\/www.mucivi.ch\/wp-content\/uploads\/2025\/06\/1-white.png","contentUrl":"https:\/\/www.mucivi.ch\/wp-content\/uploads\/2025\/06\/1-white.png"},{"@type":"BreadcrumbList","@id":"https:\/\/www.mucivi.ch\/sq\/ekspozita\/hapesira-e-injorances\/#breadcrumb","itemListElement":[{"@type":"ListItem","position":1,"name":"Home","item":"https:\/\/www.mucivi.ch\/sq\/"},{"@type":"ListItem","position":2,"name":"Ekspozita","item":"https:\/\/www.mucivi.ch\/sq\/ekspozita\/"},{"@type":"ListItem","position":3,"name":"Hap\u00ebsira e injoranc\u00ebs"}]},{"@type":"WebSite","@id":"https:\/\/www.mucivi.ch\/sq\/#website","url":"https:\/\/www.mucivi.ch\/sq\/","name":"MUCIVI - Mus\u00e9e des civilisations de l\u2019Islam","description":"","publisher":{"@id":"https:\/\/www.mucivi.ch\/sq\/#organization"},"potentialAction":[{"@type":"SearchAction","target":{"@type":"EntryPoint","urlTemplate":"https:\/\/www.mucivi.ch\/sq\/?s={search_term_string}"},"query-input":{"@type":"PropertyValueSpecification","valueRequired":true,"valueName":"search_term_string"}}],"inLanguage":"sq-AL"},{"@type":"Organization","@id":"https:\/\/www.mucivi.ch\/sq\/#organization","name":"MUCIVI - Mus\u00e9e des civilisations de l\u2019Islam","url":"https:\/\/www.mucivi.ch\/sq\/","logo":{"@type":"ImageObject","inLanguage":"sq-AL","@id":"https:\/\/www.mucivi.ch\/sq\/#\/schema\/logo\/image\/","url":"https:\/\/www.mucivi.ch\/wp-content\/uploads\/2025\/05\/480795629_651358377467373_1464767840871238280_n.jpg","contentUrl":"https:\/\/www.mucivi.ch\/wp-content\/uploads\/2025\/05\/480795629_651358377467373_1464767840871238280_n.jpg","width":695,"height":329,"caption":"MUCIVI - Mus\u00e9e des civilisations de l\u2019Islam"},"image":{"@id":"https:\/\/www.mucivi.ch\/sq\/#\/schema\/logo\/image\/"},"sameAs":["https:\/\/www.facebook.com\/mucivi\/","https:\/\/x.com\/muciviicms","https:\/\/www.instagram.com\/mucivi.ch\/","https:\/\/www.youtube.com\/channel\/UCtLgFsJNSlqpJD0xnqa-hBw"]}]}},"_links":{"self":[{"href":"https:\/\/www.mucivi.ch\/sq\/wp-json\/wp\/v2\/pages\/5445","targetHints":{"allow":["GET"]}}],"collection":[{"href":"https:\/\/www.mucivi.ch\/sq\/wp-json\/wp\/v2\/pages"}],"about":[{"href":"https:\/\/www.mucivi.ch\/sq\/wp-json\/wp\/v2\/types\/page"}],"author":[{"embeddable":true,"href":"https:\/\/www.mucivi.ch\/sq\/wp-json\/wp\/v2\/users\/1"}],"replies":[{"embeddable":true,"href":"https:\/\/www.mucivi.ch\/sq\/wp-json\/wp\/v2\/comments?post=5445"}],"version-history":[{"count":2,"href":"https:\/\/www.mucivi.ch\/sq\/wp-json\/wp\/v2\/pages\/5445\/revisions"}],"predecessor-version":[{"id":5508,"href":"https:\/\/www.mucivi.ch\/sq\/wp-json\/wp\/v2\/pages\/5445\/revisions\/5508"}],"up":[{"embeddable":true,"href":"https:\/\/www.mucivi.ch\/sq\/wp-json\/wp\/v2\/pages\/3903"}],"wp:attachment":[{"href":"https:\/\/www.mucivi.ch\/sq\/wp-json\/wp\/v2\/media?parent=5445"}],"curies":[{"name":"wp","href":"https:\/\/api.w.org\/{rel}","templated":true}]}}