{"id":5808,"date":"2025-06-02T15:01:33","date_gmt":"2025-06-02T15:01:33","guid":{"rendered":"https:\/\/www.mucivi.ch\/donate\/"},"modified":"2025-07-12T21:34:36","modified_gmt":"2025-07-12T21:34:36","slug":"donate","status":"publish","type":"page","link":"https:\/\/www.mucivi.ch\/sq\/donate\/","title":{"rendered":"Dhuro"},"content":{"rendered":"\r\n        <style>\r\n             .showcase-section-block-69e75a9e2ff1f {\r\n                background-image: url(https:\/\/www.mucivi.ch\/wp-content\/uploads\/2025\/06\/schreyer-1701668-2560x3197-1-scaled.jpg);\r\n                background-attachment: scroll;\r\n                background-size: cover;  \r\n                background-repeat: no-repeat; \r\n                background-position: center center;\r\n                overflow: hidden;\r\n                color:  var(--mucivi-white);\r\n            }\r\n\r\n            @media (max-width: 1024px) {\r\n                 .showcase-section-block-69e75a9e2ff1f {\r\n                    background-attachment: scroll;\r\n                }\r\n            }\r\n        <\/style><section class=\"showcase-section-block showcase-section-block-69e75a9e2ff1f\">   \r\n\t\t\t\t\t\t\t\t        <div class=\"container showcase-section-container showcase-section-banner\">\r\n\t\t\t\t\t\t\t\t                 <div class=\"showcase-overlay-picture\"><\/div>\r\n\t\t\t\t\t\t\t\t                    <div class=\"showcase-overlay\"><\/div>\r\n\t\t\t\t\t\t\t\t                <div class=\"showcase-section d-flex flex-column align-items-start justify-content-evenly text-start\">\r\n\t\t\t\t\t            <div class=\"showcase-content\">\r\n\t\t\t\t\t\t\t\t\t<h2 class=\"showcase-title\">Dhuro<\/h2>\r\n\t\t\t\t\t                <p class=\"showcase-description\"><\/p>\r\n\t\t\t\t\t                  <div class=\"showcase-section-button\">\r\n\t\t\t\t\t                    \r\n\t\t\t\t\t                  <\/div>\r\n\t\t\t\t\t            <\/div>\r\n\t\t\t\t\t        <\/div>\r\n\t\t\t\t\t\t\t\t        <\/div>\r\n\t\t\t\t\t\t\t\t    <\/section>\n\n\r\n\t\t\r\n\t\t<section id=\"\" class=\"text-block  space-bottom-yes space-top-yes text-block-id-69e75a9e3000c bg-color-white text-color-black\">\r\n                    <div class=\"container d-flex flex-column flex-lg-row \">\r\n                        <div class=\"col-12 col-lg-9\">\r\n\t                        <div class=\"row\">                                        \r\n                        <div class=\"col\">\r\n                            <h1 class=\"textBlock-headline style-1 left \">Dhuro<\/h1>\r\n                        <\/div>       \r\n                                                          \r\n                    <\/div>\r\n\t                        \r\n\t                        <div class=\"row text\">\r\n                    <div class=\"col\">\r\n                        <div class=\"textBlock-text text-block-html \" style=\"margin-top: 20px; \">\r\n                            <div id=\"bin-stripe-donation-5783\" class=\"bin-stripe-donation\" data-id=\"5783\" data-key=\"pk_live_51IpUzHLRgAHTaTSvNpMd28EN3i50pA8yCxKJcAxvh0HTepoIKqs2PcO0tW3x6R1n5ntwExnWisaNtFM1wSY6Dkcw00QNxVuBXU\" data-url=\"https:\/\/www.mucivi.ch\/donation\/payment\" data-desc=\"Donacion\" data-currency=\"CHF\" data-image=\"https:\/\/stripe.com\/img\/documentation\/checkout\/marketplace.png\" data-postid=\"5808\" ><div class=\"bin-stripe-donation-wrap\"><div class=\"bin-stripe-donation-text\">S\u00eb bashku nd\u00ebrtojm\u00eb nj\u00eb bot\u00eb m\u00eb t\u00eb mir\u00eb. Dhurimi juaj do t\u00eb na ndihmoj\u00eb t\u00eb vazhdojm\u00eb aktivitetet tona. Faleminderit p\u00ebr mb\u00ebshtetjen tuaj.<\/div><div class=\"bin-stripe-donation-wrap-messages\"><div class=\"bin-stripe-donation-message bin-stripe-donation-message-invalid\">Ju lutemi futni nj\u00eb shum\u00eb t\u00eb vlefshme.<\/div><div class=\"bin-stripe-donation-message bin-stripe-donation-message-processing\"><\/div><div class=\"bin-stripe-donation-message bin-stripe-donation-message-success\">Faleminderit p\u00ebr donacionin tuaj.<\/div><div class=\"bin-stripe-donation-message bin-stripe-donation-message-error\">Pagesa juaj nuk mund t\u00eb p\u00ebrpunohej.<\/div><div class=\"bin-stripe-donation-message bin-stripe-donation-message-error-message\"><\/div><\/div><div class=\"bin-stripe-donation-wrap-content\"><ul><li><a class=\"bin-stripe-donation-button\" href=\"javascript:void(0)\" data-amount=\"5000\"><span class=\"bin-stripe-donation-button-currency\">CHF<\/span><span class=\"bin-stripe-donation-button-label\">50<\/span><\/a><\/li><li><a class=\"bin-stripe-donation-button\" href=\"javascript:void(0)\" data-amount=\"10000\"><span class=\"bin-stripe-donation-button-currency\">CHF<\/span><span class=\"bin-stripe-donation-button-label\">100<\/span><\/a><\/li><li><a class=\"bin-stripe-donation-button\" href=\"javascript:void(0)\" data-amount=\"50000\"><span class=\"bin-stripe-donation-button-currency\">CHF<\/span><span class=\"bin-stripe-donation-button-label\">500<\/span><\/a><\/li><li><a class=\"bin-stripe-donation-button\" href=\"javascript:void(0)\" data-amount=\"100000\"><span class=\"bin-stripe-donation-button-currency\">CHF<\/span><span class=\"bin-stripe-donation-button-label\">1000<\/span><\/a><\/li><li><a class=\"bin-stripe-donation-button\" href=\"javascript:void(0)\" data-amount=\"500000\"><span class=\"bin-stripe-donation-button-currency\">CHF<\/span><span class=\"bin-stripe-donation-button-label\">5000<\/span><\/a><\/li><li><a class=\"bin-stripe-donation-button\" href=\"javascript:void(0)\" data-amount=\"1000000\"><span class=\"bin-stripe-donation-button-currency\">CHF<\/span><span class=\"bin-stripe-donation-button-label\">10000<\/span><\/a><\/li><li><a class=\"bin-stripe-donation-button\" href=\"javascript:void(0)\" data-amount=\"2000000\"><span class=\"bin-stripe-donation-button-currency\">CHF<\/span><span class=\"bin-stripe-donation-button-label\">20000<\/span><\/a><\/li><\/ul><\/div><div class=\"bin-stripe-donation-input-custom\"><div class=\"bin-stripe-donation-input-group\"><div class=\"bin-stripe-donation-input-group-prepend\"><span class=\"bin-stripe-donation-input-group-text\">CHF<\/span><\/div><input type=\"number\" class=\"bin-stripe-donation-custom-pay-amount\" placeholder=\"Fut nj\u00eb vler\u00eb n\u00eb CHF\" data-multiplier=\"100\"><\/div><a class=\"bin-stripe-donation-custom-pay-amount-button\" href=\"javascript:void(0)\">Dhuro<\/a><\/div><\/div><\/div>\r\n                        <\/div>\r\n                    <\/div>                                        \r\n                <\/div>\r\n                        <\/div>\r\n                       <div class=\"sidebar-container col-12 col-lg-3 ps-lg-5\">\r\n                        \t\r\n\r\n\t\t<div class=\"sidebar-title\">\r\n\t\t   \r\n\t\t<\/div>\r\n\t\t<div class=\"sidebar-buttons mt-4\"><div class=\"sidebar-button mb-2\"><a target=\"_blank\" href=\"https:\/\/www.facebook.com\/mucivi?fref=ts#\" class=\"sidebar-link\"><span class=\"me-2\"><i class=\"bi bi-facebook\"><\/i><\/span>Facebook<\/a><\/div><div class=\"sidebar-button mb-2\"><a target=\"_blank\" href=\"https:\/\/x.com\/muciviicms\" class=\"sidebar-link\"><span class=\"me-2\"><i class=\"bi bi-twitter-x\"><\/i><\/span>Twitter<\/a><\/div><div class=\"sidebar-button mb-2\"><a target=\"_blank\" href=\"https:\/\/www.instagram.com\/mucivisuisse\/?hl=fr\" class=\"sidebar-link\"><span class=\"me-2\"><i class=\"bi bi-instagram\"><\/i><\/span>Instagram<\/a><\/div><div class=\"sidebar-button mb-2\"><a target=\"_blank\" href=\"https:\/\/www.linkedin.com\/company\/mus%C3%A9e-des-civilisations-de-l%27islam-mucivi-?originalSubdomain=fr\" class=\"sidebar-link\"><span class=\"me-2\"><i class=\"bi bi-linkedin\"><\/i><\/span>LinkedIn<\/a><\/div><div class=\"sidebar-button mb-2\"><a target=\"_blank\" href=\"https:\/\/www.loisirs.ch\/loisirs\/23588\/musee-des-civilisations-de-l-islam-la-chaux-de-fonds\" class=\"sidebar-link\"><span class=\"me-2\"><i class=\"bi bi-box-arrow-up-right\"><\/i><\/span>loisirs.ch<\/a><\/div><div class=\"sidebar-button mb-2\"><a target=\"_blank\" href=\"https:\/\/www.j3l.ch\/en\/Z10488\/neuchatel-tourism\" class=\"sidebar-link\"><span class=\"me-2\"><i class=\"bi bi-box-arrow-up-right\"><\/i><\/span>neuchateltourisme.ch<\/a><\/div><div class=\"sidebar-button mb-2\"><a target=\"_blank\" href=\"https:\/\/www.tempslibre.ch\/neuch-tel\/expositions\/384251-exposition-de-r-f-rence-au-mucivi\" class=\"sidebar-link\"><span class=\"me-2\"><i class=\"bi bi-box-arrow-up-right\"><\/i><\/span>tempslibre.ch<\/a><\/div><div class=\"sidebar-button mb-2\"><a target=\"_blank\" href=\"https:\/\/www.myswitzerland.com\/fr-ch\/pages\/attractions\/facility.html?instance=409477986\" class=\"sidebar-link\"><span class=\"me-2\"><i class=\"bi bi-box-arrow-up-right\"><\/i><\/span>myswitzerland.com<\/a><\/div><div class=\"sidebar-button mb-2\"><a target=\"_blank\" href=\"https:\/\/www.museums.ch\/org\/fr\/MusedescivilisationsdeLIslammucivi-2300\" class=\"sidebar-link\"><span class=\"me-2\"><i class=\"bi bi-box-arrow-up-right\"><\/i><\/span>museums.ch<\/a><\/div><\/div>\r\n                        <\/div>\r\n                        \r\n            <\/section>","protected":false},"excerpt":{"rendered":"","protected":false},"author":1,"featured_media":0,"parent":0,"menu_order":0,"comment_status":"closed","ping_status":"closed","template":"","meta":{"footnotes":""},"class_list":["post-5808","page","type-page","status-publish","hentry"],"yoast_head":"<!-- This site is optimized with the Yoast SEO plugin v27.2 - https:\/\/yoast.com\/product\/yoast-seo-wordpress\/ -->\n<title>Dhuro - MUCIVI - Mus\u00e9e des civilisations de l\u2019Islam<\/title>\n<meta name=\"robots\" content=\"index, follow, max-snippet:-1, max-image-preview:large, max-video-preview:-1\" \/>\n<link rel=\"canonical\" href=\"https:\/\/www.mucivi.ch\/sq\/donate\/\" \/>\n<meta property=\"og:locale\" content=\"sq_AL\" \/>\n<meta property=\"og:type\" content=\"article\" \/>\n<meta property=\"og:title\" content=\"Dhuro - MUCIVI - Mus\u00e9e des civilisations de l\u2019Islam\" \/>\n<meta property=\"og:url\" content=\"https:\/\/www.mucivi.ch\/sq\/donate\/\" \/>\n<meta property=\"og:site_name\" content=\"MUCIVI - Mus\u00e9e des civilisations de l\u2019Islam\" \/>\n<meta property=\"article:publisher\" content=\"https:\/\/www.facebook.com\/mucivi\/\" \/>\n<meta property=\"article:modified_time\" content=\"2025-07-12T21:34:36+00:00\" \/>\n<meta property=\"og:image\" content=\"https:\/\/www.mucivi.ch\/wp-content\/uploads\/2025\/05\/480795629_651358377467373_1464767840871238280_n.jpg\" \/>\n\t<meta property=\"og:image:width\" content=\"695\" \/>\n\t<meta property=\"og:image:height\" content=\"329\" \/>\n\t<meta property=\"og:image:type\" content=\"image\/jpeg\" \/>\n<meta name=\"twitter:card\" content=\"summary_large_image\" \/>\n<meta name=\"twitter:site\" content=\"@muciviicms\" \/>\n<script type=\"application\/ld+json\" class=\"yoast-schema-graph\">{\"@context\":\"https:\/\/schema.org\",\"@graph\":[{\"@type\":\"WebPage\",\"@id\":\"https:\/\/www.mucivi.ch\/sq\/donate\/\",\"url\":\"https:\/\/www.mucivi.ch\/sq\/donate\/\",\"name\":\"Dhuro - MUCIVI - Mus\u00e9e des civilisations de l\u2019Islam\",\"isPartOf\":{\"@id\":\"https:\/\/www.mucivi.ch\/sq\/#website\"},\"datePublished\":\"2025-06-02T15:01:33+00:00\",\"dateModified\":\"2025-07-12T21:34:36+00:00\",\"breadcrumb\":{\"@id\":\"https:\/\/www.mucivi.ch\/sq\/donate\/#breadcrumb\"},\"inLanguage\":\"sq-AL\",\"potentialAction\":[{\"@type\":\"ReadAction\",\"target\":[\"https:\/\/www.mucivi.ch\/sq\/donate\/\"]}]},{\"@type\":\"BreadcrumbList\",\"@id\":\"https:\/\/www.mucivi.ch\/sq\/donate\/#breadcrumb\",\"itemListElement\":[{\"@type\":\"ListItem\",\"position\":1,\"name\":\"Home\",\"item\":\"https:\/\/www.mucivi.ch\/sq\/\"},{\"@type\":\"ListItem\",\"position\":2,\"name\":\"Dhuro\"}]},{\"@type\":\"WebSite\",\"@id\":\"https:\/\/www.mucivi.ch\/sq\/#website\",\"url\":\"https:\/\/www.mucivi.ch\/sq\/\",\"name\":\"MUCIVI - Mus\u00e9e des civilisations de l\u2019Islam\",\"description\":\"\",\"publisher\":{\"@id\":\"https:\/\/www.mucivi.ch\/sq\/#organization\"},\"potentialAction\":[{\"@type\":\"SearchAction\",\"target\":{\"@type\":\"EntryPoint\",\"urlTemplate\":\"https:\/\/www.mucivi.ch\/sq\/?s={search_term_string}\"},\"query-input\":{\"@type\":\"PropertyValueSpecification\",\"valueRequired\":true,\"valueName\":\"search_term_string\"}}],\"inLanguage\":\"sq-AL\"},{\"@type\":\"Organization\",\"@id\":\"https:\/\/www.mucivi.ch\/sq\/#organization\",\"name\":\"MUCIVI - Mus\u00e9e des civilisations de l\u2019Islam\",\"url\":\"https:\/\/www.mucivi.ch\/sq\/\",\"logo\":{\"@type\":\"ImageObject\",\"inLanguage\":\"sq-AL\",\"@id\":\"https:\/\/www.mucivi.ch\/sq\/#\/schema\/logo\/image\/\",\"url\":\"https:\/\/www.mucivi.ch\/wp-content\/uploads\/2025\/05\/480795629_651358377467373_1464767840871238280_n.jpg\",\"contentUrl\":\"https:\/\/www.mucivi.ch\/wp-content\/uploads\/2025\/05\/480795629_651358377467373_1464767840871238280_n.jpg\",\"width\":695,\"height\":329,\"caption\":\"MUCIVI - Mus\u00e9e des civilisations de l\u2019Islam\"},\"image\":{\"@id\":\"https:\/\/www.mucivi.ch\/sq\/#\/schema\/logo\/image\/\"},\"sameAs\":[\"https:\/\/www.facebook.com\/mucivi\/\",\"https:\/\/x.com\/muciviicms\",\"https:\/\/www.instagram.com\/mucivi.ch\/\",\"https:\/\/www.youtube.com\/channel\/UCtLgFsJNSlqpJD0xnqa-hBw\"]}]}<\/script>\n<!-- \/ Yoast SEO plugin. -->","yoast_head_json":{"title":"Dhuro - MUCIVI - Mus\u00e9e des civilisations de l\u2019Islam","robots":{"index":"index","follow":"follow","max-snippet":"max-snippet:-1","max-image-preview":"max-image-preview:large","max-video-preview":"max-video-preview:-1"},"canonical":"https:\/\/www.mucivi.ch\/sq\/donate\/","og_locale":"sq_AL","og_type":"article","og_title":"Dhuro - MUCIVI - Mus\u00e9e des civilisations de l\u2019Islam","og_url":"https:\/\/www.mucivi.ch\/sq\/donate\/","og_site_name":"MUCIVI - Mus\u00e9e des civilisations de l\u2019Islam","article_publisher":"https:\/\/www.facebook.com\/mucivi\/","article_modified_time":"2025-07-12T21:34:36+00:00","og_image":[{"width":695,"height":329,"url":"https:\/\/www.mucivi.ch\/wp-content\/uploads\/2025\/05\/480795629_651358377467373_1464767840871238280_n.jpg","type":"image\/jpeg"}],"twitter_card":"summary_large_image","twitter_site":"@muciviicms","schema":{"@context":"https:\/\/schema.org","@graph":[{"@type":"WebPage","@id":"https:\/\/www.mucivi.ch\/sq\/donate\/","url":"https:\/\/www.mucivi.ch\/sq\/donate\/","name":"Dhuro - MUCIVI - Mus\u00e9e des civilisations de l\u2019Islam","isPartOf":{"@id":"https:\/\/www.mucivi.ch\/sq\/#website"},"datePublished":"2025-06-02T15:01:33+00:00","dateModified":"2025-07-12T21:34:36+00:00","breadcrumb":{"@id":"https:\/\/www.mucivi.ch\/sq\/donate\/#breadcrumb"},"inLanguage":"sq-AL","potentialAction":[{"@type":"ReadAction","target":["https:\/\/www.mucivi.ch\/sq\/donate\/"]}]},{"@type":"BreadcrumbList","@id":"https:\/\/www.mucivi.ch\/sq\/donate\/#breadcrumb","itemListElement":[{"@type":"ListItem","position":1,"name":"Home","item":"https:\/\/www.mucivi.ch\/sq\/"},{"@type":"ListItem","position":2,"name":"Dhuro"}]},{"@type":"WebSite","@id":"https:\/\/www.mucivi.ch\/sq\/#website","url":"https:\/\/www.mucivi.ch\/sq\/","name":"MUCIVI - Mus\u00e9e des civilisations de l\u2019Islam","description":"","publisher":{"@id":"https:\/\/www.mucivi.ch\/sq\/#organization"},"potentialAction":[{"@type":"SearchAction","target":{"@type":"EntryPoint","urlTemplate":"https:\/\/www.mucivi.ch\/sq\/?s={search_term_string}"},"query-input":{"@type":"PropertyValueSpecification","valueRequired":true,"valueName":"search_term_string"}}],"inLanguage":"sq-AL"},{"@type":"Organization","@id":"https:\/\/www.mucivi.ch\/sq\/#organization","name":"MUCIVI - Mus\u00e9e des civilisations de l\u2019Islam","url":"https:\/\/www.mucivi.ch\/sq\/","logo":{"@type":"ImageObject","inLanguage":"sq-AL","@id":"https:\/\/www.mucivi.ch\/sq\/#\/schema\/logo\/image\/","url":"https:\/\/www.mucivi.ch\/wp-content\/uploads\/2025\/05\/480795629_651358377467373_1464767840871238280_n.jpg","contentUrl":"https:\/\/www.mucivi.ch\/wp-content\/uploads\/2025\/05\/480795629_651358377467373_1464767840871238280_n.jpg","width":695,"height":329,"caption":"MUCIVI - Mus\u00e9e des civilisations de l\u2019Islam"},"image":{"@id":"https:\/\/www.mucivi.ch\/sq\/#\/schema\/logo\/image\/"},"sameAs":["https:\/\/www.facebook.com\/mucivi\/","https:\/\/x.com\/muciviicms","https:\/\/www.instagram.com\/mucivi.ch\/","https:\/\/www.youtube.com\/channel\/UCtLgFsJNSlqpJD0xnqa-hBw"]}]}},"_links":{"self":[{"href":"https:\/\/www.mucivi.ch\/sq\/wp-json\/wp\/v2\/pages\/5808","targetHints":{"allow":["GET"]}}],"collection":[{"href":"https:\/\/www.mucivi.ch\/sq\/wp-json\/wp\/v2\/pages"}],"about":[{"href":"https:\/\/www.mucivi.ch\/sq\/wp-json\/wp\/v2\/types\/page"}],"author":[{"embeddable":true,"href":"https:\/\/www.mucivi.ch\/sq\/wp-json\/wp\/v2\/users\/1"}],"replies":[{"embeddable":true,"href":"https:\/\/www.mucivi.ch\/sq\/wp-json\/wp\/v2\/comments?post=5808"}],"version-history":[{"count":1,"href":"https:\/\/www.mucivi.ch\/sq\/wp-json\/wp\/v2\/pages\/5808\/revisions"}],"predecessor-version":[{"id":5816,"href":"https:\/\/www.mucivi.ch\/sq\/wp-json\/wp\/v2\/pages\/5808\/revisions\/5816"}],"wp:attachment":[{"href":"https:\/\/www.mucivi.ch\/sq\/wp-json\/wp\/v2\/media?parent=5808"}],"curies":[{"name":"wp","href":"https:\/\/api.w.org\/{rel}","templated":true}]}}